{"id":4015,"date":"2018-04-11T12:40:08","date_gmt":"2018-04-11T10:40:08","guid":{"rendered":"https:\/\/demo8.thuythu.com\/kfehouse\/gioi-thieu\/"},"modified":"2021-03-16T16:01:59","modified_gmt":"2021-03-16T09:01:59","slug":"gioi-thieu","status":"publish","type":"page","link":"https:\/\/demo8.thuythu.com\/kfehouse\/gioi-thieu\/?lang=en","title":{"rendered":"About Us"},"content":{"rendered":"<p>[vc_row row_content_width=&#8221;grid&#8221; content_text_aligment=&#8221;center&#8221; css=&#8221;.vc_custom_1524142758726{padding-bottom: 92px !important;}&#8221;][vc_column offset=&#8221;vc_col-lg-offset-2 vc_col-lg-8&#8243;][vc_single_image image=&#8221;644&#8243; img_size=&#8221;full&#8221; alignment=&#8221;center&#8221;][vc_empty_space height=&#8221;40px&#8221;]<div class=\"eltdf-section-title-holder  \" >\n\t<div class=\"eltdf-st-inner\">\n\t\t\t\t\t<h2 class=\"eltdf-st-title\" >\n\t\t\t\tK'fe House\t\t\t<\/h2>\n\t\t\t\t\t\t\t<h6 class=\"eltdf-st-text\" >\n\t\t\t\tK'fe House was grown up from an endless passion for Vietnamese coffee beans. By a diligently research and development, we have constantly brought delicious coffee cups, in a comfortable and friendly environment at reasonable prices. Our coffee are not merely familiar drinks, but also carry on a cultural mission that reflects a part of the modern lifestyle of the Vietnamese.\t\t\t<\/h6>\n\t\t\t<\/div>\n<\/div>[\/vc_column][\/vc_row][vc_row row_content_width=&#8221;grid&#8221; css=&#8221;.vc_custom_1523953582346{padding-bottom: 81px !important;}&#8221;][vc_column offset=&#8221;vc_col-lg-6 vc_col-md-6&#8243;][vc_single_image image=&#8221;4119&#8243; img_size=&#8221;full&#8221;][vc_empty_space height=&#8221;20px&#8221;][vc_column_text]K&#8217;fe House always look forward to create memorable experiences every time coming to us. Please share your &#8220;experience moment&#8221; at K&#8217;fe House and so, we will give you more than that.[\/vc_column_text][vc_empty_space height=&#8221;43px&#8221;][\/vc_column][vc_column offset=&#8221;vc_col-lg-6 vc_col-md-6&#8243;][vc_single_image image=&#8221;4117&#8243; img_size=&#8221;full&#8221;][vc_empty_space height=&#8221;20px&#8221;][vc_column_text]Carrying on the mission of growing up to the leading Vietnamese coffee brand, K&#8217;fe House is always actively looking for quality ingredients in addition to constantly investing in developing new drinks to maintain the best and the consistent experience to customers.[\/vc_column_text][vc_empty_space height=&#8221;43px&#8221;][\/vc_column][\/vc_row][vc_row parallax_background_image=&#8221;4123&#8243; css=&#8221;.vc_custom_1613721270766{padding-top: 151px !important;padding-bottom: 135px !important;}&#8221;][vc_column][vc_row_inner row_content_width=&#8221;grid&#8221;][vc_column_inner offset=&#8221;vc_col-lg-offset-2 vc_col-lg-8&#8243;]<div class=\"eltdf-section-title-holder  \" style=\"text-align: center\">\n\t<div class=\"eltdf-st-inner\">\n\t\t\t\t\t<h2 class=\"eltdf-st-title\" style=\"color: #ffffff\">\n\t\t\t\tCustomer Reviews\t\t\t<\/h2>\n\t\t\t\t\t<\/div>\n<\/div><div class=\"eltdf-separator-holder clearfix  eltdf-separator-center \" style=\"margin-top: 13px;margin-bottom: 46px\">\n\t\t<div class=\"eltdf-separator\" ><\/div>\n\t\t\t<span class=\"eltdf-separator-icon\" >\n\t\t\t<img width=\"189\" height=\"24\" src=\"https:\/\/demo8.thuythu.com\/kfehouse\/wp-content\/uploads\/2018\/04\/title-separator-white.png\" class=\"attachment-full size-full\" alt=\"s\" loading=\"lazy\" \/>\t\t<\/span>\n\t\t\t\t\t<div class=\"eltdf-separator\" ><\/div>\n\t\t\t<\/div>\n<div class=\"eltdf-testimonials-holder eltdf-testimonials-standard eltdf-testimonials-light clearfix\"><div class=\"eltdf-testimonials eltdf-owl-slider\" data-number-of-items=\"1\" data-enable-loop=\"yes\" data-enable-autoplay=\"yes\" data-slider-speed=\"5000\" data-slider-speed-animation=\"600\" data-enable-navigation=\"no\" data-enable-pagination=\"yes\"><div class=\"eltdf-testimonial-content\" id=\"eltdf-testimonials-772\">\n\t<div class=\"eltdf-testimonial-text-holder\">\n\t\t\t\t\t\t\t<p class=\"eltdf-testimonial-text\">\u0110\u1ebfn \u0110\u00e0 L\u1ea1t kh\u00f4ng \u0111\u1ebfn \u0111\u00e2y checkin th\u00ec h\u01a1i ph\u00ed nh\u00e9 c\u1ea3 nh\u00e0. Qu\u00e1n c\u00f3 ki\u1ebfn tr\u00fac \u0111\u1ed9c \u0111\u00e1o v\u00e0 l\u1ea1 m\u1eaft \u0111ang decor l\u1ea1i ch\u1eafc s\u1ebd \u0111\u1eb9p h\u01a1n trong d\u1ecbp T\u1ebft<\/p>\n\t\t\t\t\t\t\t<span class=\"eltdf-testimonial-author\">\n\t\t\t\t<span class=\"eltdf-testimonials-author-name\">Mai Tr\u1ea7n<\/span>\n\t\t\t\t\t\t\t\t\t<span class=\"eltdf-testimonials-author-job\">, Manager<\/span>\n\t\t\t\t\t\t\t<\/span>\n\t\t\t<\/div>\n\t<\/div><div class=\"eltdf-testimonial-content\" id=\"eltdf-testimonials-770\">\n\t<div class=\"eltdf-testimonial-text-holder\">\n\t\t\t\t\t\t\t<p class=\"eltdf-testimonial-text\">Kh\u00f4ng gian \u0111\u1eb9p v\u00e0 \u0111\u1ed9c \u0111\u00e1o, r\u1ea5t mu\u1ed1n \u0111\u1ebfn th\u0103m v\u00e0o nh\u1eefng l\u1ea7n t\u1edbi<\/p>\n\t\t\t\t\t\t\t<span class=\"eltdf-testimonial-author\">\n\t\t\t\t<span class=\"eltdf-testimonials-author-name\">Ho\u00e0 Nguy\u1ec5n<\/span>\n\t\t\t\t\t\t\t\t\t<span class=\"eltdf-testimonials-author-job\">, Marketing<\/span>\n\t\t\t\t\t\t\t<\/span>\n\t\t\t<\/div>\n\t<\/div><div class=\"eltdf-testimonial-content\" id=\"eltdf-testimonials-759\">\n\t<div class=\"eltdf-testimonial-text-holder\">\n\t\t\t\t\t\t\t<p class=\"eltdf-testimonial-text\">Th\u1ee9c u\u1ed1ng r\u1ea5t ngon, ph\u1ee5c v\u1ee5 nhanh v\u00e0 gi\u00e1 c\u1ea3 h\u1ee3p l\u00fd<\/p>\n\t\t\t\t\t\t\t<span class=\"eltdf-testimonial-author\">\n\t\t\t\t<span class=\"eltdf-testimonials-author-name\">Anh Tr\u1ea7n<\/span>\n\t\t\t\t\t\t\t\t\t<span class=\"eltdf-testimonials-author-job\">, Desgin<\/span>\n\t\t\t\t\t\t\t<\/span>\n\t\t\t<\/div>\n\t<\/div><\/div><\/div>[\/vc_column_inner][\/vc_row_inner][\/vc_column][\/vc_row][vc_row row_content_width=&#8221;grid&#8221; css=&#8221;.vc_custom_1523953129022{padding-top: 124px !important;padding-bottom: 85px !important;}&#8221;][vc_column width=&#8221;1\/2&#8243; offset=&#8221;vc_col-lg-3 vc_col-md-6&#8243;]<div class=\"eltdf-counter-holder \">\n\t<div class=\"eltdf-counter-inner\">\n\t\t\t\t\t<span class=\"eltdf-counter eltdf-zero-counter\" >5238<\/span>\n\t\t\t\t\t\t\t<h5 class=\"eltdf-counter-title\">\n\t\t\t\tMonthly Customers\t\t\t<\/h5>\n\t\t\t\t\t<\/div>\n<\/div>[vc_empty_space height=&#8221;38px&#8221;][\/vc_column][vc_column width=&#8221;1\/2&#8243; offset=&#8221;vc_col-lg-3 vc_col-md-6&#8243;]<div class=\"eltdf-counter-holder \">\n\t<div class=\"eltdf-counter-inner\">\n\t\t\t\t\t<span class=\"eltdf-counter eltdf-zero-counter\" >84<\/span>\n\t\t\t\t\t\t\t<h5 class=\"eltdf-counter-title\">\n\t\t\t\tMenu\t\t\t<\/h5>\n\t\t\t\t\t<\/div>\n<\/div>[vc_empty_space height=&#8221;38px&#8221;][\/vc_column][vc_column width=&#8221;1\/2&#8243; offset=&#8221;vc_col-lg-3 vc_col-md-6&#8243;]<div class=\"eltdf-counter-holder \">\n\t<div class=\"eltdf-counter-inner\">\n\t\t\t\t\t<span class=\"eltdf-counter eltdf-zero-counter\" >130<\/span>\n\t\t\t\t\t\t\t<h5 class=\"eltdf-counter-title\">\n\t\t\t\tStaffs\t\t\t<\/h5>\n\t\t\t\t\t<\/div>\n<\/div>[vc_empty_space height=&#8221;38px&#8221;][\/vc_column][vc_column width=&#8221;1\/2&#8243; offset=&#8221;vc_col-lg-3 vc_col-md-6&#8243;]<div class=\"eltdf-counter-holder percent\">\n\t<div class=\"eltdf-counter-inner\">\n\t\t\t\t\t<span class=\"eltdf-counter eltdf-zero-counter\" >95%<\/span>\n\t\t\t\t\t\t\t<h5 class=\"eltdf-counter-title\">\n\t\t\t\tSatisfactions\t\t\t<\/h5>\n\t\t\t\t\t<\/div>\n<\/div>[vc_empty_space height=&#8221;38px&#8221;][\/vc_column][\/vc_row][vc_row disable_element=&#8221;yes&#8221; row_content_width=&#8221;grid&#8221; disable_background_image=&#8221;&#8221; simple_background_image=&#8221;999&#8243; css=&#8221;.vc_custom_1609817938940{padding-top: 78px !important;padding-bottom: 78px !important;}&#8221;][vc_column offset=&#8221;vc_col-lg-11 vc_col-md-12 vc_col-xs-12&#8243;]<div class=\"eltdf-call-to-action-holder  eltdf-normal-layout  eltdf-three-quarters-columns\">\n\t<div class=\"eltdf-cta-inner \">\n\t\t<div class=\"eltdf-cta-text-holder\">\n\t\t\t<div class=\"eltdf-cta-text\">\n<h6>M\u1ecdi th\u1eafc m\u1eafc xin vui l\u00f2ng li\u00ean h\u1ec7 v\u1edbi ch\u00fang t\u00f4i qua th\u00f4ng tin b\u00ean d\u01b0\u1edbi \u0111\u1ec3 \u0111\u01b0\u1ee3c h\u1ed7 tr\u1ee3!<\/h6>\n<\/div>\n\t\t<\/div>\n\t\t<div class=\"eltdf-cta-button-holder\" >\n\t\t\t<div class=\"eltdf-cta-button\"><a itemprop=\"url\" href=\"http:\/\/corretto.elated-themes.com\/contact-us\/\" target=\"_self\" style=\"color: #262626;background-color: #ffffff\" class=\"eltdf-btn eltdf-btn-medium eltdf-btn-solid eltdf-btn-dash\"  >    <span class=\"eltdf-btn-text\">Li\u00ean h\u1ec7<\/span>\t<\/a><\/div>\n\t\t<\/div>\n\t<\/div>\n<\/div>[\/vc_column][\/vc_row]<\/p>\n","protected":false},"excerpt":{"rendered":"<p>[vc_row row_content_width=&#8221;grid&#8221; content_text_aligment=&#8221;center&#8221; css=&#8221;.vc_custom_1524142758726{padding-bottom: 92px !important;}&#8221;][vc_column offset=&#8221;vc_col-lg-offset-2 vc_col-lg-8&#8243;][vc_single_image image=&#8221;644&#8243; img_size=&#8221;full&#8221; alignment=&#8221;center&#8221;][vc_empty_space height=&#8221;40px&#8221;][\/vc_column][\/vc_row][vc_row row_content_width=&#8221;grid&#8221; css=&#8221;.vc_custom_1523953582346{padding-bottom: 81px !important;}&#8221;][vc_column offset=&#8221;vc_col-lg-6 vc_col-md-6&#8243;][vc_single_image image=&#8221;4119&#8243; img_size=&#8221;full&#8221;][vc_empty_space height=&#8221;20px&#8221;][vc_column_text]K&#8217;fe House always look forward to create memorable experiences every time coming to us. Please share your &#8220;experience moment&#8221; at K&#8217;fe House and so, we will give you more than that.[\/vc_column_text][vc_empty_space height=&#8221;43px&#8221;][\/vc_column][vc_column offset=&#8221;vc_col-lg-6 vc_col-md-6&#8243;][vc_single_image image=&#8221;4117&#8243; img_size=&#8221;full&#8221;][vc_empty_space height=&#8221;20px&#8221;][vc_column_text]Carrying on the mission of growing up to the leading Vietnamese coffee brand, K&#8217;fe House is [&hellip;]<\/p>\n","protected":false},"author":2,"featured_media":0,"parent":0,"menu_order":0,"comment_status":"closed","ping_status":"closed","template":"full-width.php","meta":[],"_links":{"self":[{"href":"https:\/\/demo8.thuythu.com\/kfehouse\/wp-json\/wp\/v2\/pages\/4015"}],"collection":[{"href":"https:\/\/demo8.thuythu.com\/kfehouse\/wp-json\/wp\/v2\/pages"}],"about":[{"href":"https:\/\/demo8.thuythu.com\/kfehouse\/wp-json\/wp\/v2\/types\/page"}],"author":[{"embeddable":true,"href":"https:\/\/demo8.thuythu.com\/kfehouse\/wp-json\/wp\/v2\/users\/2"}],"replies":[{"embeddable":true,"href":"https:\/\/demo8.thuythu.com\/kfehouse\/wp-json\/wp\/v2\/comments?post=4015"}],"version-history":[{"count":10,"href":"https:\/\/demo8.thuythu.com\/kfehouse\/wp-json\/wp\/v2\/pages\/4015\/revisions"}],"predecessor-version":[{"id":4253,"href":"https:\/\/demo8.thuythu.com\/kfehouse\/wp-json\/wp\/v2\/pages\/4015\/revisions\/4253"}],"wp:attachment":[{"href":"https:\/\/demo8.thuythu.com\/kfehouse\/wp-json\/wp\/v2\/media?parent=4015"}],"curies":[{"name":"wp","href":"https:\/\/api.w.org\/{rel}","templated":true}]}}