{"id":920,"date":"2018-04-11T12:40:08","date_gmt":"2018-04-11T10:40:08","guid":{"rendered":"http:\/\/corretto.elated-themes.com\/?page_id=920"},"modified":"2022-09-16T16:56:36","modified_gmt":"2022-09-16T09:56:36","slug":"gioi-thieu","status":"publish","type":"page","link":"https:\/\/demo8.thuythu.com\/kfehouse\/gioi-thieu\/","title":{"rendered":"Gi\u1edbi thi\u1ec7u"},"content":{"rendered":"<p>[vc_row row_content_width=&#8221;grid&#8221; content_text_aligment=&#8221;center&#8221; css=&#8221;.vc_custom_1524142758726{padding-bottom: 92px !important;}&#8221;][vc_column offset=&#8221;vc_col-lg-offset-2 vc_col-lg-8&#8243;][vc_single_image image=&#8221;644&#8243; img_size=&#8221;full&#8221; alignment=&#8221;center&#8221;][vc_empty_space height=&#8221;40px&#8221;]<div class=\"eltdf-section-title-holder  \" >\n\t<div class=\"eltdf-st-inner\">\n\t\t\t\t\t<h2 class=\"eltdf-st-title\" >\n\t\t\t\tV\u1ec1 K'fe House\t\t\t<\/h2>\n\t\t\t\t\t\t\t<h6 class=\"eltdf-st-text\" >\n\t\t\t\t\u0110\u01b0\u1ee3c sinh ra t\u1eeb ni\u1ec1m \u0111am m\u00ea b\u1ea5t t\u1eadn v\u1edbi h\u1ea1t c\u00e0 ph\u00ea c\u1ee7a v\u00f9ng \u0111\u1ea5t cao nguy\u00ean \u0110\u00e0 L\u1ea1t.<br \/>\nCh\u00fang t\u00f4i lu\u00f4n h\u01b0\u1edbng \u0111\u1ebfn nh\u1eefng s\u1ea3n ph\u1ea9m truy\u1ec1n th\u1ed1ng v\u00e0 mong mu\u1ed1n mang \u0111\u1ebfn cho qu\u00fd kh\u00e1ch h\u00e0ng m\u1ed9t tr\u1ea3i nghi\u1ec7m kh\u00f3 qu\u00ean v\u1edbi nh\u1eefng ly c\u00e0 ph\u00ea nguy\u00ean b\u1ea3n - \u0111\u1eadm ch\u1ea5t.<br \/>\nV\u00ec th\u1ebf, c\u00e0 ph\u00ea, m\u1ed9t n\u00e9t \u0111\u1eb9p trong v\u0103n h\u00f3a Vi\u1ec7t - l\u00e0 c\u00e1i n\u00f4i cho \u00fd t\u01b0\u1edfng v\u1ec1 th\u01b0\u01a1ng hi\u1ec7u K\u2019fe House ra \u0111\u1eddi.\t\t\t<\/h6>\n\t\t\t<\/div>\n<\/div>[\/vc_column][\/vc_row][vc_row row_content_width=&#8221;grid&#8221; css=&#8221;.vc_custom_1523953582346{padding-bottom: 81px !important;}&#8221;][vc_column offset=&#8221;vc_col-lg-6 vc_col-md-6&#8243;][vc_single_image image=&#8221;4119&#8243; img_size=&#8221;full&#8221;][vc_empty_space height=&#8221;20px&#8221;][vc_column_text]Ch\u00fang t\u00f4i mong mu\u1ed1n mang \u0111\u1ebfn cho b\u1ea1n nh\u1eefng tr\u1ea3i nghi\u1ec7m \u0111\u00e1ng nh\u1edb m\u1ed7i l\u1ea7n \u0111\u1ebfn K&#8217;fe House. H\u00e3y chia s\u1ebb v\u1edbi ch\u00fang t\u00f4i \u0111\u1ec3 ch\u00fang t\u00f4i c\u00f3 th\u1ec3 mang \u0111\u1ebfn cho b\u1ea1n nh\u1eefng tr\u1ea3i nghi\u1ec7m tuy\u1ec7t v\u1eddi h\u01a1n th\u1ebf.[\/vc_column_text][vc_empty_space height=&#8221;43px&#8221;][\/vc_column][vc_column offset=&#8221;vc_col-lg-6 vc_col-md-6&#8243;][vc_single_image image=&#8221;4117&#8243; img_size=&#8221;full&#8221;][vc_empty_space height=&#8221;20px&#8221;][vc_column_text]V\u1edbi s\u1ee9 m\u1ec7nh tr\u1edf th\u00e0nh th\u01b0\u01a1ng hi\u1ec7u c\u00e0 ph\u00ea Vi\u1ec7t Nam d\u1eabn \u0111\u1ea7u, K&#8217;fe House lu\u00f4n lu\u00f4n ch\u1ee7 \u0111\u1ed9ng t\u00ecm ki\u1ebfm nh\u1eefng ngu\u1ed3n nguy\u00ean li\u1ec7u ch\u1ea5t l\u01b0\u1ee3ng b\u00ean c\u1ea1nh vi\u1ec7c kh\u00f4ng ng\u1eebng \u0111\u1ea7u t\u01b0 ph\u00e1t tri\u1ec3n nh\u1eefng m\u00f3n n\u01b0\u1edbc m\u1edbi nh\u1eb1m \u0111em l\u1ea1i m\u1ed9t tr\u1ea3i nghi\u1ec7m \u0111\u1ed3ng nh\u1ea5t &#8211; t\u1ed1t nh\u1ea5t cho kh\u00e1ch h\u00e0ng khi gh\u00e9 th\u0103m K&#8217;fe House.[\/vc_column_text][vc_empty_space height=&#8221;43px&#8221;][\/vc_column][\/vc_row][vc_row parallax_background_image=&#8221;4123&#8243; css=&#8221;.vc_custom_1613721270766{padding-top: 151px !important;padding-bottom: 135px !important;}&#8221;][vc_column][vc_row_inner row_content_width=&#8221;grid&#8221;][vc_column_inner offset=&#8221;vc_col-lg-offset-2 vc_col-lg-8&#8243;]<div class=\"eltdf-section-title-holder  \" style=\"text-align: center\">\n\t<div class=\"eltdf-st-inner\">\n\t\t\t\t\t<h2 class=\"eltdf-st-title\" style=\"color: #ffffff\">\n\t\t\t\tKh\u00e1ch h\u00e0ng nh\u1eadn x\u00e9t\t\t\t<\/h2>\n\t\t\t\t\t<\/div>\n<\/div><div class=\"eltdf-separator-holder clearfix  eltdf-separator-center \" style=\"margin-top: 13px;margin-bottom: 46px\">\n\t\t<div class=\"eltdf-separator\" ><\/div>\n\t\t\t<span class=\"eltdf-separator-icon\" >\n\t\t\t<img width=\"189\" height=\"24\" src=\"https:\/\/demo8.thuythu.com\/kfehouse\/wp-content\/uploads\/2018\/04\/title-separator-white.png\" class=\"attachment-full size-full\" alt=\"s\" loading=\"lazy\" \/>\t\t<\/span>\n\t\t\t\t\t<div class=\"eltdf-separator\" ><\/div>\n\t\t\t<\/div>\n<div class=\"eltdf-testimonials-holder eltdf-testimonials-standard eltdf-testimonials-light clearfix\"><div class=\"eltdf-testimonials eltdf-owl-slider\" data-number-of-items=\"1\" data-enable-loop=\"yes\" data-enable-autoplay=\"yes\" data-slider-speed=\"5000\" data-slider-speed-animation=\"600\" data-enable-navigation=\"no\" data-enable-pagination=\"yes\"><div class=\"eltdf-testimonial-content\" id=\"eltdf-testimonials-772\">\n\t<div class=\"eltdf-testimonial-text-holder\">\n\t\t\t\t\t\t\t<p class=\"eltdf-testimonial-text\">\u0110\u1ebfn \u0110\u00e0 L\u1ea1t kh\u00f4ng \u0111\u1ebfn \u0111\u00e2y checkin th\u00ec h\u01a1i ph\u00ed nh\u00e9 c\u1ea3 nh\u00e0. Qu\u00e1n c\u00f3 ki\u1ebfn tr\u00fac \u0111\u1ed9c \u0111\u00e1o v\u00e0 l\u1ea1 m\u1eaft \u0111ang decor l\u1ea1i ch\u1eafc s\u1ebd \u0111\u1eb9p h\u01a1n trong d\u1ecbp T\u1ebft<\/p>\n\t\t\t\t\t\t\t<span class=\"eltdf-testimonial-author\">\n\t\t\t\t<span class=\"eltdf-testimonials-author-name\">Mai Tr\u1ea7n<\/span>\n\t\t\t\t\t\t\t\t\t<span class=\"eltdf-testimonials-author-job\">, Manager<\/span>\n\t\t\t\t\t\t\t<\/span>\n\t\t\t<\/div>\n\t<\/div><div class=\"eltdf-testimonial-content\" id=\"eltdf-testimonials-770\">\n\t<div class=\"eltdf-testimonial-text-holder\">\n\t\t\t\t\t\t\t<p class=\"eltdf-testimonial-text\">Kh\u00f4ng gian \u0111\u1eb9p v\u00e0 \u0111\u1ed9c \u0111\u00e1o, r\u1ea5t mu\u1ed1n \u0111\u1ebfn th\u0103m v\u00e0o nh\u1eefng l\u1ea7n t\u1edbi<\/p>\n\t\t\t\t\t\t\t<span class=\"eltdf-testimonial-author\">\n\t\t\t\t<span class=\"eltdf-testimonials-author-name\">Ho\u00e0 Nguy\u1ec5n<\/span>\n\t\t\t\t\t\t\t\t\t<span class=\"eltdf-testimonials-author-job\">, Marketing<\/span>\n\t\t\t\t\t\t\t<\/span>\n\t\t\t<\/div>\n\t<\/div><div class=\"eltdf-testimonial-content\" id=\"eltdf-testimonials-759\">\n\t<div class=\"eltdf-testimonial-text-holder\">\n\t\t\t\t\t\t\t<p class=\"eltdf-testimonial-text\">Th\u1ee9c u\u1ed1ng r\u1ea5t ngon, ph\u1ee5c v\u1ee5 nhanh v\u00e0 gi\u00e1 c\u1ea3 h\u1ee3p l\u00fd<\/p>\n\t\t\t\t\t\t\t<span class=\"eltdf-testimonial-author\">\n\t\t\t\t<span class=\"eltdf-testimonials-author-name\">Anh Tr\u1ea7n<\/span>\n\t\t\t\t\t\t\t\t\t<span class=\"eltdf-testimonials-author-job\">, Desgin<\/span>\n\t\t\t\t\t\t\t<\/span>\n\t\t\t<\/div>\n\t<\/div><\/div><\/div>[\/vc_column_inner][\/vc_row_inner][\/vc_column][\/vc_row][vc_row row_content_width=&#8221;grid&#8221; css=&#8221;.vc_custom_1523953129022{padding-top: 124px !important;padding-bottom: 85px !important;}&#8221;][vc_column width=&#8221;1\/2&#8243; offset=&#8221;vc_col-lg-3 vc_col-md-6&#8243;]<div class=\"eltdf-counter-holder \">\n\t<div class=\"eltdf-counter-inner\">\n\t\t\t\t\t<span class=\"eltdf-counter eltdf-zero-counter\" >5238<\/span>\n\t\t\t\t\t\t\t<h5 class=\"eltdf-counter-title\">\n\t\t\t\tL\u01b0\u1ee3t kh\u00e1ch h\u00e0ng th\u00e1ng\t\t\t<\/h5>\n\t\t\t\t\t<\/div>\n<\/div>[vc_empty_space height=&#8221;38px&#8221;][\/vc_column][vc_column width=&#8221;1\/2&#8243; offset=&#8221;vc_col-lg-3 vc_col-md-6&#8243;]<div class=\"eltdf-counter-holder \">\n\t<div class=\"eltdf-counter-inner\">\n\t\t\t\t\t<span class=\"eltdf-counter eltdf-zero-counter\" >84<\/span>\n\t\t\t\t\t\t\t<h5 class=\"eltdf-counter-title\">\n\t\t\t\tTh\u1ef1c \u0111\u01a1n \u0111a d\u1ea1ng\t\t\t<\/h5>\n\t\t\t\t\t<\/div>\n<\/div>[vc_empty_space height=&#8221;38px&#8221;][\/vc_column][vc_column width=&#8221;1\/2&#8243; offset=&#8221;vc_col-lg-3 vc_col-md-6&#8243;]<div class=\"eltdf-counter-holder \">\n\t<div class=\"eltdf-counter-inner\">\n\t\t\t\t\t<span class=\"eltdf-counter eltdf-zero-counter\" >130<\/span>\n\t\t\t\t\t\t\t<h5 class=\"eltdf-counter-title\">\n\t\t\t\tNh\u00e2n vi\u00ean\t\t\t<\/h5>\n\t\t\t\t\t<\/div>\n<\/div>[vc_empty_space height=&#8221;38px&#8221;][\/vc_column][vc_column width=&#8221;1\/2&#8243; offset=&#8221;vc_col-lg-3 vc_col-md-6&#8243;]<div class=\"eltdf-counter-holder percent\">\n\t<div class=\"eltdf-counter-inner\">\n\t\t\t\t\t<span class=\"eltdf-counter eltdf-zero-counter\" >95%<\/span>\n\t\t\t\t\t\t\t<h5 class=\"eltdf-counter-title\">\n\t\t\t\tM\u1ee9c \u0111\u1ed9 h\u00e0i l\u00f2ng\t\t\t<\/h5>\n\t\t\t\t\t<\/div>\n<\/div>[vc_empty_space height=&#8221;38px&#8221;][\/vc_column][\/vc_row][vc_row disable_element=&#8221;yes&#8221; row_content_width=&#8221;grid&#8221; disable_background_image=&#8221;&#8221; simple_background_image=&#8221;999&#8243; css=&#8221;.vc_custom_1609817938940{padding-top: 78px !important;padding-bottom: 78px !important;}&#8221;][vc_column offset=&#8221;vc_col-lg-11 vc_col-md-12 vc_col-xs-12&#8243;]<div class=\"eltdf-call-to-action-holder  eltdf-normal-layout  eltdf-three-quarters-columns\">\n\t<div class=\"eltdf-cta-inner \">\n\t\t<div class=\"eltdf-cta-text-holder\">\n\t\t\t<div class=\"eltdf-cta-text\">\n<h6>M\u1ecdi th\u1eafc m\u1eafc xin vui l\u00f2ng li\u00ean h\u1ec7 v\u1edbi ch\u00fang t\u00f4i qua th\u00f4ng tin b\u00ean d\u01b0\u1edbi \u0111\u1ec3 \u0111\u01b0\u1ee3c h\u1ed7 tr\u1ee3!<\/h6>\n<\/div>\n\t\t<\/div>\n\t\t<div class=\"eltdf-cta-button-holder\" >\n\t\t\t<div class=\"eltdf-cta-button\"><a itemprop=\"url\" href=\"http:\/\/corretto.elated-themes.com\/contact-us\/\" target=\"_self\" style=\"color: #262626;background-color: #ffffff\" class=\"eltdf-btn eltdf-btn-medium eltdf-btn-solid eltdf-btn-dash\"  >    <span class=\"eltdf-btn-text\">Li\u00ean h\u1ec7<\/span>\t<\/a><\/div>\n\t\t<\/div>\n\t<\/div>\n<\/div>[\/vc_column][\/vc_row]<\/p>\n","protected":false},"excerpt":{"rendered":"<p>[vc_row row_content_width=&#8221;grid&#8221; content_text_aligment=&#8221;center&#8221; css=&#8221;.vc_custom_1524142758726{padding-bottom: 92px !important;}&#8221;][vc_column offset=&#8221;vc_col-lg-offset-2 vc_col-lg-8&#8243;][vc_single_image image=&#8221;644&#8243; img_size=&#8221;full&#8221; alignment=&#8221;center&#8221;][vc_empty_space height=&#8221;40px&#8221;][\/vc_column][\/vc_row][vc_row row_content_width=&#8221;grid&#8221; css=&#8221;.vc_custom_1523953582346{padding-bottom: 81px !important;}&#8221;][vc_column offset=&#8221;vc_col-lg-6 vc_col-md-6&#8243;][vc_single_image image=&#8221;4119&#8243; img_size=&#8221;full&#8221;][vc_empty_space height=&#8221;20px&#8221;][vc_column_text]Ch\u00fang t\u00f4i mong mu\u1ed1n mang \u0111\u1ebfn cho b\u1ea1n nh\u1eefng tr\u1ea3i nghi\u1ec7m \u0111\u00e1ng nh\u1edb m\u1ed7i l\u1ea7n \u0111\u1ebfn K&#8217;fe House. H\u00e3y chia s\u1ebb v\u1edbi ch\u00fang t\u00f4i \u0111\u1ec3 ch\u00fang t\u00f4i c\u00f3 th\u1ec3 mang \u0111\u1ebfn cho b\u1ea1n nh\u1eefng tr\u1ea3i nghi\u1ec7m tuy\u1ec7t v\u1eddi h\u01a1n th\u1ebf.[\/vc_column_text][vc_empty_space height=&#8221;43px&#8221;][\/vc_column][vc_column offset=&#8221;vc_col-lg-6 vc_col-md-6&#8243;][vc_single_image image=&#8221;4117&#8243; img_size=&#8221;full&#8221;][vc_empty_space height=&#8221;20px&#8221;][vc_column_text]V\u1edbi s\u1ee9 m\u1ec7nh tr\u1edf th\u00e0nh th\u01b0\u01a1ng hi\u1ec7u [&hellip;]<\/p>\n","protected":false},"author":2,"featured_media":0,"parent":0,"menu_order":0,"comment_status":"closed","ping_status":"closed","template":"full-width.php","meta":[],"_links":{"self":[{"href":"https:\/\/demo8.thuythu.com\/kfehouse\/wp-json\/wp\/v2\/pages\/920"}],"collection":[{"href":"https:\/\/demo8.thuythu.com\/kfehouse\/wp-json\/wp\/v2\/pages"}],"about":[{"href":"https:\/\/demo8.thuythu.com\/kfehouse\/wp-json\/wp\/v2\/types\/page"}],"author":[{"embeddable":true,"href":"https:\/\/demo8.thuythu.com\/kfehouse\/wp-json\/wp\/v2\/users\/2"}],"replies":[{"embeddable":true,"href":"https:\/\/demo8.thuythu.com\/kfehouse\/wp-json\/wp\/v2\/comments?post=920"}],"version-history":[{"count":24,"href":"https:\/\/demo8.thuythu.com\/kfehouse\/wp-json\/wp\/v2\/pages\/920\/revisions"}],"predecessor-version":[{"id":4498,"href":"https:\/\/demo8.thuythu.com\/kfehouse\/wp-json\/wp\/v2\/pages\/920\/revisions\/4498"}],"wp:attachment":[{"href":"https:\/\/demo8.thuythu.com\/kfehouse\/wp-json\/wp\/v2\/media?parent=920"}],"curies":[{"name":"wp","href":"https:\/\/api.w.org\/{rel}","templated":true}]}}