{"id":3457,"date":"2020-12-15T10:44:50","date_gmt":"2020-12-15T03:44:50","guid":{"rendered":"https:\/\/demo8.thuythu.com\/kfehouse\/?post_type=product&#038;p=3457"},"modified":"2021-02-03T14:37:42","modified_gmt":"2021-02-03T07:37:42","slug":"sinh-to-bo","status":"publish","type":"product","link":"https:\/\/demo8.thuythu.com\/kfehouse\/product\/sinh-to-bo\/","title":{"rendered":"Sinh T\u1ed1 B\u01a1"},"content":{"rendered":"<p>Ch\u00fang t\u00f4i mong mu\u1ed1n mang \u0111\u1ebfn cho b\u1ea1n nh\u1eefng tr\u1ea3i nghi\u1ec7m \u0111\u00e1ng nh\u1edb m\u1ed7i l\u1ea7n \u0111\u1ebfn Kafehouse. H\u00e3y chia s\u1ebb v\u1edbi ch\u00fang t\u00f4i \u0111\u1ec3 ch\u00fang t\u00f4i c\u00f3 th\u1ec3 mang \u0111\u1ebfn cho b\u1ea1n nh\u1eefng tr\u1ea3i nghi\u1ec7m tuy\u1ec7t v\u1eddi h\u01a1n th\u1ebf.<\/p>\n","protected":false},"excerpt":{"rendered":"<p>1ly sinh t\u1ed1 b\u01a1 s\u1ebd b\u1ed5 sung d\u01b0\u1ee1ng ch\u1ea5t gi\u00fap b\u1ea1n c\u00f3 th\u00eam n\u0103ng l\u01b0\u1ee3ng khi th\u01b0\u1edfng th\u1ee9c ch\u00fang.<\/p>\n","protected":false},"featured_media":3447,"template":"","meta":[],"_links":{"self":[{"href":"https:\/\/demo8.thuythu.com\/kfehouse\/wp-json\/wp\/v2\/product\/3457"}],"collection":[{"href":"https:\/\/demo8.thuythu.com\/kfehouse\/wp-json\/wp\/v2\/product"}],"about":[{"href":"https:\/\/demo8.thuythu.com\/kfehouse\/wp-json\/wp\/v2\/types\/product"}],"wp:featuredmedia":[{"embeddable":true,"href":"https:\/\/demo8.thuythu.com\/kfehouse\/wp-json\/wp\/v2\/media\/3447"}],"wp:attachment":[{"href":"https:\/\/demo8.thuythu.com\/kfehouse\/wp-json\/wp\/v2\/media?parent=3457"}],"curies":[{"name":"wp","href":"https:\/\/api.w.org\/{rel}","templated":true}]}}