{"id":3458,"date":"2020-12-15T10:49:38","date_gmt":"2020-12-15T03:49:38","guid":{"rendered":"https:\/\/demo8.thuythu.com\/kfehouse\/?post_type=product&#038;p=3458"},"modified":"2021-02-03T14:27:16","modified_gmt":"2021-02-03T07:27:16","slug":"nuoc-ep-thom","status":"publish","type":"product","link":"https:\/\/demo8.thuythu.com\/kfehouse\/product\/nuoc-ep-thom\/","title":{"rendered":"N\u01b0\u1edbc \u00c9p Th\u01a1m"},"content":{"rendered":"<p>Ch\u00fang t\u00f4i mong mu\u1ed1n mang \u0111\u1ebfn cho b\u1ea1n nh\u1eefng tr\u1ea3i nghi\u1ec7m \u0111\u00e1ng nh\u1edb m\u1ed7i l\u1ea7n \u0111\u1ebfn Kafehouse. H\u00e3y chia s\u1ebb v\u1edbi ch\u00fang t\u00f4i \u0111\u1ec3 ch\u00fang t\u00f4i c\u00f3 th\u1ec3 mang \u0111\u1ebfn cho b\u1ea1n nh\u1eefng tr\u1ea3i nghi\u1ec7m tuy\u1ec7t v\u1eddi h\u01a1n th\u1ebf.<\/p>\n","protected":false},"excerpt":{"rendered":"<p>N\u01b0\u1edbc \u00e9p d\u1ee9a kh\u00f4ng ch\u1ec9 l\u00e0 lo\u1ea1i th\u1ee9c u\u1ed1ng gi\u1ea3i nhi\u1ec7t m\u00e0 c\u00f2n l\u00e0 m\u1ed9t lo\u1ea1i th\u1ee9c u\u1ed1ng gi\u1ea3m c\u00e2n v\u1eeba hi\u1ec7u qu\u1ea3 l\u1ea1i an to\u00e0n, \u0111\u1ed3ng th\u1eddi l\u00e0 ngu\u1ed3n b\u1ed5 sung vitamin C b\u1ea5t t\u1eadn \ud83d\ude09<\/p>\n","protected":false},"featured_media":3445,"template":"","meta":[],"_links":{"self":[{"href":"https:\/\/demo8.thuythu.com\/kfehouse\/wp-json\/wp\/v2\/product\/3458"}],"collection":[{"href":"https:\/\/demo8.thuythu.com\/kfehouse\/wp-json\/wp\/v2\/product"}],"about":[{"href":"https:\/\/demo8.thuythu.com\/kfehouse\/wp-json\/wp\/v2\/types\/product"}],"wp:featuredmedia":[{"embeddable":true,"href":"https:\/\/demo8.thuythu.com\/kfehouse\/wp-json\/wp\/v2\/media\/3445"}],"wp:attachment":[{"href":"https:\/\/demo8.thuythu.com\/kfehouse\/wp-json\/wp\/v2\/media?parent=3458"}],"curies":[{"name":"wp","href":"https:\/\/api.w.org\/{rel}","templated":true}]}}