{"id":3459,"date":"2020-12-15T10:50:31","date_gmt":"2020-12-15T03:50:31","guid":{"rendered":"https:\/\/demo8.thuythu.com\/kfehouse\/?post_type=product&#038;p=3459"},"modified":"2021-02-03T14:18:09","modified_gmt":"2021-02-03T07:18:09","slug":"nuoc-ep-tao","status":"publish","type":"product","link":"https:\/\/demo8.thuythu.com\/kfehouse\/product\/nuoc-ep-tao\/","title":{"rendered":"N\u01b0\u1edbc \u00c9p T\u00e1o"},"content":{"rendered":"<p>Ch\u00fang t\u00f4i mong mu\u1ed1n mang \u0111\u1ebfn cho b\u1ea1n nh\u1eefng tr\u1ea3i nghi\u1ec7m \u0111\u00e1ng nh\u1edb m\u1ed7i l\u1ea7n \u0111\u1ebfn Kafehouse. H\u00e3y chia s\u1ebb v\u1edbi ch\u00fang t\u00f4i \u0111\u1ec3 ch\u00fang t\u00f4i c\u00f3 th\u1ec3 mang \u0111\u1ebfn cho b\u1ea1n nh\u1eefng tr\u1ea3i nghi\u1ec7m tuy\u1ec7t v\u1eddi h\u01a1n th\u1ebf.<\/p>\n","protected":false},"excerpt":{"rendered":"<p>N\u01b0\u1edbc \u00e9p t\u00e1o l\u00e0 th\u1ee9c u\u1ed1ng y\u00eau th\u00edch c\u1ee7a r\u1ea5t nhi\u1ec1u ng\u01b0\u1eddi. \u0110\u00e2y kh\u00f4ng ch\u1ec9 l\u00e0 m\u1ed9t lo\u1ea1i n\u01b0\u1edbc u\u1ed1ng th\u01a1m ngon, thanh m\u00e1t m\u00e0 c\u00f2n mang t\u1edbi r\u1ea5t nhi\u1ec1u l\u1ee3i \u00edch cho s\u1ee9c kh\u1ecfe.<\/p>\n","protected":false},"featured_media":3443,"template":"","meta":[],"_links":{"self":[{"href":"https:\/\/demo8.thuythu.com\/kfehouse\/wp-json\/wp\/v2\/product\/3459"}],"collection":[{"href":"https:\/\/demo8.thuythu.com\/kfehouse\/wp-json\/wp\/v2\/product"}],"about":[{"href":"https:\/\/demo8.thuythu.com\/kfehouse\/wp-json\/wp\/v2\/types\/product"}],"wp:featuredmedia":[{"embeddable":true,"href":"https:\/\/demo8.thuythu.com\/kfehouse\/wp-json\/wp\/v2\/media\/3443"}],"wp:attachment":[{"href":"https:\/\/demo8.thuythu.com\/kfehouse\/wp-json\/wp\/v2\/media?parent=3459"}],"curies":[{"name":"wp","href":"https:\/\/api.w.org\/{rel}","templated":true}]}}