{"id":3470,"date":"2020-12-15T11:07:36","date_gmt":"2020-12-15T04:07:36","guid":{"rendered":"https:\/\/demo8.thuythu.com\/kfehouse\/?post_type=product&#038;p=3470"},"modified":"2021-02-04T11:11:24","modified_gmt":"2021-02-04T04:11:24","slug":"chuoi-socola","status":"publish","type":"product","link":"https:\/\/demo8.thuythu.com\/kfehouse\/product\/chuoi-socola\/","title":{"rendered":"Chu\u1ed1i S\u00f4c\u00f4la"},"content":{"rendered":"<p>Ch\u00fang t\u00f4i mong mu\u1ed1n mang \u0111\u1ebfn cho b\u1ea1n nh\u1eefng tr\u1ea3i nghi\u1ec7m \u0111\u00e1ng nh\u1edb m\u1ed7i l\u1ea7n \u0111\u1ebfn Kafehouse. H\u00e3y chia s\u1ebb v\u1edbi ch\u00fang t\u00f4i \u0111\u1ec3 ch\u00fang t\u00f4i c\u00f3 th\u1ec3 mang \u0111\u1ebfn cho b\u1ea1n nh\u1eefng tr\u1ea3i nghi\u1ec7m tuy\u1ec7t v\u1eddi h\u01a1n th\u1ebf.<\/p>\n","protected":false},"excerpt":{"rendered":"<p>V\u1edbi h\u01b0\u01a1ng v\u1ecb ngon l\u00e0nh, th\u01a1m m\u00e1t c\u1ee7a chu\u1ed1i c\u1ed9ng th\u00eam s\u1ef1 b\u00e9o ng\u1eady ng\u1ecdt ng\u00e0o c\u1ee7a chocolate th\u00ec K&#8217;Fe House tin \u0111\u00e2y l\u00e0 m\u00f3n th\u1ee9c u\u1ed1ng m\u1edbi l\u1ea1 m\u00e0 b\u1ea1n c\u0169ng ph\u1ea3i m\u00ea ngay l\u1ea7n ch\u1ea1m m\u00f4i \u0111\u1ea7u ti\u00ean.<\/p>\n","protected":false},"featured_media":3419,"template":"","meta":[],"_links":{"self":[{"href":"https:\/\/demo8.thuythu.com\/kfehouse\/wp-json\/wp\/v2\/product\/3470"}],"collection":[{"href":"https:\/\/demo8.thuythu.com\/kfehouse\/wp-json\/wp\/v2\/product"}],"about":[{"href":"https:\/\/demo8.thuythu.com\/kfehouse\/wp-json\/wp\/v2\/types\/product"}],"wp:featuredmedia":[{"embeddable":true,"href":"https:\/\/demo8.thuythu.com\/kfehouse\/wp-json\/wp\/v2\/media\/3419"}],"wp:attachment":[{"href":"https:\/\/demo8.thuythu.com\/kfehouse\/wp-json\/wp\/v2\/media?parent=3470"}],"curies":[{"name":"wp","href":"https:\/\/api.w.org\/{rel}","templated":true}]}}