{"id":3472,"date":"2020-12-15T11:07:41","date_gmt":"2020-12-15T04:07:41","guid":{"rendered":"https:\/\/demo8.thuythu.com\/kfehouse\/?post_type=product&#038;p=3472"},"modified":"2021-02-02T11:37:45","modified_gmt":"2021-02-02T04:37:45","slug":"coldbrew-cam-sa","status":"publish","type":"product","link":"https:\/\/demo8.thuythu.com\/kfehouse\/product\/coldbrew-cam-sa\/","title":{"rendered":"Coldbrew Cam S\u1ea3"},"content":{"rendered":"<p>Ch\u00fang t\u00f4i mong mu\u1ed1n mang \u0111\u1ebfn cho b\u1ea1n nh\u1eefng tr\u1ea3i nghi\u1ec7m \u0111\u00e1ng nh\u1edb m\u1ed7i l\u1ea7n \u0111\u1ebfn K&#8217;fe House. H\u00e3y chia s\u1ebb v\u1edbi ch\u00fang t\u00f4i \u0111\u1ec3 ch\u00fang t\u00f4i c\u00f3 th\u1ec3 mang \u0111\u1ebfn cho b\u1ea1n nh\u1eefng tr\u1ea3i nghi\u1ec7m tuy\u1ec7t v\u1eddi h\u01a1n th\u1ebf.<\/p>\n","protected":false},"excerpt":{"rendered":"<p>V\u1ecb chua nh\u1eb9 c\u1ee7a cam v\u00e0ng, th\u01a1m n\u1ed3ng c\u1ee7a s\u1ea3, h\u1eadu v\u1ecb ng\u1ecdt ng\u00e0o, t\u01b0\u01a1i m\u00e1t n\u01a1i cu\u1ed1ng h\u1ecdng. Coldbrew Cam S\u1ea3 l\u00e0 s\u1ef1 l\u1ef1a ch\u1ecdn ho\u00e0n h\u1ea3o cho b\u1ea5t k\u00ec th\u1eddi gian n\u00e0o trong ng\u00e0y<\/p>\n","protected":false},"featured_media":3415,"template":"","meta":[],"_links":{"self":[{"href":"https:\/\/demo8.thuythu.com\/kfehouse\/wp-json\/wp\/v2\/product\/3472"}],"collection":[{"href":"https:\/\/demo8.thuythu.com\/kfehouse\/wp-json\/wp\/v2\/product"}],"about":[{"href":"https:\/\/demo8.thuythu.com\/kfehouse\/wp-json\/wp\/v2\/types\/product"}],"wp:featuredmedia":[{"embeddable":true,"href":"https:\/\/demo8.thuythu.com\/kfehouse\/wp-json\/wp\/v2\/media\/3415"}],"wp:attachment":[{"href":"https:\/\/demo8.thuythu.com\/kfehouse\/wp-json\/wp\/v2\/media?parent=3472"}],"curies":[{"name":"wp","href":"https:\/\/api.w.org\/{rel}","templated":true}]}}