{"id":3475,"date":"2020-12-15T11:26:58","date_gmt":"2020-12-15T04:26:58","guid":{"rendered":"https:\/\/demo8.thuythu.com\/kfehouse\/?post_type=product&#038;p=3475"},"modified":"2021-02-03T13:52:17","modified_gmt":"2021-02-03T06:52:17","slug":"ca-phe-sua","status":"publish","type":"product","link":"https:\/\/demo8.thuythu.com\/kfehouse\/product\/ca-phe-sua\/","title":{"rendered":"C\u00e0 Ph\u00ea S\u1eefa"},"content":{"rendered":"<p>Ch\u00fang t\u00f4i mong mu\u1ed1n mang \u0111\u1ebfn cho b\u1ea1n nh\u1eefng tr\u1ea3i nghi\u1ec7m \u0111\u00e1ng nh\u1edb m\u1ed7i l\u1ea7n \u0111\u1ebfn Kafehouse. H\u00e3y chia s\u1ebb v\u1edbi ch\u00fang t\u00f4i \u0111\u1ec3 ch\u00fang t\u00f4i c\u00f3 th\u1ec3 mang \u0111\u1ebfn cho b\u1ea1n nh\u1eefng tr\u1ea3i nghi\u1ec7m tuy\u1ec7t v\u1eddi h\u01a1n th\u1ebf.<\/p>\n","protected":false},"excerpt":{"rendered":"<p>C\u00e0 ph\u00ea s\u1eefa \u0111\u00e1 l\u00e0 m\u00f3n kh\u00f4ng th\u1ec3 b\u1ecf qua c\u1ee7a nhi\u1ec1u ng\u01b0\u1eddi y\u00eau c\u00e0 ph\u00ea. H\u00e3y th\u01b0\u1edfng th\u1ee9c v\u00e0 c\u1ea3m nh\u1eadn h\u01b0\u01a1ng v\u1ecb tuy\u1ec7t v\u1eddi v\u1ed1n c\u00f3 c\u1ee7a n\u00f3 b\u1ea1n nh\u00e9.<\/p>\n","protected":false},"featured_media":3409,"template":"","meta":[],"_links":{"self":[{"href":"https:\/\/demo8.thuythu.com\/kfehouse\/wp-json\/wp\/v2\/product\/3475"}],"collection":[{"href":"https:\/\/demo8.thuythu.com\/kfehouse\/wp-json\/wp\/v2\/product"}],"about":[{"href":"https:\/\/demo8.thuythu.com\/kfehouse\/wp-json\/wp\/v2\/types\/product"}],"wp:featuredmedia":[{"embeddable":true,"href":"https:\/\/demo8.thuythu.com\/kfehouse\/wp-json\/wp\/v2\/media\/3409"}],"wp:attachment":[{"href":"https:\/\/demo8.thuythu.com\/kfehouse\/wp-json\/wp\/v2\/media?parent=3475"}],"curies":[{"name":"wp","href":"https:\/\/api.w.org\/{rel}","templated":true}]}}