{"id":3476,"date":"2020-12-15T11:27:01","date_gmt":"2020-12-15T04:27:01","guid":{"rendered":"https:\/\/demo8.thuythu.com\/kfehouse\/?post_type=product&#038;p=3476"},"modified":"2021-02-03T13:51:17","modified_gmt":"2021-02-03T06:51:17","slug":"ca-phe-da","status":"publish","type":"product","link":"https:\/\/demo8.thuythu.com\/kfehouse\/product\/ca-phe-da\/","title":{"rendered":"C\u00e0 Ph\u00ea \u0110\u00e1"},"content":{"rendered":"<p>Ch\u00fang t\u00f4i mong mu\u1ed1n mang \u0111\u1ebfn cho b\u1ea1n nh\u1eefng tr\u1ea3i nghi\u1ec7m \u0111\u00e1ng nh\u1edb m\u1ed7i l\u1ea7n \u0111\u1ebfn Kafehouse. H\u00e3y chia s\u1ebb v\u1edbi ch\u00fang t\u00f4i \u0111\u1ec3 ch\u00fang t\u00f4i c\u00f3 th\u1ec3 mang \u0111\u1ebfn cho b\u1ea1n nh\u1eefng tr\u1ea3i nghi\u1ec7m tuy\u1ec7t v\u1eddi h\u01a1n th\u1ebf.<\/p>\n","protected":false},"excerpt":{"rendered":"<p>Nh\u1ea5p 1 ng\u1ee5m l\u00e0 th\u1ea5y \u0111\u00e3, ng\u1ee5m th\u1ee9 hai th\u00eam t\u1ec9nh t\u00e1o v\u00e0 c\u1ee9 th\u1ebf l\u00f4i cu\u1ed1n b\u1ea1n \u0111\u1ebfn gi\u1ecdt cu\u1ed1i c\u00f9ng. Ch\u1ec9 c\u00f3 th\u1ec3 l\u00e0 1 ly \u0111en \u0111\u00e1 t\u1ea1i K&#8217;Fe House.<\/p>\n","protected":false},"featured_media":3407,"template":"","meta":[],"_links":{"self":[{"href":"https:\/\/demo8.thuythu.com\/kfehouse\/wp-json\/wp\/v2\/product\/3476"}],"collection":[{"href":"https:\/\/demo8.thuythu.com\/kfehouse\/wp-json\/wp\/v2\/product"}],"about":[{"href":"https:\/\/demo8.thuythu.com\/kfehouse\/wp-json\/wp\/v2\/types\/product"}],"wp:featuredmedia":[{"embeddable":true,"href":"https:\/\/demo8.thuythu.com\/kfehouse\/wp-json\/wp\/v2\/media\/3407"}],"wp:attachment":[{"href":"https:\/\/demo8.thuythu.com\/kfehouse\/wp-json\/wp\/v2\/media?parent=3476"}],"curies":[{"name":"wp","href":"https:\/\/api.w.org\/{rel}","templated":true}]}}