{"id":3482,"date":"2020-12-15T11:32:06","date_gmt":"2020-12-15T04:32:06","guid":{"rendered":"https:\/\/demo8.thuythu.com\/kfehouse\/?post_type=product&#038;p=3482"},"modified":"2021-02-03T13:53:48","modified_gmt":"2021-02-03T06:53:48","slug":"cacao-da","status":"publish","type":"product","link":"https:\/\/demo8.thuythu.com\/kfehouse\/product\/cacao-da\/","title":{"rendered":"Cacao \u0110\u00e1"},"content":{"rendered":"<p>Ch\u00fang t\u00f4i mong mu\u1ed1n mang \u0111\u1ebfn cho b\u1ea1n nh\u1eefng tr\u1ea3i nghi\u1ec7m \u0111\u00e1ng nh\u1edb m\u1ed7i l\u1ea7n \u0111\u1ebfn Kafehouse. H\u00e3y chia s\u1ebb v\u1edbi ch\u00fang t\u00f4i \u0111\u1ec3 ch\u00fang t\u00f4i c\u00f3 th\u1ec3 mang \u0111\u1ebfn cho b\u1ea1n nh\u1eefng tr\u1ea3i nghi\u1ec7m tuy\u1ec7t v\u1eddi h\u01a1n th\u1ebf.<\/p>\n","protected":false},"excerpt":{"rendered":"<p>B\u1ea1n mu\u1ed1n ch\u1ecdn cho m\u00ecnh m\u1ed9t m\u00f3n gi\u1ea3i kh\u00e1t h\u1ee3p v\u1edbi s\u1edf th\u00edch th\u00ec cacao \u0111\u00e1 ch\u00ednh x\u00e1c l\u00e0 m\u1ed9t l\u1ef1a ch\u1ecdn kh\u00f4ng t\u1ed3i. ch\u1ec9 c\u1ea7n u\u1ed1ng 1 ly cacao \u0111\u00e1 s\u1ebd gi\u00fap b\u1ea1n v\u1eeba gi\u1ea3i kh\u00e1t, v\u1eeba gi\u00fap b\u1ea1n t\u1ec9nh t\u00e1o, gi\u1ea3m m\u1ec7t m\u1ecfi m\u1ed9t c\u00e1ch nhanh ch\u00f3ng. C\u00f2n ch\u1edd g\u00ec n\u1eefa m\u00e0 ko th\u1eed ?!!!<\/p>\n","protected":false},"featured_media":3395,"template":"","meta":[],"_links":{"self":[{"href":"https:\/\/demo8.thuythu.com\/kfehouse\/wp-json\/wp\/v2\/product\/3482"}],"collection":[{"href":"https:\/\/demo8.thuythu.com\/kfehouse\/wp-json\/wp\/v2\/product"}],"about":[{"href":"https:\/\/demo8.thuythu.com\/kfehouse\/wp-json\/wp\/v2\/types\/product"}],"wp:featuredmedia":[{"embeddable":true,"href":"https:\/\/demo8.thuythu.com\/kfehouse\/wp-json\/wp\/v2\/media\/3395"}],"wp:attachment":[{"href":"https:\/\/demo8.thuythu.com\/kfehouse\/wp-json\/wp\/v2\/media?parent=3482"}],"curies":[{"name":"wp","href":"https:\/\/api.w.org\/{rel}","templated":true}]}}