{"id":3483,"date":"2020-12-15T11:32:10","date_gmt":"2020-12-15T04:32:10","guid":{"rendered":"https:\/\/demo8.thuythu.com\/kfehouse\/?post_type=product&#038;p=3483"},"modified":"2021-02-03T13:50:25","modified_gmt":"2021-02-03T06:50:25","slug":"bac-siu","status":"publish","type":"product","link":"https:\/\/demo8.thuythu.com\/kfehouse\/product\/bac-siu\/","title":{"rendered":"B\u1ea1c S\u1ec9u"},"content":{"rendered":"<p>Ch\u00fang t\u00f4i mong mu\u1ed1n mang \u0111\u1ebfn cho b\u1ea1n nh\u1eefng tr\u1ea3i nghi\u1ec7m \u0111\u00e1ng nh\u1edb m\u1ed7i l\u1ea7n \u0111\u1ebfn Kafehouse. H\u00e3y chia s\u1ebb v\u1edbi ch\u00fang t\u00f4i \u0111\u1ec3 ch\u00fang t\u00f4i c\u00f3 th\u1ec3 mang \u0111\u1ebfn cho b\u1ea1n nh\u1eefng tr\u1ea3i nghi\u1ec7m tuy\u1ec7t v\u1eddi h\u01a1n th\u1ebf.<\/p>\n<p>&nbsp;<\/p>\n","protected":false},"excerpt":{"rendered":"<p>\u0110\u1ebfn v\u1edbi K&#8217;fe House b\u1ea1n kh\u00f4ng th\u1ec3 b\u1ecf qua h\u01b0\u01a1ng v\u1ecb \u0111\u1ed9c \u0111\u00e1o c\u1ee7a b\u1ea1c s\u1ec9u. 1 ly b\u1ea1c s\u1ec9u \u0111\u1eb7c bi\u1ec7t th\u01a1m ngon chu\u1ea9n v\u1ecb s\u1ebd gi\u00fap ch\u00fang ta t\u1ec9nh t\u00e1o v\u00e0 c\u00f3 th\u00eam n\u0103ng l\u01b0\u1ee3ng \u0111\u1ec3 b\u1eaft \u0111\u1ea7u 1 ng\u00e0y m\u1edbi s\u1ea3ng kho\u00e1i \u0111\u1ea7y h\u1ee9ng kh\u1edfi.<\/p>\n","protected":false},"featured_media":3393,"template":"","meta":[],"_links":{"self":[{"href":"https:\/\/demo8.thuythu.com\/kfehouse\/wp-json\/wp\/v2\/product\/3483"}],"collection":[{"href":"https:\/\/demo8.thuythu.com\/kfehouse\/wp-json\/wp\/v2\/product"}],"about":[{"href":"https:\/\/demo8.thuythu.com\/kfehouse\/wp-json\/wp\/v2\/types\/product"}],"wp:featuredmedia":[{"embeddable":true,"href":"https:\/\/demo8.thuythu.com\/kfehouse\/wp-json\/wp\/v2\/media\/3393"}],"wp:attachment":[{"href":"https:\/\/demo8.thuythu.com\/kfehouse\/wp-json\/wp\/v2\/media?parent=3483"}],"curies":[{"name":"wp","href":"https:\/\/api.w.org\/{rel}","templated":true}]}}