{"id":3546,"date":"2020-12-16T21:18:17","date_gmt":"2020-12-16T14:18:17","guid":{"rendered":"https:\/\/demo8.thuythu.com\/kfehouse\/?post_type=product&#038;p=3546"},"modified":"2021-02-03T14:14:07","modified_gmt":"2021-02-03T07:14:07","slug":"tra-sua","status":"publish","type":"product","link":"https:\/\/demo8.thuythu.com\/kfehouse\/product\/tra-sua\/","title":{"rendered":"Tr\u00e0 S\u1eefa"},"content":{"rendered":"<p>Ch\u00fang t\u00f4i mong mu\u1ed1n mang \u0111\u1ebfn cho b\u1ea1n nh\u1eefng tr\u1ea3i nghi\u1ec7m \u0111\u00e1ng nh\u1edb m\u1ed7i l\u1ea7n \u0111\u1ebfn Kafehouse. H\u00e3y chia s\u1ebb v\u1edbi ch\u00fang t\u00f4i \u0111\u1ec3 ch\u00fang t\u00f4i c\u00f3 th\u1ec3 mang \u0111\u1ebfn cho b\u1ea1n nh\u1eefng tr\u1ea3i nghi\u1ec7m tuy\u1ec7t v\u1eddi h\u01a1n th\u1ebf.<\/p>\n","protected":false},"excerpt":{"rendered":"<p>Tr\u00e0 s\u1eefa th\u01a1m ngon, b\u00e9o ng\u1eady c\u1ee7a K&#8217;Fe House s\u1ebd \u0111em \u0111\u1ebfn s\u1ef1 h\u00e0i l\u00f2ng cho th\u1ef1c kh\u00e1ch l\u1ef1a ch\u1ecdn.<\/p>\n","protected":false},"featured_media":3519,"template":"","meta":[],"_links":{"self":[{"href":"https:\/\/demo8.thuythu.com\/kfehouse\/wp-json\/wp\/v2\/product\/3546"}],"collection":[{"href":"https:\/\/demo8.thuythu.com\/kfehouse\/wp-json\/wp\/v2\/product"}],"about":[{"href":"https:\/\/demo8.thuythu.com\/kfehouse\/wp-json\/wp\/v2\/types\/product"}],"wp:featuredmedia":[{"embeddable":true,"href":"https:\/\/demo8.thuythu.com\/kfehouse\/wp-json\/wp\/v2\/media\/3519"}],"wp:attachment":[{"href":"https:\/\/demo8.thuythu.com\/kfehouse\/wp-json\/wp\/v2\/media?parent=3546"}],"curies":[{"name":"wp","href":"https:\/\/api.w.org\/{rel}","templated":true}]}}