{"id":3772,"date":"2021-01-27T22:11:05","date_gmt":"2021-01-27T15:11:05","guid":{"rendered":"https:\/\/demo8.thuythu.com\/kfehouse\/?post_type=product&#038;p=3772"},"modified":"2021-03-03T08:56:58","modified_gmt":"2021-03-03T01:56:58","slug":"bo-bit-tet-khoai-tay-cafe","status":"publish","type":"product","link":"https:\/\/demo8.thuythu.com\/kfehouse\/product\/bo-bit-tet-khoai-tay-cafe\/","title":{"rendered":"Set Hello Sunshine 2: B\u00edt T\u1ebft Khoai T\u00e2y+ C\u00e0 Ph\u00ea \u0110\u00e1\/ S\u1eefa\/ B\u1ea1c S\u1ec9u"},"content":{"rendered":"","protected":false},"excerpt":{"rendered":"","protected":false},"featured_media":3795,"template":"","meta":[],"_links":{"self":[{"href":"https:\/\/demo8.thuythu.com\/kfehouse\/wp-json\/wp\/v2\/product\/3772"}],"collection":[{"href":"https:\/\/demo8.thuythu.com\/kfehouse\/wp-json\/wp\/v2\/product"}],"about":[{"href":"https:\/\/demo8.thuythu.com\/kfehouse\/wp-json\/wp\/v2\/types\/product"}],"wp:featuredmedia":[{"embeddable":true,"href":"https:\/\/demo8.thuythu.com\/kfehouse\/wp-json\/wp\/v2\/media\/3795"}],"wp:attachment":[{"href":"https:\/\/demo8.thuythu.com\/kfehouse\/wp-json\/wp\/v2\/media?parent=3772"}],"curies":[{"name":"wp","href":"https:\/\/api.w.org\/{rel}","templated":true}]}}