{"id":3807,"date":"2021-01-27T22:31:36","date_gmt":"2021-01-27T15:31:36","guid":{"rendered":"https:\/\/demo8.thuythu.com\/kfehouse\/?post_type=product&#038;p=3807"},"modified":"2021-02-05T09:18:24","modified_gmt":"2021-02-05T02:18:24","slug":"bo-bit-tet-khoai-tay-soup-mang-tay-cua-sorbet-phuc-bon-tu-cupcake","status":"publish","type":"product","link":"https:\/\/demo8.thuythu.com\/kfehouse\/product\/bo-bit-tet-khoai-tay-soup-mang-tay-cua-sorbet-phuc-bon-tu-cupcake\/","title":{"rendered":"Set K&#8217;fe House Deluxe 1: S\u00fap M\u0103ng T\u00e2y Cua + B\u00edt T\u1ebft Khoai T\u00e2y + Sorbet Ph\u00fac B\u1ed3n T\u1eed + Cupcake"},"content":{"rendered":"","protected":false},"excerpt":{"rendered":"","protected":false},"featured_media":3813,"template":"","meta":[],"_links":{"self":[{"href":"https:\/\/demo8.thuythu.com\/kfehouse\/wp-json\/wp\/v2\/product\/3807"}],"collection":[{"href":"https:\/\/demo8.thuythu.com\/kfehouse\/wp-json\/wp\/v2\/product"}],"about":[{"href":"https:\/\/demo8.thuythu.com\/kfehouse\/wp-json\/wp\/v2\/types\/product"}],"wp:featuredmedia":[{"embeddable":true,"href":"https:\/\/demo8.thuythu.com\/kfehouse\/wp-json\/wp\/v2\/media\/3813"}],"wp:attachment":[{"href":"https:\/\/demo8.thuythu.com\/kfehouse\/wp-json\/wp\/v2\/media?parent=3807"}],"curies":[{"name":"wp","href":"https:\/\/api.w.org\/{rel}","templated":true}]}}