{"id":3809,"date":"2021-01-27T23:02:23","date_gmt":"2021-01-27T16:02:23","guid":{"rendered":"https:\/\/demo8.thuythu.com\/kfehouse\/?post_type=product&#038;p=3809"},"modified":"2021-02-05T08:44:18","modified_gmt":"2021-02-05T01:44:18","slug":"mi-tro%cc%a3%cc%82n-long-dao-ep-oi-yogurt-pho-mai","status":"publish","type":"product","link":"https:\/\/demo8.thuythu.com\/kfehouse\/product\/mi-tro%cc%a3%cc%82n-long-dao-ep-oi-yogurt-pho-mai\/","title":{"rendered":"Set EZGo 2: M\u00ec Tro\u0323\u0302n L\u00f2ng \u0110\u00e0o + \u00c9p \u1ed4i + S\u1eefa Chua Ph\u00f4 Mai"},"content":{"rendered":"","protected":false},"excerpt":{"rendered":"","protected":false},"featured_media":3831,"template":"","meta":[],"_links":{"self":[{"href":"https:\/\/demo8.thuythu.com\/kfehouse\/wp-json\/wp\/v2\/product\/3809"}],"collection":[{"href":"https:\/\/demo8.thuythu.com\/kfehouse\/wp-json\/wp\/v2\/product"}],"about":[{"href":"https:\/\/demo8.thuythu.com\/kfehouse\/wp-json\/wp\/v2\/types\/product"}],"wp:featuredmedia":[{"embeddable":true,"href":"https:\/\/demo8.thuythu.com\/kfehouse\/wp-json\/wp\/v2\/media\/3831"}],"wp:attachment":[{"href":"https:\/\/demo8.thuythu.com\/kfehouse\/wp-json\/wp\/v2\/media?parent=3809"}],"curies":[{"name":"wp","href":"https:\/\/api.w.org\/{rel}","templated":true}]}}