{"id":3870,"date":"2021-01-28T00:05:08","date_gmt":"2021-01-27T17:05:08","guid":{"rendered":"https:\/\/demo8.thuythu.com\/kfehouse\/?post_type=product&#038;p=3870"},"modified":"2021-02-05T09:25:47","modified_gmt":"2021-02-05T02:25:47","slug":"soup-bi-do-mi-y-hai-san-soda-dau-oi-cupcake","status":"publish","type":"product","link":"https:\/\/demo8.thuythu.com\/kfehouse\/product\/soup-bi-do-mi-y-hai-san-soda-dau-oi-cupcake\/","title":{"rendered":"Set K&#8217;fe House Deluxe 3: S\u00fap B\u00ed \u0110\u1ecf + M\u00ec \u00dd H\u1ea3i S\u1ea3n + Soda D\u00e2u \u1ed4i + Cupcake"},"content":{"rendered":"","protected":false},"excerpt":{"rendered":"","protected":false},"featured_media":3862,"template":"","meta":[],"_links":{"self":[{"href":"https:\/\/demo8.thuythu.com\/kfehouse\/wp-json\/wp\/v2\/product\/3870"}],"collection":[{"href":"https:\/\/demo8.thuythu.com\/kfehouse\/wp-json\/wp\/v2\/product"}],"about":[{"href":"https:\/\/demo8.thuythu.com\/kfehouse\/wp-json\/wp\/v2\/types\/product"}],"wp:featuredmedia":[{"embeddable":true,"href":"https:\/\/demo8.thuythu.com\/kfehouse\/wp-json\/wp\/v2\/media\/3862"}],"wp:attachment":[{"href":"https:\/\/demo8.thuythu.com\/kfehouse\/wp-json\/wp\/v2\/media?parent=3870"}],"curies":[{"name":"wp","href":"https:\/\/api.w.org\/{rel}","templated":true}]}}