{"id":4036,"date":"2021-01-27T23:05:48","date_gmt":"2021-01-27T16:05:48","guid":{"rendered":"https:\/\/demo8.thuythu.com\/kfehouse\/product\/mi-xao-hai-san-soup-mang-tay-cua-cascara-cam-sa-mat-ong-cupcake\/"},"modified":"2021-01-27T23:05:48","modified_gmt":"2021-01-27T16:05:48","slug":"mi-xao-hai-san-soup-mang-tay-cua-cascara-cam-sa-mat-ong-cupcake","status":"publish","type":"product","link":"https:\/\/demo8.thuythu.com\/kfehouse\/product\/mi-xao-hai-san-soup-mang-tay-cua-cascara-cam-sa-mat-ong-cupcake\/?lang=en","title":{"rendered":"Set K&#8217;fe House Deluxe 2: S\u00fap M\u0103ng T\u00e2y Cua + M\u00ec X\u00e0o H\u1ea3i S\u1ea3n + Tr\u00e0 Cascara Cam S\u1ea3 M\u1eadt Ong + Cupcake"},"content":{"rendered":"","protected":false},"excerpt":{"rendered":"","protected":false},"featured_media":3840,"template":"","meta":[],"_links":{"self":[{"href":"https:\/\/demo8.thuythu.com\/kfehouse\/wp-json\/wp\/v2\/product\/4036"}],"collection":[{"href":"https:\/\/demo8.thuythu.com\/kfehouse\/wp-json\/wp\/v2\/product"}],"about":[{"href":"https:\/\/demo8.thuythu.com\/kfehouse\/wp-json\/wp\/v2\/types\/product"}],"wp:featuredmedia":[{"embeddable":true,"href":"https:\/\/demo8.thuythu.com\/kfehouse\/wp-json\/wp\/v2\/media\/3840"}],"wp:attachment":[{"href":"https:\/\/demo8.thuythu.com\/kfehouse\/wp-json\/wp\/v2\/media?parent=4036"}],"curies":[{"name":"wp","href":"https:\/\/api.w.org\/{rel}","templated":true}]}}