{"id":4037,"date":"2021-01-27T23:02:23","date_gmt":"2021-01-27T16:02:23","guid":{"rendered":"https:\/\/demo8.thuythu.com\/kfehouse\/product\/mi-tro%cc%a3%cc%82n-long-dao-ep-oi-yogurt-pho-mai\/"},"modified":"2021-01-27T23:02:23","modified_gmt":"2021-01-27T16:02:23","slug":"mi-tro%cc%a3%cc%82n-long-dao-ep-oi-yogurt-pho-mai","status":"publish","type":"product","link":"https:\/\/demo8.thuythu.com\/kfehouse\/product\/mi-tro%cc%a3%cc%82n-long-dao-ep-oi-yogurt-pho-mai\/?lang=en","title":{"rendered":"Set EZGo 2: M\u00ec Tro\u0323\u0302n L\u00f2ng \u0110\u00e0o + \u00c9p \u1ed4i + S\u1eefa Chua Ph\u00f4 Mai"},"content":{"rendered":"","protected":false},"excerpt":{"rendered":"","protected":false},"featured_media":3832,"template":"","meta":[],"_links":{"self":[{"href":"https:\/\/demo8.thuythu.com\/kfehouse\/wp-json\/wp\/v2\/product\/4037"}],"collection":[{"href":"https:\/\/demo8.thuythu.com\/kfehouse\/wp-json\/wp\/v2\/product"}],"about":[{"href":"https:\/\/demo8.thuythu.com\/kfehouse\/wp-json\/wp\/v2\/types\/product"}],"wp:featuredmedia":[{"embeddable":true,"href":"https:\/\/demo8.thuythu.com\/kfehouse\/wp-json\/wp\/v2\/media\/3832"}],"wp:attachment":[{"href":"https:\/\/demo8.thuythu.com\/kfehouse\/wp-json\/wp\/v2\/media?parent=4037"}],"curies":[{"name":"wp","href":"https:\/\/api.w.org\/{rel}","templated":true}]}}