{"id":4038,"date":"2021-01-27T22:42:33","date_gmt":"2021-01-27T15:42:33","guid":{"rendered":"https:\/\/demo8.thuythu.com\/kfehouse\/product\/mi-bo-tru%cc%9bng-cafe-da-sua-bac-xiu\/"},"modified":"2021-03-03T08:57:55","modified_gmt":"2021-03-03T01:57:55","slug":"mi-bo-tru%cc%9bng-cafe-da-sua-bac-xiu","status":"publish","type":"product","link":"https:\/\/demo8.thuythu.com\/kfehouse\/product\/mi-bo-tru%cc%9bng-cafe-da-sua-bac-xiu\/?lang=en","title":{"rendered":"Set Hello Sunshine 3: Mi\u0300 Bo\u0300 Tru\u031b\u0301ng + C\u00e0 Ph\u00ea \u0110\u00e1\/ S\u1eefa\/ B\u1ea1c S\u1ec9u"},"content":{"rendered":"","protected":false},"excerpt":{"rendered":"","protected":false},"featured_media":3826,"template":"","meta":[],"_links":{"self":[{"href":"https:\/\/demo8.thuythu.com\/kfehouse\/wp-json\/wp\/v2\/product\/4038"}],"collection":[{"href":"https:\/\/demo8.thuythu.com\/kfehouse\/wp-json\/wp\/v2\/product"}],"about":[{"href":"https:\/\/demo8.thuythu.com\/kfehouse\/wp-json\/wp\/v2\/types\/product"}],"wp:featuredmedia":[{"embeddable":true,"href":"https:\/\/demo8.thuythu.com\/kfehouse\/wp-json\/wp\/v2\/media\/3826"}],"wp:attachment":[{"href":"https:\/\/demo8.thuythu.com\/kfehouse\/wp-json\/wp\/v2\/media?parent=4038"}],"curies":[{"name":"wp","href":"https:\/\/api.w.org\/{rel}","templated":true}]}}