{"id":4043,"date":"2021-01-27T21:34:34","date_gmt":"2021-01-27T14:34:34","guid":{"rendered":"https:\/\/demo8.thuythu.com\/kfehouse\/product\/banh-mi-bo-kho-cafe-da-sua\/"},"modified":"2021-03-03T08:56:04","modified_gmt":"2021-03-03T01:56:04","slug":"banh-mi-bo-kho-cafe-da-sua","status":"publish","type":"product","link":"https:\/\/demo8.thuythu.com\/kfehouse\/product\/banh-mi-bo-kho-cafe-da-sua\/?lang=en","title":{"rendered":"Set Hello Sunshine 1: B\u00e1nh M\u00ec B\u00f2 Kho + C\u00e0 Ph\u00ea \u0110\u00e1\/ S\u1eefa\/ B\u1ea1c S\u1ec9u"},"content":{"rendered":"","protected":false},"excerpt":{"rendered":"","protected":false},"featured_media":3778,"template":"","meta":[],"_links":{"self":[{"href":"https:\/\/demo8.thuythu.com\/kfehouse\/wp-json\/wp\/v2\/product\/4043"}],"collection":[{"href":"https:\/\/demo8.thuythu.com\/kfehouse\/wp-json\/wp\/v2\/product"}],"about":[{"href":"https:\/\/demo8.thuythu.com\/kfehouse\/wp-json\/wp\/v2\/types\/product"}],"wp:featuredmedia":[{"embeddable":true,"href":"https:\/\/demo8.thuythu.com\/kfehouse\/wp-json\/wp\/v2\/media\/3778"}],"wp:attachment":[{"href":"https:\/\/demo8.thuythu.com\/kfehouse\/wp-json\/wp\/v2\/media?parent=4043"}],"curies":[{"name":"wp","href":"https:\/\/api.w.org\/{rel}","templated":true}]}}