{"id":4052,"date":"2020-12-16T21:18:27","date_gmt":"2020-12-16T14:18:27","guid":{"rendered":"https:\/\/demo8.thuythu.com\/kfehouse\/product\/tra-sua-matcha\/"},"modified":"2020-12-16T21:18:27","modified_gmt":"2020-12-16T14:18:27","slug":"tra-sua-matcha","status":"publish","type":"product","link":"https:\/\/demo8.thuythu.com\/kfehouse\/product\/tra-sua-matcha\/?lang=en","title":{"rendered":"Tr\u00e0 S\u1eefa Matcha"},"content":{"rendered":"<p>Ch\u00fang t\u00f4i mong mu\u1ed1n mang \u0111\u1ebfn cho b\u1ea1n nh\u1eefng tr\u1ea3i nghi\u1ec7m \u0111\u00e1ng nh\u1edb m\u1ed7i l\u1ea7n \u0111\u1ebfn Kafehouse. H\u00e3y chia s\u1ebb v\u1edbi ch\u00fang t\u00f4i \u0111\u1ec3 ch\u00fang t\u00f4i c\u00f3 th\u1ec3 mang \u0111\u1ebfn cho b\u1ea1n nh\u1eefng tr\u1ea3i nghi\u1ec7m tuy\u1ec7t v\u1eddi h\u01a1n th\u1ebf.<\/p>\n","protected":false},"excerpt":{"rendered":"<p>Th\u1eed ngay 1 ly tr\u00e0 s\u1eefa matcha cho ng\u00e0y th\u00eam n\u0103ng \u0111\u1ed9ng v\u00e0 t\u01b0\u01a1i vui nh\u00e9<\/p>\n","protected":false},"featured_media":3516,"template":"","meta":[],"_links":{"self":[{"href":"https:\/\/demo8.thuythu.com\/kfehouse\/wp-json\/wp\/v2\/product\/4052"}],"collection":[{"href":"https:\/\/demo8.thuythu.com\/kfehouse\/wp-json\/wp\/v2\/product"}],"about":[{"href":"https:\/\/demo8.thuythu.com\/kfehouse\/wp-json\/wp\/v2\/types\/product"}],"wp:featuredmedia":[{"embeddable":true,"href":"https:\/\/demo8.thuythu.com\/kfehouse\/wp-json\/wp\/v2\/media\/3516"}],"wp:attachment":[{"href":"https:\/\/demo8.thuythu.com\/kfehouse\/wp-json\/wp\/v2\/media?parent=4052"}],"curies":[{"name":"wp","href":"https:\/\/api.w.org\/{rel}","templated":true}]}}