{"id":4058,"date":"2020-12-15T11:32:00","date_gmt":"2020-12-15T04:32:00","guid":{"rendered":"https:\/\/demo8.thuythu.com\/kfehouse\/product\/cafe-kem-socola\/"},"modified":"2021-03-19T14:24:16","modified_gmt":"2021-03-19T07:24:16","slug":"cafe-kem-socola","status":"publish","type":"product","link":"https:\/\/demo8.thuythu.com\/kfehouse\/product\/cafe-kem-socola\/?lang=en","title":{"rendered":"C\u00e0 Ph\u00ea Kem S\u00f4c\u00f4la &#8211; TA"},"content":{"rendered":"<p>We want to bring you memorable experiences every time you come to Kafehouse. Please share with us so we can give you a better experience than that.<\/p>\n","protected":false},"excerpt":{"rendered":"<p>We want to bring you memorable experiences every time you come to Kafehouse. Please share with us so we can give you a better experience than that.<\/p>\n","protected":false},"featured_media":3400,"template":"","meta":[],"_links":{"self":[{"href":"https:\/\/demo8.thuythu.com\/kfehouse\/wp-json\/wp\/v2\/product\/4058"}],"collection":[{"href":"https:\/\/demo8.thuythu.com\/kfehouse\/wp-json\/wp\/v2\/product"}],"about":[{"href":"https:\/\/demo8.thuythu.com\/kfehouse\/wp-json\/wp\/v2\/types\/product"}],"wp:featuredmedia":[{"embeddable":true,"href":"https:\/\/demo8.thuythu.com\/kfehouse\/wp-json\/wp\/v2\/media\/3400"}],"wp:attachment":[{"href":"https:\/\/demo8.thuythu.com\/kfehouse\/wp-json\/wp\/v2\/media?parent=4058"}],"curies":[{"name":"wp","href":"https:\/\/api.w.org\/{rel}","templated":true}]}}