{"id":4062,"date":"2020-12-15T11:27:01","date_gmt":"2020-12-15T04:27:01","guid":{"rendered":"https:\/\/demo8.thuythu.com\/kfehouse\/product\/ca-phe-da\/"},"modified":"2021-03-16T15:31:01","modified_gmt":"2021-03-16T08:31:01","slug":"ca-phe-da","status":"publish","type":"product","link":"https:\/\/demo8.thuythu.com\/kfehouse\/product\/ca-phe-da\/?lang=en","title":{"rendered":"C\u00e0 Ph\u00ea \u0110\u00e1"},"content":{"rendered":"<p>We want to bring you memorable experiences every time you come to Kafehouse. Please share with us so we can give you a better experience than that.Take 1 sip to see it, take the second sip more alert and so on drawing you to the last drop. There can only be a black glass at K&#8217;Fe House.<\/p>\n","protected":false},"excerpt":{"rendered":"<p>Take 1 sip to see it, take the second sip more alert and so on drawing you to the last drop. There can only be a black glass at K&#8217;Fe House.<\/p>\n","protected":false},"featured_media":3408,"template":"","meta":[],"_links":{"self":[{"href":"https:\/\/demo8.thuythu.com\/kfehouse\/wp-json\/wp\/v2\/product\/4062"}],"collection":[{"href":"https:\/\/demo8.thuythu.com\/kfehouse\/wp-json\/wp\/v2\/product"}],"about":[{"href":"https:\/\/demo8.thuythu.com\/kfehouse\/wp-json\/wp\/v2\/types\/product"}],"wp:featuredmedia":[{"embeddable":true,"href":"https:\/\/demo8.thuythu.com\/kfehouse\/wp-json\/wp\/v2\/media\/3408"}],"wp:attachment":[{"href":"https:\/\/demo8.thuythu.com\/kfehouse\/wp-json\/wp\/v2\/media?parent=4062"}],"curies":[{"name":"wp","href":"https:\/\/api.w.org\/{rel}","templated":true}]}}