{"id":4064,"date":"2020-12-15T11:26:55","date_gmt":"2020-12-15T04:26:55","guid":{"rendered":"https:\/\/demo8.thuythu.com\/kfehouse\/product\/tra-cascara-cam-sa-mat-ong-da\/"},"modified":"2020-12-15T11:26:55","modified_gmt":"2020-12-15T04:26:55","slug":"tra-cascara-cam-sa-mat-ong-da","status":"publish","type":"product","link":"https:\/\/demo8.thuythu.com\/kfehouse\/product\/tra-cascara-cam-sa-mat-ong-da\/?lang=en","title":{"rendered":"Tr\u00e0 Cascara Cam S\u1ea3 M\u1eadt Ong \u0110\u00e1"},"content":{"rendered":"<p>Ch\u00fang t\u00f4i mong mu\u1ed1n mang \u0111\u1ebfn cho b\u1ea1n nh\u1eefng tr\u1ea3i nghi\u1ec7m \u0111\u00e1ng nh\u1edb m\u1ed7i l\u1ea7n \u0111\u1ebfn Kafehouse. H\u00e3y chia s\u1ebb v\u1edbi ch\u00fang t\u00f4i \u0111\u1ec3 ch\u00fang t\u00f4i c\u00f3 th\u1ec3 mang \u0111\u1ebfn cho b\u1ea1n nh\u1eefng tr\u1ea3i nghi\u1ec7m tuy\u1ec7t v\u1eddi h\u01a1n th\u1ebf.<\/p>\n","protected":false},"excerpt":{"rendered":"<p>H\u00e3y c\u1ea3m nh\u1eadn m\u1ed9t lo\u1ea1i th\u1ee9c u\u1ed1ng ho\u00e0n to\u00e0n thi\u00ean nhi\u00ean th\u01a1m ngon v\u00e0 thanh m\u00e1t, tr\u00e0 cascara cam s\u1ea3 m\u1eadt ong!<\/p>\n","protected":false},"featured_media":3412,"template":"","meta":[],"_links":{"self":[{"href":"https:\/\/demo8.thuythu.com\/kfehouse\/wp-json\/wp\/v2\/product\/4064"}],"collection":[{"href":"https:\/\/demo8.thuythu.com\/kfehouse\/wp-json\/wp\/v2\/product"}],"about":[{"href":"https:\/\/demo8.thuythu.com\/kfehouse\/wp-json\/wp\/v2\/types\/product"}],"wp:featuredmedia":[{"embeddable":true,"href":"https:\/\/demo8.thuythu.com\/kfehouse\/wp-json\/wp\/v2\/media\/3412"}],"wp:attachment":[{"href":"https:\/\/demo8.thuythu.com\/kfehouse\/wp-json\/wp\/v2\/media?parent=4064"}],"curies":[{"name":"wp","href":"https:\/\/api.w.org\/{rel}","templated":true}]}}