{"id":4320,"date":"2021-03-16T23:02:36","date_gmt":"2021-03-16T16:02:36","guid":{"rendered":"https:\/\/demo8.thuythu.com\/kfehouse\/?post_type=product&#038;p=4320"},"modified":"2021-03-16T23:31:55","modified_gmt":"2021-03-16T16:31:55","slug":"tra-dao-cam-sa","status":"publish","type":"product","link":"https:\/\/demo8.thuythu.com\/kfehouse\/product\/tra-dao-cam-sa\/","title":{"rendered":"Tr\u00e0 \u0111\u00e0o cam s\u1ea3"},"content":{"rendered":"<p>Tr\u00e0 \u0111\u00e0o cam s\u1ea3 c\u00f3 m\u00e0u s\u1eafc r\u1ea5t \u0111\u1eb9p, v\u1ecb thanh ng\u1ecdt v\u1eeba \u0111\u1ee7. N\u01b0\u1edbc u\u1ed1ng m\u00e1t l\u1ea1nh c\u00f3 m\u00f9i th\u01a1m c\u1ee7a s\u1ea3, c\u00f9ng mi\u1ebfng \u0111\u00e0o m\u1ec1m c\u0103ng n\u01b0\u1edbc ch\u00ednh l\u00e0 \u0111\u1ed3 u\u1ed1ng y\u00eau th\u00edch r\u1ea5t nhi\u1ec1u ng\u01b0\u1eddi.<\/p>\n","protected":false},"excerpt":{"rendered":"<p>Tr\u00e0 \u0111\u00e0o cam s\u1ea3 c\u00f3 m\u00e0u s\u1eafc r\u1ea5t \u0111\u1eb9p, v\u1ecb thanh ng\u1ecdt v\u1eeba \u0111\u1ee7. N\u01b0\u1edbc u\u1ed1ng m\u00e1t l\u1ea1nh c\u00f3 m\u00f9i th\u01a1m c\u1ee7a s\u1ea3, c\u00f9ng mi\u1ebfng \u0111\u00e0o m\u1ec1m c\u0103ng n\u01b0\u1edbc ch\u00ednh l\u00e0 \u0111\u1ed3 u\u1ed1ng y\u00eau th\u00edch r\u1ea5t nhi\u1ec1u ng\u01b0\u1eddi.<\/p>\n","protected":false},"featured_media":4351,"template":"","meta":[],"_links":{"self":[{"href":"https:\/\/demo8.thuythu.com\/kfehouse\/wp-json\/wp\/v2\/product\/4320"}],"collection":[{"href":"https:\/\/demo8.thuythu.com\/kfehouse\/wp-json\/wp\/v2\/product"}],"about":[{"href":"https:\/\/demo8.thuythu.com\/kfehouse\/wp-json\/wp\/v2\/types\/product"}],"wp:featuredmedia":[{"embeddable":true,"href":"https:\/\/demo8.thuythu.com\/kfehouse\/wp-json\/wp\/v2\/media\/4351"}],"wp:attachment":[{"href":"https:\/\/demo8.thuythu.com\/kfehouse\/wp-json\/wp\/v2\/media?parent=4320"}],"curies":[{"name":"wp","href":"https:\/\/api.w.org\/{rel}","templated":true}]}}