{"id":1063,"date":"2022-09-26T03:05:07","date_gmt":"2022-09-26T03:05:07","guid":{"rendered":"https:\/\/demo8.thuythu.com\/kingson\/?page_id=1063"},"modified":"2023-09-18T05:56:53","modified_gmt":"2023-09-18T05:56:53","slug":"lien-he","status":"publish","type":"page","link":"https:\/\/demo8.thuythu.com\/kingson\/lien-he\/","title":{"rendered":"Li\u00ean h\u1ec7"},"content":{"rendered":"<p><iframe loading=\"lazy\" style=\"border: 0;\" src=\"https:\/\/www.google.com\/maps\/embed?pb=!1m18!1m12!1m3!1d244.98825978524778!2d106.58359440539195!3d10.748955896012514!2m3!1f0!2f0!3f0!3m2!1i1024!2i768!4f13.1!3m3!1m2!1s0x31752b1937932807%3A0xaa80671e7d6563ba!2zVsSDbiBwaMOybmcgxJHhuqFpIGRp4buHbiBjw7RuZyB0eSBLSU5HU09OIFZp4buHdCBOYW0!5e0!3m2!1sen!2s!4v1689062166025!5m2!1sen!2s\" width=\"100%\" height=\"300\" allowfullscreen=\"allowfullscreen\"><span data-mce-type=\"bookmark\" style=\"display: inline-block; width: 0px; overflow: hidden; line-height: 0;\" class=\"mce_SELRES_start\">\ufeff<\/span><\/iframe><\/p><div id=\"ez-toc-container\" class=\"ez-toc-v2_0_49 counter-hierarchy ez-toc-counter ez-toc-grey ez-toc-container-direction\">\n<div class=\"ez-toc-title-container\">\n<p class=\"ez-toc-title\">N\u1ed9i dung b&agrave;i vi\u1ebft<\/p>\n<span class=\"ez-toc-title-toggle\"><a href=\"#\" class=\"ez-toc-pull-right ez-toc-btn ez-toc-btn-xs ez-toc-btn-default ez-toc-toggle\" aria-label=\"ez-toc-toggle-icon-1\"><label for=\"item-69e33b97455b2\" aria-label=\"Table of Content\"><span style=\"display: flex;align-items: center;width: 35px;height: 30px;justify-content: center;direction:ltr;\"><svg style=\"fill: #999;color:#999\" xmlns=\"http:\/\/www.w3.org\/2000\/svg\" class=\"list-377408\" width=\"20px\" height=\"20px\" viewBox=\"0 0 24 24\" fill=\"none\"><path d=\"M6 6H4v2h2V6zm14 0H8v2h12V6zM4 11h2v2H4v-2zm16 0H8v2h12v-2zM4 16h2v2H4v-2zm16 0H8v2h12v-2z\" fill=\"currentColor\"><\/path><\/svg><svg style=\"fill: #999;color:#999\" class=\"arrow-unsorted-368013\" xmlns=\"http:\/\/www.w3.org\/2000\/svg\" width=\"10px\" height=\"10px\" viewBox=\"0 0 24 24\" version=\"1.2\" baseProfile=\"tiny\"><path d=\"M18.2 9.3l-6.2-6.3-6.2 6.3c-.2.2-.3.4-.3.7s.1.5.3.7c.2.2.4.3.7.3h11c.3 0 .5-.1.7-.3.2-.2.3-.5.3-.7s-.1-.5-.3-.7zM5.8 14.7l6.2 6.3 6.2-6.3c.2-.2.3-.5.3-.7s-.1-.5-.3-.7c-.2-.2-.4-.3-.7-.3h-11c-.3 0-.5.1-.7.3-.2.2-.3.5-.3.7s.1.5.3.7z\"\/><\/svg><\/span><\/label><input  type=\"checkbox\" id=\"item-69e33b97455b2\"><\/a><\/span><\/div>\n<nav><ul class='ez-toc-list ez-toc-list-level-1 ' ><li class='ez-toc-page-1 ez-toc-heading-level-2'><a class=\"ez-toc-link ez-toc-heading-1\" href=\"https:\/\/demo8.thuythu.com\/kingson\/lien-he\/#CONG_TY_KINGSON_VIET_NAM\" title=\"C\u00d4NG TY KINGSON VI\u1ec6T NAM\">C\u00d4NG TY KINGSON VI\u1ec6T NAM<\/a><\/li><li class='ez-toc-page-1 ez-toc-heading-level-2'><a class=\"ez-toc-link ez-toc-heading-2\" href=\"https:\/\/demo8.thuythu.com\/kingson\/lien-he\/#NHA_MAY_SAN_XUAT\" title=\"NH\u00c0 M\u00c1Y S\u1ea2N XU\u1ea4T\">NH\u00c0 M\u00c1Y S\u1ea2N XU\u1ea4T<\/a><\/li><\/ul><\/nav><\/div>\n\n<h2><span class=\"ez-toc-section\" id=\"CONG_TY_KINGSON_VIET_NAM\"><\/span><strong>C\u00d4NG TY KINGSON VI\u1ec6T NAM<\/strong><span class=\"ez-toc-section-end\"><\/span><\/h2>\n<p>&#8211; <strong>\u0110\u1ecba ch\u1ec9:<\/strong> S\u1ed1 26, \u0110\u01b0\u1eddng 7, Ph\u01b0\u1eddng T\u00e2n T\u1ea1o A, Qu\u1eadn B\u00ecnh T\u00e2n, Th\u00e0nh ph\u1ed1 H\u1ed3 Ch\u00ed Minh<br \/>\n&#8211; <strong>Li\u00ean h\u1ec7:<\/strong> <a href=\"tel:0387113678\">0387 113 678<\/a> &#8211; <a href=\"tel:0911469466\">0911 469 466<\/a><br \/>\n&#8211; <strong>Email:<\/strong> <a href=\"mailto:info@kingson.vn\">info@kingson.vn<\/a><br \/>\n&#8211; <strong>Website:<\/strong> kingson.vn &#8211; kingkote.vn &#8211; novapaint.vn &#8211; sowa.vn<\/p>\n<p><iframe loading=\"lazy\" style=\"border: 0;\" src=\"https:\/\/www.google.com\/maps\/embed?pb=!1m18!1m12!1m3!1d3918.7045785817304!2d106.47312477451166!3d10.83390488931841!2m3!1f0!2f0!3f0!3m2!1i1024!2i768!4f13.1!3m3!1m2!1s0x310ad52d971e2591%3A0xcbab53154b99eb05!2zTmjDoCBtw6F5IHPhuqNuIHh14bqldCBzxqFuIEtJTkdTT04gVmnhu4d0IE5hbQ!5e0!3m2!1sen!2s!4v1689061834994!5m2!1sen!2s\" width=\"100%\" height=\"300\" allowfullscreen=\"allowfullscreen\"><span data-mce-type=\"bookmark\" style=\"display: inline-block; width: 0px; overflow: hidden; line-height: 0;\" class=\"mce_SELRES_start\">\ufeff<\/span><\/iframe><\/p>\n<h2><span class=\"ez-toc-section\" id=\"NHA_MAY_SAN_XUAT\"><\/span><strong>NH\u00c0 M\u00c1Y S\u1ea2N XU\u1ea4T<\/strong><span class=\"ez-toc-section-end\"><\/span><\/h2>\n<p>&#8211; NH\u00c0 M\u00c1Y C\u00d4NG TY KINGSON VI\u1ec6T NAM<br \/>\n&#8211; <strong>\u0110\u1ecba ch\u1ec9:<\/strong> \u1ea4p 1, X\u00e3 H\u00f2a \u0110\u00f4ng, Huy\u1ec7n \u0110\u1ee9c H\u00f2a, T\u1ec9nh Long An.<br \/>\n&#8211; <strong>Li\u00ean h\u1ec7:<\/strong> <a href=\"tel:0387113678\">0387 113 678<\/a><\/p>\n<p><span style=\"font-size: 18pt;\"><strong>G\u1eedi y\u00eau c\u1ea7u h\u1ed7 tr\u1ee3<\/strong><\/span><\/p>\n<div class=\"form_cont\">\n<div class=\"wpcf7 no-js\" id=\"wpcf7-f237-o1\" lang=\"vi-VN\" dir=\"ltr\">\n<div class=\"screen-reader-response\"><p role=\"status\" aria-live=\"polite\" aria-atomic=\"true\"><\/p> <ul><\/ul><\/div>\n<form action=\"\/kingson\/wp-json\/wp\/v2\/pages\/1063#wpcf7-f237-o1\" method=\"post\" class=\"wpcf7-form init\" aria-label=\"Contact form\" novalidate=\"novalidate\" data-status=\"init\">\n<div style=\"display: none;\">\n<input type=\"hidden\" name=\"_wpcf7\" value=\"237\" \/>\n<input type=\"hidden\" name=\"_wpcf7_version\" value=\"5.7.6\" \/>\n<input type=\"hidden\" name=\"_wpcf7_locale\" value=\"vi_VN\" \/>\n<input type=\"hidden\" name=\"_wpcf7_unit_tag\" value=\"wpcf7-f237-o1\" \/>\n<input type=\"hidden\" name=\"_wpcf7_container_post\" value=\"0\" \/>\n<input type=\"hidden\" name=\"_wpcf7_posted_data_hash\" value=\"\" \/>\n<\/div>\n<div class=\"grid-50\">\n\t<p><span class=\"wpcf7-form-control-wrap\" data-name=\"text-758\"><input size=\"40\" class=\"wpcf7-form-control wpcf7-text wpcf7-validates-as-required name form_item\" aria-required=\"true\" aria-invalid=\"false\" placeholder=\"H\u1ecd &amp; t\u00ean\" value=\"\" type=\"text\" name=\"text-758\" \/><\/span>\n\t<\/p>\n<\/div>\n<div class=\"grid-50\">\n\t<p><span class=\"wpcf7-form-control-wrap\" data-name=\"text-759\"><input size=\"40\" class=\"wpcf7-form-control wpcf7-text wpcf7-validates-as-required num form_item\" aria-required=\"true\" aria-invalid=\"false\" placeholder=\"S\u1ed1 \u0111i\u1ec7n tho\u1ea1i\" value=\"\" type=\"text\" name=\"text-759\" \/><\/span>\n\t<\/p>\n<\/div>\n<div class=\"grid-50\">\n\t<p><span class=\"wpcf7-form-control-wrap\" data-name=\"text-760\"><input size=\"40\" class=\"wpcf7-form-control wpcf7-text wpcf7-validates-as-required area form_item\" aria-required=\"true\" aria-invalid=\"false\" placeholder=\"Khu v\u1ef1c\" value=\"\" type=\"text\" name=\"text-760\" \/><\/span>\n\t<\/p>\n<\/div>\n<div class=\"grid-50\">\n\t<p><span class=\"wpcf7-form-control-wrap\" data-name=\"menu-0\"><select class=\"wpcf7-form-control wpcf7-select object form_item\" aria-invalid=\"false\" name=\"menu-0\"><option value=\"M\u00f4 t\u1ea3 v\u1ec1 b\u1ea1n\">M\u00f4 t\u1ea3 v\u1ec1 b\u1ea1n<\/option><option value=\"C\u1eeda h\u00e0ng\">C\u1eeda h\u00e0ng<\/option><option value=\"Th\u01b0\u01a1ng m\u1ea1i\">Th\u01b0\u01a1ng m\u1ea1i<\/option><option value=\"S\u1eed d\u1ee5ng\">S\u1eed d\u1ee5ng<\/option><\/select><\/span>\n\t<\/p>\n<\/div>\n<div class=\"grid-100\">\n\t<p><span class=\"wpcf7-form-control-wrap\" data-name=\"textarea-560\"><textarea cols=\"40\" rows=\"3\" class=\"wpcf7-form-control wpcf7-textarea wpcf7-validates-as-required form_item\" aria-required=\"true\" aria-invalid=\"false\" placeholder=\"S\u1ea3n ph\u1ea9m c\u1ea7n t\u01b0 v\u1ea5n\" name=\"textarea-560\"><\/textarea><\/span>\n\t<\/p>\n<\/div>\n<div class=\"box_button\">\n\t<p><input class=\"wpcf7-form-control has-spinner wpcf7-submit\" id=\"register\" type=\"submit\" value=\"Send\" \/><br \/>\n<span>\u0110\u0103ng k\u00fd ngay<\/span><br \/>\n<svg xmlns=\"http:\/\/www.w3.org\/2000\/svg\" width=\"31\" height=\"10\" viewBox=\"0 0 31 10\" fill=\"none\"><path d=\"M28.9728 5.20004L1 5.20004\" stroke=\"white\" stroke-linecap=\"round\" stroke-linejoin=\"round\"\/><path d=\"M26.1758 0.999969L29.5326 5.19971L26.1758 9.40015\" stroke=\"white\" stroke-linecap=\"round\" stroke-linejoin=\"round\"\/><\/svg>\n\t<\/p>\n<\/div>\n<p><script type=\"text\/javascript\">\ndocument.addEventListener( 'wpcf7submit', function( event ) {\n if (event.detail.status=='mail_sent'){\n location = 'https:\/\/demo8.thuythu.com\/kingson\/cam-on'; \/\/Thay th\u00e0nh link b\u1ea1n mu\u1ed1n chuy\u1ec3n h\u01b0\u1edbng\n }\n}, false );\n<\/script>\n<\/p><div class=\"wpcf7-response-output\" aria-hidden=\"true\"><\/div>\n<\/form>\n<\/div>\n<\/div>\n","protected":false},"excerpt":{"rendered":"<p>\ufeff C\u00d4NG TY KINGSON VI\u1ec6T NAM &#8211; \u0110\u1ecba ch\u1ec9: S\u1ed1 26, \u0110\u01b0\u1eddng 7, Ph\u01b0\u1eddng T\u00e2n T\u1ea1o A, Qu\u1eadn B\u00ecnh T\u00e2n, Th\u00e0nh ph\u1ed1 H\u1ed3 Ch\u00ed Minh &#8211; Li\u00ean h\u1ec7: 0387 113 678 &#8211; 0911 469 466 &#8211; Email: info@kingson.vn &#8211; Website: kingson.vn &#8211; kingkote.vn &#8211; novapaint.vn &#8211; sowa.vn \ufeff NH\u00c0 M\u00c1Y S\u1ea2N XU\u1ea4T &#8211; NH\u00c0 M\u00c1Y &#8230; <a title=\"Li\u00ean h\u1ec7\" class=\"read-more\" href=\"https:\/\/demo8.thuythu.com\/kingson\/lien-he\/\" aria-label=\"More on Li\u00ean h\u1ec7\">Read more<\/a><\/p>\n","protected":false},"author":1,"featured_media":0,"parent":0,"menu_order":0,"comment_status":"closed","ping_status":"closed","template":"","meta":[],"acf":[],"_links":{"self":[{"href":"https:\/\/demo8.thuythu.com\/kingson\/wp-json\/wp\/v2\/pages\/1063"}],"collection":[{"href":"https:\/\/demo8.thuythu.com\/kingson\/wp-json\/wp\/v2\/pages"}],"about":[{"href":"https:\/\/demo8.thuythu.com\/kingson\/wp-json\/wp\/v2\/types\/page"}],"author":[{"embeddable":true,"href":"https:\/\/demo8.thuythu.com\/kingson\/wp-json\/wp\/v2\/users\/1"}],"replies":[{"embeddable":true,"href":"https:\/\/demo8.thuythu.com\/kingson\/wp-json\/wp\/v2\/comments?post=1063"}],"version-history":[{"count":28,"href":"https:\/\/demo8.thuythu.com\/kingson\/wp-json\/wp\/v2\/pages\/1063\/revisions"}],"predecessor-version":[{"id":7518,"href":"https:\/\/demo8.thuythu.com\/kingson\/wp-json\/wp\/v2\/pages\/1063\/revisions\/7518"}],"wp:attachment":[{"href":"https:\/\/demo8.thuythu.com\/kingson\/wp-json\/wp\/v2\/media?parent=1063"}],"curies":[{"name":"wp","href":"https:\/\/api.w.org\/{rel}","templated":true}]}}