{"id":1630,"date":"2022-09-30T08:36:55","date_gmt":"2022-09-30T08:36:55","guid":{"rendered":"https:\/\/demo8.thuythu.com\/kingson\/?page_id=1630"},"modified":"2023-09-18T06:05:33","modified_gmt":"2023-09-18T06:05:33","slug":"chinh-sach-bao-mat-thong-tin","status":"publish","type":"page","link":"https:\/\/demo8.thuythu.com\/kingson\/chinh-sach\/chinh-sach-bao-mat-thong-tin\/","title":{"rendered":"Ch\u00ednh s\u00e1ch b\u1ea3o m\u1eadt th\u00f4ng tin"},"content":{"rendered":"<p>Ch\u00ednh s\u00e1ch b\u1ea3o m\u1eadt th\u00f4ng tin kh\u00e1ch h\u00e0ng<br \/>\n1. M\u1ee5c \u0111\u00edch thu th\u1eadp th\u00f4ng tin<br \/>\nTh\u00f4ng tin c\u00e1 nh\u00e2n thu th\u1eadp \u0111\u01b0\u1ee3c s\u1ebd \u0111\u01b0\u1ee3c d\u00f9ng \u0111\u1ec3 nghi\u00ean c\u1ee9u, n\u00e2ng cao ch\u1ea5t l\u01b0\u1ee3ng ph\u1ee5c v\u1ee5, c\u1ea3i ti\u1ebfn quy tr\u00ecnh, s\u1ea3n ph\u1ea9m v\u00e0 ch\u1ec9 \u0111\u01b0\u1ee3c s\u1eed d\u1ee5ng trong n\u1ed9i b\u1ed9 c\u00f4ng ty.<br \/>\nKINGSON kh\u00f4ng mua b\u00e1n, trao \u0111\u1ed5i hay chia s\u1ebb b\u1ea5t c\u1ee9 th\u00f4ng tin c\u00e1 nh\u00e2n c\u1ee7a kh\u00e1ch h\u00e0ng \u0111\u01b0\u1ee3c thu th\u1eadp tr\u00ean website cho m\u1ed9t b\u00ean th\u1ee9 ba n\u00e0o kh\u00e1c<br \/>\n2. Ph\u1ea1m vi s\u1eed d\u1ee5ng th\u00f4ng tin<br \/>\nTh\u00f4ng tin c\u00e1 nh\u00e2n thu th\u1eadp \u0111\u01b0\u1ee3c s\u1ebd ch\u1ec9 \u0111\u01b0\u1ee3c KINGSON s\u1eed d\u1ee5ng trong n\u1ed9i b\u1ed9 c\u00f4ng ty v\u00e0 cho m\u1ed9t ho\u1eb7c t\u1ea5t c\u1ea3 c\u00e1c m\u1ee5c \u0111\u00edch sau \u0111\u00e2y:<br \/>\n\u2013 H\u1ed7 tr\u1ee3 kh\u00e1ch h\u00e0ng<br \/>\n\u2013 Cung c\u1ea5p th\u00f4ng tin li\u00ean quan \u0111\u1ebfn s\u1ea3n ph\u1ea9m &#8211; d\u1ecbch v\u1ee5<br \/>\n\u2013 X\u1eed l\u00fd \u0111\u01a1n \u0111\u1eb7t h\u00e0ng, cung c\u1ea5p d\u1ecbch v\u1ee5 v\u00e0 th\u00f4ng tin qua trang web c\u1ee7a ch\u00fang t\u00f4i theo y\u00eau c\u1ea7u c\u1ee7a kh\u00e1ch h\u00e0ng<br \/>\n\u2013 Ch\u00fang t\u00f4i c\u00f3 th\u1ec3 s\u1ebd g\u1eedi th\u00f4ng tin s\u1ea3n ph\u1ea9m, d\u1ecbch v\u1ee5 m\u1edbi, th\u00f4ng tin v\u1ec1 c\u00e1c s\u1ef1 ki\u1ec7n s\u1eafp t\u1edbi ho\u1eb7c th\u00f4ng tin tuy\u1ec3n d\u1ee5ng n\u1ebfu qu\u00fd kh\u00e1ch \u0111\u0103ng k\u00ed nh\u1eadn email th\u00f4ng b\u00e1o.<br \/>\n\u2013 Ngo\u00e0i ra, ch\u00fang t\u00f4i s\u1ebd s\u1eed d\u1ee5ng th\u00f4ng tin b\u1ea1n cung c\u1ea5p \u0111\u1ec3 h\u1ed7 tr\u1ee3 qu\u1ea3n l\u00fd t\u00e0i kho\u1ea3n kh\u00e1ch h\u00e0ng; x\u00e1c nh\u1eadn v\u00e0 th\u1ef1c hi\u1ec7n c\u00e1c giao d\u1ecbch t\u00e0i ch\u00ednh li\u00ean quan \u0111\u1ebfn c\u00e1c kho\u1ea3n thanh to\u00e1n tr\u1ef1c tuy\u1ebfn c\u1ee7a b\u1ea1n;<br \/>\n3. Th\u1eddi gian l\u01b0u tr\u1eef th\u00f4ng tin<br \/>\nD\u1eef li\u1ec7u c\u00e1 nh\u00e2n c\u1ee7a kh\u00e1ch h\u00e0ng s\u1ebd \u0111\u01b0\u1ee3c l\u01b0u tr\u1eef cho \u0111\u1ebfn khi c\u00f3 y\u00eau c\u1ea7u h\u1ee7y b\u1ecf t\u1eeb kh\u00e1ch h\u00e0ng. C\u00f2n l\u1ea1i trong m\u1ecdi tr\u01b0\u1eddng h\u1ee3p th\u00f4ng tin c\u00e1 nh\u00e2n kh\u00e1ch h\u00e0ng s\u1ebd \u0111\u01b0\u1ee3c b\u1ea3o m\u1eadt tr\u00ean h\u1ec7 th\u1ed1ng l\u01b0u tr\u1eef c\u1ee7a KINGSON.<br \/>\n4. Nh\u1eefng ng\u01b0\u1eddi ho\u1eb7c t\u1ed5 ch\u1ee9c c\u00f3 th\u1ec3 \u0111\u01b0\u1ee3c ti\u1ebfp c\u1eadn v\u1edbi th\u00f4ng tin b\u1ea3o m\u1eadt<br \/>\nKINGSON v\u00e0 c\u00e1c b\u1ed9 ph\u1eadn li\u00ean quan \u0111\u1ebfn vi\u1ec7c h\u1ed7 tr\u1ee3 v\u00e0 th\u1ef1c hi\u1ec7n giao d\u1ecbch v\u1edbi ng\u01b0\u1eddi ti\u00eau d\u00f9ng.<br \/>\nC\u00f4ng ty \u0111\u1ed1i t\u00e1c c\u1ee7a KINGSON \u1edf Vi\u1ec7t Nam ho\u1eb7c n\u01b0\u1edbc ngo\u00e0i.<br \/>\nB\u00ean th\u1ee9 ba m\u00e0 KINGSON tin t\u01b0\u1edfng s\u1ebd ho\u00e0n th\u00e0nh c\u00e1c m\u1ee5c ti\u00eau \u0111\u00e3 \u0111\u1ec1 ra trong vi\u1ec7c thu th\u1eadp th\u00f4ng tin c\u00e1 nh\u00e2n ng\u01b0\u1eddi d\u00f9ng ho\u1eb7c b\u00ean th\u1ee9 ba khi c\u00f3 nhu c\u1ea7u b\u00e1n to\u00e0n b\u1ed9 t\u00e0i s\u1ea3n ho\u1eb7c ho\u1ea1t \u0111\u1ed9ng kinh doanh c\u1ee7a ch\u00fang t\u00f4i nh\u01b0 \u0111\u00e3 \u0111\u1ec1 c\u1eadp.<br \/>\nTrong tr\u01b0\u1eddng h\u1ee3p c\u00f3 y\u00eau c\u1ea7u c\u1ee7a ph\u00e1p lu\u1eadt: KINGSON c\u00f3 tr\u00e1ch nhi\u1ec7m h\u1ee3p t\u00e1c cung c\u1ea5p th\u00f4ng tin c\u00e1 nh\u00e2n kh\u00e1ch h\u00e0ng khi c\u00f3 y\u00eau c\u1ea7u t\u1eeb c\u01a1 quan t\u01b0 ph\u00e1p bao g\u1ed3m: Vi\u1ec7n ki\u1ec3m s\u00e1t, t\u00f2a \u00e1n, c\u01a1 quan c\u00f4ng an \u0111i\u1ec1u tra li\u00ean quan \u0111\u1ebfn h\u00e0nh vi vi ph\u1ea1m ph\u00e1p lu\u1eadt n\u00e0o \u0111\u00f3 c\u1ee7a kh\u00e1ch h\u00e0ng.<br \/>\nNgo\u00e0i ra, kh\u00f4ng ai c\u00f3 quy\u1ec1n x\u00e2m ph\u1ea1m v\u00e0o th\u00f4ng tin c\u00e1 nh\u00e2n c\u1ee7a kh\u00e1ch h\u00e0ng.<br \/>\n5. \u0110\u1ecba ch\u1ec9 c\u1ee7a \u0111\u01a1n v\u1ecb thu th\u1eadp v\u00e0 qu\u1ea3n l\u00fd th\u00f4ng tin<br \/>\nC\u00d4NG TY TNHH S\u01a0N KINGSON VI\u1ec6T NAM<br \/>\n\u0110\u1ecba ch\u1ec9 li\u00ean h\u1ec7: S\u1ed1 26, \u0110\u01b0\u1eddng s\u1ed1 7, Ph\u01b0\u1eddng T\u00e2n T\u1ea1o A, Qu\u1eadn B\u00ecnh T\u00e2n, Th\u00e0nh ph\u1ed1 H\u1ed3 Ch\u00ed Minh, Vi\u1ec7t Nam<br \/>\nEmail: info@kingson.vn<br \/>\n\u0110\u1ed1i v\u1edbi c\u00e1c th\u1eafc m\u1eafc v\u1ec1 ho\u1ea1t \u0111\u1ed9ng thu th\u1eadp, x\u1eed l\u00fd th\u00f4ng tin li\u00ean quan \u0111\u1ebfn c\u00e1 nh\u00e2n ng\u01b0\u1eddi ti\u00eau d\u00f9ng, kh\u00e1ch h\u00e0ng c\u00f3 th\u1ec3 li\u00ean h\u1ec7: 0911 469 466<br \/>\n6. Ph\u01b0\u01a1ng ti\u1ec7n v\u00e0 c\u00f4ng c\u1ee5 \u0111\u1ec3 ng\u01b0\u1eddi d\u00f9ng ti\u1ebfp c\u1eadn v\u00e0 ch\u1ec9nh s\u1eeda d\u1eef li\u1ec7u c\u00e1 nh\u00e2n c\u1ee7a m\u00ecnh<br \/>\nKINGSON thu th\u1eadp th\u00f4ng tin c\u00e1 nh\u00e2n kh\u00e1ch h\u00e0ng th\u00f4ng qua email li\u00ean h\u1ec7 \u0111\u1eb7t mua s\u1ea3n ph\u1ea9m, email \u0111\u0103ng k\u00ed ho\u1eb7c s\u1ed1 \u0111i\u1ec7n tho\u1ea1i li\u00ean h\u1ec7 \u0111\u1eb7t mua s\u1ea3n ph\u1ea9m g\u1ecdi v\u1ec1 s\u1ed1 Hotline.<br \/>\nB\u1ea1n c\u00f3 th\u1ec3 li\u00ean h\u1ec7 \u0111\u1ecba ch\u1ec9 email c\u00f9ng s\u1ed1 \u0111i\u1ec7n tho\u1ea1i tr\u00ean \u0111\u1ec3 y\u00eau c\u1ea7u KINGSON ch\u1ec9nh s\u1eeda d\u1eef li\u1ec7u c\u00e1 nh\u00e2n c\u1ee7a m\u00ecnh.<br \/>\n7. Cam k\u1ebft b\u1ea3o m\u1eadt th\u00f4ng tin c\u00e1 nh\u00e2n kh\u00e1ch h\u00e0ng<br \/>\nT\u1ea1i KINGSON, vi\u1ec7c b\u1ea3o v\u1ec7 th\u00f4ng tin c\u00e1 nh\u00e2n c\u1ee7a b\u1ea1n l\u00e0 r\u1ea5t quan tr\u1ecdng, b\u1ea1n \u0111\u01b0\u1ee3c \u0111\u1ea3m b\u1ea3o r\u1eb1ng th\u00f4ng tin cung c\u1ea5p cho ch\u00fang t\u00f4i s\u1ebd \u0111\u01b0\u1ee3c m\u1eadt.<br \/>\nCh\u00fang t\u00f4i cam k\u1ebft kh\u00f4ng chia s\u1ebb, b\u00e1n ho\u1eb7c cho thu\u00ea th\u00f4ng tin c\u00e1 nh\u00e2n c\u1ee7a b\u1ea1n cho b\u1ea5t k\u1ef3 ng\u01b0\u1eddi n\u00e0o kh\u00e1c. KINGSON cam k\u1ebft ch\u1ec9 s\u1eed d\u1ee5ng c\u00e1c th\u00f4ng tin c\u1ee7a b\u1ea1n v\u00e0o c\u00e1c tr\u01b0\u1eddng h\u1ee3p sau:<br \/>\n\u2013 N\u00e2ng cao ch\u1ea5t l\u01b0\u1ee3ng d\u1ecbch v\u1ee5 d\u00e0nh cho kh\u00e1ch h\u00e0ng<br \/>\n\u2013 Gi\u1ea3i quy\u1ebft c\u00e1c tranh ch\u1ea5p, khi\u1ebfu n\u1ea1i<br \/>\n\u2013 Khi c\u01a1 quan ph\u00e1p lu\u1eadt c\u00f3 y\u00eau c\u1ea7u.<br \/>\nKINGSON hi\u1ec3u r\u1eb1ng quy\u1ec1n l\u1ee3i c\u1ee7a b\u1ea1n trong vi\u1ec7c b\u1ea3o v\u1ec7 th\u00f4ng tin c\u00e1 nh\u00e2n c\u0169ng ch\u00ednh l\u00e0 tr\u00e1ch nhi\u1ec7m c\u1ee7a ch\u00fang t\u00f4i n\u00ean trong b\u1ea5t k\u1ef3 tr\u01b0\u1eddng h\u1ee3p c\u00f3 th\u1eafc m\u1eafc, g\u00f3p \u00fd n\u00e0o li\u00ean quan \u0111\u1ebfn ch\u00ednh s\u00e1ch b\u1ea3o m\u1eadt vui l\u00f2ng li\u00ean h\u1ec7 v\u1edbi ch\u00fang t\u00f4i qua Hotline 0911 469 466<\/p>\n","protected":false},"excerpt":{"rendered":"<p>Ch\u00ednh s\u00e1ch b\u1ea3o m\u1eadt th\u00f4ng tin kh\u00e1ch h\u00e0ng 1. M\u1ee5c \u0111\u00edch thu th\u1eadp th\u00f4ng tin Th\u00f4ng tin c\u00e1 nh\u00e2n thu th\u1eadp \u0111\u01b0\u1ee3c s\u1ebd \u0111\u01b0\u1ee3c d\u00f9ng \u0111\u1ec3 nghi\u00ean c\u1ee9u, n\u00e2ng cao ch\u1ea5t l\u01b0\u1ee3ng ph\u1ee5c v\u1ee5, c\u1ea3i ti\u1ebfn quy tr\u00ecnh, s\u1ea3n ph\u1ea9m v\u00e0 ch\u1ec9 \u0111\u01b0\u1ee3c s\u1eed d\u1ee5ng trong n\u1ed9i b\u1ed9 c\u00f4ng ty. KINGSON kh\u00f4ng mua b\u00e1n, trao &#8230; <a title=\"Ch\u00ednh s\u00e1ch b\u1ea3o m\u1eadt th\u00f4ng tin\" class=\"read-more\" href=\"https:\/\/demo8.thuythu.com\/kingson\/chinh-sach\/chinh-sach-bao-mat-thong-tin\/\" aria-label=\"More on Ch\u00ednh s\u00e1ch b\u1ea3o m\u1eadt th\u00f4ng tin\">Read more<\/a><\/p>\n","protected":false},"author":1,"featured_media":0,"parent":865,"menu_order":0,"comment_status":"closed","ping_status":"closed","template":"","meta":[],"acf":[],"_links":{"self":[{"href":"https:\/\/demo8.thuythu.com\/kingson\/wp-json\/wp\/v2\/pages\/1630"}],"collection":[{"href":"https:\/\/demo8.thuythu.com\/kingson\/wp-json\/wp\/v2\/pages"}],"about":[{"href":"https:\/\/demo8.thuythu.com\/kingson\/wp-json\/wp\/v2\/types\/page"}],"author":[{"embeddable":true,"href":"https:\/\/demo8.thuythu.com\/kingson\/wp-json\/wp\/v2\/users\/1"}],"replies":[{"embeddable":true,"href":"https:\/\/demo8.thuythu.com\/kingson\/wp-json\/wp\/v2\/comments?post=1630"}],"version-history":[{"count":3,"href":"https:\/\/demo8.thuythu.com\/kingson\/wp-json\/wp\/v2\/pages\/1630\/revisions"}],"predecessor-version":[{"id":6964,"href":"https:\/\/demo8.thuythu.com\/kingson\/wp-json\/wp\/v2\/pages\/1630\/revisions\/6964"}],"up":[{"embeddable":true,"href":"https:\/\/demo8.thuythu.com\/kingson\/wp-json\/wp\/v2\/pages\/865"}],"wp:attachment":[{"href":"https:\/\/demo8.thuythu.com\/kingson\/wp-json\/wp\/v2\/media?parent=1630"}],"curies":[{"name":"wp","href":"https:\/\/api.w.org\/{rel}","templated":true}]}}