{"id":1634,"date":"2022-09-30T08:39:51","date_gmt":"2022-09-30T08:39:51","guid":{"rendered":"https:\/\/demo8.thuythu.com\/kingson\/?page_id=1634"},"modified":"2023-09-18T06:07:01","modified_gmt":"2023-09-18T06:07:01","slug":"huong-dan-mua-hang","status":"publish","type":"page","link":"https:\/\/demo8.thuythu.com\/kingson\/chinh-sach\/huong-dan-mua-hang\/","title":{"rendered":"H\u01b0\u1edbng d\u1eabn mua h\u00e0ng"},"content":{"rendered":"<p><strong>H\u01b0\u1edbng d\u1eabn mua h\u00e0ng t\u1ea1i KINGSON<\/strong><\/p>\n<p>\u0110\u1ec3 c\u00f3 th\u1ec3 n\u00e2ng cao ch\u1ea5t l\u01b0\u1ee3ng ph\u1ee5c v\u1ee5 c\u0169ng nh\u01b0 s\u1ef1 h\u00e0i l\u00f2ng c\u1ee7a qu\u00fd kh\u00e1ch khi mua h\u00e0ng. <b>KINGSON <\/b>c\u00f3 c\u00e1c ph\u01b0\u01a1ng th\u1ee9c mua h\u00e0ng v\u00f4 c\u00f9ng \u0111\u01a1n gi\u1ea3n d\u01b0\u1edbi \u0111\u00e2y.<\/p>\n<ol>\n<li><strong> Kh\u00e1ch h\u00e0ng c\u00e1 nh\u00e2n<\/strong><\/li>\n<\/ol>\n<p>online<\/p>\n<p>\u0110\u1ed1i v\u1edbi nh\u1eefng kh\u00e1ch h\u00e0ng mua s\u1eed d\u1ee5ng, v\u1edbi s\u1ed1 l\u01b0\u1ee3ng nh\u1ecf th\u00ec c\u00f3 th\u1ec3 mua h\u00e0ng th\u00f4ng qua h\u01b0\u1edbng d\u1eabn sau:<\/p>\n<p>B\u01b0\u1edbc 1: Truy c\u1eadp v\u00e0o website kingson.vn<\/p>\n<p>B\u01b0\u1edbc 2: T\u00ecm s\u1ea3n ph\u1ea9m m\u00e0 b\u1ea1n mu\u1ed1n mua<\/p>\n<p>B\u01b0\u1edbc 2: Ch\u1ecdn t\u00ecm c\u1eeda h\u00e0ng<\/p>\n<p>B\u01b0\u1edbc 3: \u0110i\u1ec1n th\u00f4ng tin \u0111\u1ecba ch\u1ec9 \u0111\u1ec3 t\u00ecm c\u1eeda h\u00e0ng g\u1ea7n b\u1ea1n nh\u1ea5t<\/p>\n<p>B\u01b0\u1edbc 4: T\u1edbi v\u00e0 mua h\u00e0ng<\/p>\n<p>B\u1ea1n c\u00f3 th\u1ec3 mua h\u00e0ng th\u00f4ng qua \u0111\u1ea1i l\u00fd ph\u00e2n ph\u1ed1i c\u1ee7a <b>KINGSON<\/b>. Trong tr\u01b0\u1eddng h\u1ee3p c\u1eeda h\u00e0ng kh\u00f4ng c\u00f3 s\u1ea3n ph\u1ea9m m\u00e0 b\u1ea1n mu\u1ed1n t\u00ecm. H\u00e3y li\u00ean h\u1ec7 ngay cho <strong>KINGSON <\/strong>qua hotline \u0111\u1ec3 \u0111\u01b0\u1ee3c h\u01b0\u1edbng d\u1eabn.<\/p>\n<p>Offline?<\/p>\n<ol>\n<li><strong> Kh\u00e1ch h\u00e0ng \u0111\u1ea1i l\u00fd, c\u00f4ng ty<\/strong><\/li>\n<\/ol>\n<p>\u0110\u1ed1i v\u1edbi kh\u00e1ch h\u00e0ng l\u00e0 c\u00e1 nh\u00e2n mua kinh doanh, kh\u00e1ch h\u00e0ng l\u00e0 \u0111\u1ea1i l\u00fd, t\u1ed5 ch\u1ee9c, doanh nghi\u1ec7p. Qu\u00fd kh\u00e1ch c\u00f3 th\u1ec3 mua h\u00e0ng th\u00f4ng qua c\u00e1c ph\u01b0\u01a1ng th\u1ee9c sau:<\/p>\n<ol>\n<li><strong> Tham quan v\u00e0 mua h\u00e0ng tr\u1ef1c ti\u1ebfp<\/strong><\/li>\n<\/ol>\n<p>\u0110\u1ecba ch\u1ec9: S\u1ed1 26, \u0110\u01b0\u1eddng 7, Ph\u01b0\u1eddng T\u00e2n T\u1ea1o A, Qu\u1eadn B\u00ecnh T\u00e2n, Th\u00e0nh ph\u1ed1 H\u1ed3 Ch\u00ed Minh.<\/p>\n<ul>\n<li>Nh\u00e2n vi\u00ean h\u1ed7 tr\u1ee3 t\u01b0 v\u1ea5n s\u1ea3n ph\u1ea9m, gi\u00e1 th\u00e0nh, chi\u1ebft kh\u1ea5u\u2026sao cho ph\u00f9 h\u1ee3p v\u1edbi nhu c\u1ea7u hi\u1ec7n t\u1ea1i c\u1ee7a qu\u00fd kh\u00e1ch.<\/li>\n<li>Mua h\u00e0ng tr\u1ef1c ti\u1ebfp ho\u1eb7c \u0111\u1eb7t h\u00e0ng s\u1ea3n xu\u1ea5t t\u00f9y t\u00ecnh h\u00ecnh t\u1ed3n kho th\u1ef1c t\u1ebf.<\/li>\n<li>Xu\u1ea5t h\u00f3a \u0111\u01a1n \u0111\u1ea7y \u0111\u1ee7 cho kh\u00e1ch h\u00e0ng<\/li>\n<\/ul>\n<ol start=\"2\">\n<li><strong> Website<\/strong><\/li>\n<\/ol>\n<p><strong>kingson.vn<\/strong> l\u00e0 trang web ch\u00ednh th\u1ee9c c\u1ee7a <strong>KINGSON<\/strong>. T\u1ea1i \u0111\u00e2y qu\u00fd kh\u00e1ch c\u00f3 th\u1ec3 tham kh\u1ea3o t\u1ea5t c\u1ea3 s\u1ea3n ph\u1ea9m c\u1ee7a <strong>KINGSON <\/strong>\u0111ang s\u1ea3n xu\u1ea5t v\u00e0 ph\u00e2n ph\u1ed1i.<\/p>\n<p>B\u01b0\u1edbc 1: Tham kh\u1ea3o s\u1ea3n ph\u1ea9m<\/p>\n<p>B\u01b0\u1edbc 2: \u0110\u1ec3 l\u1ea1i th\u00f4ng tin ho\u1eb7c li\u00ean h\u1ec7 tr\u1ef1c ti\u1ebfp <b>KINGSON<\/b><\/p>\n<p>Hi\u1ec7n t\u1ea1i, kh\u00e1ch h\u00e0ng c\u00f3 th\u1ec3 li\u00ean h\u1ec7 v\u1edbi <strong>KINGSON <\/strong>qua c\u00e1c k\u00eanh nh\u01b0 hotline, zalo, fanpage, email<\/p>\n<p>B\u01b0\u1edbc 3: Nh\u1eadn t\u01b0 v\u1ea5n s\u1ea3n ph\u1ea9m, t\u01b0 v\u1ea5n chi\u1ebft kh\u1ea5u, khuy\u1ebfn m\u00e3i, giao h\u00e0ng\u2026.<\/p>\n<p>B\u01b0\u1edbc 4: X\u00e1c nh\u1eadn v\u00e0 l\u00ean \u0111\u01a1n h\u00e0ng<\/p>\n<p>Sau khi \u0111\u1eb7t h\u00e0ng th\u00e0nh c\u00f4ng, nh\u00e2n vi\u00ean b\u00e1n h\u00e0ng s\u1ebd ch\u1ee7 \u0111\u1ed9ng li\u00ean h\u1ec7 l\u1ea1i v\u1edbi kh\u00e1ch h\u00e0ng m\u1ed9t l\u1ea7n n\u1eefa \u0111\u1ec3 xin c\u00e1c th\u00f4ng tin mua h\u00e0ng<\/p>\n<ul>\n<li>H\u1ecd v\u00e0 t\u00ean ng\u01b0\u1eddi mua h\u00e0ng<\/li>\n<li>S\u1ed1 \u0111i\u1ec7n tho\u1ea1i<\/li>\n<li>S\u1ea3n ph\u1ea9m v\u00e0 s\u1ed1 l\u01b0\u1ee3ng<\/li>\n<li>\u0110\u1ecba ch\u1ec9 v\u00e0 ph\u01b0\u01a1ng th\u1ee9c giao h\u00e0ng<\/li>\n<li>C\u00e1c y\u00eau c\u1ea7u kh\u00e1c n\u1ebfu c\u00f3<\/li>\n<\/ul>\n<p><strong>KINGSON <\/strong>s\u1ebd g\u1eedi h\u00ecnh \u1ea3nh ki\u1ec7n h\u00e0ng c\u0169ng nh\u01b0 ki\u1ec3m k\u00ea l\u1ea1i s\u1ed1 l\u01b0\u1ee3ng v\u00e0 ch\u1ea5t l\u01b0\u1ee3ng h\u00e0ng h\u00f3a m\u1ed9t l\u1ea7n n\u1eefa. \u0110\u1ed3ng th\u1eddi, c\u00f4ng ty c\u0169ng s\u1ebd th\u00f4ng b\u00e1o th\u1eddi gian nh\u1eadn h\u00e0ng \u0111\u1ec3 qu\u00fd kh\u00e1ch c\u00f3 th\u1ec3 ch\u1ee7 \u0111\u1ed9ng s\u1eafp x\u1ebfp.<\/p>\n<p>B\u01b0\u1edbc 5: Giao h\u00e0ng<\/p>\n<ol start=\"3\">\n<li><strong> Nh\u00e2n vi\u00ean kinh doanh<\/strong><\/li>\n<\/ol>\n<p>B\u00ean c\u1ea1nh c\u00e1c ph\u01b0\u01a1ng th\u1ee9c tr\u00ean th\u00ec qu\u00fd kh\u00e1ch c\u0169ng c\u00f3 th\u1ec3 li\u00ean h\u1ec7 tr\u1ef1c ti\u1ebfp nh\u00e2n vi\u00ean kinh doanh \u0111\u1ec3 nh\u1eadn t\u01b0 v\u1ea5n v\u00e0 l\u00ean \u0111\u01a1n h\u00e0ng nhanh ch\u00f3ng.<\/p>\n<p><strong>L\u01afU \u00dd:<\/strong><\/p>\n<p>* <strong>KINGSON <\/strong>s\u1ebd kh\u00f4ng ch\u1ecbu tr\u00e1ch nhi\u1ec7m trong c\u00e1c tr\u01b0\u1eddng h\u1ee3p kh\u00e1ch h\u00e0ng cung c\u1ea5p sai th\u00f4ng tin khi\u1ebfn \u0111\u01a1n h\u00e0ng kh\u00f4ng chuy\u1ec3n \u0111\u01b0\u1ee3c, chuy\u1ec3n nh\u1ea7m ho\u1eb7c b\u1ecb kh\u1ee9 h\u1ed3i. C\u00e1c ph\u00ed li\u00ean quan trong tr\u01b0\u1eddng h\u1ee3p n\u00e0y s\u1ebd do kh\u00e1ch h\u00e0ng ch\u1ecbu.<\/p>\n<p>* H\u00e0ng ho\u00e1 v\u00e0 c\u00e1c y\u00eau c\u1ea7u s\u1ebd \u0111\u01b0\u1ee3c <b>KINGSON <\/b>v\u00e0 kh\u00e1ch h\u00e0ng th\u1ed1ng nh\u1ea5t tr\u01b0\u1edbc khi chuy\u1ec3n (v\u1ec1 h\u00ecnh th\u1ee9c, ch\u1ea5t l\u01b0\u1ee3ng, ..v\u2026v..). <strong>KINGSON <\/strong>s\u1ebd ch\u1ec9 ch\u1ecbu tr\u00e1ch nhi\u1ec7m trong tr\u01b0\u1eddng h\u1ee3p h\u00e0ng ho\u00e1 v\u00e0 y\u00eau c\u1ea7u \u0111\u1ebfn tay kh\u00e1ch h\u00e0ng kh\u00f4ng nh\u01b0 tho\u1ea3 thu\u1eadn tr\u01b0\u1edbc \u0111\u00f3.<\/p>\n","protected":false},"excerpt":{"rendered":"<p>H\u01b0\u1edbng d\u1eabn mua h\u00e0ng t\u1ea1i KINGSON \u0110\u1ec3 c\u00f3 th\u1ec3 n\u00e2ng cao ch\u1ea5t l\u01b0\u1ee3ng ph\u1ee5c v\u1ee5 c\u0169ng nh\u01b0 s\u1ef1 h\u00e0i l\u00f2ng c\u1ee7a qu\u00fd kh\u00e1ch khi mua h\u00e0ng. KINGSON c\u00f3 c\u00e1c ph\u01b0\u01a1ng th\u1ee9c mua h\u00e0ng v\u00f4 c\u00f9ng \u0111\u01a1n gi\u1ea3n d\u01b0\u1edbi \u0111\u00e2y. Kh\u00e1ch h\u00e0ng c\u00e1 nh\u00e2n online \u0110\u1ed1i v\u1edbi nh\u1eefng kh\u00e1ch h\u00e0ng mua s\u1eed d\u1ee5ng, v\u1edbi s\u1ed1 l\u01b0\u1ee3ng &#8230; <a title=\"H\u01b0\u1edbng d\u1eabn mua h\u00e0ng\" class=\"read-more\" href=\"https:\/\/demo8.thuythu.com\/kingson\/chinh-sach\/huong-dan-mua-hang\/\" aria-label=\"More on H\u01b0\u1edbng d\u1eabn mua h\u00e0ng\">Read more<\/a><\/p>\n","protected":false},"author":1,"featured_media":0,"parent":865,"menu_order":0,"comment_status":"closed","ping_status":"closed","template":"","meta":[],"acf":[],"_links":{"self":[{"href":"https:\/\/demo8.thuythu.com\/kingson\/wp-json\/wp\/v2\/pages\/1634"}],"collection":[{"href":"https:\/\/demo8.thuythu.com\/kingson\/wp-json\/wp\/v2\/pages"}],"about":[{"href":"https:\/\/demo8.thuythu.com\/kingson\/wp-json\/wp\/v2\/types\/page"}],"author":[{"embeddable":true,"href":"https:\/\/demo8.thuythu.com\/kingson\/wp-json\/wp\/v2\/users\/1"}],"replies":[{"embeddable":true,"href":"https:\/\/demo8.thuythu.com\/kingson\/wp-json\/wp\/v2\/comments?post=1634"}],"version-history":[{"count":6,"href":"https:\/\/demo8.thuythu.com\/kingson\/wp-json\/wp\/v2\/pages\/1634\/revisions"}],"predecessor-version":[{"id":6960,"href":"https:\/\/demo8.thuythu.com\/kingson\/wp-json\/wp\/v2\/pages\/1634\/revisions\/6960"}],"up":[{"embeddable":true,"href":"https:\/\/demo8.thuythu.com\/kingson\/wp-json\/wp\/v2\/pages\/865"}],"wp:attachment":[{"href":"https:\/\/demo8.thuythu.com\/kingson\/wp-json\/wp\/v2\/media?parent=1634"}],"curies":[{"name":"wp","href":"https:\/\/api.w.org\/{rel}","templated":true}]}}