{"id":1641,"date":"2022-09-30T09:05:31","date_gmt":"2022-09-30T09:05:31","guid":{"rendered":"https:\/\/demo8.thuythu.com\/kingson\/?page_id=1641"},"modified":"2023-09-18T06:04:39","modified_gmt":"2023-09-18T06:04:39","slug":"chinh-sach-bao-hanh","status":"publish","type":"page","link":"https:\/\/demo8.thuythu.com\/kingson\/chinh-sach\/chinh-sach-bao-hanh\/","title":{"rendered":"Ch\u00ednh s\u00e1ch b\u1ea3o h\u00e0nh"},"content":{"rendered":"<p><strong>Ch\u00ednh s\u00e1ch b\u1ea3o h\u00e0nh &amp; \u0111\u1ed5i tr\u1ea3<\/strong><\/p>\n<p>M\u1eb7c d\u00f9, ch\u1ea5t l\u01b0\u1ee3ng lu\u00f4n l\u00e0 \u01b0u ti\u00ean h\u00e0ng \u0111\u1ea7u v\u00e0 l\u00e0 tr\u1ecdng t\u00e2m trong chi\u1ebfn l\u01b0\u1ee3c ph\u00e1t tri\u1ec3n c\u1ee7a c\u00f4ng ty.\u00a0 Nh\u01b0ng KINGSON hi\u1ec3u r\u1eb1ng, v\u1eabn s\u1ebd c\u00f3 nh\u1eefng sai s\u00f3t \u1ea3nh h\u01b0\u1edfng t\u1edbi qu\u00e1 tr\u00ecnh s\u1eed d\u1ee5ng hay kinh doanh c\u1ee7a kh\u00e1ch h\u00e0ng.<\/p>\n<p>Ch\u00fang t\u00f4i r\u1ea5t l\u1ea5y l\u00e0m ti\u1ebfc khi kh\u00e1ch h\u00e0ng c\u1ee7a m\u00ecnh g\u1eb7p ph\u1ea3i nh\u1eefng r\u1eafc r\u1ed1i kh\u00f4ng \u0111\u00e1ng c\u00f3. Ch\u00fang t\u00f4i lu\u00f4n mong mu\u1ed1n h\u1ed7 tr\u1ee3 t\u1ed1t nh\u1ea5t cho kh\u00e1ch h\u00e0ng b\u1eb1ng t\u1ea5t c\u1ea3 kh\u1ea3 n\u0103ng c\u1ee7a m\u00ecnh.<\/p>\n<p>Ch\u00ednh v\u00ec v\u1eady, ch\u00ednh s\u00e1ch b\u1ea3o h\u00e0nh v\u00e0 \u0111\u1ed5i tr\u1ea3 \u0111\u01b0\u1ee3c \u00e1p d\u1ee5ng t\u1eeb ng\u00e0y 1\/8\/2019 s\u1ebd l\u00e0 ph\u01b0\u01a1ng h\u01b0\u1edbng \u0111\u1ec3 c\u1ea3 KINGSON v\u00e0 kh\u00e1ch h\u00e0ng gi\u1ea3i quy\u1ebft v\u1ea5n \u0111\u1ec1 m\u1ed9t c\u00e1ch h\u1ee3p l\u00fd nh\u1ea5t. Ch\u00ednh s\u00e1ch n\u00e0y s\u1ebd mang l\u1ea1i s\u1ef1 r\u00f5 r\u00e0ng v\u00e0 th\u1ed1ng nh\u1ea5t trong c\u00e1ch x\u1eed l\u00fd s\u1ef1 c\u1ed1 khi mua h\u00e0ng v\u00e0 s\u1eed d\u1ee5ng.<\/p>\n<p><strong>N\u1ed9i dung ch\u00ednh s\u00e1ch s\u1ebd bao g\u1ed3m 4 ph\u1ea7n<\/strong><\/p>\n<p>\u0110\u1ed1i t\u01b0\u1ee3ng \u00e1p d\u1ee5ng<\/p>\n<p>Ch\u00ednh s\u00e1ch b\u1ea3o h\u00e0nh chung<\/p>\n<p>Ch\u00ednh s\u00e1ch b\u1ea3o h\u00e0nh s\u1ea3n ph\u1ea9m m\u1edbi<\/p>\n<p>Ch\u00ednh s\u00e1ch b\u1ea3o h\u00e0nh d\u00e0nh cho kh\u00e1ch h\u00e0ng m\u1edbi<\/p>\n<p>Tr\u01b0\u1eddng h\u1ee3p kh\u00f4ng \u0111\u01b0\u1ee3c b\u1ea3o h\u00e0nh<\/p>\n<p>C\u00e1ch th\u1ee9c b\u1ea3o h\u00e0nh<\/p>\n<ol>\n<li><strong> \u0110\u1ed1i t\u01b0\u1ee3ng \u00e1p d\u1ee5ng<\/strong><\/li>\n<\/ol>\n<p>\u0110\u1ed1i v\u1edbi kh\u00e1ch h\u00e0ng c\u00e1 nh\u00e2n mua t\u1ea1i \u0111\u1ea1i l\u00fd th\u00ec ch\u00ednh s\u00e1ch b\u1ea3o h\u00e0nh \u0111\u1ed5i tr\u1ea3 s\u1ebd ph\u1ee5 thu\u1ed9c v\u00e0o \u0111\u1ea1i l\u00fd \u0111\u00f3. V\u00e0 th\u00f4ng qua \u0111\u1ea1i l\u00fd l\u00e0m vi\u1ec7c tr\u1ef1c ti\u1ebfp v\u1edbi KINGSON v\u1ec1 v\u1ea5n \u0111\u1ec1 b\u1ea3o h\u00e0nh \u0111\u1ed5i tr\u1ea3.<\/p>\n<p>\u0110\u1ed1i v\u1edbi kh\u00e1ch h\u00e0ng l\u00e0 c\u00e1 nh\u00e2n mua kinh doanh, kh\u00e1ch h\u00e0ng l\u00e0 \u0111\u1ea1i l\u00fd, c\u00f4ng ty, t\u1ed5 ch\u1ee9c th\u00ec s\u1ebd \u0111\u01b0\u1ee3c \u00e1p d\u1ee5ng ch\u00ednh s\u00e1ch b\u1ea3o h\u00e0nh v\u00e0 \u0111\u1ed5i tr\u1ea3 d\u01b0\u1edbi \u0111\u00e2y.<\/p>\n<ol start=\"2\">\n<li><strong> Ch\u00ednh s\u00e1ch b\u1ea3o h\u00e0nh chung<\/strong><\/li>\n<\/ol>\n<p><strong>2.1 S\u1ea3n ph\u1ea9m do l\u1ed7i nh\u00e0 s\u1ea3n xu\u1ea5t<\/strong><\/p>\n<p>S\u1ea3n ph\u1ea9m b\u1ecb l\u1ed7i do nh\u00e0 s\u1ea3n xu\u1ea5t \u0111\u01b0\u1ee3c x\u00e1c \u0111\u1ecbnh l\u00e0 c\u00e1c l\u1ed7i li\u00ean quan \u0111\u1ebfn ch\u1ea5t l\u01b0\u1ee3ng s\u1ea3n ph\u1ea9m, kh\u00f4ng do t\u00e1c nh\u00e2n ch\u1ee7 \u00fd ng\u01b0\u1eddi d\u00f9ng ho\u1eb7c do qu\u00e1 tr\u00ecnh l\u01b0u kho b\u1ea3o qu\u1ea3n b\u1ecb h\u01b0 h\u1ea1i.<\/p>\n<p>S\u1ea3n ph\u1ea9m ph\u1ea3i \u0111\u01b0\u1ee3c b\u1ed9 ph\u1eadn k\u0129 thu\u1eadt c\u1ee7a KINGSON ki\u1ec3m tra v\u00e0 x\u00e1c nh\u1eadn.<\/p>\n<p>S\u1ea3n ph\u1ea9m ph\u1ea3i c\u00f2n h\u00f3a \u0111\u01a1n mua h\u00e0ng<\/p>\n<p>KINGSON s\u1ebd thu h\u1ed3i v\u00e0 \u0111\u1ed5i tr\u1ea3 to\u00e0n b\u1ed9 s\u1ea3n ph\u1ea9m \u0111\u01b0\u1ee3c x\u00e1c \u0111\u1ecbnh l\u1ed7i k\u1ec3 c\u1ea3 s\u1ea3n ph\u1ea9m khuy\u1ebfn m\u00e3i (s\u1ea3n ph\u1ea9m n\u00e0o l\u1ed7i \u0111\u1ed5i s\u1ea3n ph\u1ea9m \u0111\u00f3, kh\u00f4ng \u00e1p d\u1ee5ng cho to\u00e0n b\u1ed9 \u0111\u01a1n h\u00e0ng)<\/p>\n<table style=\"width: 100%;\">\n<tbody>\n<tr>\n<td style=\"width: 12.6803%;\" width=\"132\"><strong>S\u1ea3n ph\u1ea9m \u00e1p d\u1ee5ng<\/strong><\/td>\n<td style=\"width: 13.2878%;\" width=\"102\"><strong>T\u00ecnh tr\u1ea1ng<\/strong><\/td>\n<td style=\"width: 15.7176%;\" width=\"108\"><strong>Th\u1eddi gian<\/strong><\/td>\n<td style=\"width: 58.1625%;\" width=\"282\"><strong>C\u00e1ch x\u1eed l\u00fd<\/strong><\/td>\n<\/tr>\n<tr>\n<td style=\"width: 12.6803%;\" width=\"132\">T\u1ea5t c\u1ea3 s\u1ea3n ph\u1ea9m<\/td>\n<td style=\"width: 13.2878%;\" width=\"102\">L\u1ed7i do NSX<\/td>\n<td style=\"width: 15.7176%;\" width=\"108\">D\u01b0\u1edbi 3 th\u00e1ng<\/td>\n<td style=\"width: 58.1625%;\" width=\"282\">\u0110\u1ed5i s\u1ea3n ph\u1ea9m c\u00f9ng lo\u1ea1i ho\u1eb7c s\u1ea3n ph\u1ea9m kh\u00e1c kh\u00f4ng m\u1ea5t ph\u00ed<\/td>\n<\/tr>\n<tr>\n<td style=\"width: 12.6803%;\" width=\"132\"><\/td>\n<td style=\"width: 13.2878%;\" width=\"102\"><\/td>\n<td style=\"width: 15.7176%;\" width=\"108\"><\/td>\n<td style=\"width: 58.1625%;\" width=\"282\">Gi\u00e1 tr\u1ecb \u0111\u01a1n h\u00e0ng m\u1edbi ph\u1ea3i t\u01b0\u01a1ng \u0111\u01b0\u01a1ng ho\u1eb7c l\u1edbn h\u01a1n s\u1ea3n ph\u1ea9m l\u1ed7i<\/td>\n<\/tr>\n<tr>\n<td style=\"width: 12.6803%;\" width=\"132\"><\/td>\n<td style=\"width: 13.2878%;\" width=\"102\"><\/td>\n<td style=\"width: 15.7176%;\" width=\"108\"><\/td>\n<td style=\"width: 58.1625%;\" width=\"282\">\u0110\u01a1n h\u00e0ng m\u1edbi \u0111\u01b0\u1ee3c \u00e1p d\u1ee5ng ch\u01b0\u01a1ng tr\u00ecnh khuy\u1ebfn m\u00e3i t\u1ea1i th\u1eddi \u0111i\u1ec3m mua h\u00e0ng tr\u01b0\u1edbc \u0111\u00f3 (\u0111\u01a1n h\u00e0ng b\u1ecb l\u1ed7i)<\/td>\n<\/tr>\n<tr>\n<td style=\"width: 12.6803%;\" width=\"132\">T\u1ea5t c\u1ea3 s\u1ea3n ph\u1ea9m<\/td>\n<td style=\"width: 13.2878%;\" width=\"102\">L\u1ed7i do NSX<\/td>\n<td style=\"width: 15.7176%;\" width=\"108\">T\u1eeb 4 \u0111\u1ebfn 12 th\u00e1ng<\/td>\n<td style=\"width: 58.1625%;\" width=\"282\">Kh\u00f4ng \u00e1p d\u1ee5ng b\u1ea3o h\u00e0nh \u0111\u1ed5i tr\u1ea3<\/td>\n<\/tr>\n<tr>\n<td style=\"width: 12.6803%;\" width=\"132\"><\/td>\n<td style=\"width: 13.2878%;\" width=\"102\"><\/td>\n<td style=\"width: 15.7176%;\" width=\"108\"><\/td>\n<td style=\"width: 58.1625%;\" width=\"282\">KINGSON nh\u1eadn \u0111\u1ed5i tr\u1ea3 c\u00f3 t\u00ednh ph\u00ed<\/td>\n<\/tr>\n<tr>\n<td style=\"width: 12.6803%;\" width=\"132\"><\/td>\n<td style=\"width: 13.2878%;\" width=\"102\"><\/td>\n<td style=\"width: 15.7176%;\" width=\"108\">Tr\u00ean 12 th\u00e1ng<\/td>\n<td style=\"width: 58.1625%;\" width=\"282\">Kh\u00f4ng \u00e1p d\u1ee5ng b\u1ea3o h\u00e0nh \u0111\u1ed5i tr\u1ea3<\/td>\n<\/tr>\n<\/tbody>\n<\/table>\n<p>&nbsp;<\/p>\n<p><strong>2.2 S\u1ea3n ph\u1ea9m l\u1ed7i do kh\u00e1ch h\u00e0ng<\/strong><\/p>\n<p>S\u1ea3n ph\u1ea9m \u0111\u01b0\u1ee3c x\u00e1c \u0111\u1ecbnh l\u1ed7i do kh\u00e1ch h\u00e0ng sau khi kh\u00e1ch nh\u1eadn h\u00e0ng, l\u01b0u kho, v\u1eadn chuy\u1ec3n\u2026(kh\u00f4ng do l\u1ed7i c\u1ee7a nh\u00e0 s\u1ea3n xu\u1ea5t)<\/p>\n<table style=\"width: 100%;\">\n<tbody>\n<tr>\n<td style=\"width: 13.2118%;\" width=\"132\"><strong>S\u1ea3n ph\u1ea9m \u00e1p d\u1ee5ng<\/strong><\/td>\n<td style=\"width: 13.4396%;\" width=\"102\"><strong>T\u00ecnh tr\u1ea1ng<\/strong><\/td>\n<td style=\"width: 15.4138%;\" width=\"108\"><strong>Th\u1eddi gian<\/strong><\/td>\n<td style=\"width: 57.7829%;\" width=\"282\"><strong>C\u00e1ch x\u1eed l\u00fd<\/strong><\/td>\n<\/tr>\n<tr>\n<td style=\"width: 13.2118%;\" width=\"132\">T\u1ea5t c\u1ea3 s\u1ea3n ph\u1ea9m<\/td>\n<td style=\"width: 13.4396%;\" width=\"102\">L\u1ed7i do KH<\/td>\n<td style=\"width: 15.4138%;\" width=\"108\">D\u01b0\u1edbi 12 th\u00e1ng<\/td>\n<td style=\"width: 57.7829%;\" width=\"282\">Kh\u00f4ng \u00e1p d\u1ee5ng tr\u1ea3 h\u00e0ng<\/td>\n<\/tr>\n<tr>\n<td style=\"width: 13.2118%;\" width=\"132\"><\/td>\n<td style=\"width: 13.4396%;\" width=\"102\"><\/td>\n<td style=\"width: 15.4138%;\" width=\"108\"><\/td>\n<td style=\"width: 57.7829%;\" width=\"282\">KINGSON nh\u1eadn \u0111\u1ed5i h\u00e0ng c\u00f3 t\u00ednh ph\u00ed<\/td>\n<\/tr>\n<tr>\n<td style=\"width: 13.2118%;\" width=\"132\">T\u1ea5t c\u1ea3 s\u1ea3n ph\u1ea9m<\/td>\n<td style=\"width: 13.4396%;\" width=\"102\">L\u1ed7i do KH<\/td>\n<td style=\"width: 15.4138%;\" width=\"108\">Tr\u00ean 12 th\u00e1ng<\/td>\n<td style=\"width: 57.7829%;\" width=\"282\">Kh\u00f4ng \u00e1p d\u1ee5ng b\u1ea3o h\u00e0nh \u0111\u1ed5i tr\u1ea3<\/td>\n<\/tr>\n<\/tbody>\n<\/table>\n<p>&nbsp;<\/p>\n<p><strong>2.3 S\u1ea3n ph\u1ea9m kh\u00f4ng b\u1ecb l\u1ed7i<\/strong><\/p>\n<p>S\u1ea3n ph\u1ea9m kh\u00f4ng b\u1ecb l\u1ed7i l\u00e0 s\u1ea3n ph\u1ea9m c\u00f2n nguy\u00ean t\u00ecnh tr\u1ea1ng ban \u0111\u1ea7u, \u0111\u1ea3m b\u1ea3o v\u1ec1 ngo\u1ea1i h\u00ecnh v\u00e0 c\u00f4ng n\u0103ng s\u1eed d\u1ee5ng. S\u1ea3n ph\u1ea9m ph\u1ea3i c\u00f2n nguy\u00ean bao b\u00ec v\u00e0 h\u00f3a \u0111\u01a1n mua h\u00e0ng.<\/p>\n<p>&nbsp;<\/p>\n<table>\n<tbody>\n<tr>\n<td width=\"132\"><strong>S\u1ea3n ph\u1ea9m \u00e1p d\u1ee5ng<\/strong><\/td>\n<td width=\"102\"><strong>T\u00ecnh tr\u1ea1ng<\/strong><\/td>\n<td width=\"108\"><strong>Th\u1eddi gian<\/strong><\/td>\n<td width=\"282\"><strong>C\u00e1ch x\u1eed l\u00fd<\/strong><\/td>\n<\/tr>\n<tr>\n<td width=\"132\">T\u1ea5t c\u1ea3 s\u1ea3n ph\u1ea9m<\/td>\n<td width=\"102\">Kh\u00f4ng l\u1ed7i<\/td>\n<td width=\"108\">D\u01b0\u1edbi 1 th\u00e1ng<\/td>\n<td width=\"282\">\u0110\u1ed5i s\u1ea3n ph\u1ea9m c\u00f9ng lo\u1ea1i ho\u1eb7c s\u1ea3n ph\u1ea9m kh\u00e1c kh\u00f4ng m\u1ea5t ph\u00ed<\/td>\n<\/tr>\n<tr>\n<td width=\"132\"><\/td>\n<td width=\"102\"><\/td>\n<td width=\"108\"><\/td>\n<td width=\"282\">Gi\u00e1 tr\u1ecb \u0111\u01a1n h\u00e0ng m\u1edbi ph\u1ea3i t\u01b0\u01a1ng \u0111\u01b0\u01a1ng ho\u1eb7c l\u1edbn h\u01a1n s\u1ea3n ph\u1ea9m l\u1ed7i<\/td>\n<\/tr>\n<tr>\n<td width=\"132\"><\/td>\n<td width=\"102\"><\/td>\n<td width=\"108\"><\/td>\n<td width=\"282\">\u0110\u01a1n h\u00e0ng m\u1edbi \u0111\u01b0\u1ee3c \u00e1p d\u1ee5ng ch\u01b0\u01a1ng tr\u00ecnh khuy\u1ebfn m\u00e3i t\u1ea1i th\u1eddi \u0111i\u1ec3m mua h\u00e0ng tr\u01b0\u1edbc \u0111\u00f3 (\u0111\u01a1n h\u00e0ng b\u1ecb l\u1ed7i)<\/td>\n<\/tr>\n<tr>\n<td width=\"132\">T\u1ea5t c\u1ea3 s\u1ea3n ph\u1ea9m<\/td>\n<td width=\"102\">L\u1ed7i do NSX<\/td>\n<td width=\"108\">T\u1eeb th\u00e1ng 2 \u0111\u1ebfn th\u00e1ng 3<\/td>\n<td width=\"282\">\u0110\u1ed5i s\u1ea3n ph\u1ea9m c\u00f9ng lo\u1ea1i ho\u1eb7c s\u1ea3n ph\u1ea9m kh\u00e1c. Kh\u00e1ch h\u00e0ng ch\u1ecbu ph\u00ed chuy\u1ec3n \u0111\u1ed5i 10% tr\u00ean t\u1ed5ng \u0111\u01a1n h\u00e0ng \u0111\u1ed5i<\/td>\n<\/tr>\n<tr>\n<td width=\"132\"><\/td>\n<td width=\"102\"><\/td>\n<td width=\"108\"><\/td>\n<td width=\"282\">Gi\u00e1 tr\u1ecb \u0111\u01a1n h\u00e0ng m\u1edbi ph\u1ea3i t\u01b0\u01a1ng \u0111\u01b0\u01a1ng ho\u1eb7c l\u1edbn h\u01a1n s\u1ea3n ph\u1ea9m l\u1ed7i<\/td>\n<\/tr>\n<tr>\n<td width=\"132\"><\/td>\n<td width=\"102\"><\/td>\n<td width=\"108\">T\u1eeb th\u00e1ng 4<\/td>\n<td width=\"282\">Kh\u00f4ng \u00e1p d\u1ee5ng \u0111\u1ed5i h\u00e0ng<\/td>\n<\/tr>\n<\/tbody>\n<\/table>\n<p>&nbsp;<\/p>\n<p>&nbsp;<\/p>\n<p><strong>2.4 Ch\u00ednh s\u00e1ch b\u1ea3o h\u00e0nh s\u1ea3n ph\u1ea9m m\u1edbi<\/strong><\/p>\n<p>KINGSON kh\u00f4ng ng\u1eebng n\u1ed7 l\u1ef1c nghi\u00ean c\u1ee9u v\u00e0 ph\u00e1t tri\u1ec3n s\u1ea3n ph\u1ea9m m\u1edbi nh\u1eb1m \u0111\u00e1p \u1ee9ng nhu c\u1ea7u ng\u00e0y c\u00e0ng \u0111a d\u1ea1ng c\u1ee7a kh\u00e1ch h\u00e0ng.<\/p>\n<p>Tuy nhi\u00ean, v\u1edbi \u0111\u1eb7c th\u00f9 s\u1ea3n ph\u1ea9m m\u1edbi \u0111\u1ed9 nh\u1eadn di\u1ec7n ch\u01b0a cao, kh\u00f3 kinh doanh hay s\u1ea3n ph\u1ea9m c\u00f3 th\u1ec3 g\u1eb7p c\u00e1c l\u1ed7i ph\u00e1t sinh.<\/p>\n<p>Ch\u00ednh v\u00ec v\u1eady, KINGSON c\u00f3 ch\u00ednh s\u00e1ch h\u1ed7 tr\u1ee3 t\u1ed1i \u0111a \u0111\u1ed1i v\u1edbi kh\u00e1ch h\u00e0ng nh\u1eadp s\u1ea3n ph\u1ea9m m\u1edbi.<\/p>\n<p>S\u1ea3n ph\u1ea9m m\u1edbi \u0111\u01b0\u1ee3c KINGSON \u0111\u1ecbnh ngh\u0129a l\u00e0 s\u1ea3n ph\u1ea9m \u0111\u01b0\u1ee3c b\u00e1n trong v\u00f2ng 6 th\u00e1ng t\u00ednh t\u1eeb ng\u00e0y c\u00f4ng ty c\u00f4ng b\u1ed1 s\u1ea3n ph\u1ea9m t\u1edbi ng\u00e0y giao h\u00e0ng<\/p>\n<p><strong>\u0110\u1ed1i v\u1edbi s\u1ea3n ph\u1ea9m m\u1edbi b\u1ecb l\u1ed7i<\/strong><\/p>\n<p>KINGSON s\u1ebd c\u1eed nh\u00e2n vi\u00ean ki\u1ec3m tra, x\u00e1c \u0111\u1ecbnh l\u1ed7i v\u00e0 c\u00f3 h\u01b0\u1edbng x\u1eed l\u00fd tr\u1ef1c ti\u1ebfp v\u1edbi kh\u00e1ch h\u00e0ng nh\u01b0: \u0111\u1ed5i tr\u1ea3, c\u1ea3i ti\u1ebfn hay h\u01b0\u1edbng d\u1eabn s\u1eed d\u1ee5ng \u0111\u00fang c\u00e1ch\u2026.<\/p>\n<p><strong>\u0110\u1ed1i v\u1edbi s\u1ea3n ph\u1ea9m m\u1edbi kh\u00f4ng l\u1ed7i<\/strong><\/p>\n<table>\n<tbody>\n<tr>\n<td width=\"132\"><strong>S\u1ea3n ph\u1ea9m \u00e1p d\u1ee5ng<\/strong><\/td>\n<td width=\"102\"><strong>T\u00ecnh tr\u1ea1ng<\/strong><\/td>\n<td width=\"108\"><strong>Th\u1eddi gian<\/strong><\/td>\n<td width=\"282\"><strong>C\u00e1ch x\u1eed l\u00fd<\/strong><\/td>\n<\/tr>\n<tr>\n<td width=\"132\">T\u1ea5t c\u1ea3 s\u1ea3n ph\u1ea9m<\/td>\n<td width=\"102\">M\u1edbi kh\u00f4ng l\u1ed7i<\/td>\n<td width=\"108\">D\u01b0\u1edbi 3 th\u00e1ng<\/td>\n<td width=\"282\">\u0110\u1ed5i s\u1ea3n ph\u1ea9m c\u00f9ng lo\u1ea1i ho\u1eb7c s\u1ea3n ph\u1ea9m kh\u00e1c kh\u00f4ng m\u1ea5t ph\u00ed<\/td>\n<\/tr>\n<tr>\n<td width=\"132\"><\/td>\n<td width=\"102\"><\/td>\n<td width=\"108\"><\/td>\n<td width=\"282\">Gi\u00e1 tr\u1ecb \u0111\u01a1n h\u00e0ng m\u1edbi ph\u1ea3i t\u01b0\u01a1ng \u0111\u01b0\u01a1ng ho\u1eb7c l\u1edbn h\u01a1n s\u1ea3n ph\u1ea9m l\u1ed7i<\/td>\n<\/tr>\n<tr>\n<td width=\"132\"><\/td>\n<td width=\"102\"><\/td>\n<td width=\"108\"><\/td>\n<td width=\"282\">\u0110\u01a1n h\u00e0ng m\u1edbi \u0111\u01b0\u1ee3c \u00e1p d\u1ee5ng ch\u01b0\u01a1ng tr\u00ecnh khuy\u1ebfn m\u00e3i t\u1ea1i th\u1eddi \u0111i\u1ec3m mua h\u00e0ng tr\u01b0\u1edbc \u0111\u00f3 (\u0111\u01a1n h\u00e0ng b\u1ecb l\u1ed7i)<\/td>\n<\/tr>\n<tr>\n<td width=\"132\">T\u1ea5t c\u1ea3 s\u1ea3n ph\u1ea9m<\/td>\n<td width=\"102\">M\u1edbi kh\u00f4ng l\u1ed7i<\/td>\n<td width=\"108\">T\u1eeb th\u00e1ng 4 \u0111\u1ebfn th\u00e1ng 6<\/td>\n<td width=\"282\">\u0110\u1ed5i s\u1ea3n ph\u1ea9m c\u00f9ng lo\u1ea1i ho\u1eb7c s\u1ea3n ph\u1ea9m kh\u00e1c. Kh\u00e1ch h\u00e0ng ch\u1ecbu ph\u00ed chuy\u1ec3n \u0111\u1ed5i 3% tr\u00ean t\u1ed5ng \u0111\u01a1n h\u00e0ng \u0111\u1ed5i<\/td>\n<\/tr>\n<tr>\n<td width=\"132\"><\/td>\n<td width=\"102\"><\/td>\n<td width=\"108\"><\/td>\n<td width=\"282\">Gi\u00e1 tr\u1ecb \u0111\u01a1n h\u00e0ng m\u1edbi ph\u1ea3i t\u01b0\u01a1ng \u0111\u01b0\u01a1ng ho\u1eb7c l\u1edbn h\u01a1n s\u1ea3n ph\u1ea9m l\u1ed7i<\/td>\n<\/tr>\n<tr>\n<td width=\"132\"><\/td>\n<td width=\"102\"><\/td>\n<td width=\"108\">T\u1eeb th\u00e1ng 6<\/td>\n<td width=\"282\">Kh\u00f4ng \u00e1p d\u1ee5ng \u0111\u1ed5i h\u00e0ng<\/td>\n<\/tr>\n<\/tbody>\n<\/table>\n<p>&nbsp;<\/p>\n<p>&nbsp;<\/p>\n<p><strong>2.5 Ch\u00ednh s\u00e1ch kh\u00e1ch h\u00e0ng m\u1edbi<\/strong><\/p>\n<p>KINGSON kh\u00f4ng ng\u1eebng t\u00ecm ki\u1ebfm c\u00e1c \u0111\u1ed1i t\u00e1c, \u0111\u1ea1i l\u00fd, c\u00f4ng ty c\u00f3 mong mu\u1ed1n kinh doanh s\u1ea3n ph\u1ea9m c\u1ee7a KINGSON .<\/p>\n<p>Ch\u00fang t\u00f4i c\u1ea3m \u01a1n s\u1ef1 tin t\u01b0\u1edfng v\u00e0 lu\u00f4n tr\u00e2n tr\u1ecdng t\u1eebng qu\u00fd kh\u00e1ch \u0111\u00e3 v\u00e0 \u0111ang tr\u1edf th\u00e0nh \u0111\u1ed1i t\u00e1c c\u1ee7a KINGSON .<\/p>\n<p>Ch\u00fang t\u00f4i s\u1ebd h\u1ed7 tr\u1ee3 t\u1ed1i \u0111a \u0111\u1ed1i v\u1edbi kh\u00e1ch h\u00e0ng l\u1ea7n \u0111\u1ea7u kinh doanh s\u1ea3n ph\u1ea9m v\u00e0 c\u00f3 ch\u00ednh s\u00e1ch ri\u00eang cho qu\u00fd kh\u00e1ch h\u00e0ng.<\/p>\n<table>\n<tbody>\n<tr>\n<td width=\"132\"><strong>S\u1ea3n ph\u1ea9m \u00e1p d\u1ee5ng<\/strong><\/td>\n<td width=\"102\"><strong>T\u00ecnh tr\u1ea1ng<\/strong><\/td>\n<td width=\"108\"><strong>Th\u1eddi gian<\/strong><\/td>\n<td width=\"282\"><strong>C\u00e1ch x\u1eed l\u00fd<\/strong><\/td>\n<\/tr>\n<tr>\n<td width=\"132\">T\u1ea5t c\u1ea3 s\u1ea3n ph\u1ea9m<\/td>\n<td width=\"102\">M\u1edbi kh\u00f4ng l\u1ed7i<\/td>\n<td width=\"108\">D\u01b0\u1edbi 3 th\u00e1ng<\/td>\n<td width=\"282\">\u0110\u1ed5i s\u1ea3n ph\u1ea9m c\u00f9ng lo\u1ea1i ho\u1eb7c s\u1ea3n ph\u1ea9m kh\u00e1c kh\u00f4ng m\u1ea5t ph\u00ed<\/td>\n<\/tr>\n<tr>\n<td width=\"132\"><\/td>\n<td width=\"102\"><\/td>\n<td width=\"108\"><\/td>\n<td width=\"282\">Gi\u00e1 tr\u1ecb \u0111\u01a1n h\u00e0ng m\u1edbi ph\u1ea3i t\u01b0\u01a1ng \u0111\u01b0\u01a1ng ho\u1eb7c l\u1edbn h\u01a1n s\u1ea3n ph\u1ea9m l\u1ed7i<\/td>\n<\/tr>\n<tr>\n<td width=\"132\"><\/td>\n<td width=\"102\"><\/td>\n<td width=\"108\"><\/td>\n<td width=\"282\">\u0110\u01a1n h\u00e0ng m\u1edbi \u0111\u01b0\u1ee3c \u00e1p d\u1ee5ng ch\u01b0\u01a1ng tr\u00ecnh khuy\u1ebfn m\u00e3i t\u1ea1i th\u1eddi \u0111i\u1ec3m mua h\u00e0ng tr\u01b0\u1edbc \u0111\u00f3 (\u0111\u01a1n h\u00e0ng b\u1ecb l\u1ed7i)<\/td>\n<\/tr>\n<tr>\n<td width=\"132\">T\u1ea5t c\u1ea3 s\u1ea3n ph\u1ea9m<\/td>\n<td width=\"102\">M\u1edbi kh\u00f4ng l\u1ed7i<\/td>\n<td width=\"108\">T\u1eeb th\u00e1ng 4 \u0111\u1ebfn th\u00e1ng 6<\/td>\n<td width=\"282\">\u0110\u1ed5i s\u1ea3n ph\u1ea9m c\u00f9ng lo\u1ea1i ho\u1eb7c s\u1ea3n ph\u1ea9m kh\u00e1c. Kh\u00e1ch h\u00e0ng ch\u1ecbu ph\u00ed chuy\u1ec3n \u0111\u1ed5i 3% tr\u00ean t\u1ed5ng \u0111\u01a1n h\u00e0ng \u0111\u1ed5i<\/td>\n<\/tr>\n<tr>\n<td width=\"132\"><\/td>\n<td width=\"102\"><\/td>\n<td width=\"108\"><\/td>\n<td width=\"282\">Gi\u00e1 tr\u1ecb \u0111\u01a1n h\u00e0ng m\u1edbi ph\u1ea3i t\u01b0\u01a1ng \u0111\u01b0\u01a1ng ho\u1eb7c l\u1edbn h\u01a1n s\u1ea3n ph\u1ea9m l\u1ed7i<\/td>\n<\/tr>\n<tr>\n<td width=\"132\"><\/td>\n<td width=\"102\"><\/td>\n<td width=\"108\">T\u1eeb th\u00e1ng 6<\/td>\n<td width=\"282\">Kh\u00f4ng \u00e1p d\u1ee5ng \u0111\u1ed5i h\u00e0ng<\/td>\n<\/tr>\n<\/tbody>\n<\/table>\n<p>&nbsp;<\/p>\n<p>\u0110\u1ed1i v\u1edbi s\u1ea3n ph\u1ea9m l\u1ed7i s\u1ebd \u00e1p d\u1ee5ng ch\u00ednh s\u00e1ch b\u1ea3o h\u00e0nh chung nh\u01b0 \u0111\u00e3 n\u00eau tr\u00ean.<\/p>\n<p>&nbsp;<\/p>\n<ol start=\"3\">\n<li><strong> Tr\u01b0\u1eddng h\u1ee3p kh\u00f4ng \u0111\u01b0\u1ee3c b\u1ea3o h\u00e0nh<\/strong><\/li>\n<\/ol>\n<p>S\u1ea3n ph\u1ea9m kh\u00f4ng c\u00f2n h\u00f3a \u0111\u01a1n mua h\u00e0ng<\/p>\n<p>S\u1ea3n ph\u1ea9m kh\u00f4ng c\u00f2n bao b\u00ec, h\u01b0 h\u1ea1i, kh\u00f4ng c\u00f2n nguy\u00ean t\u00ecnh tr\u1ea1ng ban \u0111\u1ea7u<\/p>\n<p>S\u1ea3n ph\u1ea9m \u0111\u01b0\u1ee3c x\u00e1c \u0111\u1ecbnh kh\u00f4ng do Thanh B\u00ecnh s\u1ea3n xu\u1ea5t<\/p>\n<p>S\u1ea3n ph\u1ea9m \u0111\u01b0\u1ee3c x\u00e1c \u0111\u1ecbnh do l\u1ed7i c\u1ee7a kh\u00e1ch h\u00e0ng (kh\u00f4ng do l\u1ed7i NSX)<\/p>\n<ol start=\"4\">\n<li><strong> C\u00e1ch th\u1ee9c b\u1ea3o h\u00e0nh &amp; \u0111\u1ed5i tr\u1ea3<\/strong><\/li>\n<\/ol>\n<p>S\u1ea3n ph\u1ea9m l\u1ed7i: KH th\u00f4ng b\u00e1o Kh\u00e1ch h\u00e0ng th\u00f4ng b\u00e1o nh\u00e2n vi\u00ean kinh doanh b\u1eb1ng tin nh\u1eafn, h\u00ecnh \u1ea3nh ho\u1eb7c video v\u1ec1 t\u00ecnh tr\u1ea1ng l\u1ed7i, s\u1ed1 l\u01b0\u1ee3ng s\u1ea3n ph\u1ea9m l\u1ed7i v\u00e0 g\u1eedi m\u1eabu s\u1ea3n ph\u1ea9m l\u1ed7i (02 m\u1eabu) v\u1ec1 KINGSON TP.HCM<\/p>\n<p>+ S\u1ea3n ph\u1ea9m l\u1ed7i \u0111\u1ed5i mi\u1ec5n ph\u00ed: Sau khi b\u1ed9 ph\u1eadn k\u1ef9 thu\u1eadt KINGSON ki\u1ec3m tra v\u00e0 x\u00e1c nh\u1eadn l\u1ed7i do s\u1ea3n xu\u1ea5t. Nh\u00e2n vi\u00ean kinh doanh th\u00f4ng b\u00e1o kh\u00e1ch h\u00e0ng g\u1eedi h\u00e0ng \u0111\u1ec3 th\u1ef1c hi\u1ec7n \u0111\u1ed5i h\u00e0ng.<\/p>\n<p>S\u1ea3n ph\u1ea9m l\u1ed7i s\u1eeda t\u00ednh ph\u00ed: \u0110\u1ed1i v\u1edbi s\u1ea3n ph\u1ea9m l\u1ed7i c\u00f3 th\u1ec3 s\u1eeda \u0111\u01b0\u1ee3c, nh\u00e2n vi\u00ean kinh doanh s\u1ebd b\u00e1o kh\u00e1ch h\u00e0ng ch\u1ec9 ph\u00ed s\u1eeda tr\u01b0\u1edbc khi ti\u1ebfn h\u00e0nh s\u1eeda s\u1ea3n ph\u1ea9m l\u1ed7i. \u0110\u1ed1i v\u1edbi s\u1ea3n ph\u1ea9m l\u1ed7i kh\u00f4ng s\u1eeda \u0111\u01b0\u1ee3c, nh\u00e2n vi\u00ean kinh doanh s\u1ebd th\u00f4ng b\u00e1o kh\u00e1ch h\u00e0ng t\u00ecnh tr\u1ea1ng l\u1ed7i v\u00e0 kh\u00f4ng nh\u1eadn s\u1eeda s\u1ea3n ph\u1ea9m l\u1ed7i.<\/p>\n<p>~ S\u1ea3n ph\u1ea9m kh\u00f4ng l\u1ed7i: n\u1ebfu c\u00f2n trong th\u1eddi gian \u0111\u1ed5i s\u1ea3n ph\u1ea9m, kh\u00e1ch h\u00e0ng th\u00f4ng b\u00e1o \u0111\u1ed5i h\u00e0ng v\u1edbi nh\u00e2n vi\u00ean kinh doanh.<\/p>\n<p>~ M\u1ed1c th\u1eddi gian trong \u201cCh\u00ednh s\u00e1ch \u0111\u1ed5i h\u00e0ng\u201d: \u0111\u01b0\u1ee3c t\u00ednh t\u1eeb ng\u00e0y giao h\u00e0ng (ng\u00e0y KINGSON giao h\u00e0ng ch\u00e0nh xe \u1edf<\/p>\n<p>TP.HCM) \u0111\u1ebfn ng\u00e0y KINGSON nh\u1eadn \u0111\u01b0\u1ee3c h\u00e0ng \u0111\u1ed5i c\u1ee7a kh\u00e1ch h\u00e0ng t\u1ea1i kho KINGSON \u1edf TP.HCM<\/p>\n<p><strong>Ch\u1ec9 ph\u00ed v\u1eadn chuy\u1ec3n s\u1ea3n ph\u1ea9m \u0111\u1ed5i<\/strong><\/p>\n<p>Chi\u1ec3u v\u1eadn chuy\u1ec3n h\u00e0ng t\u1eeb c\u1eeda h\u00e0ng \u0111\u1ebfn kho KINGSON (TP. HCM): Kh\u00e1ch h\u00e0ng ch\u1ecbu ch\u1ec9 ph\u00ed v\u1eadn chuy\u1ec3n<\/p>\n<p>Chi\u1ec1u v\u1eadn chuy\u1ec3n h\u00e0ng t\u1eeb kho KINGSON (TP.HCM) \u0111\u1ebfn c\u1eeda h\u00e0ng:<\/p>\n<p>+ C\u1eeda h\u00e0ng khu v\u1ef1c TP.HCM: KINGSON ch\u1ecbu ch\u1ec9 ph\u00ed v\u1eadn chuy\u1ec3n h\u00e0ng t\u1eeb kho KINGSON (TP.HCM) \u0111\u1ebfn c\u1eeda h\u00e0ng.<\/p>\n<p>+ C\u1eeda h\u00e0ng ngo\u00e0i khu v\u01b0c TP.HCM: KINGSON ch\u1ecbu ch\u1ec9 ph\u00ed v\u1eadn chuy\u1ec3n h\u00e0ng t\u1eeb kho KINGSON (TP.HCM) \u0111\u1ebfn ch\u00e0nh xe TP.HCM.<\/p>\n<p>&nbsp;<\/p>\n<p>L\u01b0u \u00fd: ch\u00ednh s\u00e1ch n\u00e0y c\u00f3 gi\u00e1 tr\u1ecb thay th\u1ebf ch\u00ednh s\u00e1ch \u0111\u1ed5i &#8211; tr\u1ea3 h\u00e0ng tr\u01b0\u1edbc \u0111\u00f3<\/p>\n<p>&nbsp;<\/p>\n<p>&nbsp;<\/p>\n","protected":false},"excerpt":{"rendered":"<p>Ch\u00ednh s\u00e1ch b\u1ea3o h\u00e0nh &amp; \u0111\u1ed5i tr\u1ea3 M\u1eb7c d\u00f9, ch\u1ea5t l\u01b0\u1ee3ng lu\u00f4n l\u00e0 \u01b0u ti\u00ean h\u00e0ng \u0111\u1ea7u v\u00e0 l\u00e0 tr\u1ecdng t\u00e2m trong chi\u1ebfn l\u01b0\u1ee3c ph\u00e1t tri\u1ec3n c\u1ee7a c\u00f4ng ty.\u00a0 Nh\u01b0ng KINGSON hi\u1ec3u r\u1eb1ng, v\u1eabn s\u1ebd c\u00f3 nh\u1eefng sai s\u00f3t \u1ea3nh h\u01b0\u1edfng t\u1edbi qu\u00e1 tr\u00ecnh s\u1eed d\u1ee5ng hay kinh doanh c\u1ee7a kh\u00e1ch h\u00e0ng. Ch\u00fang t\u00f4i r\u1ea5t &#8230; <a title=\"Ch\u00ednh s\u00e1ch b\u1ea3o h\u00e0nh\" class=\"read-more\" href=\"https:\/\/demo8.thuythu.com\/kingson\/chinh-sach\/chinh-sach-bao-hanh\/\" aria-label=\"More on Ch\u00ednh s\u00e1ch b\u1ea3o h\u00e0nh\">Read more<\/a><\/p>\n","protected":false},"author":1,"featured_media":0,"parent":865,"menu_order":0,"comment_status":"closed","ping_status":"closed","template":"","meta":[],"acf":[],"_links":{"self":[{"href":"https:\/\/demo8.thuythu.com\/kingson\/wp-json\/wp\/v2\/pages\/1641"}],"collection":[{"href":"https:\/\/demo8.thuythu.com\/kingson\/wp-json\/wp\/v2\/pages"}],"about":[{"href":"https:\/\/demo8.thuythu.com\/kingson\/wp-json\/wp\/v2\/types\/page"}],"author":[{"embeddable":true,"href":"https:\/\/demo8.thuythu.com\/kingson\/wp-json\/wp\/v2\/users\/1"}],"replies":[{"embeddable":true,"href":"https:\/\/demo8.thuythu.com\/kingson\/wp-json\/wp\/v2\/comments?post=1641"}],"version-history":[{"count":3,"href":"https:\/\/demo8.thuythu.com\/kingson\/wp-json\/wp\/v2\/pages\/1641\/revisions"}],"predecessor-version":[{"id":6966,"href":"https:\/\/demo8.thuythu.com\/kingson\/wp-json\/wp\/v2\/pages\/1641\/revisions\/6966"}],"up":[{"embeddable":true,"href":"https:\/\/demo8.thuythu.com\/kingson\/wp-json\/wp\/v2\/pages\/865"}],"wp:attachment":[{"href":"https:\/\/demo8.thuythu.com\/kingson\/wp-json\/wp\/v2\/media?parent=1641"}],"curies":[{"name":"wp","href":"https:\/\/api.w.org\/{rel}","templated":true}]}}