{"id":1740,"date":"2022-10-03T08:13:21","date_gmt":"2022-10-03T08:13:21","guid":{"rendered":"https:\/\/demo8.thuythu.com\/kingson\/?page_id=1740"},"modified":"2023-09-18T06:06:29","modified_gmt":"2023-09-18T06:06:29","slug":"chinh-sach-dai-ly","status":"publish","type":"page","link":"https:\/\/demo8.thuythu.com\/kingson\/chinh-sach\/chinh-sach-dai-ly\/","title":{"rendered":"Ch\u00ednh s\u00e1ch \u0111\u1ea1i l\u00fd"},"content":{"rendered":"<p><strong>NGUY\u00caN T\u1eaeC<\/strong><\/p>\n<p>H\u1ee3p t\u00e1c c\u00f9ng ph\u00e1t tri\u1ec3n, \u0111\u00f4i b\u00ean c\u00f9ng c\u00f3 l\u1ee3i<\/p>\n<p>Quan t\u00e2m, h\u1ed7 tr\u1ee3 t\u1ed1i \u0111a cho \u0111\u1ea1i l\u00fd<\/p>\n<p>B\u1ea3o v\u1ec7 l\u1ee3i \u00edch c\u1ee7a \u0111\u1ea1i l\u00fd v\u00e0 t\u00ednh c\u00f4ng b\u1eb1ng tr\u00ean to\u00e0n h\u1ec7 th\u1ed1ng<\/p>\n<p><strong>CHI\u1ebeT KH\u1ea4U MUA H\u00c0NG<\/strong><\/p>\n<p>D\u1ef1a v\u00e0o ti\u00eau ch\u00ed doanh s\u1ed1 m\u00e0 \u0111\u1ea1i l\u00fd s\u1ebd \u0111\u01b0\u1ee3c h\u01b0\u1edfng c\u00e1c m\u1ee9c chi\u1ebft kh\u1ea5u kh\u00e1c nhau. \u0110\u1ec3 \u0111\u01b0\u1ee3c t\u01b0 v\u1ea5n k\u1ef9 h\u01a1n qu\u00fd kh\u00e1ch h\u00e3y li\u00ean h\u1ec7 hotline KINGSON.<\/p>\n<p>Ch\u00ednh s\u00e1ch chi\u1ebft kh\u1ea5u \u0111\u1ed9c l\u1eadp v\u00e0 \u0111\u01b0\u1ee3c ti\u1ebfn h\u00e0nh song song v\u1edbi c\u00e1c ch\u01b0\u01a1ng tr\u00ecnh h\u1ed7 tr\u1ee3 ho\u1eb7c th\u00fac \u0111\u1ea9y kinh doanh kh\u00e1c t\u1eeb KINGSON<\/p>\n<p><strong>CH\u00cdNH S\u00c1CH PH\u00c1T TRI\u1ec2N M\u1edaI<\/strong><\/p>\n<p>Khuy\u1ebfn kh\u00edch ph\u00e2n ph\u1ed1i \u0111\u1ed9c quy\u1ec1n s\u1ea3n ph\u1ea9m KINGSON<\/p>\n<p>Khuy\u1ebfn kh\u00edch \u0111\u1ea1i l\u00fd \u0111\u1ed9c quy\u1ec1n trong khu v\u1ef1c nh\u1ea5t \u0111\u1ecbnh<\/p>\n<p><strong>CH\u00cdNH S\u00c1CH H\u1ed6 TR\u1ee2<\/strong><\/p>\n<p><strong>H\u1ed7 tr\u1ee3 v\u1ec1 PR \u2013 Marketing:<\/strong><\/p>\n<p>Qu\u00fd \u0111\u1ea1i l\u00fd \u0111\u01b0\u1ee3c h\u1ed7 tr\u1ee3 catalogue, t\u1edd r\u01a1i, banner, \u2026 theo c\u00e1c ch\u01b0\u01a1ng tr\u00ecnh c\u1ee7a KINGSON. Th\u00f4ng tin v\u1ec1 \u0111\u1ea1i l\u00fd, nh\u00e0 ph\u00e2n ph\u1ed1i s\u1ebd \u0111\u01b0\u1ee3c qu\u1ea3ng c\u00e1o tr\u00ean c\u00e1c ph\u01b0\u01a1ng ti\u1ec7n truy\u1ec1n th\u00f4ng v\u00e0 website c\u1ee7a KINGSON.<\/p>\n<p>Qu\u00fd \u0111\u1ea1i l\u00fd \u0111\u01b0\u1ee3c tham gia t\u1ea5t c\u1ea3 c\u00e1c ch\u01b0\u01a1ng tr\u00ecnh khuy\u1ebfn m\u00e3i v\u00e0 th\u00fac \u0111\u1ea9y b\u00e1n h\u00e0ng c\u1ee7a KINGSON.<\/p>\n<p>Qu\u00fd \u0111\u1ea1i l\u00fd \u0111\u01b0\u1ee3c c\u1eadp nh\u1eadt th\u00f4ng tin v\u1ec1 gi\u00e1 c\u1ea3, th\u00f4ng tin v\u1ec1 h\u00e0ng ho\u00e1, s\u1ea3n ph\u1ea9m, ch\u00ednh s\u00e1ch m\u1edbi, c\u00e1c ch\u01b0\u01a1ng tr\u00ecnh marketing, c\u00e1c t\u00e0i li\u1ec7u th\u00fac \u0111\u1ea9y b\u00e1n h\u00e0ng.<\/p>\n<p><strong>H\u1ed7 tr\u1ee3 v\u1ec1 k\u1ef9 thu\u1eadt, gi\u1ea3i ph\u00e1p<\/strong><\/p>\n<p>Qu\u00fd \u0111\u1ea1i l\u00fd \u0111\u01b0\u1ee3c h\u1ed7 tr\u1ee3 k\u1ef9 thu\u1eadt qua \u0111i\u1ec7n tho\u1ea1i., h\u1ed7 tr\u1ee3 t\u01b0 v\u1ea5n k\u1ef9 thu\u1eadt tr\u1ef1c ti\u1ebfp t\u1eadn n\u01a1i khi c\u00f3 y\u00eau c\u1ea7u<\/p>\n<p>Qu\u00fd \u0111\u1ea1i l\u00fd \u0111\u01b0\u1ee3c h\u01b0\u1edbng d\u1eabn t\u01b0 v\u1ea5n s\u1eed d\u1ee5ng s\u1ea3n ph\u1ea9m, h\u01b0\u1edbng d\u1eabn t\u01b0 v\u1ea5n b\u00e1n h\u00e0ng ph\u00f9 h\u1ee3p v\u1edbi t\u1eebng d\u00f2ng s\u1ea3n ph\u1ea9m.<\/p>\n<p>Khi tham gia th\u1ea7u v\u00e0 d\u1ef1 \u00e1n, Qu\u00fd \u0111\u1ea1i l\u00fd s\u1ebd \u0111\u01b0\u1ee3c KINGSON t\u01b0 v\u1ea5n v\u00e0 h\u1ed7 tr\u1ee3 v\u1ec1 gi\u1ea3i ph\u00e1p v\u00e0 k\u1ef9 thu\u1eadt li\u00ean quan s\u1ea3n ph\u1ea9m n\u1ebfu c\u00f3 y\u00eau c\u1ea7u.<\/p>\n<p><strong>H\u1ed7 tr\u1ee3 v\u1ec1 h\u00e0ng h\u00f3a<\/strong><\/p>\n<p>\u0110\u1ed5i tr\u1ea3 h\u00e0ng h\u00f3a v\u00e0 giao nh\u1eadn<\/p>\n","protected":false},"excerpt":{"rendered":"<p>NGUY\u00caN T\u1eaeC H\u1ee3p t\u00e1c c\u00f9ng ph\u00e1t tri\u1ec3n, \u0111\u00f4i b\u00ean c\u00f9ng c\u00f3 l\u1ee3i Quan t\u00e2m, h\u1ed7 tr\u1ee3 t\u1ed1i \u0111a cho \u0111\u1ea1i l\u00fd B\u1ea3o v\u1ec7 l\u1ee3i \u00edch c\u1ee7a \u0111\u1ea1i l\u00fd v\u00e0 t\u00ednh c\u00f4ng b\u1eb1ng tr\u00ean to\u00e0n h\u1ec7 th\u1ed1ng CHI\u1ebeT KH\u1ea4U MUA H\u00c0NG D\u1ef1a v\u00e0o ti\u00eau ch\u00ed doanh s\u1ed1 m\u00e0 \u0111\u1ea1i l\u00fd s\u1ebd \u0111\u01b0\u1ee3c h\u01b0\u1edfng c\u00e1c m\u1ee9c chi\u1ebft &#8230; <a title=\"Ch\u00ednh s\u00e1ch \u0111\u1ea1i l\u00fd\" class=\"read-more\" href=\"https:\/\/demo8.thuythu.com\/kingson\/chinh-sach\/chinh-sach-dai-ly\/\" aria-label=\"More on Ch\u00ednh s\u00e1ch \u0111\u1ea1i l\u00fd\">Read more<\/a><\/p>\n","protected":false},"author":1,"featured_media":0,"parent":865,"menu_order":0,"comment_status":"closed","ping_status":"closed","template":"","meta":[],"acf":[],"_links":{"self":[{"href":"https:\/\/demo8.thuythu.com\/kingson\/wp-json\/wp\/v2\/pages\/1740"}],"collection":[{"href":"https:\/\/demo8.thuythu.com\/kingson\/wp-json\/wp\/v2\/pages"}],"about":[{"href":"https:\/\/demo8.thuythu.com\/kingson\/wp-json\/wp\/v2\/types\/page"}],"author":[{"embeddable":true,"href":"https:\/\/demo8.thuythu.com\/kingson\/wp-json\/wp\/v2\/users\/1"}],"replies":[{"embeddable":true,"href":"https:\/\/demo8.thuythu.com\/kingson\/wp-json\/wp\/v2\/comments?post=1740"}],"version-history":[{"count":3,"href":"https:\/\/demo8.thuythu.com\/kingson\/wp-json\/wp\/v2\/pages\/1740\/revisions"}],"predecessor-version":[{"id":6962,"href":"https:\/\/demo8.thuythu.com\/kingson\/wp-json\/wp\/v2\/pages\/1740\/revisions\/6962"}],"up":[{"embeddable":true,"href":"https:\/\/demo8.thuythu.com\/kingson\/wp-json\/wp\/v2\/pages\/865"}],"wp:attachment":[{"href":"https:\/\/demo8.thuythu.com\/kingson\/wp-json\/wp\/v2\/media?parent=1740"}],"curies":[{"name":"wp","href":"https:\/\/api.w.org\/{rel}","templated":true}]}}