{"id":6303,"date":"2023-05-23T08:01:48","date_gmt":"2023-05-23T08:01:48","guid":{"rendered":"https:\/\/demo8.thuythu.com\/kingson\/?page_id=6303"},"modified":"2023-09-25T05:05:28","modified_gmt":"2023-09-25T05:05:28","slug":"thuong-hieu","status":"publish","type":"page","link":"https:\/\/demo8.thuythu.com\/kingson\/thuong-hieu\/","title":{"rendered":"TH\u01af\u01a0NG HI\u1ec6U C\u1ee6A KINGSON"},"content":{"rendered":"<p>H\u01a1n 8 n\u0103m h\u00ecnh th\u00e0nh v\u00e0 ph\u00e1t tri\u1ec3n, C\u00f4ng ty KINGSON \u0111\u00e3 kh\u00f4ng ng\u1eebng s\u00e1ng t\u1ea1o v\u00e0 t\u1ef1 h\u00e0o l\u00e0 nh\u00e0 ti\u00ean phong trong ng\u00e0nh s\u1ea3n xu\u1ea5t s\u01a1n, ch\u1ed1ng th\u1ea5m, c\u00e1c lo\u1ea1i ph\u1ee5 gia ch\u1ed1ng th\u1ea5m v\u00e0 c\u00e1c s\u1ea3n ph\u1ea9m li\u00ean quan \u0111\u1ebfn x\u00e2y d\u1ef1ng t\u1ea1i Vi\u1ec7t Nam.<\/p>\n<p>C\u00e1c nh\u00e3n hi\u1ec7u v\u00e0 s\u1ea3n ph\u1ea9m c\u1ee7a KINGSON \u0111\u00e3 ph\u1ee7 kh\u1eafp m\u1ecdi mi\u1ec1n c\u1ee7a \u0111\u1ea5t n\u01b0\u1edbc. Chi\u1ebfm l\u0129nh th\u1ecb tr\u01b0\u1eddng ph\u1ea7n l\u1edbn t\u1ea1i h\u01a1n 30 t\u1ec9nh th\u00e0nh thu\u1ed9c c\u00e1c khu v\u1ef1c mi\u1ec1n t\u00e2y, mi\u1ec1n \u0110\u00f4ng Nam B\u1ed9, mi\u1ec1n trung, v\u00e0 T\u00e2y Nguy\u00ean. Tr\u1ea3i qua nh\u1eefng s\u1ef1 th\u0103ng tr\u1ea7m, doanh nghi\u1ec7p \u0111\u00e3 kh\u1eb3ng \u0111\u1ecbnh \u0111\u01b0\u1ee3c v\u1ecb th\u1ebf c\u1ee7a m\u00ecnh tr\u00ean th\u1ecb tr\u01b0\u1eddng trong n\u01b0\u1edbc v\u1edbi c\u00e1c nh\u00e3n hi\u1ec7u KINGSON, KINGKOTE, KINGCOAT, NOVA, v\u00e0 SOWA.<\/p>\n","protected":false},"excerpt":{"rendered":"<p>H\u01a1n 8 n\u0103m h\u00ecnh th\u00e0nh v\u00e0 ph\u00e1t tri\u1ec3n, C\u00f4ng ty KINGSON \u0111\u00e3 kh\u00f4ng ng\u1eebng s\u00e1ng t\u1ea1o v\u00e0 t\u1ef1 h\u00e0o l\u00e0 nh\u00e0 ti\u00ean phong trong ng\u00e0nh s\u1ea3n xu\u1ea5t s\u01a1n, ch\u1ed1ng th\u1ea5m, c\u00e1c lo\u1ea1i ph\u1ee5 gia ch\u1ed1ng th\u1ea5m v\u00e0 c\u00e1c s\u1ea3n ph\u1ea9m li\u00ean quan \u0111\u1ebfn x\u00e2y d\u1ef1ng t\u1ea1i Vi\u1ec7t Nam. C\u00e1c nh\u00e3n hi\u1ec7u v\u00e0 s\u1ea3n ph\u1ea9m c\u1ee7a &#8230; <a title=\"TH\u01af\u01a0NG HI\u1ec6U C\u1ee6A KINGSON\" class=\"read-more\" href=\"https:\/\/demo8.thuythu.com\/kingson\/thuong-hieu\/\" aria-label=\"More on TH\u01af\u01a0NG HI\u1ec6U C\u1ee6A KINGSON\">Read more<\/a><\/p>\n","protected":false},"author":1,"featured_media":0,"parent":0,"menu_order":0,"comment_status":"closed","ping_status":"closed","template":"templates\/product.php","meta":[],"acf":[],"_links":{"self":[{"href":"https:\/\/demo8.thuythu.com\/kingson\/wp-json\/wp\/v2\/pages\/6303"}],"collection":[{"href":"https:\/\/demo8.thuythu.com\/kingson\/wp-json\/wp\/v2\/pages"}],"about":[{"href":"https:\/\/demo8.thuythu.com\/kingson\/wp-json\/wp\/v2\/types\/page"}],"author":[{"embeddable":true,"href":"https:\/\/demo8.thuythu.com\/kingson\/wp-json\/wp\/v2\/users\/1"}],"replies":[{"embeddable":true,"href":"https:\/\/demo8.thuythu.com\/kingson\/wp-json\/wp\/v2\/comments?post=6303"}],"version-history":[{"count":31,"href":"https:\/\/demo8.thuythu.com\/kingson\/wp-json\/wp\/v2\/pages\/6303\/revisions"}],"predecessor-version":[{"id":7604,"href":"https:\/\/demo8.thuythu.com\/kingson\/wp-json\/wp\/v2\/pages\/6303\/revisions\/7604"}],"wp:attachment":[{"href":"https:\/\/demo8.thuythu.com\/kingson\/wp-json\/wp\/v2\/media?parent=6303"}],"curies":[{"name":"wp","href":"https:\/\/api.w.org\/{rel}","templated":true}]}}