{"id":6355,"date":"2023-05-23T14:37:11","date_gmt":"2023-05-23T14:37:11","guid":{"rendered":"https:\/\/demo8.thuythu.com\/kingson\/?page_id=6355"},"modified":"2023-09-18T06:02:42","modified_gmt":"2023-09-18T06:02:42","slug":"du-an-thuc-hien","status":"publish","type":"page","link":"https:\/\/demo8.thuythu.com\/kingson\/du-an-thuc-hien\/","title":{"rendered":"D\u1ef1 \u00e1n th\u1ef1c hi\u1ec7n"},"content":{"rendered":"<p>KINGSON PAINT, l\u00e0 m\u1ed9t t\u00ean tu\u1ed5i h\u00e0ng \u0111\u1ea7u trong ng\u00e0nh c\u00f4ng nghi\u1ec7p s\u01a1n v\u00e0 ch\u1ea5t ph\u1ee7, \u0111\u00e3 x\u00e2y d\u1ef1ng danh ti\u1ebfng c\u1ee7a m\u00ecnh b\u1eb1ng vi\u1ec7c cung c\u1ea5p c\u00e1c s\u1ea3n ph\u1ea9m v\u00e0 d\u1ecbch v\u1ee5 ch\u1ea5t l\u01b0\u1ee3ng t\u1ed1i \u01b0u cho c\u00e1c d\u1ef1 \u00e1n l\u1edbn tr\u00ean to\u00e0n qu\u1ed1c. V\u1edbi h\u01a1n 9 n\u0103m kinh nghi\u1ec7m trong ng\u00e0nh v\u00e0 s\u1ef1 cam k\u1ebft v\u1ec1 ch\u1ea5t l\u01b0\u1ee3ng, KINGSON PAINT \u0111\u00e3 tr\u1edf th\u00e0nh s\u1ef1 l\u1ef1a ch\u1ecdn h\u00e0ng \u0111\u1ea7u cho c\u00e1c nh\u00e0 th\u1ea7u, ki\u1ebfn tr\u00fac s\u01b0 v\u00e0 ch\u1ee7 \u0111\u1ea7u t\u01b0.<\/p>\n","protected":false},"excerpt":{"rendered":"<p>KINGSON PAINT, l\u00e0 m\u1ed9t t\u00ean tu\u1ed5i h\u00e0ng \u0111\u1ea7u trong ng\u00e0nh c\u00f4ng nghi\u1ec7p s\u01a1n v\u00e0 ch\u1ea5t ph\u1ee7, \u0111\u00e3 x\u00e2y d\u1ef1ng danh ti\u1ebfng c\u1ee7a m\u00ecnh b\u1eb1ng vi\u1ec7c cung c\u1ea5p c\u00e1c s\u1ea3n ph\u1ea9m v\u00e0 d\u1ecbch v\u1ee5 ch\u1ea5t l\u01b0\u1ee3ng t\u1ed1i \u01b0u cho c\u00e1c d\u1ef1 \u00e1n l\u1edbn tr\u00ean to\u00e0n qu\u1ed1c. V\u1edbi h\u01a1n 9 n\u0103m kinh nghi\u1ec7m trong ng\u00e0nh v\u00e0 s\u1ef1 &#8230; <a title=\"D\u1ef1 \u00e1n th\u1ef1c hi\u1ec7n\" class=\"read-more\" href=\"https:\/\/demo8.thuythu.com\/kingson\/du-an-thuc-hien\/\" aria-label=\"More on D\u1ef1 \u00e1n th\u1ef1c hi\u1ec7n\">Read more<\/a><\/p>\n","protected":false},"author":1,"featured_media":0,"parent":0,"menu_order":0,"comment_status":"closed","ping_status":"closed","template":"templates\/project.php","meta":[],"acf":[],"_links":{"self":[{"href":"https:\/\/demo8.thuythu.com\/kingson\/wp-json\/wp\/v2\/pages\/6355"}],"collection":[{"href":"https:\/\/demo8.thuythu.com\/kingson\/wp-json\/wp\/v2\/pages"}],"about":[{"href":"https:\/\/demo8.thuythu.com\/kingson\/wp-json\/wp\/v2\/types\/page"}],"author":[{"embeddable":true,"href":"https:\/\/demo8.thuythu.com\/kingson\/wp-json\/wp\/v2\/users\/1"}],"replies":[{"embeddable":true,"href":"https:\/\/demo8.thuythu.com\/kingson\/wp-json\/wp\/v2\/comments?post=6355"}],"version-history":[{"count":5,"href":"https:\/\/demo8.thuythu.com\/kingson\/wp-json\/wp\/v2\/pages\/6355\/revisions"}],"predecessor-version":[{"id":7520,"href":"https:\/\/demo8.thuythu.com\/kingson\/wp-json\/wp\/v2\/pages\/6355\/revisions\/7520"}],"wp:attachment":[{"href":"https:\/\/demo8.thuythu.com\/kingson\/wp-json\/wp\/v2\/media?parent=6355"}],"curies":[{"name":"wp","href":"https:\/\/api.w.org\/{rel}","templated":true}]}}