{"id":7123,"date":"2023-07-24T05:08:48","date_gmt":"2023-07-24T05:08:48","guid":{"rendered":"https:\/\/demo8.thuythu.com\/kingson\/?post_type=product&#038;p=7123"},"modified":"2023-08-18T04:09:14","modified_gmt":"2023-08-18T04:09:14","slug":"son-noi-that-navy-int","status":"publish","type":"product","link":"https:\/\/demo8.thuythu.com\/kingson\/nova\/son-noi-that-navy-int\/","title":{"rendered":"NAVY INT"},"content":{"rendered":"<div class=\"wap-title-tt\">\n<div class=\"wap-title-tt\">\n<h2 class=\"title-tt font-weight-bold mb-3\"><span class=\"ez-toc-section\" id=\"Dac_tinh_vuot_troi\"><\/span>\u0110\u1eb7c t\u00ednh v\u01b0\u1ee3t tr\u1ed9i<span class=\"ez-toc-section-end\"><\/span><\/h2>\n<p>&nbsp;<\/p>\n<\/div>\n<div class=\"mb-4\">\n<p><em><strong>S\u01a1n n\u1ed9i th\u1ea5t NAVY (NAVY INT)<\/strong><\/em>, d\u1ec5 lau ch\u00f9i, l\u00e0 l\u1ef1a ch\u1ecdn \u01b0u vi\u1ec7t gi\u00fap t\u00f4 \u0111i\u1ec3m v\u00e0 t\u1ea1o n\u00ean m\u1ed9t v\u1ebb \u0111\u1eb9p c\u1ed5 \u0111i\u1ec3n cho ng\u00f4i nh\u00e0 b\u1ea1n. <strong>NAVY INT<\/strong> t\u1ef1 h\u00e0o mang \u0111\u1ebfn s\u1ef1 ti\u1ec7n l\u1ee3i \u0111\u1eb7c bi\u1ec7t khi gi\u00fap t\u01b0\u1eddng nh\u00e0 b\u1ea1n lu\u00f4n s\u1ea1ch s\u1ebd h\u01a1n. Nh\u1edd c\u00f4ng ngh\u1ec7 lau ch\u00f9i v\u1ebft b\u1ea9n hi\u1ec7n \u0111\u1ea1i, m\u1ecdi v\u1ebft b\u1ea9n d\u1ec5 d\u00e0ng \u0111\u01b0\u1ee3c lo\u1ea1i b\u1ecf m\u00e0 kh\u00f4ng l\u00e0m \u1ea3nh h\u01b0\u1edfng t\u1edbi m\u00e0ng s\u01a1n.<\/p>\n<p>Th\u1ebf m\u1ea1nh c\u1ee7a s\u1ea3n ph\u1ea9m n\u00e0y kh\u00f4ng ch\u1ec9 d\u1eebng l\u1ea1i \u1edf kh\u1ea3 n\u0103ng lau ch\u00f9i t\u1ed1t. S\u1eed d\u1ee5ng c\u00f4ng ngh\u1ec7 ti\u00ean ti\u1ebfn, NAVY INT kh\u00f4ng ch\u1ec9 \u0111\u1ea3m b\u1ea3o m\u00e0u s\u1eafc s\u01a1n t\u01b0\u01a1i s\u00e1ng, b\u1ec1n l\u00e2u m\u00e0 c\u00f2n gi\u00fap t\u01b0\u1eddng nh\u00e0 tr\u1edf n\u00ean th\u00eam ph\u1ea7n t\u01b0\u01a1i m\u1edbi, ngay c\u1ea3 sau th\u1eddi gian d\u00e0i s\u1eed d\u1ee5ng.<\/p>\n<p>V\u1edbi <strong>NAVY INT<\/strong>, t\u1ed5 \u1ea5m c\u1ee7a b\u1ea1n s\u1ebd lu\u00f4n tr\u1edf th\u00e0nh m\u1ed9t kh\u00f4ng gian s\u1ed1ng tuy\u1ec7t v\u1eddi, tho\u1ea3i m\u00e1i v\u00e0 d\u1ec5 ch\u1ecbu. T\u1eebng n\u00e9t m\u00e0u s\u1eafc, t\u1eebng g\u00f3c c\u1ea1nh s\u1ebd \u0111\u01b0\u1ee3c n\u00e2ng niu, gi\u00fap cho kh\u00f4ng gian s\u1ed1ng tr\u1edf n\u00ean s\u1ed1ng \u0111\u1ed9ng h\u01a1n. M\u1ed9t ng\u00f4i nh\u00e0 \u0111\u1eb9p, \u1ea5m c\u00fang ch\u00ednh l\u00e0 n\u01a1i h\u1ea1nh ph\u00fac nh\u1ea5t \u0111\u1ec3 tr\u1edf v\u1ec1, v\u00e0 <strong>NAVY INT<\/strong> t\u1ef1 h\u00e0o gi\u00fap b\u1ea1n th\u1ef1c hi\u1ec7n \u0111i\u1ec1u \u0111\u00f3.<\/p>\n<p>Ch\u1ecdn <strong>NAVY INT<\/strong>, b\u1ea1n ch\u1ecdn m\u1ed9t s\u1ef1 k\u1ebft h\u1ee3p ho\u00e0n h\u1ea3o gi\u1eefa v\u1ebb \u0111\u1eb9p c\u1ed5 \u0111i\u1ec3n v\u00e0 c\u00f4ng ngh\u1ec7 hi\u1ec7n \u0111\u1ea1i, t\u1ea1o n\u00ean m\u1ed9t kh\u00f4ng gian s\u1ed1ng l\u00fd t\u01b0\u1edfng &#8211; n\u01a1i b\u1ea1n c\u00f3 th\u1ec3 t\u1eadn h\u01b0\u1edfng t\u1eebng ph\u00fat gi\u00e2y b\u00ean ng\u01b0\u1eddi th\u00e2n y\u00eau.<\/p>\n<\/div>\n<div class=\"wap-title-tt\">\n<h2 class=\"title-tt font-weight-bold mb-3\"><span class=\"ez-toc-section\" id=\"Thong_tin_san_pham\"><\/span>Th\u00f4ng tin s\u1ea3n ph\u1ea9m<span class=\"ez-toc-section-end\"><\/span><\/h2>\n<p>&nbsp;<\/p>\n<\/div>\n<div class=\"mb-4\">\n<h3><span class=\"ez-toc-section\" id=\"Chi_tieu_ky_thuat\"><\/span><strong>Ch\u1ec9 ti\u00eau k\u1ef9 thu\u1eadt<\/strong><span class=\"ez-toc-section-end\"><\/span><\/h3>\n<table style=\"width: 100%; height: 136px;\" border=\"1\" cellspacing=\"0\" cellpadding=\"0\">\n<tbody>\n<tr>\n<td style=\"width: 19.9588%;\"><strong>STT<\/strong><\/td>\n<td style=\"width: 19.9588%;\"><strong>T\u00ean ch\u1ec9 ti\u00eau<\/strong><\/td>\n<td style=\"width: 19.9588%;\"><strong>\u0110\u01a1n v\u1ecb<\/strong><\/td>\n<td style=\"width: 19.9588%;\"><strong>K\u1ebft qu\u1ea3<\/strong><\/td>\n<td style=\"width: 19.9588%;\"><strong>Ph\u01b0\u01a1ng ph\u00e1p th\u1eed<\/strong><\/td>\n<\/tr>\n<tr>\n<td style=\"width: 19.9588%;\">1<\/td>\n<td style=\"width: 19.9588%;\">\u0110\u1ed9 b\u1ec1n l\u1edbp s\u01a1n ph\u1ee7<\/td>\n<td style=\"width: 19.9588%;\">Lo\u1ea1i<\/td>\n<td style=\"width: 19.9588%;\">0<\/td>\n<td style=\"width: 19.9588%;\">TCVN 2097:2015<\/td>\n<\/tr>\n<tr>\n<td style=\"width: 19.9588%;\">2<\/td>\n<td style=\"width: 19.9588%;\">\u0110\u1ed9 r\u1eeda tr\u00f4i<\/td>\n<td style=\"width: 19.9588%;\">&#8211;<\/td>\n<td style=\"width: 19.9588%;\">Kh\u00f4ng bong r\u1ed9p<\/td>\n<td style=\"width: 19.9588%;\">TCVN 8653-4:2012<\/td>\n<\/tr>\n<\/tbody>\n<\/table>\n<h3><span class=\"ez-toc-section\" id=\"Thanh_phan_cau_tao\"><\/span><strong>Th\u00e0nh ph\u1ea7n c\u1ea5u t\u1ea1o<\/strong><span class=\"ez-toc-section-end\"><\/span><\/h3>\n<ul>\n<li>N\u01b0\u1edbc, b\u1ed9t kho\u00e1ng, ch\u1ea5t b\u1ec1n m\u00e0u;<\/li>\n<li>Kh\u00f4ng ch\u1ee9a ch\u00ec v\u00e0 nh\u1ef1a g\u1ed1c Acrylic.<\/li>\n<\/ul>\n<h3><span class=\"ez-toc-section\" id=\"Dieu_kien_thi_cong\"><\/span><strong>\u0110i\u1ec1u ki\u1ec7n thi c\u00f4ng<\/strong><span class=\"ez-toc-section-end\"><\/span><\/h3>\n<p>T\u01b0\u1eddng ph\u1ea3i \u0111\u01b0\u1ee3c x\u1eed l\u00fd tr\u01b0\u1edbc khi s\u01a1n, t\u1ea5t c\u1ea3 b\u1ec1 m\u1eb7t \u0111\u01b0\u1ee3c s\u01a1n ph\u1ea3i s\u1ea1ch v\u00e0 kh\u00f4, \u0111\u1ed9 \u1ea9m c\u1ee7a b\u1ec1 m\u1eb7t d\u01b0\u1edbi 16% theo m\u00e1y \u0111o \u0111\u1ed9 \u1ea9m Protimeter hay b\u1ec1 m\u1eb7t t\u01b0\u1eddng kh\u00f4 t\u1eeb 21 &#8211; 28 ng\u00e0y trong \u0111i\u1ec1u ki\u1ec7n b\u00ecnh th\u01b0\u1eddng. T\u01b0\u1eddng kh\u00f4ng b\u00e1m b\u1ee5i, d\u1ea7u m\u1ee1, ph\u1ea3i lo\u1ea1i b\u1ecf l\u1edbp s\u01a1n c\u0169 b\u1ecb bong. N\u1ebfu b\u1ec1 m\u1eb7t s\u01a1n b\u1ecb r\u00eau m\u1ed1c, ph\u1ea3i ti\u00eau di\u1ec7t h\u1ebft r\u00eau m\u1ed1c, khu\u1ea5y \u0111\u1ec1u tr\u01b0\u1edbc khi s\u01a1n v\u00e0 \u0111\u1ecdc k\u1ef9 h\u01b0\u1edbng d\u1eabn tr\u01b0\u1edbc khi s\u1eed d\u1ee5ng.<\/p>\n<h3><span class=\"ez-toc-section\" id=\"Bao_quan\"><\/span><strong>B\u1ea3o qu\u1ea3n<\/strong><span class=\"ez-toc-section-end\"><\/span><\/h3>\n<ul>\n<li>\u0110\u1eady k\u00edn n\u1eafp, \u0111\u1ec3 n\u01a1i kh\u00f4 r\u00e1o, tho\u00e1ng m\u00e1t;<\/li>\n<li>K\u1ebft h\u1ee3p v\u1edbi th\u00f4ng gi\u00f3 t\u1ed1t;<\/li>\n<li>C\u00e1ch xa ngu\u1ed3n nhi\u1ec7t v\u00e0 thi\u1ebft b\u1ecb ph\u00e1t l\u1eeda.<\/li>\n<\/ul>\n<\/div>\n<h2 class=\" font-weight-bold mb-3\"><span class=\"ez-toc-section\" id=\"Dac_tinh_noi_bat\"><\/span>\u0110\u1eb7c t\u00ednh n\u1ed5i b\u1eadt<span class=\"ez-toc-section-end\"><\/span><\/h2>\n<p>&nbsp;<\/p>\n<div class=\"dac-tinh mb-4\">\n<h2><\/h2>\n<h2 class=\" font-weight-bold mb-3\"><span class=\"ez-toc-section\" id=\"i\"><\/span><img class=\"\" style=\"font-size: 16px;\" title=\"S\u01a0N L\u00d3T KH\u00c1NG MU\u1ed0I NGO\u1ea0I TH\u1ea4T - SALT RESISTANT LINING\" src=\"https:\/\/bewin-coating.vn\/image\/cache\/catalog\/icon\/icon-07-2-100x100.png\" alt=\"S\u01a0N L\u00d3T KH\u00c1NG MU\u1ed0I NGO\u1ea0I TH\u1ea4T - SALT RESISTANT LINING\" \/>\u00a0\u00a0 \u00a0<img class=\"\" style=\"font-size: 16px;\" title=\"S\u01a0N L\u00d3T KH\u00c1NG MU\u1ed0I NGO\u1ea0I TH\u1ea4T - SALT RESISTANT LINING\" src=\"https:\/\/bewin-coating.vn\/image\/cache\/catalog\/icon\/icon-04-100x100.png\" alt=\"S\u01a0N L\u00d3T KH\u00c1NG MU\u1ed0I NGO\u1ea0I TH\u1ea4T - SALT RESISTANT LINING\" \/><span style=\"font-size: 16px;\">\u00a0 \u00a0 \u00a0<\/span><img style=\"font-size: 16px;\" title=\"CH\u1ed0NG TH\u1ea4M M\u00c0U - CTM\" src=\"https:\/\/bewin-coating.vn\/image\/cache\/catalog\/icon\/icon-09-100x100.png\" alt=\"CH\u1ed0NG TH\u1ea4M M\u00c0U - CTM\" \/><span style=\"font-size: 16px;\"> \u00a0\u00a0 <\/span><img style=\"font-size: 16px;\" src=\"https:\/\/bewin-coating.vn\/image\/cache\/catalog\/icon\/icon-03-100x100.png\" alt=\"S\u01a0N SI\u00caU B\u00d3NG NGO\u1ea0I TH\u1ea4T NANO - SUPER GLOSS NANO\" \/><span class=\"ez-toc-section-end\"><\/span><\/h2>\n<h2 class=\" font-weight-bold mb-3\"><\/h2>\n<\/div>\n<div><\/div>\n<div><\/div>\n<div><\/div>\n<div>\n<p><span style=\"font-size: 10pt;\"><em><strong>Th\u00f4ng tin an to\u00e0n, s\u1ee9c kh\u1ecfe v\u00e0 m\u00f4i tr\u01b0\u1eddng<\/strong><\/em><\/span><\/p>\n<ul>\n<li><span style=\"font-size: 10pt;\"><em>\u0110\u1ec3 xa \u0111\u1ed3 \u0103n th\u1ee9c u\u1ed1ng, th\u1ee9c \u0103n gia s\u00fac v\u00e0 xa t\u1ea7m tay v\u1edbi c\u1ee7a tr\u1ebb em;<\/em><\/span><\/li>\n<li><span style=\"font-size: 10pt;\"><em> Thi c\u00f4ng \u1edf n\u01a1i th\u00f4ng tho\u00e1ng. Tr\u00e1nh h\u00edt b\u1ee5i s\u01a1n. N\u00ean mang kh\u1ea9u trang trong l\u00fac ch\u00e0 nh\u00e1m;<\/em><\/span><\/li>\n<li><span style=\"font-size: 10pt;\"><em>Khi b\u1ecb d\u00ednh s\u01a1n v\u00e0o m\u1eaft n\u00ean r\u1eeda v\u1edbi th\u1eadt nhi\u1ec1u n\u01b0\u1edbc v\u00e0 \u0111i \u0111\u1ebfn b\u00e1c s\u0129;<\/em><\/span><\/li>\n<li><span style=\"font-size: 10pt;\"><em> D\u00f9ng x\u00e0 ph\u00f2ng ho\u1eb7c n\u01b0\u1edbc hay c\u00e1c ch\u1ea5t t\u1ea9y \u0111\u01b0\u1ee3c c\u00f4ng nh\u1eadn \u0111\u1ec3 r\u1eeda s\u1ea1ch c\u00e1c v\u1ebft s\u01a1n b\u00e1m tr\u00ean da;<\/em><\/span><\/li>\n<li><span style=\"font-size: 10pt;\"><em> Tr\u01b0\u1eddng h\u1ee3p b\u1ecb \u0111\u1ed5 s\u01a1n, thu gom s\u01a1n \u0111\u1ed5 ra ngo\u00e0i b\u1eb1ng \u0111\u1ea5t ho\u1eb7c c\u00e1t, kh\u00f4ng \u0111\u01b0\u1ee3c \u0111\u1ed5 s\u01a1n th\u1ea3i v\u00e0o c\u1ed1ng r\u00e3nh hay ngu\u1ed3n n\u01b0\u1edbc.<\/em><\/span><\/li>\n<\/ul>\n<\/div>\n<\/div>\n<div><\/div>\n","protected":false},"excerpt":{"rendered":"<p>\u0110\u1eb7c t\u00ednh v\u01b0\u1ee3t tr\u1ed9i &nbsp; S\u01a1n n\u1ed9i th\u1ea5t NAVY (NAVY INT), d\u1ec5 lau ch\u00f9i, l\u00e0 l\u1ef1a ch\u1ecdn \u01b0u vi\u1ec7t gi\u00fap t\u00f4 \u0111i\u1ec3m v\u00e0 t\u1ea1o n\u00ean m\u1ed9t v\u1ebb \u0111\u1eb9p c\u1ed5 \u0111i\u1ec3n cho ng\u00f4i nh\u00e0 b\u1ea1n. NAVY INT t\u1ef1 h\u00e0o mang \u0111\u1ebfn s\u1ef1 ti\u1ec7n l\u1ee3i \u0111\u1eb7c bi\u1ec7t khi gi\u00fap t\u01b0\u1eddng nh\u00e0 b\u1ea1n lu\u00f4n s\u1ea1ch s\u1ebd h\u01a1n. Nh\u1edd &#8230; <a title=\"NAVY INT\" class=\"read-more\" href=\"https:\/\/demo8.thuythu.com\/kingson\/nova\/son-noi-that-navy-int\/\" aria-label=\"More on NAVY INT\">Read more<\/a><\/p>\n","protected":false},"featured_media":7112,"comment_status":"closed","ping_status":"closed","template":"","meta":[],"product_cat":[286,35,296],"product_tag":[],"acf":[],"_links":{"self":[{"href":"https:\/\/demo8.thuythu.com\/kingson\/wp-json\/wp\/v2\/product\/7123"}],"collection":[{"href":"https:\/\/demo8.thuythu.com\/kingson\/wp-json\/wp\/v2\/product"}],"about":[{"href":"https:\/\/demo8.thuythu.com\/kingson\/wp-json\/wp\/v2\/types\/product"}],"replies":[{"embeddable":true,"href":"https:\/\/demo8.thuythu.com\/kingson\/wp-json\/wp\/v2\/comments?post=7123"}],"wp:featuredmedia":[{"embeddable":true,"href":"https:\/\/demo8.thuythu.com\/kingson\/wp-json\/wp\/v2\/media\/7112"}],"wp:attachment":[{"href":"https:\/\/demo8.thuythu.com\/kingson\/wp-json\/wp\/v2\/media?parent=7123"}],"wp:term":[{"taxonomy":"product_cat","embeddable":true,"href":"https:\/\/demo8.thuythu.com\/kingson\/wp-json\/wp\/v2\/product_cat?post=7123"},{"taxonomy":"product_tag","embeddable":true,"href":"https:\/\/demo8.thuythu.com\/kingson\/wp-json\/wp\/v2\/product_tag?post=7123"}],"curies":[{"name":"wp","href":"https:\/\/api.w.org\/{rel}","templated":true}]}}