{"id":7145,"date":"2023-07-24T07:32:32","date_gmt":"2023-07-24T07:32:32","guid":{"rendered":"https:\/\/demo8.thuythu.com\/kingson\/?post_type=product&#038;p=7145"},"modified":"2023-08-18T04:10:06","modified_gmt":"2023-08-18T04:10:06","slug":"son-ngoai-that-dumbo","status":"publish","type":"product","link":"https:\/\/demo8.thuythu.com\/kingson\/nova\/son-ngoai-that-dumbo\/","title":{"rendered":"DUMBO"},"content":{"rendered":"<div class=\"wap-title-tt\">\n<div class=\"wap-title-tt\">\n<h2 class=\"title-tt font-weight-bold mb-3\"><span class=\"ez-toc-section\" id=\"Dac_tinh_vuot_troi\"><\/span>\u0110\u1eb7c t\u00ednh v\u01b0\u1ee3t tr\u1ed9i<span class=\"ez-toc-section-end\"><\/span><\/h2>\n<p>&nbsp;<\/p>\n<\/div>\n<div class=\"mb-4\">\n<p><strong><em>S\u01a1n ngo\u1ea1i th\u1ea5t DUMBO<\/em><\/strong>, m\u1ed9t lo\u1ea1i s\u01a1n n\u01b0\u1edbc ngo\u1ea1i th\u1ea5t g\u1ed1c Acrylic ch\u1ea5t l\u01b0\u1ee3ng cao, l\u00e0 l\u1ef1a ch\u1ecdn l\u00fd t\u01b0\u1edfng \u0111\u1ec3 b\u1ea3o v\u1ec7 v\u00e0 l\u00e0m n\u1ed5i b\u1eadt c\u00f4ng tr\u00ecnh x\u00e2y d\u1ef1ng c\u1ee7a b\u1ea1n. \u0110\u01b0\u1ee3c nghi\u00ean c\u1ee9u v\u00e0 ph\u00e1t tri\u1ec3n \u0111\u1ec3 ph\u00f9 h\u1ee3p v\u1edbi c\u00e1c \u0111i\u1ec1u ki\u1ec7n kh\u00ed h\u1eadu \u0111\u1eb7c th\u00f9 c\u1ee7a Vi\u1ec7t Nam, <strong>DUMBO<\/strong> mang \u0111\u1ebfn s\u1ef1 b\u1ea3o v\u1ec7 t\u1ed1i \u0111a cho ng\u00f4i nh\u00e0 b\u1ea1n.<\/p>\n<div class=\"flex-1 overflow-hidden\">\n<div class=\"react-scroll-to-bottom--css-xqhvn-79elbk h-full dark:bg-gray-800\">\n<div class=\"react-scroll-to-bottom--css-xqhvn-1n7m0yu\">\n<div class=\"flex flex-col h-full text-sm dark:bg-gray-800\">\n<div class=\"group w-full text-gray-800 dark:text-gray-100 border-b border-black\/10 dark:border-gray-900\/50 bg-gray-50 dark:bg-[#444654]\">\n<div class=\"flex p-4 gap-4 text-base md:gap-6 md:max-w-2xl lg:max-w-[38rem] xl:max-w-3xl md:py-6 lg:px-0 m-auto\">\n<div class=\"relative flex w-[calc(100%-50px)] flex-col gap-1 md:gap-3 lg:w-[calc(100%-115px)]\">\n<div class=\"flex flex-grow flex-col gap-3\">\n<div class=\"min-h-[20px] flex items-start overflow-x-auto whitespace-pre-wrap break-words flex-col gap-4\">\n<div class=\"markdown prose w-full break-words dark:prose-invert light\">\n<p>D\u00f9ng <strong>DUMBO<\/strong> cho b\u1ec1 m\u1eb7t ngo\u1ea1i th\u1ea5t l\u00e0 b\u1ea1n \u0111ang \u0111\u1ea7u t\u01b0 v\u00e0o s\u1ef1 ho\u00e0n m\u1ef9, d\u00f9 l\u00e0 cho b\u1ec1 m\u1eb7t ch\u01b0a s\u01a1n, \u0111\u00e3 s\u01a1n hay nh\u1eefng b\u1ec1 m\u1eb7t c\u0169 c\u1ea7n \u0111\u01b0\u1ee3c t\u00e2n trang l\u1ea1i. <strong>DUMBO<\/strong> ch\u00ednh l\u00e0 gi\u1ea3i ph\u00e1p \u0111\u00e1ng tin c\u1eady \u0111\u1ec3 t\u00e1i t\u1ea1o v\u00e0 l\u00e0m m\u1edbi kh\u00f4ng gian s\u1ed1ng c\u1ee7a b\u1ea1n.<\/p>\n<p>\u0110\u1eb7c \u0111i\u1ec3m n\u1ed5i b\u1eadt c\u1ee7a <strong>DUMBO<\/strong> l\u00e0 m\u00e0ng s\u01a1n m\u1edd, t\u1ea1o ra v\u1ebb ngo\u00e0i tinh t\u1ebf v\u00e0 sang tr\u1ecdng. V\u1edbi \u0111\u1ed9 ph\u1ee7 cao, <strong>DUMBO<\/strong> c\u00f3 kh\u1ea3 n\u0103ng che l\u1ea5p c\u00e1c v\u1ebft n\u1ee9t nh\u1ecf, mang l\u1ea1i b\u1ec1 m\u1eb7t s\u01a1n nh\u1eb5n m\u1ecbn v\u00e0 t\u1ed1i \u01b0u cho c\u00f4ng tr\u00ecnh c\u1ee7a b\u1ea1n.<\/p>\n<p><strong>DUMBO<\/strong> kh\u00f4ng ch\u1ec9 mang l\u1ea1i s\u1ef1 tinh t\u1ebf v\u1ec1 th\u1ea9m m\u1ef9, m\u00e0 c\u00f2n mang t\u00ednh n\u0103ng kh\u00e1ng khu\u1ea9n, ch\u1ed1ng n\u1ea5m m\u1ed1c, gi\u00fap b\u1ea3o v\u1ec7 s\u1ee9c kh\u1ecfe v\u00e0 c\u1ea3nh quan c\u1ee7a b\u1ea1n. M\u00e0u s\u1eafc b\u1ec1n v\u00e0 t\u01b0\u01a1i t\u1eafn c\u1ee7a <strong>DUMBO<\/strong> s\u1ebd khi\u1ebfn ng\u00f4i nh\u00e0 b\u1ea1n tr\u1edf n\u00ean n\u1ed5i b\u1eadt v\u00e0 t\u01b0\u01a1i m\u1edbi qua th\u1eddi gian.<\/p>\n<p><strong>DUMBO<\/strong> kh\u00f4ng ch\u1ec9 ch\u1ea5t l\u01b0\u1ee3ng cao m\u00e0 c\u00f2n d\u1ec5 d\u00e0ng trong vi\u1ec7c thi c\u00f4ng, gi\u00fap ti\u1ebft ki\u1ec7m th\u1eddi gian v\u00e0 c\u00f4ng s\u1ee9c c\u1ee7a b\u1ea1n trong qu\u00e1 tr\u00ecnh thi c\u00f4ng. Khi l\u1ef1a ch\u1ecdn <strong>DUMBO<\/strong> , b\u1ea1n \u0111ang ch\u1ecdn m\u1ed9t gi\u1ea3i ph\u00e1p t\u1ed1i \u01b0u, kh\u00f4ng ch\u1ec9 cho ng\u00f4i nh\u00e0 hi\u1ec7n t\u1ea1i, m\u00e0 c\u00f2n cho t\u01b0\u01a1ng lai b\u1ec1n v\u1eefng v\u00e0 \u0111\u1eb9p m\u1eaft c\u1ee7a n\u00f3.<\/p>\n<\/div>\n<\/div>\n<\/div>\n<\/div>\n<\/div>\n<\/div>\n<\/div>\n<\/div>\n<\/div>\n<\/div>\n<\/div>\n<div class=\"wap-title-tt\">\n<h2 class=\"title-tt font-weight-bold mb-3\"><span class=\"ez-toc-section\" id=\"Thong_tin_san_pham\"><\/span>Th\u00f4ng tin s\u1ea3n ph\u1ea9m<span class=\"ez-toc-section-end\"><\/span><\/h2>\n<p>&nbsp;<\/p>\n<\/div>\n<div class=\"mb-4\">\n<h3><span class=\"ez-toc-section\" id=\"Chi_tieu_ky_thuat\"><\/span><strong>Ch\u1ec9 ti\u00eau k\u1ef9 thu\u1eadt<\/strong><span class=\"ez-toc-section-end\"><\/span><\/h3>\n<table style=\"width: 100%; height: 136px;\" border=\"1\" cellspacing=\"0\" cellpadding=\"0\">\n<tbody>\n<tr>\n<td style=\"width: 19.9588%;\"><strong>STT<\/strong><\/td>\n<td style=\"width: 19.9588%;\"><strong>T\u00ean ch\u1ec9 ti\u00eau<\/strong><\/td>\n<td style=\"width: 19.9588%;\"><strong>\u0110\u01a1n v\u1ecb<\/strong><\/td>\n<td style=\"width: 19.9588%;\"><strong>K\u1ebft qu\u1ea3<\/strong><\/td>\n<td style=\"width: 20.0464%;\"><strong>Ph\u01b0\u01a1ng ph\u00e1p th\u1eed<\/strong><\/td>\n<\/tr>\n<tr>\n<td style=\"width: 19.9588%;\">1<\/td>\n<td style=\"width: 19.9588%;\">\u0110\u1ed9 b\u1ec1n l\u1edbp s\u01a1n ph\u1ee7<\/td>\n<td style=\"width: 19.9588%;\">Lo\u1ea1i<\/td>\n<td style=\"width: 19.9588%;\"><\/td>\n<td style=\"width: 20.0464%;\">TCVN 2097:2015<\/td>\n<\/tr>\n<tr>\n<td style=\"width: 19.9588%;\">2<\/td>\n<td style=\"width: 19.9588%;\">\u0110\u1ed9 r\u1eeda tr\u00f4i<\/td>\n<td style=\"width: 19.9588%;\">&#8211;<\/td>\n<td style=\"width: 19.9588%;\">Kh\u00f4ng bong r\u1ed9p<\/td>\n<td style=\"width: 20.0464%;\">TCVN 8653-4:2012<\/td>\n<\/tr>\n<tr>\n<td style=\"width: 19.9588%;\">3<\/td>\n<td style=\"width: 19.9588%;\">Chu k\u00ec n\u00f3ng l\u1ea1nh s\u01a1n ph\u1ee7 ngo\u1ea1i th\u1ea5t t\u1ea1i chu k\u00ec 50<\/td>\n<td style=\"width: 19.9588%;\">&#8211;<\/td>\n<td style=\"width: 19.9588%;\">Kh\u00f4ng bong tr\u00f3c<\/td>\n<td style=\"width: 20.0464%;\">TCVN 8653-5:2012<\/td>\n<\/tr>\n<\/tbody>\n<\/table>\n<h3><span class=\"ez-toc-section\" id=\"Thanh_phan_cau_tao\"><\/span><strong>Th\u00e0nh ph\u1ea7n c\u1ea5u t\u1ea1o<\/strong><span class=\"ez-toc-section-end\"><\/span><\/h3>\n<ul>\n<li>N\u01b0\u1edbc, b\u1ed9t kho\u00e1ng, ch\u1ea5t b\u1ec1n m\u00e0u;<\/li>\n<li>Kh\u00f4ng ch\u1ee9a ch\u00ec v\u00e0 nh\u1ef1a g\u1ed1c Acrylic.<\/li>\n<\/ul>\n<h3><span class=\"ez-toc-section\" id=\"Dieu_kien_thi_cong\"><\/span><strong>\u0110i\u1ec1u ki\u1ec7n thi c\u00f4ng<\/strong><span class=\"ez-toc-section-end\"><\/span><\/h3>\n<p>T\u01b0\u1eddng ph\u1ea3i \u0111\u01b0\u1ee3c x\u1eed l\u00fd tr\u01b0\u1edbc khi s\u01a1n, t\u1ea5t c\u1ea3 b\u1ec1 m\u1eb7t \u0111\u01b0\u1ee3c s\u01a1n ph\u1ea3i s\u1ea1ch v\u00e0 kh\u00f4, \u0111\u1ed9 \u1ea9m c\u1ee7a b\u1ec1 m\u1eb7t d\u01b0\u1edbi 16% theo m\u00e1y \u0111o \u0111\u1ed9 \u1ea9m Protimeter hay b\u1ec1 m\u1eb7t t\u01b0\u1eddng kh\u00f4 t\u1eeb 21 &#8211; 28 ng\u00e0y trong \u0111i\u1ec1u ki\u1ec7n b\u00ecnh th\u01b0\u1eddng. T\u01b0\u1eddng kh\u00f4ng b\u00e1m b\u1ee5i, d\u1ea7u m\u1ee1, ph\u1ea3i lo\u1ea1i b\u1ecf l\u1edbp s\u01a1n c\u0169 b\u1ecb bong. N\u1ebfu b\u1ec1 m\u1eb7t s\u01a1n b\u1ecb r\u00eau m\u1ed1c, ph\u1ea3i ti\u00eau di\u1ec7t h\u1ebft r\u00eau m\u1ed1c, khu\u1ea5y \u0111\u1ec1u tr\u01b0\u1edbc khi s\u01a1n v\u00e0 \u0111\u1ecdc k\u1ef9 h\u01b0\u1edbng d\u1eabn tr\u01b0\u1edbc khi s\u1eed d\u1ee5ng.<\/p>\n<h3><span class=\"ez-toc-section\" id=\"Bao_quan\"><\/span><strong>B\u1ea3o qu\u1ea3n<\/strong><span class=\"ez-toc-section-end\"><\/span><\/h3>\n<ul>\n<li>\u0110\u1eady k\u00edn n\u1eafp, \u0111\u1ec3 n\u01a1i kh\u00f4 r\u00e1o, tho\u00e1ng m\u00e1t;<\/li>\n<li>K\u1ebft h\u1ee3p v\u1edbi th\u00f4ng gi\u00f3 t\u1ed1t;<\/li>\n<li>C\u00e1ch xa ngu\u1ed3n nhi\u1ec7t v\u00e0 thi\u1ebft b\u1ecb ph\u00e1t l\u1eeda.<\/li>\n<\/ul>\n<\/div>\n<h2 class=\" font-weight-bold mb-3\"><span class=\"ez-toc-section\" id=\"Dac_tinh_noi_bat\"><\/span>\u0110\u1eb7c t\u00ednh n\u1ed5i b\u1eadt<span class=\"ez-toc-section-end\"><\/span><\/h2>\n<p>&nbsp;<\/p>\n<div class=\"dac-tinh mb-4\">\n<h2><\/h2>\n<h2><\/h2>\n<h2 class=\" font-weight-bold mb-3\"><span class=\"ez-toc-section\" id=\"i\"><\/span><img class=\"\" style=\"font-size: 16px;\" title=\"S\u01a0N L\u00d3T KH\u00c1NG MU\u1ed0I NGO\u1ea0I TH\u1ea4T - SALT RESISTANT LINING\" src=\"https:\/\/bewin-coating.vn\/image\/cache\/catalog\/icon\/icon-07-2-100x100.png\" alt=\"S\u01a0N L\u00d3T KH\u00c1NG MU\u1ed0I NGO\u1ea0I TH\u1ea4T - SALT RESISTANT LINING\" \/><span style=\"font-size: 16px;\">\u00a0 \u00a0 \u00a0<\/span><img class=\"\" style=\"font-size: 16px;\" title=\"S\u01a0N L\u00d3T KH\u00c1NG MU\u1ed0I NGO\u1ea0I TH\u1ea4T - SALT RESISTANT LINING\" src=\"https:\/\/bewin-coating.vn\/image\/cache\/catalog\/icon\/icon-05-100x100.png\" alt=\"S\u01a0N L\u00d3T KH\u00c1NG MU\u1ed0I NGO\u1ea0I TH\u1ea4T - SALT RESISTANT LINING\" \/> \u00a0 \u00a0 <img style=\"font-size: 16px;\" src=\"https:\/\/bewin-coating.vn\/image\/cache\/catalog\/icon\/icon-03-100x100.png\" alt=\"S\u01a0N SI\u00caU B\u00d3NG NGO\u1ea0I TH\u1ea4T NANO - SUPER GLOSS NANO\" \/><span class=\"ez-toc-section-end\"><\/span><\/h2>\n<\/div>\n<div><\/div>\n<div><\/div>\n<div><\/div>\n<div>\n<p><span style=\"font-size: 10pt;\"><em><strong>Th\u00f4ng tin an to\u00e0n, s\u1ee9c kh\u1ecfe v\u00e0 m\u00f4i tr\u01b0\u1eddng<\/strong><\/em><\/span><\/p>\n<ul>\n<li><span style=\"font-size: 10pt;\"><em>\u0110\u1ec3 xa \u0111\u1ed3 \u0103n th\u1ee9c u\u1ed1ng, th\u1ee9c \u0103n gia s\u00fac v\u00e0 xa t\u1ea7m tay v\u1edbi c\u1ee7a tr\u1ebb em;<\/em><\/span><\/li>\n<li><span style=\"font-size: 10pt;\"><em> Thi c\u00f4ng \u1edf n\u01a1i th\u00f4ng tho\u00e1ng. Tr\u00e1nh h\u00edt b\u1ee5i s\u01a1n. N\u00ean mang kh\u1ea9u trang trong l\u00fac ch\u00e0 nh\u00e1m;<\/em><\/span><\/li>\n<li><span style=\"font-size: 10pt;\"><em>Khi b\u1ecb d\u00ednh s\u01a1n v\u00e0o m\u1eaft n\u00ean r\u1eeda v\u1edbi th\u1eadt nhi\u1ec1u n\u01b0\u1edbc v\u00e0 \u0111i \u0111\u1ebfn b\u00e1c s\u0129;<\/em><\/span><\/li>\n<li><span style=\"font-size: 10pt;\"><em> D\u00f9ng x\u00e0 ph\u00f2ng ho\u1eb7c n\u01b0\u1edbc hay c\u00e1c ch\u1ea5t t\u1ea9y \u0111\u01b0\u1ee3c c\u00f4ng nh\u1eadn \u0111\u1ec3 r\u1eeda s\u1ea1ch c\u00e1c v\u1ebft s\u01a1n b\u00e1m tr\u00ean da;<\/em><\/span><\/li>\n<li><span style=\"font-size: 10pt;\"><em> Tr\u01b0\u1eddng h\u1ee3p b\u1ecb \u0111\u1ed5 s\u01a1n, thu gom s\u01a1n \u0111\u1ed5 ra ngo\u00e0i b\u1eb1ng \u0111\u1ea5t ho\u1eb7c c\u00e1t, kh\u00f4ng \u0111\u01b0\u1ee3c \u0111\u1ed5 s\u01a1n th\u1ea3i v\u00e0o c\u1ed1ng r\u00e3nh hay ngu\u1ed3n n\u01b0\u1edbc.<\/em><\/span><\/li>\n<\/ul>\n<\/div>\n<\/div>\n<div><\/div>\n","protected":false},"excerpt":{"rendered":"<p>\u0110\u1eb7c t\u00ednh v\u01b0\u1ee3t tr\u1ed9i &nbsp; S\u01a1n ngo\u1ea1i th\u1ea5t DUMBO, m\u1ed9t lo\u1ea1i s\u01a1n n\u01b0\u1edbc ngo\u1ea1i th\u1ea5t g\u1ed1c Acrylic ch\u1ea5t l\u01b0\u1ee3ng cao, l\u00e0 l\u1ef1a ch\u1ecdn l\u00fd t\u01b0\u1edfng \u0111\u1ec3 b\u1ea3o v\u1ec7 v\u00e0 l\u00e0m n\u1ed5i b\u1eadt c\u00f4ng tr\u00ecnh x\u00e2y d\u1ef1ng c\u1ee7a b\u1ea1n. \u0110\u01b0\u1ee3c nghi\u00ean c\u1ee9u v\u00e0 ph\u00e1t tri\u1ec3n \u0111\u1ec3 ph\u00f9 h\u1ee3p v\u1edbi c\u00e1c \u0111i\u1ec1u ki\u1ec7n kh\u00ed h\u1eadu \u0111\u1eb7c th\u00f9 &#8230; <a title=\"DUMBO\" class=\"read-more\" href=\"https:\/\/demo8.thuythu.com\/kingson\/nova\/son-ngoai-that-dumbo\/\" aria-label=\"More on DUMBO\">Read more<\/a><\/p>\n","protected":false},"featured_media":7109,"comment_status":"closed","ping_status":"closed","template":"","meta":[],"product_cat":[286,35,295],"product_tag":[],"acf":[],"_links":{"self":[{"href":"https:\/\/demo8.thuythu.com\/kingson\/wp-json\/wp\/v2\/product\/7145"}],"collection":[{"href":"https:\/\/demo8.thuythu.com\/kingson\/wp-json\/wp\/v2\/product"}],"about":[{"href":"https:\/\/demo8.thuythu.com\/kingson\/wp-json\/wp\/v2\/types\/product"}],"replies":[{"embeddable":true,"href":"https:\/\/demo8.thuythu.com\/kingson\/wp-json\/wp\/v2\/comments?post=7145"}],"wp:featuredmedia":[{"embeddable":true,"href":"https:\/\/demo8.thuythu.com\/kingson\/wp-json\/wp\/v2\/media\/7109"}],"wp:attachment":[{"href":"https:\/\/demo8.thuythu.com\/kingson\/wp-json\/wp\/v2\/media?parent=7145"}],"wp:term":[{"taxonomy":"product_cat","embeddable":true,"href":"https:\/\/demo8.thuythu.com\/kingson\/wp-json\/wp\/v2\/product_cat?post=7145"},{"taxonomy":"product_tag","embeddable":true,"href":"https:\/\/demo8.thuythu.com\/kingson\/wp-json\/wp\/v2\/product_tag?post=7145"}],"curies":[{"name":"wp","href":"https:\/\/api.w.org\/{rel}","templated":true}]}}