{"id":7163,"date":"2023-07-25T04:58:52","date_gmt":"2023-07-25T04:58:52","guid":{"rendered":"https:\/\/demo8.thuythu.com\/kingson\/?post_type=product&#038;p=7163"},"modified":"2023-08-18T04:18:18","modified_gmt":"2023-08-18T04:18:18","slug":"chong-tham-tuong-sowa-11a","status":"publish","type":"product","link":"https:\/\/demo8.thuythu.com\/kingson\/sowa\/chong-tham-tuong-sowa-11a\/","title":{"rendered":"SOWA 11A T\u01af\u1edcNG"},"content":{"rendered":"<div class=\"wap-title-tt\">\n<div class=\"wap-title-tt\">\n<h2 class=\"title-tt font-weight-bold mb-3\"><span class=\"ez-toc-section\" id=\"Dac_tinh_vuot_troi\"><\/span>\u0110\u1eb7c t\u00ednh v\u01b0\u1ee3t tr\u1ed9i<span class=\"ez-toc-section-end\"><\/span><\/h2>\n<p>&nbsp;<\/p>\n<\/div>\n<div class=\"mb-4\">\n<p class=\"_04xlpA direction-ltr align-start para-style-body\"><span class=\"WdYUQQ text-decoration-none text-strikethrough-none\"><strong><em>Ch\u1ed1ng th\u1ea5m t\u01b0\u1eddng SOWA 11A<\/em><\/strong> l\u00e0 ch\u1ea5t ch\u1ed1ng th\u1ea5m li\u00ean k\u1ebft v\u1edbi xi m\u0103ng ph\u00e1t tri\u1ec3n th\u00e0nh tinh th\u1ec3 ch\u1ed1ng th\u1ea5m \u0111\u00e0n h\u1ed3i t\u1ed1i \u0111a, d\u1ea1ng l\u1ecfng g\u1ed1c sillicon h\u1ec7 n\u01b0\u1edbc c\u00f3 t\u00e1c d\u1ee5ng ng\u0103n ch\u1eb7n s\u1ef1 th\u1ea5m <\/span><span class=\"WdYUQQ text-decoration-none text-strikethrough-none\">n\u01b0\u1edbc nh\u01b0ng b\u1ec1 m\u1eb7t v\u1eabn b\u1ed1c h\u01a1i d\u1ec5 d\u00e0ng.<\/span><\/p>\n<\/div>\n<h3 class=\" font-weight-bold mb-3\"><span class=\"ez-toc-section\" id=\"Diem_noi_bat\"><\/span>\u0110i\u1ec3m n\u1ed5i b\u1eadt<span class=\"ez-toc-section-end\"><\/span><\/h3>\n<ul>\n<li><span class=\"WdYUQQ text-decoration-none text-strikethrough-none\">Ch\u1ed1ng th\u1ea5m tuy\u1ec7t h\u1ea3o;<\/span><\/li>\n<li><span class=\"WdYUQQ text-decoration-none text-strikethrough-none\">\u0110\u00e0n h\u1ed3i t\u1ed1i \u0111a;<\/span><\/li>\n<li><span class=\"WdYUQQ text-decoration-none text-strikethrough-none\">Li\u00ean k\u1ebft c\u1ef1c t\u1ed1t gi\u1eefa b\u00ea t\u00f4ng m\u1edbi v\u00e0 c\u0169;<\/span><\/li>\n<li><span class=\"WdYUQQ text-decoration-none text-strikethrough-none\">\u0110\u1ea3m b\u1ea3o cho m\u00e0n th\u1edf c\u1ee7a b\u00ea t\u00f4ng;<\/span><\/li>\n<li><span class=\"WdYUQQ text-decoration-none text-strikethrough-none\">Tuy\u1ec7t \u0111\u1ed1i kh\u00f4ng l\u00e0m b\u00ea t\u00f4ng ph\u00e2n t\u1ea7ng;<\/span><\/li>\n<li><span class=\"WdYUQQ text-decoration-none text-strikethrough-none\"><strong><em>Ch\u1ed1ng th\u1ea5m t\u01b0\u1eddng SOWA 11A<\/em><\/strong> v\u1edbi c\u00f4ng th\u1ee9c \u0111\u1eb7c bi\u1ec7t cam k\u1ebft b\u1ea3o v\u1ec7 c\u00e1c c\u1ea5u tr\u00fac b\u00ea t\u00f4ng kh\u00f4ng b\u1ecb th\u1ea5m d\u1ed9t.<\/span><\/li>\n<\/ul>\n<div class=\"wap-title-tt\">\n<h2 class=\"title-tt font-weight-bold mb-3\"><span class=\"ez-toc-section\" id=\"Thong_tin_san_pham\"><\/span>Th\u00f4ng tin s\u1ea3n ph\u1ea9m<span class=\"ez-toc-section-end\"><\/span><\/h2>\n<\/div>\n<p>&nbsp;<\/p>\n<div class=\"mb-4\">\n<h3><span class=\"ez-toc-section\" id=\"Chi_tieu_ky_thuat\"><\/span><strong>Ch\u1ec9 ti\u00eau k\u1ef9 thu\u1eadt<\/strong><span class=\"ez-toc-section-end\"><\/span><\/h3>\n<table style=\"width: 100%; height: 448px;\" border=\"1\" cellspacing=\"0\" cellpadding=\"0\">\n<tbody>\n<tr style=\"height: 56px;\">\n<td style=\"width: 3.85627%; height: 56px;\"><strong>STT<\/strong><\/td>\n<td style=\"width: 45.1359%; height: 56px;\"><strong>T\u00ean ch\u1ec9 ti\u00eau<\/strong><\/td>\n<td style=\"width: 8.50123%; height: 56px;\"><strong>\u0110\u01a1n v\u1ecb<\/strong><\/td>\n<td style=\"width: 19.632%; height: 56px;\"><strong>K\u1ebft qu\u1ea3<\/strong><\/td>\n<td style=\"width: 22.7871%; height: 56px;\"><strong>Ph\u01b0\u01a1ng ph\u00e1p th\u1eed<\/strong><\/td>\n<\/tr>\n<tr style=\"height: 56px;\">\n<td style=\"width: 3.85627%; height: 56px;\">1<\/td>\n<td style=\"width: 45.1359%; height: 56px;\">Kh\u1ea3 n\u0103ng ch\u1ed1ng th\u1ea5m n\u01b0\u1edbc<\/td>\n<td style=\"width: 8.50123%; height: 56px;\">&#8211;<\/td>\n<td style=\"width: 19.632%; height: 56px;\">Kh\u00f4ng th\u1ea5m n\u01b0\u1edbc<\/td>\n<td style=\"width: 22.7871%; height: 392px;\" rowspan=\"7\">BS EN 14891:2017<\/p>\n<p>&nbsp;<\/td>\n<\/tr>\n<tr style=\"height: 56px;\">\n<td style=\"width: 3.85627%; height: 280px;\" rowspan=\"5\">2<\/p>\n<p>&nbsp;<\/p>\n<p>&nbsp;<\/td>\n<td style=\"width: 45.1359%; height: 56px;\">C\u01b0\u1eddng \u0111\u1ed9 b\u00e1m d\u00ednh<\/td>\n<td style=\"width: 8.50123%; height: 280px;\" rowspan=\"5\">N\/mm\u00b2<\/p>\n<p>&nbsp;<\/p>\n<p>&nbsp;<\/td>\n<td style=\"width: 19.632%; height: 56px;\">0,66<\/td>\n<\/tr>\n<tr style=\"height: 56px;\">\n<td style=\"width: 45.1359%; height: 56px;\">C\u01b0\u1eddng \u0111\u1ed9 b\u00e1m d\u00ednh sau khi ng\u00e2m n\u01b0\u1edbc<\/td>\n<td style=\"width: 19.632%; height: 56px;\">0.69<\/td>\n<\/tr>\n<tr style=\"height: 56px;\">\n<td style=\"width: 45.1359%; height: 56px;\">C\u01b0\u1eddng \u0111\u1ed9 b\u00e1m d\u00ednh sau khi l\u00e3o h\u00f3a nhi\u1ec7t<\/td>\n<td style=\"width: 19.632%; height: 56px;\">0.59<\/td>\n<\/tr>\n<tr style=\"height: 56px;\">\n<td style=\"width: 45.1359%; height: 56px;\">C\u01b0\u1eddng \u0111\u1ed9 b\u00e1m d\u00ednh sau khi \u0111\u00f4ng k\u1ebft<\/td>\n<td style=\"width: 19.632%; height: 56px;\">0,58<\/td>\n<\/tr>\n<tr style=\"height: 56px;\">\n<td style=\"width: 45.1359%; height: 56px;\">C\u01b0\u1eddng \u0111\u1ed9 b\u00e1m d\u00ednh sau khi ng\u00e2m n\u01b0\u1edbc v\u00f4i<\/td>\n<td style=\"width: 19.632%; height: 56px;\">0,57<\/td>\n<\/tr>\n<tr style=\"height: 56px;\">\n<td style=\"width: 3.85627%; height: 56px;\">3<\/td>\n<td style=\"width: 45.1359%; height: 56px;\">Kh\u1ea3 n\u0103ng t\u1ea1o c\u1ea7u v\u1ebft n\u1ee9t \u1edf \u0111i\u1ec1u ki\u1ec7n th\u01b0\u1eddng<\/td>\n<td style=\"width: 8.50123%; height: 56px;\">mm<\/td>\n<td style=\"width: 19.632%; height: 56px;\">0.81<\/td>\n<\/tr>\n<\/tbody>\n<\/table>\n<h3><span class=\"ez-toc-section\" id=\"Thanh_phan_cau_tao\"><\/span><strong style=\"font-size: 16px;\">Th\u00e0nh ph\u1ea7n c\u1ea5u t\u1ea1o<\/strong><span class=\"ez-toc-section-end\"><\/span><\/h3>\n<ul>\n<li>Keo pure Acrylic &amp; Styrene Acrylic copolymer: 60 &#8211; 65%<\/li>\n<li>N\u01b0\u1edbc, Titan Dioxide v\u00e0 h\u1ed7n h\u1ee3p kh\u00e1c 35 &#8211; 40%<\/li>\n<\/ul>\n<h3><span class=\"ez-toc-section\" id=\"Dieu_kien_thi_cong\"><\/span><strong>\u0110i\u1ec1u ki\u1ec7n thi c\u00f4ng<\/strong><span class=\"ez-toc-section-end\"><\/span><\/h3>\n<ul>\n<li class=\"_04xlpA direction-ltr align-justify para-style-body\"><span class=\"WdYUQQ text-decoration-none text-strikethrough-none\">B\u1ec1 m\u1eb7t v\u1eefa xi m\u0103ng ,b\u00ea t\u00f4ng ph\u1ea3i \u0111\u1ee7 m\u00e1c ,kh\u00f4ng bong tr\u00f3c . Lo\u1ea1i b\u1ecf tuy\u1ec7t \u0111\u1ed1i r\u00eau m\u1ed1c s\u01a1n c\u0169 ,d\u1ea7u m\u1ee1 ,b\u1ee5i ph\u1ea5n v\u00e0 c\u00e1c l\u1edbp v\u1eefa xi m\u0103ng \u0111\u00e3 b\u1ecb ph\u00f2ng h\u00f3a &#8230;.;<\/span><\/li>\n<li class=\"_04xlpA direction-ltr align-justify para-style-body\"><span class=\"WdYUQQ text-decoration-none text-strikethrough-none\">\u0110\u1ed1i v\u1edbi t\u01b0\u1eddng m\u1edbi c\u1ea7n \u0111\u1ec3 k\u1ebft c\u1ea5u v\u1eefa xi m\u0103ng \u1ed5n \u0111\u1ecbnh (t\u1ed1i thi\u1ec3u 12 ng\u00e0y), \u0111\u1ed1i v\u1edbi s\u00e0n (t\u1ed1i thi\u1ec3u 21 ng\u00e0y). Sau \u0111\u00f3 m\u1edbi ti\u1ebfn h\u00e0nh thi c\u00f4ng <strong>Ch\u1ed1ng th\u1ea5m <em>SOWA 11A<\/em><\/strong>;<\/span><\/li>\n<li class=\"_04xlpA direction-ltr align-justify para-style-body\"><span class=\"WdYUQQ text-decoration-none text-strikethrough-none\">\u0110\u1ec3 \u0111\u1ea3m b\u1ea3o cho <strong>Ch\u1ed1ng th\u1ea5m <em>SOWA 11A<\/em><\/strong> \u0111\u1ea1t \u0111\u1ed9 b\u00e1m tuy\u1ec7t \u0111\u1ed1i th\u00ec c\u1ea7n ph\u1ea3i l\u00e0m \u1ea9m b\u1ec1 m\u1eb7t tr\u01b0\u1edbc khi thi c\u00f4ng.<\/span><\/li>\n<\/ul>\n<h3><span class=\"ez-toc-section\" id=\"Thi_cong\"><\/span><strong>Thi c\u00f4ng<\/strong><span class=\"ez-toc-section-end\"><\/span><\/h3>\n<ul>\n<li class=\"_04xlpA direction-ltr align-start para-style-body\">\n<p class=\"_04xlpA direction-ltr align-justify para-style-body\"><span class=\"WdYUQQ text-decoration-none text-strikethrough-none\">B\u01b0\u1edbc 1 : Chu\u1ea9n b\u1ecb h\u1ed7n h\u1ee3p theo t\u1ec9 l\u1ec7 1 kg <strong>Ch\u1ed1ng th\u1ea5m <em>SOWA 11A<\/em> <\/strong>+ 1 kg xim\u0103ng + 0,5 l\u00edt n\u01b0\u1edbc. Pha xim\u0103ng v\u1edbi n\u01b0\u01a1c khu\u1ea5y \u0111\u1ec1u tr\u01b0\u1edbc, sau \u0111\u00f3 tr\u1ed9n v\u1edbi <strong><em>SOWA 11A<\/em><\/strong> v\u00e0 khu\u1ea5y k\u1ef9;<\/span><\/p>\n<\/li>\n<li class=\"_04xlpA direction-ltr align-start para-style-body\">\n<p class=\"_04xlpA direction-ltr align-justify para-style-body\"><span class=\"WdYUQQ text-decoration-none text-strikethrough-none\">B\u01b0\u1edbc 2: Ph\u1ee7 2-3 l\u1edbp h\u1ed7n h\u1ee3p <strong>Ch\u1ed1ng th\u1ea5m <em>SOWA 11A<\/em><\/strong>. (l\u1edbp th\u1ee9 nh\u1ea5t vu\u00f4ng g\u1ed1c v\u1edbi l\u1edbp th\u1ee9 2 v\u00e0 3). Qu\u00e9t l\u1edbp sau khi th\u1ea5y l\u1edbp tr\u01b0\u1edbc \u0111\u00e3 kh\u00f4 (th\u00f4ng th\u01b0\u1eddng t\u1eeb 45 ph\u00fat \u0111\u1ebfn 4 gi\u1edd t\u00f9y v\u00e0o \u0111i\u1ec1u ki\u1ec7n m\u00f4i <\/span><span class=\"WdYUQQ text-decoration-none text-strikethrough-none\">tr\u01b0\u1eddng xung quanh) v\u00e0 tr\u00e1nh sai s\u00f3t;<\/span><\/p>\n<ul>\n<li><span class=\"WdYUQQ text-decoration-none text-strikethrough-none\">\u0110\u1ecbnh m\u1ee9c: 2.0 &#8211; 2.5m2 \/kg (cho 2 l\u1edbp) t\u00f9y theo b\u1ec1 m\u1eb7t v\u1eadt li\u1ec7u . \u0110\u1ecbnh m\u1ee9c thay \u0111\u1ed5i t\u00f9y theo s\u1ed1 l\u1edbp t\u00f9y theo y\u00eau c\u1ea7u k\u1ef7 lu\u1eadt s\u1eed d\u1ee5ng .<\/span><\/li>\n<\/ul>\n<\/li>\n<li>L\u01b0u \u00fd :\n<ul>\n<li style=\"list-style-type: none;\">\n<ul>\n<li style=\"list-style-type: none;\">\n<ul>\n<li class=\"_04xlpA direction-ltr align-start para-style-body\">\n<p class=\"_04xlpA direction-ltr align-justify para-style-body\"><span class=\"WdYUQQ text-decoration-none text-strikethrough-none\">\u0110\u1ed9 c\u1ee9ng c\u1ee7a<strong> Ch\u1ed1ng th\u1ea5m <em>SOWA 11A<\/em> <\/strong>s\u1ebd \u0111\u1ea1t tuy\u1ec7t \u0111\u1ed1i sau 7 ng\u00e0y;<\/span><\/p>\n<\/li>\n<li class=\"_04xlpA direction-ltr align-start para-style-body\">\n<p class=\"_04xlpA direction-ltr align-justify para-style-body\"><span class=\"WdYUQQ text-decoration-none text-strikethrough-none\"><strong>Ch\u1ed1ng th\u1ea5m <em>SOWA 11A<\/em><\/strong> ch\u1ecbu \u0111\u01b0\u1ee3c \u00e1p l\u1ef1c ng\u01b0\u1ee3c nh\u1eb9 n\u1ebfu thi c\u00f4ng 3 l\u1edbp (\u0111\u1ed1i v\u1edbi h\u1ed3 b\u01a1i, t\u1ea7ng h\u1ea7m);<\/span><\/p>\n<\/li>\n<li class=\"_04xlpA direction-ltr align-start para-style-body\">\n<p class=\"_04xlpA direction-ltr align-justify para-style-body\"><span class=\"WdYUQQ text-decoration-none text-strikethrough-none\">N\u1ebfu b\u1ec1 m\u1eb7t c\u00f3 v\u1ebft n\u1ee9t th\u00ec ph\u1ea3i x\u1eed l\u00fd tr\u00e1m tr\u00e9t tr\u01b0\u1edbc;<\/span><\/p>\n<\/li>\n<li>\n<p class=\"_04xlpA direction-ltr align-start para-style-body\"><span class=\"WdYUQQ text-decoration-none text-strikethrough-none\">\u0110\u1ec3 b\u1ea3o v\u1ec7 l\u1edbp <strong>ch\u1ed1ng th\u1ea5m <em>SOWA 11A<\/em><\/strong> n\u00ean c\u00e1n l\u1edbp v\u1eefa h\u1ed3 l\u00ean tr\u00ean;<\/span><\/p>\n<\/li>\n<li>\n<p class=\"_04xlpA direction-ltr align-start para-style-body\"><span class=\"WdYUQQ text-decoration-none text-strikethrough-none\">N\u1ebfu \u0111\u00e3 tr\u1ed9n<strong> <em>SOWA 11A<\/em><\/strong> v\u1edbi xi m\u0103ng th\u00ec ph\u1ea3i d\u00f9ng trong v\u00f2ng 1 gi\u1edd, v\u00ec sau th\u1eddi gian tr\u00ean s\u1ea3n ph\u1ea9m \u0111\u00e3 pha tr\u1ed9n s\u1ebd b\u1ecb \u0111\u00f4ng s\u1ec7t. Do v\u1eady d\u00f9ng \u0111\u1ebfn \u0111\u00e2u tr\u1ed9n xim\u0103ng \u0111\u1ebfn \u0111\u00f3;<\/span><\/p>\n<\/li>\n<li>\n<p class=\"_04xlpA direction-ltr align-start para-style-body\"><span class=\"WdYUQQ text-decoration-none text-strikethrough-none\">Kh\u00f4ng thi c\u00f4ng <strong>Ch\u1ed1ng th\u1ea5m <em>SOWA 11A<\/em> <\/strong>l\u00ean c\u00e1c b\u1ec1 m\u1eb7t \u0111\u00e3 qu\u00e9t ch\u1ed1ng th\u1ea5m g\u1ed1c d\u1ea7u nh\u01b0 Bitum (nh\u1ef1a \u0111\u01b0\u1eddng ) epoxy&#8230;.. N\u00ean thi c\u00f4ng <strong><em>SOWA 11A<\/em><\/strong> tr\u1ef1c ti\u1ebfp l\u00ean b\u1ec1 m\u1eb7t v\u1eadt li\u1ec7u b\u1eb1ng xi m\u0103ng b\u00ea t\u00f4ng.<\/span><\/p>\n<\/li>\n<\/ul>\n<\/li>\n<\/ul>\n<\/li>\n<\/ul>\n<\/li>\n<\/ul>\n<p><strong>B\u1ea3o qu\u1ea3n<\/strong><\/p>\n<ul>\n<li>\u0110\u1eady k\u00edn n\u1eafp, \u0111\u1ec3 n\u01a1i kh\u00f4 r\u00e1o, tho\u00e1ng m\u00e1t;<\/li>\n<li>K\u1ebft h\u1ee3p v\u1edbi th\u00f4ng gi\u00f3 t\u1ed1t;<\/li>\n<li>C\u00e1ch xa ngu\u1ed3n nhi\u1ec7t v\u00e0 thi\u1ebft b\u1ecb ph\u00e1t l\u1eeda.<\/li>\n<\/ul>\n<\/div>\n<div><\/div>\n<div><\/div>\n<div>\n<p><span style=\"font-size: 10pt;\"><em><strong>Th\u00f4ng tin an to\u00e0n, s\u1ee9c kh\u1ecfe v\u00e0 m\u00f4i tr\u01b0\u1eddng<\/strong><\/em><\/span><\/p>\n<ul>\n<li>\n<p class=\"_04xlpA direction-ltr align-start para-style-body\"><em><span class=\"WdYUQQ text-decoration-none text-strikethrough-none\" style=\"font-size: 10pt;\">Kh\u00f4ng \u0111\u01b0\u1ee3c \u0111\u1ed5 v\u00e0o c\u1ed1ng, n\u01b0\u1edbc ho\u1eb7c \u0111\u1ea5t m\u00e0 ph\u1ea3i h\u1ee7y b\u1ecf theo <\/span><\/em><em><span class=\"WdYUQQ text-decoration-none text-strikethrough-none\" style=\"font-size: 10pt;\">\u0111\u00fang quy \u0111\u1ecbnh;<\/span><\/em><\/p>\n<\/li>\n<li>\n<p class=\"_04xlpA direction-ltr align-start para-style-body\"><em><span class=\"WdYUQQ text-decoration-none text-strikethrough-none\" style=\"font-size: 10pt;\">Mang k\u00ednh, gi\u00e0y, g\u0103ng tay v\u00e0 \u00e1o b\u1ea3o h\u1ed9 trong khi thi c\u00f4ng s\u1ea3n ph\u1ea9m;<\/span><\/em><\/p>\n<\/li>\n<li>\n<p class=\"_04xlpA direction-ltr align-start para-style-body\"><em><span class=\"WdYUQQ text-decoration-none text-strikethrough-none\" style=\"font-size: 10pt;\">Tr\u00e1nh ti\u1ebfp x\u00fac tr\u1ef1c ti\u1ebfp v\u1edbi da v\u00e0 m\u1eaft. N\u1ebfu b\u1ecb v\u0103ng v\u00e0o m\u1eaft, d\u00f9ng n\u01b0\u1edbc s\u1ea1ch r\u1eeda m\u1eaft nhi\u1ec1u l\u1ea7n;<\/span><\/em><\/p>\n<\/li>\n<li>\n<p class=\"_04xlpA direction-ltr align-start para-style-body\"><em><span class=\"WdYUQQ text-decoration-none text-strikethrough-none\" style=\"font-size: 10pt;\">Mang g\u0103ng tay, kh\u1ea9u trang v\u00e0 c\u00e1c d\u1ee5ng c\u1ee5 b\u1ea3o h\u1ed9 khi thi c\u00f4ng.&#8211;\u0110\u1ec3m hi\u1ec3u th\u00eam c\u00e1c th\u00f4ng tin v\u00e0 c\u00e1c khuy\u1ebfn c\u00e1o v\u1ec1 an to\u00e0n <\/span><\/em><em><span class=\"WdYUQQ text-decoration-none text-strikethrough-none\" style=\"font-size: 10pt;\">khi s\u1eed d\u1ee5ng, l\u01b0u tr\u1eef v\u00e0 th\u1ea3i b\u1ecf s\u1ea3n ph\u1ea9m, ng\u01b0\u1eddi s\u1eed d\u1ee5ng n\u00ean <\/span><\/em><em><span class=\"WdYUQQ text-decoration-none text-strikethrough-none\" style=\"font-size: 10pt;\">tham kh\u1ea3o t\u00e0i li\u1ec7u k\u1ef9 thu\u1eadt an to\u00e0n m\u1edbi nh\u1ea5t c\u1ee7a s\u1ea3n ph\u1ea9m <\/span><\/em><em><span class=\"WdYUQQ text-decoration-none text-strikethrough-none\" style=\"font-size: 10pt;\">tr\u00ecnh b\u00e0y v\u1ec1 t\u00ednh c\u01a1 l\u00fd, t\u00ednh sinh th\u00e1i, t\u00ednh \u0111\u1ed9c h\u1ea1i v\u00e0 c\u00e1c ch\u1ec9 ti\u00eau an to\u00e0n li\u00ean quan kh\u00e1c.<\/span><\/em><\/p>\n<\/li>\n<\/ul>\n<\/div>\n<\/div>\n<div><\/div>\n","protected":false},"excerpt":{"rendered":"<p>\u0110\u1eb7c t\u00ednh v\u01b0\u1ee3t tr\u1ed9i &nbsp; Ch\u1ed1ng th\u1ea5m t\u01b0\u1eddng SOWA 11A l\u00e0 ch\u1ea5t ch\u1ed1ng th\u1ea5m li\u00ean k\u1ebft v\u1edbi xi m\u0103ng ph\u00e1t tri\u1ec3n th\u00e0nh tinh th\u1ec3 ch\u1ed1ng th\u1ea5m \u0111\u00e0n h\u1ed3i t\u1ed1i \u0111a, d\u1ea1ng l\u1ecfng g\u1ed1c sillicon h\u1ec7 n\u01b0\u1edbc c\u00f3 t\u00e1c d\u1ee5ng ng\u0103n ch\u1eb7n s\u1ef1 th\u1ea5m n\u01b0\u1edbc nh\u01b0ng b\u1ec1 m\u1eb7t v\u1eabn b\u1ed1c h\u01a1i d\u1ec5 d\u00e0ng. \u0110i\u1ec3m n\u1ed5i b\u1eadt &#8230; <a title=\"SOWA 11A T\u01af\u1edcNG\" class=\"read-more\" href=\"https:\/\/demo8.thuythu.com\/kingson\/sowa\/chong-tham-tuong-sowa-11a\/\" aria-label=\"More on SOWA 11A T\u01af\u1edcNG\">Read more<\/a><\/p>\n","protected":false},"featured_media":7164,"comment_status":"closed","ping_status":"closed","template":"","meta":[],"product_cat":[318,35,287],"product_tag":[],"acf":[],"_links":{"self":[{"href":"https:\/\/demo8.thuythu.com\/kingson\/wp-json\/wp\/v2\/product\/7163"}],"collection":[{"href":"https:\/\/demo8.thuythu.com\/kingson\/wp-json\/wp\/v2\/product"}],"about":[{"href":"https:\/\/demo8.thuythu.com\/kingson\/wp-json\/wp\/v2\/types\/product"}],"replies":[{"embeddable":true,"href":"https:\/\/demo8.thuythu.com\/kingson\/wp-json\/wp\/v2\/comments?post=7163"}],"wp:featuredmedia":[{"embeddable":true,"href":"https:\/\/demo8.thuythu.com\/kingson\/wp-json\/wp\/v2\/media\/7164"}],"wp:attachment":[{"href":"https:\/\/demo8.thuythu.com\/kingson\/wp-json\/wp\/v2\/media?parent=7163"}],"wp:term":[{"taxonomy":"product_cat","embeddable":true,"href":"https:\/\/demo8.thuythu.com\/kingson\/wp-json\/wp\/v2\/product_cat?post=7163"},{"taxonomy":"product_tag","embeddable":true,"href":"https:\/\/demo8.thuythu.com\/kingson\/wp-json\/wp\/v2\/product_tag?post=7163"}],"curies":[{"name":"wp","href":"https:\/\/api.w.org\/{rel}","templated":true}]}}