{"id":7213,"date":"2023-07-27T04:10:51","date_gmt":"2023-07-27T04:10:51","guid":{"rendered":"https:\/\/demo8.thuythu.com\/kingson\/?post_type=product&#038;p=7213"},"modified":"2023-08-18T04:31:55","modified_gmt":"2023-08-18T04:31:55","slug":"son-lot-primer-int","status":"publish","type":"product","link":"https:\/\/demo8.thuythu.com\/kingson\/kingcoat\/son-lot-primer-int\/","title":{"rendered":"PRIMER INT"},"content":{"rendered":"<div class=\"wap-title-tt\">\n<h2 class=\"title-tt font-weight-bold mb-3\"><span class=\"ez-toc-section\" id=\"Dac_tinh_vuot_troi\"><\/span>\u0110\u1eb7c t\u00ednh v\u01b0\u1ee3t tr\u1ed9i<span class=\"ez-toc-section-end\"><\/span><\/h2>\n<p>&nbsp;<\/p>\n<p><strong><em>S\u01a1n l\u00f3t n\u1ed9i th\u1ea5t PRIMER (PRIMER INT)<\/em><\/strong>\u00a0kh\u00f4ng ch\u1ec9 l\u00e0 m\u1ed9t s\u1ea3n ph\u1ea9m s\u01a1n l\u00f3t acrylic ch\u1ed1ng ki\u1ec1m g\u1ed1c n\u01b0\u1edbc h\u00e0ng \u0111\u1ea7u, m\u00e0 c\u00f2n l\u00e0 c\u1ea7u n\u1ed1i quan tr\u1ecdng gi\u1eefa b\u1ec1 m\u1eb7t v\u00e0 l\u1edbp s\u01a1n ngo\u1ea1i th\u1ea5t. S\u1ea3n ph\u1ea9m n\u00e0y kh\u00f4ng ch\u1ec9 t\u1ea1o ra m\u1ed9t b\u1ec1 m\u1eb7t s\u01a1n m\u1ecbn m\u00e0ng tuy\u1ec7t v\u1eddi, m\u00e0 c\u00f2n b\u1ea3o v\u1ec7 m\u00e0u s\u1eafc c\u1ee7a l\u1edbp s\u01a1n ph\u1ee7, t\u0103ng kh\u1ea3 n\u0103ng b\u00e1m d\u00ednh, v\u00e0 mang l\u1ea1i kh\u1ea3 n\u0103ng ch\u1ed1ng ki\u1ec1m, ch\u1ed1ng mu\u1ed1i xu\u1ea5t s\u1eafc.<\/p>\n<p>D\u00f9ng tr\u00ean c\u00e1c b\u1ec1 m\u1eb7t t\u1eeb b\u00ea t\u00f4ng, t\u01b0\u1eddng x\u00e2y, t\u00f4 b\u1eefa cho \u0111\u1ebfn g\u1ea1ch c\u0169 v\u00e0 m\u1edbi, <strong><em>PRIMER INT<\/em>\u00a0<\/strong>l\u00e0 l\u1edbp s\u01a1n l\u00f3t ho\u00e0n h\u1ea3o, t\u0103ng c\u01b0\u1eddng kh\u1ea3 n\u0103ng b\u00e1m d\u00ednh gi\u1eefa b\u1ec1 m\u1eb7t t\u01b0\u1eddng v\u00e0 l\u1edbp s\u01a1n ho\u00e0n thi\u1ec7n. S\u1ea3n ph\u1ea9m n\u00e0y ho\u1ea1t \u0111\u1ed9ng nh\u01b0 m\u1ed9t l\u00e1 ch\u1eafn, ch\u1ed1ng l\u1ea1i s\u1ef1 ki\u1ec1m h\u00f3a v\u00e0 \u0111\u1ed9 \u1ea9m trong m\u00f4i tr\u01b0\u1eddng, ng\u0103n ch\u1eb7n hi\u1ec7n t\u01b0\u1ee3ng loang l\u1ed7 v\u00e0 bi\u1ebfn \u0111\u1ed5i m\u00e0u s\u1eafc tr\u00ean b\u1ec1 m\u1eb7t t\u01b0\u1eddng.<\/p>\n<p>V\u1edbi c\u00f4ng ngh\u1ec7 t\u1ea1o m\u00e0u \u0111\u1eb7c bi\u1ec7t, <strong><em>PRIMER INT<\/em>\u00a0<\/strong>gi\u00fap b\u1ec1 m\u1eb7t t\u01b0\u1eddng tr\u1edf n\u00ean m\u1ecbn m\u00e0ng tuy\u1ec7t h\u1ea3o, v\u00e0 gi\u1eef m\u00e0u s\u1eafc b\u1ec1n l\u00e2u theo th\u1eddi gian. N\u00f3 t\u1ea1o n\u00ean l\u1edbp s\u01a1n l\u00f3t ho\u00e0n h\u1ea3o, n\u00e2ng cao ch\u1ea5t l\u01b0\u1ee3ng b\u1ec1 m\u1eb7t s\u01a1n ph\u1ee7, gi\u1ea3m thi\u1ec3u hi\u1ec7n t\u01b0\u1ee3ng bong tr\u00f3c v\u00e0 ph\u1ed3ng r\u1ed9p cho l\u1edbp s\u01a1n ho\u00e0n thi\u1ec7n. <strong><em>PRIMER INT<\/em>\u00a0<\/strong>l\u00e0 s\u1ef1 l\u1ef1a ch\u1ecdn t\u1ed1i \u01b0u cho b\u1ea5t k\u1ef3 d\u1ef1 \u00e1n s\u01a1n n\u00e0o.<\/p>\n<\/div>\n<div class=\"wap-title-tt\">\n<h2 class=\"title-tt font-weight-bold mb-3\"><span class=\"ez-toc-section\" id=\"Thong_tin_san_pham\"><\/span>Th\u00f4ng tin s\u1ea3n ph\u1ea9m<span class=\"ez-toc-section-end\"><\/span><\/h2>\n<p>&nbsp;<\/p>\n<\/div>\n<div class=\"mb-4\">\n<h3><span class=\"ez-toc-section\" id=\"Chi_tieu_ky_thuat\"><\/span><strong>Ch\u1ec9 ti\u00eau k\u1ef9 thu\u1eadt<\/strong><span class=\"ez-toc-section-end\"><\/span><\/h3>\n<table style=\"width: 108.519%;\" border=\"1\" cellspacing=\"0\" cellpadding=\"0\">\n<tbody>\n<tr>\n<td style=\"width: 194px;\"><strong>STT<\/strong><\/td>\n<td style=\"width: 194px;\"><strong>T\u00ean ch\u1ec9 ti\u00eau<\/strong><\/td>\n<td style=\"width: 194px;\"><strong>\u0110\u01a1n v\u1ecb<\/strong><\/td>\n<td style=\"width: 194px;\"><strong>K\u1ebft qu\u1ea3<\/strong><\/td>\n<td style=\"width: 194px;\"><strong>Ph\u01b0\u01a1ng ph\u00e1p th\u1eed<\/strong><\/td>\n<\/tr>\n<tr>\n<td style=\"width: 194px;\">1<\/td>\n<td style=\"width: 194px;\">\u0110\u1ed9 m\u1ecbn<\/td>\n<td style=\"width: 194px;\">\u03bcm<\/td>\n<td style=\"width: 194px;\">23<\/td>\n<td style=\"width: 194px;\">TCVN 2091:2015<\/td>\n<\/tr>\n<tr>\n<td style=\"width: 194px;\">2<\/td>\n<td style=\"width: 194px;\">\u0110\u1ed9 b\u1ec1n n\u01b0\u1edbc<\/td>\n<td style=\"width: 194px;\">Gi\u1edd<\/td>\n<td style=\"width: 194px;\">101<\/td>\n<td style=\"width: 194px;\">TCVN 8653 \u2013 2:2012<\/td>\n<\/tr>\n<tr>\n<td style=\"width: 194px;\">3<\/td>\n<td style=\"width: 194px;\">\u0110\u1ed9 b\u1ec1n ki\u1ec1m<\/td>\n<td style=\"width: 194px;\">Gi\u1edd<\/td>\n<td style=\"width: 194px;\">50<\/td>\n<td style=\"width: 194px;\">TCVN 8653 \u2013 3:2012<\/td>\n<\/tr>\n<\/tbody>\n<\/table>\n<h3><span class=\"ez-toc-section\" id=\"Thanh_phan_cau_tao\"><\/span><strong>Th\u00e0nh ph\u1ea7n c\u1ea5u t\u1ea1o<\/strong><span class=\"ez-toc-section-end\"><\/span><\/h3>\n<ul>\n<li>Keo styrene Acrylic copolymer: 40- 50%<\/li>\n<li>N\u01b0\u1edbc v\u00e0 h\u1ed7n h\u1ee3p: 50- 60%<\/li>\n<\/ul>\n<h3><span class=\"ez-toc-section\" id=\"Dieu_kien_thi_cong\"><\/span><strong>\u0110i\u1ec1u ki\u1ec7n thi c\u00f4ng<\/strong><span class=\"ez-toc-section-end\"><\/span><\/h3>\n<p>T\u01b0\u1eddng ph\u1ea3i \u0111\u01b0\u1ee3c x\u1eed l\u00fd tr\u01b0\u1edbc khi s\u01a1n, t\u1ea5t c\u1ea3 b\u1ec1 m\u1eb7t \u0111\u01b0\u1ee3c s\u01a1n ph\u1ea3i s\u1ea1ch v\u00e0 kh\u00f4, \u0111\u1ed9 \u1ea9m c\u1ee7a b\u1ec1 m\u1eb7t d\u01b0\u1edbi 16% theo m\u00e1y \u0111o \u0111\u1ed9 \u1ea9m Protimeter hay b\u1ec1 m\u1eb7t t\u01b0\u1eddng kh\u00f4 t\u1eeb 21 &#8211; 28 ng\u00e0y trong \u0111i\u1ec1u ki\u1ec7n b\u00ecnh th\u01b0\u1eddng. T\u01b0\u1eddng kh\u00f4ng b\u00e1m b\u1ee5i, d\u1ea7u m\u1ee1, ph\u1ea3i lo\u1ea1i b\u1ecf l\u1edbp s\u01a1n c\u0169 b\u1ecb bong. N\u1ebfu b\u1ec1 m\u1eb7t s\u01a1n b\u1ecb r\u00eau m\u1ed1c, ph\u1ea3i ti\u00eau di\u1ec7t h\u1ebft r\u00eau m\u1ed1c, khu\u1ea5y \u0111\u1ec1u tr\u01b0\u1edbc khi s\u01a1n v\u00e0 \u0111\u1ecdc k\u1ef9 h\u01b0\u1edbng d\u1eabn tr\u01b0\u1edbc khi s\u1eed d\u1ee5ng.<\/p>\n<\/div>\n<h3><span class=\"ez-toc-section\" id=\"Bao_quan\"><\/span><strong>B\u1ea3o qu\u1ea3n<\/strong><span class=\"ez-toc-section-end\"><\/span><\/h3>\n<ul>\n<li>\u0110\u1eady k\u00edn n\u1eafp, \u0111\u1ec3 n\u01a1i kh\u00f4 r\u00e1o, tho\u00e1ng m\u00e1t<\/li>\n<li>K\u1ebft h\u1ee3p v\u1edbi th\u00f4ng gi\u00f3 t\u1ed1t<\/li>\n<li>C\u00e1ch xa ngu\u1ed3n nhi\u1ec7t v\u00e0 thi\u1ebft b\u1ecb ph\u00e1t l\u1eeda<\/li>\n<\/ul>\n<h2 class=\" font-weight-bold mb-3\"><span class=\"ez-toc-section\" id=\"Dac_tinh_noi_bat\"><\/span>\u0110\u1eb7c t\u00ednh n\u1ed5i b\u1eadt<span class=\"ez-toc-section-end\"><\/span><\/h2>\n<p>&nbsp;<\/p>\n<p>&nbsp;<\/p>\n<h2 class=\" font-weight-bold mb-3\"><span class=\"ez-toc-section\" id=\"i\"><\/span><img class=\"\" style=\"font-size: 16px;\" title=\"S\u01a0N L\u00d3T KH\u00c1NG MU\u1ed0I NGO\u1ea0I TH\u1ea4T - SALT RESISTANT LINING\" src=\"https:\/\/bewin-coating.vn\/image\/cache\/catalog\/icon\/icon-07-2-100x100.png\" alt=\"S\u01a0N L\u00d3T KH\u00c1NG MU\u1ed0I NGO\u1ea0I TH\u1ea4T - SALT RESISTANT LINING\" \/><span style=\"font-size: 16px;\">\u00a0 \u00a0 \u00a0<\/span><img class=\"\" style=\"font-size: 16px;\" title=\"S\u01a0N L\u00d3T KH\u00c1NG MU\u1ed0I NGO\u1ea0I TH\u1ea4T - SALT RESISTANT LINING\" src=\"https:\/\/bewin-coating.vn\/image\/cache\/catalog\/icon\/icon-05-100x100.png\" alt=\"S\u01a0N L\u00d3T KH\u00c1NG MU\u1ed0I NGO\u1ea0I TH\u1ea4T - SALT RESISTANT LINING\" \/><span style=\"font-size: 16px;\">\u00a0 \u00a0 \u00a0<\/span><img style=\"font-size: 16px;\" title=\"S\u01a0N L\u00d3T KH\u00c1NG MU\u1ed0I NGO\u1ea0I TH\u1ea4T - SALT RESISTANT LINING\" src=\"https:\/\/bewin-coating.vn\/image\/cache\/catalog\/icon\/icon-06-100x100.png\" alt=\"S\u01a0N L\u00d3T KH\u00c1NG MU\u1ed0I NGO\u1ea0I TH\u1ea4T - SALT RESISTANT LINING\" \/> \u00a0 \u00a0<img src=\"https:\/\/bewin-coating.vn\/image\/cache\/catalog\/icon\/icon-03-100x100.png\" alt=\"S\u01a0N SI\u00caU B\u00d3NG NGO\u1ea0I TH\u1ea4T NANO - SUPER GLOSS NANO\" \/><span class=\"ez-toc-section-end\"><\/span><\/h2>\n<p>&nbsp;<\/p>\n<p><span style=\"font-size: 10pt;\"><em><strong>Th\u00f4ng tin an to\u00e0n, s\u1ee9c kh\u1ecfe v\u00e0 m\u00f4i tr\u01b0\u1eddng<\/strong><\/em><\/span><\/p>\n<ul>\n<li><span style=\"font-size: 10pt;\"><em>\u0110\u1ec3 xa \u0111\u1ed3 \u0103n th\u1ee9c u\u1ed1ng, th\u1ee9c \u0103n gia s\u00fac v\u00e0 xa t\u1ea7m tay v\u1edbi c\u1ee7a tr\u1ebb em;<\/em><\/span><\/li>\n<li><span style=\"font-size: 10pt;\"><em> Thi c\u00f4ng \u1edf n\u01a1i th\u00f4ng tho\u00e1ng. Tr\u00e1nh h\u00edt b\u1ee5i s\u01a1n. N\u00ean mang kh\u1ea9u trang trong l\u00fac ch\u00e0 nh\u00e1m;<\/em><\/span><\/li>\n<li><span style=\"font-size: 10pt;\"><em>Khi b\u1ecb d\u00ednh s\u01a1n v\u00e0o m\u1eaft n\u00ean r\u1eeda v\u1edbi th\u1eadt nhi\u1ec1u n\u01b0\u1edbc v\u00e0 \u0111i \u0111\u1ebfn b\u00e1c s\u0129;<\/em><\/span><\/li>\n<li><span style=\"font-size: 10pt;\"><em> D\u00f9ng x\u00e0 ph\u00f2ng ho\u1eb7c n\u01b0\u1edbc hay c\u00e1c ch\u1ea5t t\u1ea9y \u0111\u01b0\u1ee3c c\u00f4ng nh\u1eadn \u0111\u1ec3 r\u1eeda s\u1ea1ch c\u00e1c v\u1ebft s\u01a1n b\u00e1m tr\u00ean da;<\/em><\/span><\/li>\n<li><span style=\"font-size: 10pt;\"><em> Tr\u01b0\u1eddng h\u1ee3p b\u1ecb \u0111\u1ed5 s\u01a1n, thu gom s\u01a1n \u0111\u1ed5 ra ngo\u00e0i b\u1eb1ng \u0111\u1ea5t ho\u1eb7c c\u00e1t, kh\u00f4ng \u0111\u01b0\u1ee3c \u0111\u1ed5 s\u01a1n th\u1ea3i v\u00e0o c\u1ed1ng r\u00e3nh hay ngu\u1ed3n n\u01b0\u1edbc.<\/em><\/span><\/li>\n<\/ul>\n","protected":false},"excerpt":{"rendered":"<p>\u0110\u1eb7c t\u00ednh v\u01b0\u1ee3t tr\u1ed9i &nbsp; S\u01a1n l\u00f3t n\u1ed9i th\u1ea5t PRIMER (PRIMER INT)\u00a0kh\u00f4ng ch\u1ec9 l\u00e0 m\u1ed9t s\u1ea3n ph\u1ea9m s\u01a1n l\u00f3t acrylic ch\u1ed1ng ki\u1ec1m g\u1ed1c n\u01b0\u1edbc h\u00e0ng \u0111\u1ea7u, m\u00e0 c\u00f2n l\u00e0 c\u1ea7u n\u1ed1i quan tr\u1ecdng gi\u1eefa b\u1ec1 m\u1eb7t v\u00e0 l\u1edbp s\u01a1n ngo\u1ea1i th\u1ea5t. S\u1ea3n ph\u1ea9m n\u00e0y kh\u00f4ng ch\u1ec9 t\u1ea1o ra m\u1ed9t b\u1ec1 m\u1eb7t s\u01a1n m\u1ecbn m\u00e0ng tuy\u1ec7t &#8230; <a title=\"PRIMER INT\" class=\"read-more\" href=\"https:\/\/demo8.thuythu.com\/kingson\/kingcoat\/son-lot-primer-int\/\" aria-label=\"More on PRIMER INT\">Read more<\/a><\/p>\n","protected":false},"featured_media":7173,"comment_status":"closed","ping_status":"closed","template":"","meta":[],"product_cat":[275,35,303],"product_tag":[],"acf":[],"_links":{"self":[{"href":"https:\/\/demo8.thuythu.com\/kingson\/wp-json\/wp\/v2\/product\/7213"}],"collection":[{"href":"https:\/\/demo8.thuythu.com\/kingson\/wp-json\/wp\/v2\/product"}],"about":[{"href":"https:\/\/demo8.thuythu.com\/kingson\/wp-json\/wp\/v2\/types\/product"}],"replies":[{"embeddable":true,"href":"https:\/\/demo8.thuythu.com\/kingson\/wp-json\/wp\/v2\/comments?post=7213"}],"wp:featuredmedia":[{"embeddable":true,"href":"https:\/\/demo8.thuythu.com\/kingson\/wp-json\/wp\/v2\/media\/7173"}],"wp:attachment":[{"href":"https:\/\/demo8.thuythu.com\/kingson\/wp-json\/wp\/v2\/media?parent=7213"}],"wp:term":[{"taxonomy":"product_cat","embeddable":true,"href":"https:\/\/demo8.thuythu.com\/kingson\/wp-json\/wp\/v2\/product_cat?post=7213"},{"taxonomy":"product_tag","embeddable":true,"href":"https:\/\/demo8.thuythu.com\/kingson\/wp-json\/wp\/v2\/product_tag?post=7213"}],"curies":[{"name":"wp","href":"https:\/\/api.w.org\/{rel}","templated":true}]}}