{"id":7217,"date":"2023-07-27T04:38:22","date_gmt":"2023-07-27T04:38:22","guid":{"rendered":"https:\/\/demo8.thuythu.com\/kingson\/?post_type=product&#038;p=7217"},"modified":"2023-08-18T04:29:12","modified_gmt":"2023-08-18T04:29:12","slug":"luxury-gavanize","status":"publish","type":"product","link":"https:\/\/demo8.thuythu.com\/kingson\/kingcoat\/son-sat-luxury-gavanize\/","title":{"rendered":"LUXURY GAVANIZE"},"content":{"rendered":"<div class=\"wap-title-tt\">\n<div class=\"wap-title-tt\">\n<div class=\"wap-title-tt\">\n<div class=\"wap-title-tt\">\n<h2 class=\"title-tt font-weight-bold mb-3\"><span class=\"ez-toc-section\" id=\"Dac_tinh_vuot_troi\"><\/span>\u0110\u1eb7c t\u00ednh v\u01b0\u1ee3t tr\u1ed9i<span class=\"ez-toc-section-end\"><\/span><\/h2>\n<p><strong><em>S\u01a1n s\u1eaft m\u1ea1 k\u1ebdm LUXURY GAVANIZE<\/em><\/strong> &#8211; S\u01a1n chuy\u00ean d\u00f9ng cho b\u1ec1 m\u1eb7t s\u1eaft m\u1ea1 k\u1ebdm v\u00e0 m\u00e1i t\u00f4n nh\u00e0 x\u01b0\u1edfng, \u0111\u01b0\u1ee3c thi\u1ebft k\u1ebf v\u1edbi nh\u1eefng t\u00ednh n\u0103ng v\u01b0\u1ee3t tr\u1ed9i v\u00e0 hi\u1ec7u su\u1ea5t cao, \u0111\u1ea3m b\u1ea3o b\u1ec1 m\u1eb7t s\u1eaft lu\u00f4n b\u1ec1n \u0111\u1eb9p v\u00e0 \u0111\u01b0\u1ee3c b\u1ea3o v\u1ec7 an to\u00e0n. S\u1ea3n ph\u1ea9m l\u00e0<span class=\"WdYUQQ text-decoration-none text-strikethrough-none\"> s\u01a1n g\u1ed1c n\u01b0\u1edbc \u0111a n\u0103ng, \u0111\u01b0\u1ee3c \u0111\u1eb7c ch\u1ebf d\u00f9ng cho s\u1eaft m\u1ea1 k\u1ebdm v\u1edbi t\u00ednh <\/span><span class=\"WdYUQQ text-decoration-none text-strikethrough-none\">n\u0103ng b\u00e1m d\u00ednh c\u1ef1c t\u1ed1t, nhanh kh\u00f4, \u0111\u1eb7c bi\u1ec7t l\u00e0 g\u1ed1c n\u01b0\u1edbc, kh\u00f4ng ch\u1ee9a ch\u00ec <\/span><span class=\"WdYUQQ text-decoration-none text-strikethrough-none\">v\u00e0 th\u1ee7y ng\u00e2n, th\u00e2n thi\u1ec7n v\u1edbi m\u00f4i tr\u01b0\u1eddng.<\/span><\/p>\n<\/div>\n<h3 class=\" font-weight-bold mb-3\"><span class=\"ez-toc-section\" id=\"Diem_noi_bat\"><\/span>\u0110i\u1ec3m n\u1ed5i b\u1eadt<span class=\"ez-toc-section-end\"><\/span><\/h3>\n<ul>\n<li class=\"_04xlpA direction-ltr align-start para-style-body\">\u0110\u1ed9 b\u00e1m d\u00ednh tuy\u1ec7t v\u1eddi: <strong><em> LUXURY GAVANIZE<\/em> <\/strong>c\u00f3 kh\u1ea3 n\u0103ng b\u00e1m ch\u1eb7t l\u00ean b\u1ec1 m\u1eb7t s\u1eaft m\u1ea1 k\u1ebdm v\u00e0 m\u00e1i t\u00f4n, t\u1ea1o l\u1edbp s\u01a1n m\u1ecbn m\u00e0ng v\u00e0 b\u1ec1n b\u1ec9.<\/li>\n<li class=\"_04xlpA direction-ltr align-start para-style-body\">M\u00e0u s\u1eafc \u0111a d\u1ea1ng: S\u1ea3n ph\u1ea9m cho ph\u00e9p pha m\u00e0u theo y\u00eau c\u1ea7u, gi\u00fap \u0111\u00e1p \u1ee9ng m\u1ecdi nhu c\u1ea7u trang tr\u00ed v\u00e0 t\u1ea1o \u0111i\u1ec3m nh\u1ea5n cho c\u00f4ng tr\u00ecnh.<\/li>\n<li class=\"_04xlpA direction-ltr align-start para-style-body\">Ch\u1ed1ng r\u1ec9 s\u00e9t:<strong><em> LUXURY GAVANIZE<\/em><\/strong> c\u00f3 kh\u1ea3 n\u0103ng ch\u1ed1ng r\u1ec9 s\u00e9t hi\u1ec7u qu\u1ea3, gi\u00fap gia t\u0103ng g\u1ea5p \u0111\u00f4i th\u1eddi gian s\u1eed d\u1ee5ng cho c\u00f4ng tr\u00ecnh, ti\u1ebft ki\u1ec7m chi ph\u00ed b\u1ea3o d\u01b0\u1ee1ng v\u00e0 s\u1eeda ch\u1eefa.<\/li>\n<li>Th\u00e2n thi\u1ec7n v\u1edbi m\u00f4i tr\u01b0\u1eddng: <strong><em>LUXURY GAVANIZE<\/em>\u00a0<\/strong>kh\u00f4ng g\u00e2y \u00f4 nhi\u1ec5m hay \u1ea3nh h\u01b0\u1edfng x\u1ea5u \u0111\u1ebfn m\u00f4i tr\u01b0\u1eddng v\u00e0 s\u1ee9c kh\u1ecfe con ng\u01b0\u1eddi.<\/li>\n<li>\u00a0Kh\u00f4ng m\u00f9i h\u00f4i, kh\u00f3 ch\u1ecbu: S\u1ea3n ph\u1ea9m kh\u00f4ng g\u00e2y m\u00f9i h\u00f4i kh\u00f3 ch\u1ecbu, t\u1ea1o kh\u00f4ng gian l\u00e0m vi\u1ec7c tho\u1ea3i m\u00e1i v\u00e0 d\u1ec5 ch\u1ecbu cho ng\u01b0\u1eddi s\u1eed d\u1ee5ng.<\/li>\n<li>Kh\u00f4 nhanh, ti\u1ebft ki\u1ec7m th\u1eddi gian thi c\u00f4ng: Ch\u1ec9 sau 2 gi\u1edd gi\u1eefa c\u00e1c l\u1edbp s\u01a1n, gi\u00fap ti\u1ebft ki\u1ec7m th\u1eddi gian thi c\u00f4ng v\u00e0 gi\u1ea3m chi ph\u00ed.<\/li>\n<li>Lo\u1ea1i b\u1ecf r\u1ee7i ro ch\u00e1y n\u1ed5: <strong><em>LUXURY GAVANIZE <\/em><\/strong>\u0111\u1ea3m b\u1ea3o an to\u00e0n tuy\u1ec7t \u0111\u1ed1i trong qu\u00e1 tr\u00ecnh s\u1eed d\u1ee5ng, lo\u1ea1i b\u1ecf r\u1ee7i ro ch\u00e1y n\u1ed5 kh\u00f4ng mong mu\u1ed1n.<\/li>\n<\/ul>\n<p><strong>Th\u00e0nh ph\u1ea7n c\u1ea5u t\u1ea1o<\/strong><\/p>\n<div class=\"mb-4\">\n<ul>\n<li><span class=\"WdYUQQ text-decoration-none text-strikethrough-none\">Nh\u1ef1a nh\u0169 t\u01b0\u01a1ng Acrylic, b\u1ed9t m\u00e0u, filler, ph\u1ee5 gia, n\u01b0\u1edbc.<\/span><\/li>\n<\/ul>\n<\/div>\n<div class=\"wap-title-tt\">\n<h2 class=\"title-tt font-weight-bold mb-3\"><span class=\"ez-toc-section\" id=\"Thong_tin_thi_cong\"><\/span>Th\u00f4ng tin thi c\u00f4ng<span class=\"ez-toc-section-end\"><\/span><\/h2>\n<\/div>\n<p>&nbsp;<\/p>\n<div class=\"mb-4\">\n<h3><span class=\"ez-toc-section\" id=\"Dieu_kien_thi_cong\"><\/span><strong>\u0110i\u1ec1u ki\u1ec7n thi c\u00f4ng<\/strong><span class=\"ez-toc-section-end\"><\/span><\/h3>\n<p>T\u01b0\u1eddng ph\u1ea3i \u0111\u01b0\u1ee3c x\u1eed l\u00fd tr\u01b0\u1edbc khi s\u01a1n, t\u1ea5t c\u1ea3 b\u1ec1 m\u1eb7t \u0111\u01b0\u1ee3c s\u01a1n ph\u1ea3i s\u1ea1ch v\u00e0 kh\u00f4, \u0111\u1ed9 \u1ea9m c\u1ee7a b\u1ec1 m\u1eb7t d\u01b0\u1edbi 20% theo m\u00e1y \u0111o \u0111\u1ed9 \u1ea9m Protimeter hay b\u1ec1 m\u1eb7t t\u01b0\u1eddng kh\u00f4 t\u1eeb 21 &#8211; 28 ng\u00e0y trong \u0111i\u1ec1u ki\u1ec7n b\u00ecnh th\u01b0\u1eddng. <span class=\"WdYUQQ text-decoration-none text-strikethrough-none\">\u0110\u1ed1i v\u1edbi b\u1ec1 m\u1eb7t c\u0169 ph\u1ea3i l\u00e0m s\u1ea1ch tri\u1ec7t \u0111\u1ec3 c\u00e1c l\u1edbp v\u1eadt li\u1ec7u ph\u1ee7 c\u0169, gi\u1ea3i quy\u1ebft t\u1eadn g\u1ed1c c\u00e1c nguy\u00ean nh\u00e2n g\u00e2y bong tr\u00f3c, r\u1ec9 s\u00e9t c\u1ee7a b\u1ec1 m\u1eb7t c\u1ea7n s\u01a1n.\u00a0<\/span><\/p>\n<h3><span class=\"ez-toc-section\" id=\"Thi_cong\"><\/span><strong>Thi c\u00f4ng<\/strong><span class=\"ez-toc-section-end\"><\/span><\/h3>\n<ul>\n<li class=\"_04xlpA direction-ltr align-start para-style-body\"><span class=\"WdYUQQ text-decoration-none text-strikethrough-none\">Kh\u1ea5y \u0111\u1ec1u s\u1ea3n ph\u1ea9m tr\u01b0\u1edbc khi s\u1eed d\u1ee5ng.<\/span><\/li>\n<\/ul>\n<ul>\n<li style=\"list-style-type: none;\">\n<ul>\n<li><span class=\"WdYUQQ text-decoration-none text-strikethrough-none\">L\u1edbp s\u01a1n l\u00f3t: 1 l\u1edbp <strong>KINGCOAT\u00aeLUXURY GAVANIZE-PRIMER<\/strong>;<\/span><\/li>\n<li><span class=\"WdYUQQ text-decoration-none text-strikethrough-none\">L\u1edbp ho\u00e0n thi\u1ec7n: 1-2 l\u1edbp <strong>KINGCOAT\u00aeLUXURY GAVANIZE<\/strong>.<\/span><\/li>\n<\/ul>\n<\/li>\n<\/ul>\n<p class=\"_04xlpA direction-ltr align-start para-style-body\"><em><span class=\"WdYUQQ text-decoration-none text-strikethrough-none\">L\u01afU \u00dd :<\/span><\/em><\/p>\n<ul>\n<li class=\"_04xlpA direction-ltr align-start para-style-body\"><span class=\"WdYUQQ text-decoration-none text-strikethrough-none\">Kh\u00f4ng \u0111\u01b0\u1ee3c \u0111i l\u00ean l\u1edbp m\u00e0ng tr\u01b0\u1edbc 2 gi\u1edd;<\/span><\/li>\n<li class=\"_04xlpA direction-ltr align-start para-style-body\">B\u1ea3o v\u1ec7 b\u1ec1 m\u1eb7t l\u1edbp m\u00e0ng kh\u00f4ng \u0111\u01b0\u1ee3c ti\u1ebfp x\u00fac v\u1edbi n\u01b0\u1edbc tr\u01b0\u1edbc khi kh\u00f4 ho\u00e0n to\u00e0n;<\/li>\n<li class=\"_04xlpA direction-ltr align-start para-style-body\">Kh\u00f4ng thi c\u00f4ng khi tr\u1eddi \u0111ang m\u01b0a ho\u1eb7c b\u1ec1 m\u1eb7t \u0111\u1ecdng n\u01b0\u1edbc.<\/li>\n<\/ul>\n<h3><span class=\"ez-toc-section\" id=\"Bao_quan\"><\/span><strong>B\u1ea3o qu\u1ea3n<\/strong><span class=\"ez-toc-section-end\"><\/span><\/h3>\n<ul>\n<li>\u0110\u1eady k\u00edn n\u1eafp, \u0111\u1ec3 n\u01a1i kh\u00f4 r\u00e1o, tho\u00e1ng m\u00e1t;<\/li>\n<li>K\u1ebft h\u1ee3p v\u1edbi th\u00f4ng gi\u00f3 t\u1ed1t;<\/li>\n<li>C\u00e1ch xa ngu\u1ed3n nhi\u1ec7t v\u00e0 thi\u1ebft b\u1ecb ph\u00e1t l\u1eeda.<\/li>\n<\/ul>\n<\/div>\n<div><\/div>\n<div><\/div>\n<div>\n<p><span style=\"font-size: 10pt;\"><em><strong>Th\u00f4ng tin an to\u00e0n, s\u1ee9c kh\u1ecfe v\u00e0 m\u00f4i tr\u01b0\u1eddng<\/strong><\/em><\/span><\/p>\n<ul>\n<li>\n<p class=\"_04xlpA direction-ltr align-start para-style-body\"><em><span class=\"WdYUQQ text-decoration-none text-strikethrough-none\" style=\"font-size: 10pt;\">Kh\u00f4ng \u0111\u01b0\u1ee3c \u0111\u1ed5 v\u00e0o c\u1ed1ng, n\u01b0\u1edbc ho\u1eb7c \u0111\u1ea5t m\u00e0 ph\u1ea3i h\u1ee7y b\u1ecf theo <\/span><\/em><em><span class=\"WdYUQQ text-decoration-none text-strikethrough-none\" style=\"font-size: 10pt;\">\u0111\u00fang quy \u0111\u1ecbnh;<\/span><\/em><\/p>\n<\/li>\n<li>\n<p class=\"_04xlpA direction-ltr align-start para-style-body\"><em><span class=\"WdYUQQ text-decoration-none text-strikethrough-none\" style=\"font-size: 10pt;\">Mang k\u00ednh, gi\u00e0y, g\u0103ng tay v\u00e0 \u00e1o b\u1ea3o h\u1ed9 trong khi thi c\u00f4ng s\u1ea3n ph\u1ea9m;<\/span><\/em><\/p>\n<\/li>\n<li>\n<p class=\"_04xlpA direction-ltr align-start para-style-body\"><em><span class=\"WdYUQQ text-decoration-none text-strikethrough-none\" style=\"font-size: 10pt;\">Tr\u00e1nh ti\u1ebfp x\u00fac tr\u1ef1c ti\u1ebfp v\u1edbi da v\u00e0 m\u1eaft. N\u1ebfu b\u1ecb v\u0103ng v\u00e0o m\u1eaft, d\u00f9ng n\u01b0\u1edbc s\u1ea1ch r\u1eeda m\u1eaft nhi\u1ec1u l\u1ea7n;<\/span><\/em><\/p>\n<\/li>\n<li>\n<p class=\"_04xlpA direction-ltr align-start para-style-body\"><em><span class=\"WdYUQQ text-decoration-none text-strikethrough-none\" style=\"font-size: 10pt;\">Mang g\u0103ng tay, kh\u1ea9u trang v\u00e0 c\u00e1c d\u1ee5ng c\u1ee5 b\u1ea3o h\u1ed9 khi thi c\u00f4ng.&#8211;\u0110\u1ec3m hi\u1ec3u th\u00eam c\u00e1c th\u00f4ng tin v\u00e0 c\u00e1c khuy\u1ebfn c\u00e1o v\u1ec1 an to\u00e0n <\/span><\/em><em><span class=\"WdYUQQ text-decoration-none text-strikethrough-none\" style=\"font-size: 10pt;\">khi s\u1eed d\u1ee5ng, l\u01b0u tr\u1eef v\u00e0 th\u1ea3i b\u1ecf s\u1ea3n ph\u1ea9m, ng\u01b0\u1eddi s\u1eed d\u1ee5ng n\u00ean <\/span><\/em><em><span class=\"WdYUQQ text-decoration-none text-strikethrough-none\" style=\"font-size: 10pt;\">tham kh\u1ea3o t\u00e0i li\u1ec7u k\u1ef9 thu\u1eadt an to\u00e0n m\u1edbi nh\u1ea5t c\u1ee7a s\u1ea3n ph\u1ea9m <\/span><\/em><em><span class=\"WdYUQQ text-decoration-none text-strikethrough-none\" style=\"font-size: 10pt;\">tr\u00ecnh b\u00e0y v\u1ec1 t\u00ednh c\u01a1 l\u00fd, t\u00ednh sinh th\u00e1i, t\u00ednh \u0111\u1ed9c h\u1ea1i v\u00e0 c\u00e1c ch\u1ec9 ti\u00eau an to\u00e0n li\u00ean quan kh\u00e1c.<\/span><\/em><\/p>\n<\/li>\n<\/ul>\n<\/div>\n<\/div>\n<div><\/div>\n<\/div>\n<\/div>\n","protected":false},"excerpt":{"rendered":"<p>\u0110\u1eb7c t\u00ednh v\u01b0\u1ee3t tr\u1ed9i S\u01a1n s\u1eaft m\u1ea1 k\u1ebdm LUXURY GAVANIZE &#8211; S\u01a1n chuy\u00ean d\u00f9ng cho b\u1ec1 m\u1eb7t s\u1eaft m\u1ea1 k\u1ebdm v\u00e0 m\u00e1i t\u00f4n nh\u00e0 x\u01b0\u1edfng, \u0111\u01b0\u1ee3c thi\u1ebft k\u1ebf v\u1edbi nh\u1eefng t\u00ednh n\u0103ng v\u01b0\u1ee3t tr\u1ed9i v\u00e0 hi\u1ec7u su\u1ea5t cao, \u0111\u1ea3m b\u1ea3o b\u1ec1 m\u1eb7t s\u1eaft lu\u00f4n b\u1ec1n \u0111\u1eb9p v\u00e0 \u0111\u01b0\u1ee3c b\u1ea3o v\u1ec7 an to\u00e0n. S\u1ea3n ph\u1ea9m l\u00e0 &#8230; <a title=\"LUXURY GAVANIZE\" class=\"read-more\" href=\"https:\/\/demo8.thuythu.com\/kingson\/kingcoat\/son-sat-luxury-gavanize\/\" aria-label=\"More on LUXURY GAVANIZE\">Read more<\/a><\/p>\n","protected":false},"featured_media":7170,"comment_status":"closed","ping_status":"closed","template":"","meta":[],"product_cat":[275,35,325],"product_tag":[],"acf":[],"_links":{"self":[{"href":"https:\/\/demo8.thuythu.com\/kingson\/wp-json\/wp\/v2\/product\/7217"}],"collection":[{"href":"https:\/\/demo8.thuythu.com\/kingson\/wp-json\/wp\/v2\/product"}],"about":[{"href":"https:\/\/demo8.thuythu.com\/kingson\/wp-json\/wp\/v2\/types\/product"}],"replies":[{"embeddable":true,"href":"https:\/\/demo8.thuythu.com\/kingson\/wp-json\/wp\/v2\/comments?post=7217"}],"wp:featuredmedia":[{"embeddable":true,"href":"https:\/\/demo8.thuythu.com\/kingson\/wp-json\/wp\/v2\/media\/7170"}],"wp:attachment":[{"href":"https:\/\/demo8.thuythu.com\/kingson\/wp-json\/wp\/v2\/media?parent=7217"}],"wp:term":[{"taxonomy":"product_cat","embeddable":true,"href":"https:\/\/demo8.thuythu.com\/kingson\/wp-json\/wp\/v2\/product_cat?post=7217"},{"taxonomy":"product_tag","embeddable":true,"href":"https:\/\/demo8.thuythu.com\/kingson\/wp-json\/wp\/v2\/product_tag?post=7217"}],"curies":[{"name":"wp","href":"https:\/\/api.w.org\/{rel}","templated":true}]}}