{"id":7231,"date":"2023-08-02T10:42:54","date_gmt":"2023-08-02T10:42:54","guid":{"rendered":"https:\/\/demo8.thuythu.com\/kingson\/?post_type=product&#038;p=7231"},"modified":"2023-08-18T04:47:04","modified_gmt":"2023-08-18T04:47:04","slug":"phu-gia-king-latex","status":"publish","type":"product","link":"https:\/\/demo8.thuythu.com\/kingson\/kingkote\/phu-gia-king-latex\/","title":{"rendered":"KING LATEX"},"content":{"rendered":"<h2 class=\"title-tt font-weight-bold mb-3\"><span class=\"ez-toc-section\" id=\"Dac_tinh_vuot_troi\"><\/span>\u0110\u1eb7c t\u00ednh v\u01b0\u1ee3t tr\u1ed9i<span class=\"ez-toc-section-end\"><\/span><\/h2>\n<p><strong>KING latex<\/strong>\u00a0l\u00e0 ph\u1ee5 gia ch\u1ed1ng th\u1ea5m v\u00e0 t\u00e1c nh\u00e2n k\u1ebft n\u1ed1i \u0111\u01b0\u1ee3c thi\u1ebft k\u1ebf d\u00e0nh ri\u00eang cho v\u1eefa v\u00e0 b\u00ea t\u00f4ng nh\u1eb1m n\u00e2ng cao kh\u1ea3 n\u0103ng ch\u1ed1ng th\u1ea5m, ch\u1ed1ng n\u1ee9t, ch\u1ed1ng \u0103n m\u00f2n v\u00e0 t\u0103ng c\u01b0\u1eddng kh\u1ea3 n\u0103ng k\u1ebft d\u00ednh.<\/p>\n<h3><span class=\"ez-toc-section\" id=\"Diem_noi_bat\"><\/span>\u0110i\u1ec3m n\u1ed5i b\u1eadt<span class=\"ez-toc-section-end\"><\/span><\/h3>\n<p>-K\u1ebft d\u00ednh tuy\u1ec7t h\u1ea3o.<\/p>\n<p>-Gi\u1ea3m co ng\u00f3t.<\/p>\n<p>-T\u0103ng t\u00ednh \u0111\u00e0n h\u1ed3i.<\/p>\n<p>-Ch\u1ed1ng th\u1ea5m tuy\u1ec7t h\u1ea3o.<\/p>\n<p>-T\u0103ng t\u00ednh kh\u00e1ng m\u00f2n h\u00f3a ch\u1ea5t. Kh\u00f4ng \u0111\u1ed9c.<\/p>\n<p>-Kh\u00f4ng chuy\u1ec3n l\u1ea1i th\u00e0nh d\u1ea1ng nh\u0169 t\u01b0\u01a1ng ngay c\u1ea3 trong nh\u1eefng \u0111i\u1ec1u ki\u1ec7n c\u00f3 t\u00ednh ki\u1ec1m cao.<\/p>\n<p>-Th\u00edch h\u1ee3p cho c\u00e1c l\u1edbp v\u1eefa xi m\u0103ng ti\u1ebfp x\u00fac v\u1edbi n\u01b0\u1edbc u\u1ed1ng.<\/p>\n<p>-L\u1edbp v\u1eefa tr\u00e0n s\u00e1t c\u00f3 c\u01b0\u1eddng \u0111\u1ed9 cao.<\/p>\n<p>-D\u00f9ng cho v\u1eefa tr\u00e1m v\u00e0 d\u1eb7m v\u00e1 \u1edf nh\u1eefng n\u01a1i c\u1ea7n ho\u00e0ng thi\u1ec7n m\u1ecfng.<\/p>\n<p>-C\u1ea3i thi\u1ec7n t\u00ednh \u0111\u00e0n h\u1ed3i v\u00e0 kh\u00e1ng l\u1ea1i vi\u1ec7c h\u00ecnh th\u00e0nh c\u00e1c v\u1ebft n\u1ee9t.<\/p>\n<p>-Ch\u1ea5t k\u1ebft d\u00ednh cho l\u1edbp v\u1eefa tr\u00e1t, cho c\u00e1c l\u1edbp ph\u1ee7 s\u00e0n kh\u00e1ng m\u00e0i m\u00f2n trong nh\u00e0 m\u00e1y x\u1eed l\u00fd n\u01b0\u1edbc th\u1ea3i, h\u1ec7 th\u1ed1ng c\u1ed1ng.<\/p>\n<h2 class=\"title-tt font-weight-bold mb-3\"><span class=\"ez-toc-section\" id=\"Thong_tin_thi_cong\"><\/span>Th\u00f4ng tin thi c\u00f4ng<span class=\"ez-toc-section-end\"><\/span><\/h2>\n<p>&nbsp;<\/p>\n<h3><span class=\"ez-toc-section\" id=\"Dieu_kien_thi_cong\"><\/span><strong>\u0110i\u1ec1u ki\u1ec7n thi c\u00f4ng<\/strong><span class=\"ez-toc-section-end\"><\/span><\/h3>\n<div>\n<p>B\u1ec1 m\u1eb7t b\u00ea t\u00f4ng ph\u1ea3i \u0111\u01b0\u1ee3c l\u00e0m s\u1ea1ch, \u0111\u1eb7c ch\u1eafc, kh\u00f4ng d\u00ednh d\u1ea7u m\u1ee1, b\u1ee5i xi m\u0103ng v\u00e0 c\u00e1c t\u1ea1p ch\u1ea5t b\u00e1m d\u00ednh kh\u00e1c. B\u1ec1 m\u1eb7t h\u00fat n\u01b0\u1edbc ph\u1ea3i \u0111\u01b0\u1ee3c b\u00e3o h\u00f2a to\u00e0n b\u1ed9 nh\u01b0ng kh\u00f4ng \u0111\u1ec3 n\u01b0\u1edbc \u0111\u1ecdng l\u1ea1i. S\u1eed d\u1ee5ng <strong>KING latex<\/strong> thi c\u00f4ng ch\u1ed1ng th\u1ea5m v\u00e0 k\u1ebft n\u1ed1i.<\/p>\n<h3><span class=\"ez-toc-section\" id=\"Thi_cong\"><\/span><strong>Thi c\u00f4ng<\/strong><span class=\"ez-toc-section-end\"><\/span><\/h3>\n<p>a. Ch\u1ea5t k\u1ebft n\u1ed1i cho l\u1edbp v\u1eefa tr\u00e1t\/ l\u1edbp k\u1ebft n\u1ed1i cho b\u00ea t\u00f4ng c\u0169 v\u00e0 m\u1edbi<\/p>\n<ul>\n<li>T\u1ec9 l\u1ec7 tr\u1ed9n: 1 l\u00edt <strong>KING<\/strong><strong>\u00a0latex<\/strong> + 1 l\u00edt n\u01b0\u1edbc + 4 kg xi m\u0103ng = h\u1ed3 d\u1ea7u k\u1ebft n\u1ed1i. Ph\u1ea7n h\u1ed3 d\u1ea7u k\u1ebft n\u1ed1i tr\u00ean c\u00f3 th\u1ec3 ph\u1ee7 kho\u1ea3ng 4 m2;<\/li>\n<li>Cho xi m\u0103ng v\u00e0o trong h\u1ed7n h\u1ee3p <strong>KING\u00a0latex <\/strong>v\u00e0 n\u01b0\u1edbc \u0111\u00e3 tr\u1ed9n s\u1eb5n v\u00e0 tr\u1ed9n cho \u0111\u1ebfn khi \u0111\u1ea1t \u0111\u01b0\u1ee3c \u0111\u1ed9 s\u1ec7t \u0111\u1ec1u nh\u01b0 kem;<\/li>\n<li>Thi c\u00f4ng l\u1edbp h\u1ed3 d\u1ea7u k\u1ebft n\u1ed1i <strong>KING\u00a0latex <\/strong>v\u1edbi chi\u1ec1u d\u00e0y 1-2 mm l\u00ean tr\u00ean b\u1ec1 m\u1eb7t \u0111\u00e3 \u0111\u01b0\u1ee3c l\u00e0m \u01b0\u1edbt tr\u01b0\u1edbc v\u00e0 \u0111\u1ed5 b\u00ea t\u00f4ng m\u1edbi ho\u1eb7c tr\u00e1t l\u1edbp v\u1eefa ngay l\u1eadp t\u1ee9c (thi c\u00f4ng ngay khi l\u1edbp k\u1ebft n\u1ed1i v\u1eabn c\u00f2n \u01b0\u1edbt).<\/li>\n<\/ul>\n<p>b. L\u1edbp tr\u00e1t s\u00e0n<\/p>\n<ul>\n<li>T\u1ec9 l\u1ec7 tr\u1ed9n: Xi m\u0103ng: c\u00e1t = 1 : 2.5 ~ 3 (theo kh\u1ed1i l\u01b0\u1ee3ng, c\u00e1t trong \u0111i\u1ec1u ki\u1ec7n SSD) Xi m\u0103ng: c\u00e1t = 1: 3 ~ 3.7 (theo th\u1ec3 t\u00edch, c\u00e1t trong \u0111i\u1ec1u ki\u1ec7n SSD) \u0110i\u1ec1u ch\u1ec9nh \u0111\u1ed9 s\u1ec7t b\u1eb1ng h\u1ed7n h\u1ee3p n\u01b0\u1edbc v\u00e0 <strong>KING\u00a0latex<\/strong> v\u1edbi t\u1ec9 l\u1ec7 <strong>KING latex<\/strong>: n\u01b0\u1edbc = 1:3;<\/li>\n<li>Thi c\u00f4ng: Thi c\u00f4ng l\u1edbp v\u1eefa ch\u1ed1ng th\u1ea5m ngay sau khi l\u1edbp h\u1ed3 d\u1ea7u k\u1ebft n\u1ed1i c\u00f2n \u01b0\u1edbt.<\/li>\n<\/ul>\n<p>c. L\u01b0u \u00fd v\u1ec1 thi c\u00f4ng\/ gi\u1edbi h\u1ea1n<\/p>\n<ul>\n<li>Kh\u00f4ng bao gi\u1edd d\u00f9ng h\u1ed7n h\u1ee3p <strong>KING latex<\/strong> v\u1edbi n\u01b0\u1edbc l\u00e0m ch\u1ea5t k\u1ebft n\u1ed1i m\u00e0 kh\u00f4ng th\u00eam xi m\u0103ng;<\/li>\n<li>N\u1ebfu th\u1eddi ti\u1ebft \u1ea5m ho\u1eb7c gi\u00f3 c\u1ea7n ph\u1ea3i ti\u1ebfn h\u00e0nh c\u00e1c bi\u1ec7n ph\u00e1p b\u1ea3o d\u01b0\u1ee1ng th\u00f4ng th\u01b0\u1eddng \u0111\u1ec3 tr\u00e1nh v\u1eefa b\u1ecb kh\u00f4 qu\u00e1 s\u1edbm;<\/li>\n<li>Lu\u00f4n lu\u00f4n b\u00e3o h\u00f2a b\u1ec1 m\u1eb7t h\u00fat n\u01b0\u1edbc nh\u01b0ng kh\u00f4ng \u0111\u1ec3 \u0111\u1ecdng n\u01b0\u1edbc;<\/li>\n<li>N\u1ebfu thi c\u00f4ng nhi\u1ec1u l\u1edbp th\u00ec ph\u1ea3i thi c\u00f4ng l\u1edbp tr\u01b0\u1edbc n\u00f3 c\u00f2n \u01b0\u1edbt;<\/li>\n<li>Trong tr\u01b0\u1eddng h\u1ee3p s\u1eed d\u1ee5ng cho k\u1ebft c\u1ea5u lu\u00f4n lu\u00f4n \u01b0\u1edbt (b\u1ec3 b\u01a1i\u2026) ph\u1ea3i \u0111\u1ec3 l\u1edbp v\u1eefa <strong>KING latex <\/strong>kh\u00f4 1 tu\u1ea7n tr\u01b0\u1edbc khi \u0111\u01b0a k\u1ebft c\u1ea5u v\u00e0o s\u1eed d\u1ee5ng ho\u1eb7c cho k\u1ebft c\u1ea5u ng\u1eadp trong n\u01b0\u1edbc v\u0129nh vi\u1ec5n.<\/li>\n<\/ul>\n<h3><span class=\"ez-toc-section\" id=\"Ve_sinh\"><\/span><strong>V\u1ec7 sinh<\/strong><span class=\"ez-toc-section-end\"><\/span><\/h3>\n<div>\n<p>L\u00e0m s\u1ea1ch t\u1ea5t c\u1ea3 d\u1ee5ng c\u1ee5, thi\u1ebft b\u1ecb b\u1eb1ng n\u01b0\u1edbc s\u1ea1ch ngay sau khi thi c\u00f4ng.<\/p>\n<h3><span class=\"ez-toc-section\" id=\"Bao_quan\"><\/span><strong>B\u1ea3o qu\u1ea3n<\/strong><span class=\"ez-toc-section-end\"><\/span><\/h3>\n<ul>\n<li>N\u01a1i kh\u00f4 r\u00e1o tho\u00e1ng m\u00e1t;<\/li>\n<li>Tr\u00e1nh \u0111\u1ec3 s\u1ea3n ph\u1ea9m tr\u1ef1c ti\u1ebfp d\u01b0\u1edbi \u00e1nh s\u00e1ng m\u1eb7t tr\u1eddi.<\/li>\n<\/ul>\n<p><em>Th\u1eddi h\u1ea1n s\u1eed d\u1ee5ng: T\u1ed1i thi\u1ec3u 2 n\u0103m n\u1ebfu l\u01b0u tr\u1eef \u0111\u00fang c\u00e1ch trong bao b\u00ec nguy\u00ean ch\u01b0a m\u1edf.<\/em><\/p>\n<p><strong>S\u1ea3n xu\u1ea5t theo : TCCS 34\/2019\/CTY &#8211; KS<\/strong><\/p>\n<\/div>\n<\/div>\n<p>&nbsp;<\/p>\n<p>&nbsp;<\/p>\n<p><span style=\"font-size: 10pt;\"><em><strong>Th\u00f4ng tin an to\u00e0n, s\u1ee9c kh\u1ecfe v\u00e0 m\u00f4i tr\u01b0\u1eddng<\/strong><\/em><\/span><\/p>\n<ul>\n<li>\n<p class=\"_04xlpA direction-ltr align-start para-style-body\"><em><span class=\"WdYUQQ text-decoration-none text-strikethrough-none\" style=\"font-size: 10pt;\">Kh\u00f4ng \u0111\u01b0\u1ee3c \u0111\u1ed5 v\u00e0o c\u1ed1ng, n\u01b0\u1edbc ho\u1eb7c \u0111\u1ea5t m\u00e0 ph\u1ea3i h\u1ee7y b\u1ecf theo <\/span><\/em><em><span class=\"WdYUQQ text-decoration-none text-strikethrough-none\" style=\"font-size: 10pt;\">\u0111\u00fang quy \u0111\u1ecbnh;<\/span><\/em><\/p>\n<\/li>\n<li>\n<p class=\"_04xlpA direction-ltr align-start para-style-body\"><em><span class=\"WdYUQQ text-decoration-none text-strikethrough-none\" style=\"font-size: 10pt;\">Mang k\u00ednh, gi\u00e0y, g\u0103ng tay v\u00e0 \u00e1o b\u1ea3o h\u1ed9 trong khi thi c\u00f4ng s\u1ea3n ph\u1ea9m;<\/span><\/em><\/p>\n<\/li>\n<li>\n<p class=\"_04xlpA direction-ltr align-start para-style-body\"><em><span class=\"WdYUQQ text-decoration-none text-strikethrough-none\" style=\"font-size: 10pt;\">Tr\u00e1nh ti\u1ebfp x\u00fac tr\u1ef1c ti\u1ebfp v\u1edbi da v\u00e0 m\u1eaft. N\u1ebfu b\u1ecb v\u0103ng v\u00e0o m\u1eaft, d\u00f9ng n\u01b0\u1edbc s\u1ea1ch r\u1eeda m\u1eaft nhi\u1ec1u l\u1ea7n;<\/span><\/em><\/p>\n<\/li>\n<li>\n<p class=\"_04xlpA direction-ltr align-start para-style-body\"><em><span class=\"WdYUQQ text-decoration-none text-strikethrough-none\" style=\"font-size: 10pt;\">Mang g\u0103ng tay, kh\u1ea9u trang v\u00e0 c\u00e1c d\u1ee5ng c\u1ee5 b\u1ea3o h\u1ed9 khi thi c\u00f4ng.<\/span><\/em><\/p>\n<\/li>\n<li>\n<p class=\"_04xlpA direction-ltr align-start para-style-body\"><em><span class=\"WdYUQQ text-decoration-none text-strikethrough-none\" style=\"font-size: 10pt;\">\u0110\u1ec3 hi\u1ec3u th\u00eam c\u00e1c th\u00f4ng tin v\u00e0 c\u00e1c khuy\u1ebfn c\u00e1o v\u1ec1 an to\u00e0n <\/span><\/em><em><span class=\"WdYUQQ text-decoration-none text-strikethrough-none\" style=\"font-size: 10pt;\">khi s\u1eed d\u1ee5ng, l\u01b0u tr\u1eef v\u00e0 th\u1ea3i b\u1ecf s\u1ea3n ph\u1ea9m, ng\u01b0\u1eddi s\u1eed d\u1ee5ng n\u00ean <\/span><\/em><em><span class=\"WdYUQQ text-decoration-none text-strikethrough-none\" style=\"font-size: 10pt;\">tham kh\u1ea3o t\u00e0i li\u1ec7u k\u1ef9 thu\u1eadt an to\u00e0n m\u1edbi nh\u1ea5t c\u1ee7a s\u1ea3n ph\u1ea9m <\/span><\/em><em><span class=\"WdYUQQ text-decoration-none text-strikethrough-none\" style=\"font-size: 10pt;\">tr\u00ecnh b\u00e0y v\u1ec1 t\u00ednh c\u01a1 l\u00fd, t\u00ednh sinh th\u00e1i, t\u00ednh \u0111\u1ed9c h\u1ea1i v\u00e0 c\u00e1c ch\u1ec9 ti\u00eau an to\u00e0n li\u00ean quan kh\u00e1c.<\/span><\/em><\/p>\n<\/li>\n<\/ul>\n","protected":false},"excerpt":{"rendered":"<p>\u0110\u1eb7c t\u00ednh v\u01b0\u1ee3t tr\u1ed9i KING latex\u00a0l\u00e0 ph\u1ee5 gia ch\u1ed1ng th\u1ea5m v\u00e0 t\u00e1c nh\u00e2n k\u1ebft n\u1ed1i \u0111\u01b0\u1ee3c thi\u1ebft k\u1ebf d\u00e0nh ri\u00eang cho v\u1eefa v\u00e0 b\u00ea t\u00f4ng nh\u1eb1m n\u00e2ng cao kh\u1ea3 n\u0103ng ch\u1ed1ng th\u1ea5m, ch\u1ed1ng n\u1ee9t, ch\u1ed1ng \u0103n m\u00f2n v\u00e0 t\u0103ng c\u01b0\u1eddng kh\u1ea3 n\u0103ng k\u1ebft d\u00ednh. \u0110i\u1ec3m n\u1ed5i b\u1eadt -K\u1ebft d\u00ednh tuy\u1ec7t h\u1ea3o. -Gi\u1ea3m co ng\u00f3t. -T\u0103ng &#8230; <a title=\"KING LATEX\" class=\"read-more\" href=\"https:\/\/demo8.thuythu.com\/kingson\/kingkote\/phu-gia-king-latex\/\" aria-label=\"More on KING LATEX\">Read more<\/a><\/p>\n","protected":false},"featured_media":7253,"comment_status":"closed","ping_status":"closed","template":"","meta":[],"product_cat":[292,322,35],"product_tag":[],"acf":[],"_links":{"self":[{"href":"https:\/\/demo8.thuythu.com\/kingson\/wp-json\/wp\/v2\/product\/7231"}],"collection":[{"href":"https:\/\/demo8.thuythu.com\/kingson\/wp-json\/wp\/v2\/product"}],"about":[{"href":"https:\/\/demo8.thuythu.com\/kingson\/wp-json\/wp\/v2\/types\/product"}],"replies":[{"embeddable":true,"href":"https:\/\/demo8.thuythu.com\/kingson\/wp-json\/wp\/v2\/comments?post=7231"}],"wp:featuredmedia":[{"embeddable":true,"href":"https:\/\/demo8.thuythu.com\/kingson\/wp-json\/wp\/v2\/media\/7253"}],"wp:attachment":[{"href":"https:\/\/demo8.thuythu.com\/kingson\/wp-json\/wp\/v2\/media?parent=7231"}],"wp:term":[{"taxonomy":"product_cat","embeddable":true,"href":"https:\/\/demo8.thuythu.com\/kingson\/wp-json\/wp\/v2\/product_cat?post=7231"},{"taxonomy":"product_tag","embeddable":true,"href":"https:\/\/demo8.thuythu.com\/kingson\/wp-json\/wp\/v2\/product_tag?post=7231"}],"curies":[{"name":"wp","href":"https:\/\/api.w.org\/{rel}","templated":true}]}}