{"id":7280,"date":"2023-08-03T07:43:21","date_gmt":"2023-08-03T07:43:21","guid":{"rendered":"https:\/\/demo8.thuythu.com\/kingson\/?post_type=product&#038;p=7280"},"modified":"2023-08-18T04:47:04","modified_gmt":"2023-08-18T04:47:04","slug":"phu-gia-kingkote-r4-2","status":"publish","type":"product","link":"https:\/\/demo8.thuythu.com\/kingson\/kingkote\/phu-gia-kingkote-r4\/","title":{"rendered":"KINGKOTE R4"},"content":{"rendered":"<h2 class=\"title-tt font-weight-bold mb-3\"><span class=\"ez-toc-section\" id=\"Dac_tinh_vuot_troi\"><\/span>\u0110\u1eb7c t\u00ednh v\u01b0\u1ee3t tr\u1ed9i<span class=\"ez-toc-section-end\"><\/span><\/h2>\n<p class=\"_04xlpA direction-ltr align-start para-style-body\"><strong><span class=\"WdYUQQ text-decoration-none text-strikethrough-none\">KINGKOTE R4<\/span><\/strong><span class=\"WdYUQQ text-decoration-none text-strikethrough-none\"> l\u00e0 m\u1ed9t ph\u1ee5 gia si\u00eau h\u00f3a d\u1ebbo t\u1ea7m cao, gi\u1ea3m n\u01b0\u1edbc c\u00f3 ngu\u1ed3n g\u1ed1c t\u1eeb Sodium Gluconate LignoSulfonate. <\/span><strong><span class=\"WdYUQQ text-decoration-none text-strikethrough-none\">KINGKOTE R4<\/span><\/strong><span class=\"WdYUQQ text-decoration-none text-strikethrough-none\"> d\u00f9ng \u0111\u1ec3 pha tr\u1ed9n v\u00e0o c\u00e1c lo\u1ea1i B\u00eat\u00f4ng t\u1ea1o \u0111\u1ed9 s\u1ee5t, \u0111\u1ed9 d\u1ebbo, gi\u1ea3m n\u01b0\u1edbc, ph\u00e1t tri\u1ec3n nhanh c\u01b0\u1eddng \u0111\u1ed9 ban \u0111\u1ea7u (k\u1ec3 c\u1ea3 c\u01b0\u1eddng \u0111\u1ed9 cu\u1ed1i c\u00f9ng) v\u1edbi m\u1ee5c \u0111\u00edch th\u00e1o d\u1ee1 c\u1ed1p pha s\u1edbm, r\u00fat ng\u1eafn th\u1eddi gian thi c\u00f4ng.<\/span><\/p>\n<h3><span class=\"ez-toc-section\" id=\"Diem_noi_bat\"><\/span>\u0110i\u1ec3m n\u1ed5i b\u1eadt<span class=\"ez-toc-section-end\"><\/span><\/h3>\n<p><span class=\"WdYUQQ text-decoration-none text-strikethrough-none\">1. T\u00ednh n\u0103ng nh\u01b0 m\u1ed9t ch\u1ea5t si\u00eau d\u1ebbo<\/span><\/p>\n<ul>\n<li class=\"_04xlpA direction-ltr align-start para-style-body\"><span class=\"WdYUQQ text-decoration-none text-strikethrough-none\">T\u0103ng cao \u0111\u1ed9 linh \u0111\u1ed9ng c\u1ee7a B\u00eat\u00f4ng m\u00e0 kh\u00f4ng c\u1ea7n t\u0103ng t\u1ef7 l\u1ec7 n\u01b0\u1edbc \/ xi m\u0103ng;<\/span><\/li>\n<li class=\"_04xlpA direction-ltr align-start para-style-body\"><span class=\"WdYUQQ text-decoration-none text-strikethrough-none\">Kh\u00f4ng l\u00e0m B\u00eat\u00f4ng b\u1ecb ph\u00e2n t\u1ea7ng;<\/span><\/li>\n<li class=\"_04xlpA direction-ltr align-start para-style-body\"><span class=\"WdYUQQ text-decoration-none text-strikethrough-none\">Duy tr\u00ec \u0111\u1ed9 s\u1ee5t l\u00e2u d\u00e0i cho B\u00eat\u00f4ng , d\u1ec5 thi c\u00f4ng;<\/span><\/li>\n<li class=\"_04xlpA direction-ltr align-start para-style-body\">Kh\u00f4ng g\u00e2y ph\u1ea3n t\u00e1c d\u1ee5ng l\u00ean c\u01b0\u1eddng \u0111\u1ed9 cu\u1ed1i c\u00f9ng.<\/li>\n<\/ul>\n<p>2. T\u00ednh n\u0103ng nh\u01b0 m\u1ed9t ch\u1ea5t gi\u1ea3m n\u01b0\u1edbc<\/p>\n<ul>\n<li class=\"_04xlpA direction-ltr align-start para-style-body\"><span class=\"WdYUQQ text-decoration-none text-strikethrough-none\">T\u0103ng nhanh c\u01b0\u1eddng \u0111\u1ed9 ban \u0111\u1ea7u v\u00e0 c\u01b0\u1eddng \u0111\u1ed9 cu\u1ed1i c\u00f9ng m\u1ed9t c\u00e1ch \u0111\u00e1ng k\u1ec3;<\/span><\/li>\n<li class=\"_04xlpA direction-ltr align-start para-style-body\"><span class=\"WdYUQQ text-decoration-none text-strikethrough-none\">N\u00e2ng cao c\u01b0\u1eddng \u0111\u1ed9 cho B\u00eat\u00f4ng khi s\u1eed d\u1ee5ng c\u00f9ng m\u1ed9t h\u00e0m l\u01b0\u1ee3ng xi m\u0103ng;<\/span><\/li>\n<li class=\"_04xlpA direction-ltr align-start para-style-body\"><span class=\"WdYUQQ text-decoration-none text-strikethrough-none\">Kh\u00f4ng l\u00e0m gia t\u0103ng s\u1ef1 cu\u1ed1n kh\u00ed;<\/span><\/li>\n<li class=\"_04xlpA direction-ltr align-start para-style-body\"><span class=\"WdYUQQ text-decoration-none text-strikethrough-none\">Gi\u1ea3m hi\u1ec7n t\u01b0\u1ee3ng co ng\u00f3t, n\u1ee9t n\u1ebb;<\/span><\/li>\n<li class=\"_04xlpA direction-ltr align-start para-style-body\"><span class=\"WdYUQQ text-decoration-none text-strikethrough-none\">C\u1ea3i thi\u1ec7n b\u1ec1 m\u1eb7t thi c\u00f4ng;<\/span><\/li>\n<li class=\"_04xlpA direction-ltr align-start para-style-body\"><span class=\"WdYUQQ text-decoration-none text-strikethrough-none\">T\u0103ng kh\u1ea3 n\u0103ng ch\u1ed1ng th\u1ea5m;<\/span><\/li>\n<li class=\"_04xlpA direction-ltr align-start para-style-body\"><span class=\"WdYUQQ text-decoration-none text-strikethrough-none\">Gi\u1ea3m b\u1ecdt kh\u00ed, t\u1ea1o \u0111\u1ed9 s\u00edt \u0111\u1eb7c cho B\u00eat\u00f4ng.<\/span><\/li>\n<\/ul>\n<h2 class=\"title-tt font-weight-bold mb-3\"><span class=\"ez-toc-section\" id=\"Thong_tin_thi_cong\"><\/span>Th\u00f4ng tin thi c\u00f4ng<span class=\"ez-toc-section-end\"><\/span><\/h2>\n<p>&nbsp;<\/p>\n<div>\n<h3><span class=\"ez-toc-section\" id=\"Thi_cong\"><\/span><strong>Thi c\u00f4ng<\/strong><span class=\"ez-toc-section-end\"><\/span><\/h3>\n<ul>\n<li><span class=\"WdYUQQ text-decoration-none text-strikethrough-none\">C\u00f3 th\u1ec3 cho <strong>KINGKOTE R4<\/strong> tr\u1ef1c ti\u1ebfp v\u00e0o n\u01b0\u1edbc \u0111\u00e3 \u0111\u01b0\u1ee3c \u0111\u1ecbnh l\u01b0\u1ee3ng tr\u01b0\u1edbc khi cho v\u00e0o h\u1ed7n h\u1ee3p b\u00eat\u00f4ng kh\u00f4 ho\u1eb7c tr\u1ed9n \u0111\u1ed3ng th\u1eddi v\u1edbi n\u01b0\u1edbc khi cho v\u00e0o b\u00eat\u00f4ng;<\/span><\/li>\n<li class=\"_04xlpA direction-ltr align-justify para-style-body\"><span class=\"WdYUQQ text-decoration-none text-strikethrough-none\">Khi cho tr\u1ef1c ti\u1ebfp v\u00e0o B\u00eat\u00f4ng t\u01b0\u01a1i v\u1eeba m\u1edbi tr\u1ed9n , hi\u1ec7u qu\u1ea3 v\u1ec1 t\u00ednh h\u00f3a d\u1ebbo th\u1ec3 hi\u1ec7n r\u00f5 r\u1ec7t h\u01a1n v\u00e0 th\u1eddi gian ph\u1ea3i tr\u1ed9n th\u00eam t\u1eeb 3 ph\u00fat tr\u1edf l\u00ean;<\/span><\/li>\n<li class=\"_04xlpA direction-ltr align-justify para-style-body\"><span class=\"WdYUQQ text-decoration-none text-strikethrough-none\">Khi d\u00f9ng qu\u00e1 li\u1ec1u l\u01b0\u1ee3ng m\u1ed9t c\u00e1ch \u0111\u00e1ng k\u1ec3 s\u1ebd d\u1eabn \u0111\u1ebfn t\u00ednh thi c\u00f4ng \u0111\u01b0\u1ee3c gia t\u0103ng v\u00e0 k\u00e9o d\u00e0i th\u1eddi gian ninh k\u1ebft c\u1ee7a B\u00eat\u00f4ng. Tuy nhi\u00ean, n\u1ebfu b\u00eat\u00f4ng \u0111\u01b0\u1ee3c b\u1ea3o d\u01b0\u1ee1ng \u0111\u00fang c\u00e1ch th\u00ec c\u01b0\u1eddng \u0111\u1ed9 cu\u1ed1i c\u00f9ng (kh\u00f4ng t\u00ednh c\u01b0\u1eddng \u0111\u1ed9 ban \u0111\u1ea7u) v\u00e0 c\u00e1c \u0111\u1eb7c t\u00ednh c\u1ee7a B\u00eat\u00f4ng kh\u00f4ng b\u1ecb \u1ea3nh h\u01b0\u1edfng.<\/span><\/li>\n<\/ul>\n<p class=\"_04xlpA direction-ltr align-justify para-style-body\"><em><span class=\"WdYUQQ text-decoration-none text-strikethrough-none\">L\u01afU \u00dd<\/span><span class=\"WdYUQQ text-decoration-none text-strikethrough-none\">: <\/span><\/em><span class=\"WdYUQQ text-decoration-none text-strikethrough-none\">Do th\u1eddi gian ninh k\u1ebft c\u1ee7a B\u00eat\u00f4ng b\u1ecb k\u00e9o d\u00e0i n\u00ean ph\u1ea3i b\u00e3o d\u01b0\u1ee1ng \u0111\u00fang ph\u01b0\u01a1ng ph\u00e1p. Kh\u00f4ng \u0111\u01b0\u1ee3c l\u00e0m ch\u1ea5n \u0111\u1ed9ng c\u1ed1p pha ho\u1eb7c c\u1ed1p th\u00e9p trong su\u1ed1t qu\u00e1 tr\u00ecnh B\u00eat\u00f4ng \u0111ang ninh k\u1ebft.<\/span><\/p>\n<h3><span class=\"ez-toc-section\" id=\"Ve_sinh\"><\/span><strong>V\u1ec7 sinh<\/strong><span class=\"ez-toc-section-end\"><\/span><\/h3>\n<div>\n<p>L\u00e0m s\u1ea1ch t\u1ea5t c\u1ea3 d\u1ee5ng c\u1ee5, thi\u1ebft b\u1ecb b\u1eb1ng n\u01b0\u1edbc s\u1ea1ch ngay sau khi thi c\u00f4ng.<\/p>\n<h3><span class=\"ez-toc-section\" id=\"Bao_quan\"><\/span><strong>B\u1ea3o qu\u1ea3n<\/strong><span class=\"ez-toc-section-end\"><\/span><\/h3>\n<ul>\n<li>N\u01a1i kh\u00f4 r\u00e1o tho\u00e1ng m\u00e1t;<\/li>\n<li>Tr\u00e1nh \u0111\u1ec3 s\u1ea3n ph\u1ea9m tr\u1ef1c ti\u1ebfp d\u01b0\u1edbi \u00e1nh s\u00e1ng m\u1eb7t tr\u1eddi.<\/li>\n<\/ul>\n<p><em>Th\u1eddi h\u1ea1n s\u1eed d\u1ee5ng: T\u1ed1i thi\u1ec3u 2 n\u0103m n\u1ebfu l\u01b0u tr\u1eef \u0111\u00fang c\u00e1ch trong bao b\u00ec nguy\u00ean ch\u01b0a m\u1edf.<\/em><\/p>\n<\/div>\n<\/div>\n<p>&nbsp;<\/p>\n<p>&nbsp;<\/p>\n<p><span style=\"font-size: 10pt;\"><em><strong>Th\u00f4ng tin an to\u00e0n, s\u1ee9c kh\u1ecfe v\u00e0 m\u00f4i tr\u01b0\u1eddng<\/strong><\/em><\/span><\/p>\n<ul>\n<li>\n<p class=\"_04xlpA direction-ltr align-start para-style-body\"><em><span class=\"WdYUQQ text-decoration-none text-strikethrough-none\" style=\"font-size: 10pt;\">Kh\u00f4ng \u0111\u01b0\u1ee3c \u0111\u1ed5 v\u00e0o c\u1ed1ng, n\u01b0\u1edbc ho\u1eb7c \u0111\u1ea5t m\u00e0 ph\u1ea3i h\u1ee7y b\u1ecf theo <\/span><\/em><em><span class=\"WdYUQQ text-decoration-none text-strikethrough-none\" style=\"font-size: 10pt;\">\u0111\u00fang quy \u0111\u1ecbnh;<\/span><\/em><\/p>\n<\/li>\n<li>\n<p class=\"_04xlpA direction-ltr align-start para-style-body\"><em><span class=\"WdYUQQ text-decoration-none text-strikethrough-none\" style=\"font-size: 10pt;\">Mang k\u00ednh, gi\u00e0y, g\u0103ng tay v\u00e0 \u00e1o b\u1ea3o h\u1ed9 trong khi thi c\u00f4ng s\u1ea3n ph\u1ea9m;<\/span><\/em><\/p>\n<\/li>\n<li>\n<p class=\"_04xlpA direction-ltr align-start para-style-body\"><em><span class=\"WdYUQQ text-decoration-none text-strikethrough-none\" style=\"font-size: 10pt;\">Tr\u00e1nh ti\u1ebfp x\u00fac tr\u1ef1c ti\u1ebfp v\u1edbi da v\u00e0 m\u1eaft. N\u1ebfu b\u1ecb v\u0103ng v\u00e0o m\u1eaft, d\u00f9ng n\u01b0\u1edbc s\u1ea1ch r\u1eeda m\u1eaft nhi\u1ec1u l\u1ea7n;<\/span><\/em><\/p>\n<\/li>\n<li>\n<p class=\"_04xlpA direction-ltr align-start para-style-body\"><em><span class=\"WdYUQQ text-decoration-none text-strikethrough-none\" style=\"font-size: 10pt;\">Mang g\u0103ng tay, kh\u1ea9u trang v\u00e0 c\u00e1c d\u1ee5ng c\u1ee5 b\u1ea3o h\u1ed9 khi thi c\u00f4ng.<\/span><\/em><\/p>\n<\/li>\n<li>\n<p class=\"_04xlpA direction-ltr align-start para-style-body\"><em><span class=\"WdYUQQ text-decoration-none text-strikethrough-none\" style=\"font-size: 10pt;\">\u0110\u1ec3 hi\u1ec3u th\u00eam c\u00e1c th\u00f4ng tin v\u00e0 c\u00e1c khuy\u1ebfn c\u00e1o v\u1ec1 an to\u00e0n <\/span><\/em><em><span class=\"WdYUQQ text-decoration-none text-strikethrough-none\" style=\"font-size: 10pt;\">khi s\u1eed d\u1ee5ng, l\u01b0u tr\u1eef v\u00e0 th\u1ea3i b\u1ecf s\u1ea3n ph\u1ea9m, ng\u01b0\u1eddi s\u1eed d\u1ee5ng n\u00ean <\/span><\/em><em><span class=\"WdYUQQ text-decoration-none text-strikethrough-none\" style=\"font-size: 10pt;\">tham kh\u1ea3o t\u00e0i li\u1ec7u k\u1ef9 thu\u1eadt an to\u00e0n m\u1edbi nh\u1ea5t c\u1ee7a s\u1ea3n ph\u1ea9m <\/span><\/em><em><span class=\"WdYUQQ text-decoration-none text-strikethrough-none\" style=\"font-size: 10pt;\">tr\u00ecnh b\u00e0y v\u1ec1 t\u00ednh c\u01a1 l\u00fd, t\u00ednh sinh th\u00e1i, t\u00ednh \u0111\u1ed9c h\u1ea1i v\u00e0 c\u00e1c ch\u1ec9 ti\u00eau an to\u00e0n li\u00ean quan kh\u00e1c.<\/span><\/em><\/p>\n<\/li>\n<\/ul>\n","protected":false},"excerpt":{"rendered":"<p>\u0110\u1eb7c t\u00ednh v\u01b0\u1ee3t tr\u1ed9i KINGKOTE R4 l\u00e0 m\u1ed9t ph\u1ee5 gia si\u00eau h\u00f3a d\u1ebbo t\u1ea7m cao, gi\u1ea3m n\u01b0\u1edbc c\u00f3 ngu\u1ed3n g\u1ed1c t\u1eeb Sodium Gluconate LignoSulfonate. KINGKOTE R4 d\u00f9ng \u0111\u1ec3 pha tr\u1ed9n v\u00e0o c\u00e1c lo\u1ea1i B\u00eat\u00f4ng t\u1ea1o \u0111\u1ed9 s\u1ee5t, \u0111\u1ed9 d\u1ebbo, gi\u1ea3m n\u01b0\u1edbc, ph\u00e1t tri\u1ec3n nhanh c\u01b0\u1eddng \u0111\u1ed9 ban \u0111\u1ea7u (k\u1ec3 c\u1ea3 c\u01b0\u1eddng \u0111\u1ed9 cu\u1ed1i c\u00f9ng) v\u1edbi &#8230; <a title=\"KINGKOTE R4\" class=\"read-more\" href=\"https:\/\/demo8.thuythu.com\/kingson\/kingkote\/phu-gia-kingkote-r4\/\" aria-label=\"More on KINGKOTE R4\">Read more<\/a><\/p>\n","protected":false},"featured_media":7257,"comment_status":"closed","ping_status":"closed","template":"","meta":[],"product_cat":[292,322,35],"product_tag":[],"acf":[],"_links":{"self":[{"href":"https:\/\/demo8.thuythu.com\/kingson\/wp-json\/wp\/v2\/product\/7280"}],"collection":[{"href":"https:\/\/demo8.thuythu.com\/kingson\/wp-json\/wp\/v2\/product"}],"about":[{"href":"https:\/\/demo8.thuythu.com\/kingson\/wp-json\/wp\/v2\/types\/product"}],"replies":[{"embeddable":true,"href":"https:\/\/demo8.thuythu.com\/kingson\/wp-json\/wp\/v2\/comments?post=7280"}],"wp:featuredmedia":[{"embeddable":true,"href":"https:\/\/demo8.thuythu.com\/kingson\/wp-json\/wp\/v2\/media\/7257"}],"wp:attachment":[{"href":"https:\/\/demo8.thuythu.com\/kingson\/wp-json\/wp\/v2\/media?parent=7280"}],"wp:term":[{"taxonomy":"product_cat","embeddable":true,"href":"https:\/\/demo8.thuythu.com\/kingson\/wp-json\/wp\/v2\/product_cat?post=7280"},{"taxonomy":"product_tag","embeddable":true,"href":"https:\/\/demo8.thuythu.com\/kingson\/wp-json\/wp\/v2\/product_tag?post=7280"}],"curies":[{"name":"wp","href":"https:\/\/api.w.org\/{rel}","templated":true}]}}