{"id":7284,"date":"2023-08-03T08:16:25","date_gmt":"2023-08-03T08:16:25","guid":{"rendered":"https:\/\/demo8.thuythu.com\/kingson\/?post_type=product&#038;p=7284"},"modified":"2023-08-18T04:47:04","modified_gmt":"2023-08-18T04:47:04","slug":"phu-gia-latex-lite","status":"publish","type":"product","link":"https:\/\/demo8.thuythu.com\/kingson\/kingkote\/phu-gia-latex-lite\/","title":{"rendered":"LATEX LITE"},"content":{"rendered":"<h2 class=\"title-tt font-weight-bold mb-3\"><span class=\"ez-toc-section\" id=\"Dac_tinh_vuot_troi\"><\/span>\u0110\u1eb7c t\u00ednh v\u01b0\u1ee3t tr\u1ed9i<span class=\"ez-toc-section-end\"><\/span><\/h2>\n<p class=\"_04xlpA direction-ltr align-start para-style-body\"><strong><span class=\"WdYUQQ text-decoration-none text-strikethrough-none\">LATEX LITE<\/span><\/strong><span class=\"WdYUQQ text-decoration-none text-strikethrough-none\"> l\u00e0 ph\u1ee5 gia ch\u1ed1ng th\u1ea5m v\u00e0 k\u1ebft n\u1ed1i ho\u00e0n thi\u1ec7n c\u00e1c h\u1ea1ng m\u1ee5c c\u00f4ng tr\u00ecnh: S\u00e0n s\u00e2n th\u01b0\u1ee3ng, s\u00e0n toilet, s\u00ean\u00f4, h\u1ed3 n\u01b0\u1edbc, t\u01b0\u1eddng, t\u01b0\u1eddng h\u1ea7m. <\/span><span class=\"WdYUQQ text-decoration-none text-strikethrough-none\"><strong>LATEX LITE<\/strong> <\/span><span class=\"WdYUQQ text-decoration-none text-strikethrough-none\">\u0111\u01b0\u1ee3c tr\u1ed9n v\u1edbi xi m\u0103ng + c\u00e1t hay tr\u1ed9n b\u00eat\u00f4ng nh\u1eb1m gia t\u0103ng t\u00ednh k\u1ebft d\u00ednh v\u00e0 kh\u1ea3 n\u0103ng ch\u1ed1ng th\u1ea5m.<\/span><\/p>\n<h3><span class=\"ez-toc-section\" id=\"Diem_noi_bat\"><\/span>\u0110i\u1ec3m n\u1ed5i b\u1eadt<span class=\"ez-toc-section-end\"><\/span><\/h3>\n<p class=\"_04xlpA direction-ltr align-start para-style-body\"><span class=\"WdYUQQ text-decoration-none text-strikethrough-none\">&#8211; <strong>LATEX LITE<\/strong> cung c\u1ea5p c\u00e1c \u01b0u \u0111i\u1ec3m sau:<\/span><\/p>\n<ul>\n<li><span class=\"WdYUQQ text-decoration-none text-strikethrough-none\">Ch\u1ed1ng th\u1ea5m tuy\u1ec7t h\u1ea3o;<\/span><\/li>\n<li><span class=\"WdYUQQ text-decoration-none text-strikethrough-none\">K\u1ebft d\u00ednh t\u1ed1t c\u00e1c b\u1ec1 m\u1eb7t c\u0169 v\u00e0 m\u1edbi;<\/span><\/li>\n<li><span class=\"WdYUQQ text-decoration-none text-strikethrough-none\">T\u0103ng t\u00ednh \u0111\u00e0n h\u1ed3i;<\/span><\/li>\n<li><span class=\"WdYUQQ text-decoration-none text-strikethrough-none\">Gi\u1ea3m co ng\u00f3t;<\/span><\/li>\n<li><span class=\"WdYUQQ text-decoration-none text-strikethrough-none\">T\u0103ng t\u00ednh kh\u00e1ng m\u00e0i m\u00f2n h\u00f3a ch\u1ea5t.<\/span><\/li>\n<\/ul>\n<p class=\"_04xlpA direction-ltr align-start para-style-body\"><span class=\"WdYUQQ text-decoration-none text-strikethrough-none\">&#8211; <strong>LATEX LITE<\/strong> kh\u00f4ng b\u1ecb chuy\u1ec3n h\u00f3a l\u1ea1i th\u00e0nh d\u1ea1ng nh\u0169 ngay c\u1ea3 trong nh\u1eefng \u0111i\u1ec1u ki\u1ec7n c\u00f3 t\u00ednh ki\u1ec1m cao;<\/span><\/p>\n<p class=\"_04xlpA direction-ltr align-start para-style-body\"><span class=\"WdYUQQ text-decoration-none text-strikethrough-none\">&#8211; C\u1ea3i thi\u1ec7n t\u00ednh \u0111\u00e0n h\u1ed3i v\u00e0 kh\u00e1ng l\u1ea1i vi\u1ec7c h\u00ecnh th\u00e0nh c\u00e1c v\u1ebft n\u1ee9t.<\/span><\/p>\n<h2 class=\"title-tt font-weight-bold mb-3\"><span class=\"ez-toc-section\" id=\"Thong_tin_thi_cong\"><\/span>Th\u00f4ng tin thi c\u00f4ng<span class=\"ez-toc-section-end\"><\/span><\/h2>\n<p>&nbsp;<\/p>\n<div>\n<h3><span class=\"ez-toc-section\" id=\"Thi_cong\"><\/span><strong>Thi c\u00f4ng<\/strong><span class=\"ez-toc-section-end\"><\/span><\/h3>\n<ul>\n<li>\n<p class=\"_04xlpA direction-ltr align-start para-style-body\"><em><span class=\"WdYUQQ text-decoration-none text-strikethrough-none\">L\u1edbp h\u1ed3 d\u1ea7u k\u1ebft n\u1ed1i<\/span><\/em><span class=\"WdYUQQ text-decoration-none text-strikethrough-none\"><strong> LATEX LITE<\/strong> : Tr\u1ed9n 1 l\u00edt Latex +1 l\u00edt n\u01b0\u1edbc + 4 kg xim\u0103ng = H\u1ed3 d\u1ea7u k\u1ebft n\u1ed1i;<\/span><\/p>\n<\/li>\n<li>\n<p class=\"_04xlpA direction-ltr align-start para-style-body\"><em><span class=\"WdYUQQ text-decoration-none text-strikethrough-none\">L\u1edbp v\u1eefa ch\u1ed1ng th\u1ea5m<\/span><\/em><span class=\"WdYUQQ text-decoration-none text-strikethrough-none\">: 1 l\u00edt <strong>LATEX LITE<\/strong> + 3 l\u00edt n\u01b0\u1edbc + tr\u1ed9n v\u1edbi 8 kg xim\u0103ng + 24 kg c\u00e1t;<\/span><\/p>\n<ul>\n<li>\n<p class=\"_04xlpA direction-ltr align-start para-style-body\"><span class=\"WdYUQQ text-decoration-none text-strikethrough-none\">\u0110\u1ecbnh m\u1ee9c cho 2 l\u1edbp 1 l\u00edt\/m2<\/span><\/p>\n<\/li>\n<\/ul>\n<\/li>\n<li>\n<p class=\"_04xlpA direction-ltr align-start para-style-body\"><em><span class=\"WdYUQQ text-decoration-none text-strikethrough-none\">Ch\u1ed1ng th\u1ea5m trong b\u00eat\u00f4ng<\/span><\/em><span class=\"WdYUQQ text-decoration-none text-strikethrough-none\">: Li\u1ec1u l\u01b0\u1ee3ng 0.8 &#8211; 1.2 l\u00edt\/ bao xi m\u0103ng.<\/span><\/p>\n<\/li>\n<\/ul>\n<h3><span class=\"ez-toc-section\" id=\"Ve_sinh\"><\/span><strong>V\u1ec7 sinh<\/strong><span class=\"ez-toc-section-end\"><\/span><\/h3>\n<div>\n<p>L\u00e0m s\u1ea1ch t\u1ea5t c\u1ea3 d\u1ee5ng c\u1ee5, thi\u1ebft b\u1ecb b\u1eb1ng n\u01b0\u1edbc s\u1ea1ch ngay sau khi thi c\u00f4ng.<\/p>\n<h3><span class=\"ez-toc-section\" id=\"Bao_quan\"><\/span><strong>B\u1ea3o qu\u1ea3n<\/strong><span class=\"ez-toc-section-end\"><\/span><\/h3>\n<ul>\n<li>N\u01a1i kh\u00f4 r\u00e1o tho\u00e1ng m\u00e1t;<\/li>\n<li>Tr\u00e1nh \u0111\u1ec3 s\u1ea3n ph\u1ea9m tr\u1ef1c ti\u1ebfp d\u01b0\u1edbi \u00e1nh s\u00e1ng m\u1eb7t tr\u1eddi.<\/li>\n<\/ul>\n<p><em>Th\u1eddi h\u1ea1n s\u1eed d\u1ee5ng: T\u1ed1i thi\u1ec3u 3 n\u0103m n\u1ebfu l\u01b0u tr\u1eef \u0111\u00fang c\u00e1ch trong bao b\u00ec nguy\u00ean ch\u01b0a m\u1edf.<\/em><\/p>\n<\/div>\n<\/div>\n<p>&nbsp;<\/p>\n<p>&nbsp;<\/p>\n<p><span style=\"font-size: 10pt;\"><em><strong>Th\u00f4ng tin an to\u00e0n, s\u1ee9c kh\u1ecfe v\u00e0 m\u00f4i tr\u01b0\u1eddng<\/strong><\/em><\/span><\/p>\n<ul>\n<li>\n<p class=\"_04xlpA direction-ltr align-start para-style-body\"><em><span class=\"WdYUQQ text-decoration-none text-strikethrough-none\" style=\"font-size: 10pt;\">Kh\u00f4ng \u0111\u01b0\u1ee3c \u0111\u1ed5 v\u00e0o c\u1ed1ng, n\u01b0\u1edbc ho\u1eb7c \u0111\u1ea5t m\u00e0 ph\u1ea3i h\u1ee7y b\u1ecf theo <\/span><\/em><em><span class=\"WdYUQQ text-decoration-none text-strikethrough-none\" style=\"font-size: 10pt;\">\u0111\u00fang quy \u0111\u1ecbnh;<\/span><\/em><\/p>\n<\/li>\n<li>\n<p class=\"_04xlpA direction-ltr align-start para-style-body\"><em><span class=\"WdYUQQ text-decoration-none text-strikethrough-none\" style=\"font-size: 10pt;\">Mang k\u00ednh, gi\u00e0y, g\u0103ng tay v\u00e0 \u00e1o b\u1ea3o h\u1ed9 trong khi thi c\u00f4ng s\u1ea3n ph\u1ea9m;<\/span><\/em><\/p>\n<\/li>\n<li>\n<p class=\"_04xlpA direction-ltr align-start para-style-body\"><em><span class=\"WdYUQQ text-decoration-none text-strikethrough-none\" style=\"font-size: 10pt;\">Tr\u00e1nh ti\u1ebfp x\u00fac tr\u1ef1c ti\u1ebfp v\u1edbi da v\u00e0 m\u1eaft. N\u1ebfu b\u1ecb v\u0103ng v\u00e0o m\u1eaft, d\u00f9ng n\u01b0\u1edbc s\u1ea1ch r\u1eeda m\u1eaft nhi\u1ec1u l\u1ea7n;<\/span><\/em><\/p>\n<\/li>\n<li>\n<p class=\"_04xlpA direction-ltr align-start para-style-body\"><em><span class=\"WdYUQQ text-decoration-none text-strikethrough-none\" style=\"font-size: 10pt;\">Mang g\u0103ng tay, kh\u1ea9u trang v\u00e0 c\u00e1c d\u1ee5ng c\u1ee5 b\u1ea3o h\u1ed9 khi thi c\u00f4ng.<\/span><\/em><\/p>\n<\/li>\n<li>\n<p class=\"_04xlpA direction-ltr align-start para-style-body\"><em><span class=\"WdYUQQ text-decoration-none text-strikethrough-none\" style=\"font-size: 10pt;\">\u0110\u1ec3 hi\u1ec3u th\u00eam c\u00e1c th\u00f4ng tin v\u00e0 c\u00e1c khuy\u1ebfn c\u00e1o v\u1ec1 an to\u00e0n <\/span><\/em><em><span class=\"WdYUQQ text-decoration-none text-strikethrough-none\" style=\"font-size: 10pt;\">khi s\u1eed d\u1ee5ng, l\u01b0u tr\u1eef v\u00e0 th\u1ea3i b\u1ecf s\u1ea3n ph\u1ea9m, ng\u01b0\u1eddi s\u1eed d\u1ee5ng n\u00ean <\/span><\/em><em><span class=\"WdYUQQ text-decoration-none text-strikethrough-none\" style=\"font-size: 10pt;\">tham kh\u1ea3o t\u00e0i li\u1ec7u k\u1ef9 thu\u1eadt an to\u00e0n m\u1edbi nh\u1ea5t c\u1ee7a s\u1ea3n ph\u1ea9m <\/span><\/em><em><span class=\"WdYUQQ text-decoration-none text-strikethrough-none\" style=\"font-size: 10pt;\">tr\u00ecnh b\u00e0y v\u1ec1 t\u00ednh c\u01a1 l\u00fd, t\u00ednh sinh th\u00e1i, t\u00ednh \u0111\u1ed9c h\u1ea1i v\u00e0 c\u00e1c ch\u1ec9 ti\u00eau an to\u00e0n li\u00ean quan kh\u00e1c.<\/span><\/em><\/p>\n<\/li>\n<\/ul>\n","protected":false},"excerpt":{"rendered":"<p>\u0110\u1eb7c t\u00ednh v\u01b0\u1ee3t tr\u1ed9i LATEX LITE l\u00e0 ph\u1ee5 gia ch\u1ed1ng th\u1ea5m v\u00e0 k\u1ebft n\u1ed1i ho\u00e0n thi\u1ec7n c\u00e1c h\u1ea1ng m\u1ee5c c\u00f4ng tr\u00ecnh: S\u00e0n s\u00e2n th\u01b0\u1ee3ng, s\u00e0n toilet, s\u00ean\u00f4, h\u1ed3 n\u01b0\u1edbc, t\u01b0\u1eddng, t\u01b0\u1eddng h\u1ea7m. LATEX LITE \u0111\u01b0\u1ee3c tr\u1ed9n v\u1edbi xi m\u0103ng + c\u00e1t hay tr\u1ed9n b\u00eat\u00f4ng nh\u1eb1m gia t\u0103ng t\u00ednh k\u1ebft d\u00ednh v\u00e0 kh\u1ea3 n\u0103ng ch\u1ed1ng th\u1ea5m. &#8230; <a title=\"LATEX LITE\" class=\"read-more\" href=\"https:\/\/demo8.thuythu.com\/kingson\/kingkote\/phu-gia-latex-lite\/\" aria-label=\"More on LATEX LITE\">Read more<\/a><\/p>\n","protected":false},"featured_media":7261,"comment_status":"closed","ping_status":"closed","template":"","meta":[],"product_cat":[292,322,35],"product_tag":[],"acf":[],"_links":{"self":[{"href":"https:\/\/demo8.thuythu.com\/kingson\/wp-json\/wp\/v2\/product\/7284"}],"collection":[{"href":"https:\/\/demo8.thuythu.com\/kingson\/wp-json\/wp\/v2\/product"}],"about":[{"href":"https:\/\/demo8.thuythu.com\/kingson\/wp-json\/wp\/v2\/types\/product"}],"replies":[{"embeddable":true,"href":"https:\/\/demo8.thuythu.com\/kingson\/wp-json\/wp\/v2\/comments?post=7284"}],"wp:featuredmedia":[{"embeddable":true,"href":"https:\/\/demo8.thuythu.com\/kingson\/wp-json\/wp\/v2\/media\/7261"}],"wp:attachment":[{"href":"https:\/\/demo8.thuythu.com\/kingson\/wp-json\/wp\/v2\/media?parent=7284"}],"wp:term":[{"taxonomy":"product_cat","embeddable":true,"href":"https:\/\/demo8.thuythu.com\/kingson\/wp-json\/wp\/v2\/product_cat?post=7284"},{"taxonomy":"product_tag","embeddable":true,"href":"https:\/\/demo8.thuythu.com\/kingson\/wp-json\/wp\/v2\/product_tag?post=7284"}],"curies":[{"name":"wp","href":"https:\/\/api.w.org\/{rel}","templated":true}]}}