{"id":7290,"date":"2023-08-03T08:47:54","date_gmt":"2023-08-03T08:47:54","guid":{"rendered":"https:\/\/demo8.thuythu.com\/kingson\/?post_type=product&#038;p=7290"},"modified":"2023-08-18T04:47:04","modified_gmt":"2023-08-18T04:47:04","slug":"phu-gia-cn100","status":"publish","type":"product","link":"https:\/\/demo8.thuythu.com\/kingson\/kingkote\/phu-gia-cn100\/","title":{"rendered":"CN100"},"content":{"rendered":"<h2 class=\"title-tt font-weight-bold mb-3\"><span class=\"ez-toc-section\" id=\"Dac_tinh_vuot_troi\"><\/span>\u0110\u1eb7c t\u00ednh v\u01b0\u1ee3t tr\u1ed9i<span class=\"ez-toc-section-end\"><\/span><\/h2>\n<p>&nbsp;<\/p>\n<p class=\"_04xlpA direction-ltr align-start para-style-body\"><strong><span class=\"WdYUQQ text-decoration-none text-strikethrough-none\">CN100 <\/span><\/strong><span class=\"WdYUQQ text-decoration-none text-strikethrough-none\">l\u00e0 m\u1ed9t lo\u1ea1i ph\u1ee5 gia ch\u1ea5t l\u1ecfng \u0111\u1eb7c bi\u1ec7t s\u1eed d\u1ee5ng k\u1ebft h\u1ee3p v\u1edbi xi m\u0103ng t\u1ea1o ra m\u1ed9t lo\u1ea1i v\u1eefa c\u00f3 t\u00ednh \u0111\u00f4ng c\u1ee9ng nhanh, c\u01b0\u1eddng \u0111\u1ed9 cao, b\u00e1m d\u00ednh t\u1ed1t c\u00f3 kh\u1ea3 n\u0103ng kh\u1ed1ng ch\u1ebf n\u01b0\u1edbc m\u1ed9t c\u00e1ch ho\u00e0n h\u1ea3o v\u00e0 c\u00f3 t\u00ednh ch\u1ed1ng th\u1ea5m. Thi c\u00f4ng \u0111\u01a1n gi\u1ea3n,hi\u1ec7u qu\u1ea3 cao.<\/span><\/p>\n<h2 class=\"title-tt font-weight-bold mb-3\"><span class=\"ez-toc-section\" id=\"Thong_tin_thi_cong\"><\/span>Th\u00f4ng tin thi c\u00f4ng<span class=\"ez-toc-section-end\"><\/span><\/h2>\n<p>&nbsp;<\/p>\n<div>\n<h3><span class=\"ez-toc-section\" id=\"Thi_cong\"><\/span><strong>Thi c\u00f4ng<\/strong><span class=\"ez-toc-section-end\"><\/span><\/h3>\n<ul>\n<li>\n<p class=\"_04xlpA direction-ltr align-start para-style-body\"><span class=\"WdYUQQ text-decoration-none text-strikethrough-none\">Khu\u1ea5y ( l\u1eafc ) \u0111\u1ec1u s\u1ea3n ph\u1ea9m tr\u01b0\u1edbc khi d\u00f9ng;<\/span><\/p>\n<\/li>\n<li>\n<p class=\"_04xlpA direction-ltr align-start para-style-body\"><span class=\"WdYUQQ text-decoration-none text-strikethrough-none\">Pha ph\u1ee5 gia <strong>CN100<\/strong> v\u1edbi xi m\u0103ng theo t\u1ef7 l\u1ec7 80ml\/120gam;<\/span><\/p>\n<\/li>\n<li>\n<p class=\"_04xlpA direction-ltr align-start para-style-body\"><span class=\"WdYUQQ text-decoration-none text-strikethrough-none\">Cho ph\u1ee5 gia <strong>CN100<\/strong> v\u00e0o ch\u00e9n nh\u1ef1a nh\u1ecf, sau \u0111\u00f3 cho xi m\u0103ng t\u1eeb t\u1eeb v\u00e0o;<\/span><\/p>\n<\/li>\n<li>\n<p class=\"_04xlpA direction-ltr align-start para-style-body\"><span class=\"WdYUQQ text-decoration-none text-strikethrough-none\">Khu\u1ea5y \u0111\u1ec1u trong v\u00e0i ch\u1ee5c gi\u00e2y cho \u0111\u1ebfn khi h\u1ed7n h\u1ee3p \u0111\u00f4ng \u0111\u1eb7c;<\/span><\/p>\n<\/li>\n<li>\n<p class=\"_04xlpA direction-ltr align-start para-style-body\"><span class=\"WdYUQQ text-decoration-none text-strikethrough-none\">D\u00f9ng tay n\u1eafn h\u1ed7n h\u1ee3p th\u00e0nh h\u00ecnh d\u1ea1ng c\u00e1i n\u00fat chai, sau \u0111\u00f3 nhanh ch\u00f3ng \u0111\u1eafp s\u00e2u v\u00e0o trong l\u1ed7 r\u00f2 r\u1ec9 r\u1ed3i gi\u1eef ch\u1eb7c b\u1eb1ng tay ho\u1eb7c b\u1eb1ng bay cho \u0111\u1ebfn khi v\u1eefa \u0111\u00f4ng \u0111\u1eb7c ho\u00e0n to\u00e0n.<\/span><\/p>\n<\/li>\n<li>\n<p class=\"_04xlpA direction-ltr align-start para-style-body\"><span class=\"WdYUQQ text-decoration-none text-strikethrough-none\">Khi b\u1ec1 m\u1eb7t h\u01a1i kh\u00f4 th\u00ec ti\u1ebfp t\u1ee5c t\u00f4 l\u1edbp v\u1eefa h\u1ed3 c\u00f3 tr\u1ed9n ch\u1ed1ng th\u1ea5m <strong>CN100<\/strong>. Sau \u0111\u00f3 x\u1eed l\u00fd b\u1eb1ng l\u1edbp ch\u1ed1ng th\u1ea5m chuy\u00ean d\u1ee5ng.<\/span><\/p>\n<\/li>\n<\/ul>\n<h3><span class=\"ez-toc-section\" id=\"Ve_sinh\"><\/span><strong>V\u1ec7 sinh<\/strong><span class=\"ez-toc-section-end\"><\/span><\/h3>\n<div>\n<p>L\u00e0m s\u1ea1ch t\u1ea5t c\u1ea3 d\u1ee5ng c\u1ee5, thi\u1ebft b\u1ecb b\u1eb1ng n\u01b0\u1edbc s\u1ea1ch ngay sau khi thi c\u00f4ng.<\/p>\n<h3><span class=\"ez-toc-section\" id=\"Bao_quan\"><\/span><strong>B\u1ea3o qu\u1ea3n<\/strong><span class=\"ez-toc-section-end\"><\/span><\/h3>\n<ul>\n<li>N\u01a1i kh\u00f4 r\u00e1o tho\u00e1ng m\u00e1t;<\/li>\n<li>Tr\u00e1nh \u0111\u1ec3 s\u1ea3n ph\u1ea9m tr\u1ef1c ti\u1ebfp d\u01b0\u1edbi \u00e1nh s\u00e1ng m\u1eb7t tr\u1eddi.<\/li>\n<\/ul>\n<p><em>Th\u1eddi h\u1ea1n s\u1eed d\u1ee5ng: T\u1ed1i thi\u1ec3u 2 n\u0103m n\u1ebfu l\u01b0u tr\u1eef \u0111\u00fang c\u00e1ch trong bao b\u00ec nguy\u00ean ch\u01b0a m\u1edf.<\/em><\/p>\n<\/div>\n<\/div>\n<p>&nbsp;<\/p>\n<p>&nbsp;<\/p>\n<p><span style=\"font-size: 10pt;\"><em><strong>Th\u00f4ng tin an to\u00e0n, s\u1ee9c kh\u1ecfe v\u00e0 m\u00f4i tr\u01b0\u1eddng<\/strong><\/em><\/span><\/p>\n<ul>\n<li>\n<p class=\"_04xlpA direction-ltr align-start para-style-body\"><em><span class=\"WdYUQQ text-decoration-none text-strikethrough-none\" style=\"font-size: 10pt;\">Kh\u00f4ng \u0111\u01b0\u1ee3c \u0111\u1ed5 v\u00e0o c\u1ed1ng, n\u01b0\u1edbc ho\u1eb7c \u0111\u1ea5t m\u00e0 ph\u1ea3i h\u1ee7y b\u1ecf theo <\/span><\/em><em><span class=\"WdYUQQ text-decoration-none text-strikethrough-none\" style=\"font-size: 10pt;\">\u0111\u00fang quy \u0111\u1ecbnh;<\/span><\/em><\/p>\n<\/li>\n<li>\n<p class=\"_04xlpA direction-ltr align-start para-style-body\"><em><span class=\"WdYUQQ text-decoration-none text-strikethrough-none\" style=\"font-size: 10pt;\">Mang k\u00ednh, gi\u00e0y, g\u0103ng tay v\u00e0 \u00e1o b\u1ea3o h\u1ed9 trong khi thi c\u00f4ng s\u1ea3n ph\u1ea9m;<\/span><\/em><\/p>\n<\/li>\n<li>\n<p class=\"_04xlpA direction-ltr align-start para-style-body\"><em><span class=\"WdYUQQ text-decoration-none text-strikethrough-none\" style=\"font-size: 10pt;\">Tr\u00e1nh ti\u1ebfp x\u00fac tr\u1ef1c ti\u1ebfp v\u1edbi da v\u00e0 m\u1eaft. N\u1ebfu b\u1ecb v\u0103ng v\u00e0o m\u1eaft, d\u00f9ng n\u01b0\u1edbc s\u1ea1ch r\u1eeda m\u1eaft nhi\u1ec1u l\u1ea7n;<\/span><\/em><\/p>\n<\/li>\n<li>\n<p class=\"_04xlpA direction-ltr align-start para-style-body\"><em><span class=\"WdYUQQ text-decoration-none text-strikethrough-none\" style=\"font-size: 10pt;\">Mang g\u0103ng tay, kh\u1ea9u trang v\u00e0 c\u00e1c d\u1ee5ng c\u1ee5 b\u1ea3o h\u1ed9 khi thi c\u00f4ng.<\/span><\/em><\/p>\n<\/li>\n<li>\n<p class=\"_04xlpA direction-ltr align-start para-style-body\"><em><span class=\"WdYUQQ text-decoration-none text-strikethrough-none\" style=\"font-size: 10pt;\">\u0110\u1ec3 hi\u1ec3u th\u00eam c\u00e1c th\u00f4ng tin v\u00e0 c\u00e1c khuy\u1ebfn c\u00e1o v\u1ec1 an to\u00e0n <\/span><\/em><em><span class=\"WdYUQQ text-decoration-none text-strikethrough-none\" style=\"font-size: 10pt;\">khi s\u1eed d\u1ee5ng, l\u01b0u tr\u1eef v\u00e0 th\u1ea3i b\u1ecf s\u1ea3n ph\u1ea9m, ng\u01b0\u1eddi s\u1eed d\u1ee5ng n\u00ean <\/span><\/em><em><span class=\"WdYUQQ text-decoration-none text-strikethrough-none\" style=\"font-size: 10pt;\">tham kh\u1ea3o t\u00e0i li\u1ec7u k\u1ef9 thu\u1eadt an to\u00e0n m\u1edbi nh\u1ea5t c\u1ee7a s\u1ea3n ph\u1ea9m <\/span><\/em><em><span class=\"WdYUQQ text-decoration-none text-strikethrough-none\" style=\"font-size: 10pt;\">tr\u00ecnh b\u00e0y v\u1ec1 t\u00ednh c\u01a1 l\u00fd, t\u00ednh sinh th\u00e1i, t\u00ednh \u0111\u1ed9c h\u1ea1i v\u00e0 c\u00e1c ch\u1ec9 ti\u00eau an to\u00e0n li\u00ean quan kh\u00e1c.<\/span><\/em><\/p>\n<\/li>\n<\/ul>\n","protected":false},"excerpt":{"rendered":"<p>\u0110\u1eb7c t\u00ednh v\u01b0\u1ee3t tr\u1ed9i &nbsp; CN100 l\u00e0 m\u1ed9t lo\u1ea1i ph\u1ee5 gia ch\u1ea5t l\u1ecfng \u0111\u1eb7c bi\u1ec7t s\u1eed d\u1ee5ng k\u1ebft h\u1ee3p v\u1edbi xi m\u0103ng t\u1ea1o ra m\u1ed9t lo\u1ea1i v\u1eefa c\u00f3 t\u00ednh \u0111\u00f4ng c\u1ee9ng nhanh, c\u01b0\u1eddng \u0111\u1ed9 cao, b\u00e1m d\u00ednh t\u1ed1t c\u00f3 kh\u1ea3 n\u0103ng kh\u1ed1ng ch\u1ebf n\u01b0\u1edbc m\u1ed9t c\u00e1ch ho\u00e0n h\u1ea3o v\u00e0 c\u00f3 t\u00ednh ch\u1ed1ng th\u1ea5m. Thi c\u00f4ng &#8230; <a title=\"CN100\" class=\"read-more\" href=\"https:\/\/demo8.thuythu.com\/kingson\/kingkote\/phu-gia-cn100\/\" aria-label=\"More on CN100\">Read more<\/a><\/p>\n","protected":false},"featured_media":7251,"comment_status":"closed","ping_status":"closed","template":"","meta":[],"product_cat":[292,322,35],"product_tag":[],"acf":[],"_links":{"self":[{"href":"https:\/\/demo8.thuythu.com\/kingson\/wp-json\/wp\/v2\/product\/7290"}],"collection":[{"href":"https:\/\/demo8.thuythu.com\/kingson\/wp-json\/wp\/v2\/product"}],"about":[{"href":"https:\/\/demo8.thuythu.com\/kingson\/wp-json\/wp\/v2\/types\/product"}],"replies":[{"embeddable":true,"href":"https:\/\/demo8.thuythu.com\/kingson\/wp-json\/wp\/v2\/comments?post=7290"}],"wp:featuredmedia":[{"embeddable":true,"href":"https:\/\/demo8.thuythu.com\/kingson\/wp-json\/wp\/v2\/media\/7251"}],"wp:attachment":[{"href":"https:\/\/demo8.thuythu.com\/kingson\/wp-json\/wp\/v2\/media?parent=7290"}],"wp:term":[{"taxonomy":"product_cat","embeddable":true,"href":"https:\/\/demo8.thuythu.com\/kingson\/wp-json\/wp\/v2\/product_cat?post=7290"},{"taxonomy":"product_tag","embeddable":true,"href":"https:\/\/demo8.thuythu.com\/kingson\/wp-json\/wp\/v2\/product_tag?post=7290"}],"curies":[{"name":"wp","href":"https:\/\/api.w.org\/{rel}","templated":true}]}}