{"id":7308,"date":"2023-08-12T09:42:14","date_gmt":"2023-08-12T09:42:14","guid":{"rendered":"https:\/\/demo8.thuythu.com\/kingson\/?post_type=product&#038;p=7308"},"modified":"2023-08-14T08:08:22","modified_gmt":"2023-08-14T08:08:22","slug":"chong-tham-kingkote-no-3","status":"publish","type":"product","link":"https:\/\/demo8.thuythu.com\/kingson\/kingkote\/chong-tham-kingkote-no3\/","title":{"rendered":"KINGKOTE NO.3"},"content":{"rendered":"<div class=\"wap-title-tt\">\n<div class=\"wap-title-tt\">\n<h2 class=\"title-tt font-weight-bold mb-3\"><span class=\"ez-toc-section\" id=\"Dac_tinh_vuot_troi\"><\/span>\u0110\u1eb7c t\u00ednh v\u01b0\u1ee3t tr\u1ed9i<span class=\"ez-toc-section-end\"><\/span><\/h2>\n<p>&nbsp;<\/p>\n<p><strong>Ch\u1ed1ng th\u1ea5m KINGKOTE NO.3<\/strong> (Bitum) l\u00e0 lo\u1ea1i nh\u0169 t\u01b0\u01a1ng nh\u1ef1a \u0111\u01b0\u1eddng cao c\u1ea5p k\u1ebft h\u1ee3p v\u1edbi ph\u1ee5 gia. <strong>Ch\u1ed1ng th\u1ea5m KINGKOTE NO.3<\/strong>\u00a0sau khi kh\u00f4 s\u1ebd t\u1ea1o th\u00e0nh m\u1ed9t l\u1edbp nh\u1ef1a m\u00e0u \u0111en c\u00f3 t\u00ednh \u0111\u00e0n h\u1ed3i cao, b\u1ec1n v\u1eefng, kh\u00f4ng b\u1ecb ch\u1ea3y (d\u00ednh) kh\u1ea3 n\u0103ng ch\u1ed1ng th\u1ea5m cao v\u00e0 kh\u00e1ng n\u01b0\u1edbc tuy\u1ec7t \u0111\u1ed1i.<\/p>\n<h3><span class=\"ez-toc-section\" id=\"Ung_dung\"><\/span>\u1ee8ng d\u1ee5ng<span class=\"ez-toc-section-end\"><\/span><\/h3>\n<div>\n<p>Ch\u1ed1ng th\u1ea5m s\u00e0n b\u00ea t\u00f4ng, t\u01b0\u1eddng \u0111\u1ee9ng, nh\u00e0 v\u1ec7 sinh v\u00e0 c\u00e1c c\u1ea5u tr\u00fac b\u00ea t\u00f4ng kh\u00e1c &#8230;\u0110\u1eb7c bi\u1ec7t ch\u1ed1ng m\u1ee5c cho g\u1ed7, ch\u1ed1ng r\u1ec9 cho kim lo\u1ea1i.<\/p>\n<\/div>\n<\/div>\n<h3 class=\" font-weight-bold mb-3\"><span class=\"ez-toc-section\" id=\"Diem_noi_bat\"><\/span>\u0110i\u1ec3m n\u1ed5i b\u1eadt<span class=\"ez-toc-section-end\"><\/span><\/h3>\n<ul>\n<li><span class=\"WdYUQQ text-decoration-none text-strikethrough-none\">C\u00f3 t\u00e1c d\u1ee5ng ng\u0103n ch\u1eb7n s\u1ef1 th\u1ea5m n\u01b0\u1edbc t\u1eeb ngo\u00e0i v\u00e0o;<\/span><\/li>\n<li><span class=\"WdYUQQ text-decoration-none text-strikethrough-none\">B\u00e1m d\u00ednh c\u1ef1c t\u1ed1t v\u1edbi b\u00ea t\u00f4ng, v\u1eefa xi m\u0103ng&#8230;.\u0111\u1ed9 b\u1ec1n r\u1ea5t cao;<\/span><\/li>\n<li><span class=\"WdYUQQ text-decoration-none text-strikethrough-none\">Ch\u1ecbu m\u00e0i m\u00f2n, ch\u1ecbu m\u1eb7n, kh\u00e1ng ki\u1ec1m cao;<\/span><\/li>\n<li><span class=\"WdYUQQ text-decoration-none text-strikethrough-none\">L\u00e0 s\u1ea3n ph\u1ea9m g\u1ed1c n\u01b0\u1edbc \u0111\u01b0\u1ee3c d\u00f9ng \u0111\u1ec3 ch\u1ed1ng th\u1ea5m cho v\u1eefa xi m\u0103ng, b\u00ea t\u00f4ng d\u01b0\u1edbi d\u1ea1ng h\u1ed7n h\u1ee3p v\u1edbi xi m\u0103ng theo t\u1ec9 l\u1ec7 1:1;<\/span><\/li>\n<li><span class=\"WdYUQQ text-decoration-none text-strikethrough-none\">Kh\u00f4ng ch\u00e1y, kh\u00f4ng \u0111\u1ed9c h\u1ea1i, kh\u00f4ng ch\u1ee9a ch\u00ec, th\u1ee7y ng\u00e2n v\u00e0 c\u00e1c lo\u1ea1i h\u00f3a ch\u1ea5t \u0111\u1ed9c h\u1ea1i kh\u00e1c;<\/span><\/li>\n<li><span class=\"WdYUQQ text-decoration-none text-strikethrough-none\">An to\u00e0n v\u1edbi ng\u01b0\u1eddi thi c\u00f4ng v\u00e0 s\u1eed d\u1ee5ng.<\/span><\/li>\n<\/ul>\n<div class=\"mb-4\">\n<h3><span class=\"ez-toc-section\" id=\"Chi_tieu_ky_thuat\"><\/span><strong>Ch\u1ec9 ti\u00eau k\u1ef9 thu\u1eadt<\/strong><span class=\"ez-toc-section-end\"><\/span><\/h3>\n<table style=\"width: 100%; height: 448px;\" border=\"1\" cellspacing=\"0\" cellpadding=\"0\">\n<tbody>\n<tr style=\"height: 56px;\">\n<td style=\"width: 3.85627%; height: 56px;\"><strong>STT<\/strong><\/td>\n<td style=\"width: 45.1359%; height: 56px;\"><strong>T\u00ean ch\u1ec9 ti\u00eau<\/strong><\/td>\n<td style=\"width: 8.50123%; height: 56px;\"><strong>\u0110\u01a1n v\u1ecb<\/strong><\/td>\n<td style=\"width: 19.632%; height: 56px;\"><strong>K\u1ebft qu\u1ea3<\/strong><\/td>\n<td style=\"width: 22.7871%; height: 56px;\"><strong>Ph\u01b0\u01a1ng ph\u00e1p th\u1eed<\/strong><\/td>\n<\/tr>\n<tr style=\"height: 56px;\">\n<td style=\"width: 3.85627%; height: 56px;\">1<\/td>\n<td style=\"width: 45.1359%; height: 56px;\">Kh\u1ea3 n\u0103ng ch\u1ed1ng th\u1ea5m n\u01b0\u1edbc<\/td>\n<td style=\"width: 8.50123%; height: 56px;\">&#8211;<\/td>\n<td style=\"width: 19.632%; height: 56px;\">Kh\u00f4ng th\u1ea5m n\u01b0\u1edbc<\/td>\n<td style=\"width: 22.7871%; height: 392px;\" rowspan=\"7\">BS EN 14891:2017<\/p>\n<p>&nbsp;<\/td>\n<\/tr>\n<tr style=\"height: 56px;\">\n<td style=\"width: 3.85627%; height: 280px;\" rowspan=\"5\">2<\/p>\n<p>&nbsp;<\/p>\n<p>&nbsp;<\/td>\n<td style=\"width: 45.1359%; height: 56px;\">C\u01b0\u1eddng \u0111\u1ed9 b\u00e1m d\u00ednh<\/td>\n<td style=\"width: 8.50123%; height: 280px;\" rowspan=\"5\">N\/mm\u00b2<\/p>\n<p>&nbsp;<\/p>\n<p>&nbsp;<\/td>\n<td style=\"width: 19.632%; height: 56px;\">0,57<\/td>\n<\/tr>\n<tr style=\"height: 56px;\">\n<td style=\"width: 45.1359%; height: 56px;\">C\u01b0\u1eddng \u0111\u1ed9 b\u00e1m d\u00ednh sau khi ng\u00e2m n\u01b0\u1edbc<\/td>\n<td style=\"width: 19.632%; height: 56px;\">0.65<\/td>\n<\/tr>\n<tr style=\"height: 56px;\">\n<td style=\"width: 45.1359%; height: 56px;\">C\u01b0\u1eddng \u0111\u1ed9 b\u00e1m d\u00ednh sau khi l\u00e3o h\u00f3a nhi\u1ec7t<\/td>\n<td style=\"width: 19.632%; height: 56px;\">0.60<\/td>\n<\/tr>\n<tr style=\"height: 56px;\">\n<td style=\"width: 45.1359%; height: 56px;\">C\u01b0\u1eddng \u0111\u1ed9 b\u00e1m d\u00ednh sau khi \u0111\u00f4ng k\u1ebft<\/td>\n<td style=\"width: 19.632%; height: 56px;\">0,57<\/td>\n<\/tr>\n<tr style=\"height: 56px;\">\n<td style=\"width: 45.1359%; height: 56px;\">C\u01b0\u1eddng \u0111\u1ed9 b\u00e1m d\u00ednh sau khi ng\u00e2m n\u01b0\u1edbc v\u00f4i<\/td>\n<td style=\"width: 19.632%; height: 56px;\">0,56<\/td>\n<\/tr>\n<tr style=\"height: 56px;\">\n<td style=\"width: 3.85627%; height: 56px;\">3<\/td>\n<td style=\"width: 45.1359%; height: 56px;\">Kh\u1ea3 n\u0103ng t\u1ea1o c\u1ea7u v\u1ebft n\u1ee9t \u1edf \u0111i\u1ec1u ki\u1ec7n th\u01b0\u1eddng<\/td>\n<td style=\"width: 8.50123%; height: 56px;\">mm<\/td>\n<td style=\"width: 19.632%; height: 56px;\">0.77<\/td>\n<\/tr>\n<\/tbody>\n<\/table>\n<h3><span class=\"ez-toc-section\" id=\"Thanh_phan_cau_tao\"><\/span><strong style=\"font-size: 16px;\">Th\u00e0nh ph\u1ea7n c\u1ea5u t\u1ea1o<\/strong><span class=\"ez-toc-section-end\"><\/span><\/h3>\n<ul>\n<li>Keo pure Acrylic &amp; Styrene Acrylic copolymer: 60 &#8211; 65%<\/li>\n<li>N\u01b0\u1edbc, Titan Dioxide v\u00e0 h\u1ed7n h\u1ee3p kh\u00e1c 35 &#8211; 40%<\/li>\n<\/ul>\n<h2 class=\"title-tt font-weight-bold mb-3\"><span class=\"ez-toc-section\" id=\"Thong_tin_thi_cong\"><\/span>Th\u00f4ng tin thi c\u00f4ng<span class=\"ez-toc-section-end\"><\/span><\/h2>\n<p>&nbsp;<\/p>\n<h3><span class=\"ez-toc-section\" id=\"Dieu_kien_thi_cong\"><\/span><strong>\u0110i\u1ec1u ki\u1ec7n thi c\u00f4ng<\/strong><span class=\"ez-toc-section-end\"><\/span><\/h3>\n<ul>\n<li class=\"_04xlpA direction-ltr align-justify para-style-body\"><span class=\"WdYUQQ text-decoration-none text-strikethrough-none\">V\u1ec7 sinh s\u1ea1ch s\u1ebd b\u1ec1 m\u1eb7t, c\u1ea1o s\u1ea1ch c\u00e1c l\u1edbp rong r\u00eau, bong d\u1ed9p, b\u1ee5i, d\u1ea7u m\u1ee1, &#8230;.<\/span><\/li>\n<\/ul>\n<h3><span class=\"ez-toc-section\" id=\"Thi_cong\"><\/span><strong>Thi c\u00f4ng<\/strong><span class=\"ez-toc-section-end\"><\/span><\/h3>\n<ul>\n<li class=\"_04xlpA direction-ltr align-justify para-style-body\"><span class=\"WdYUQQ text-decoration-none text-strikethrough-none\">Ch\u1ed1ng th\u1ea5m: (\u00e1p d\u1ee5ng cho s\u00e0n b\u00ea t\u00f4ng,nh\u00e0 v\u1ec7 sinh,t\u01b0\u1eddng \u0111\u1ee9ng,v\u00e0 g\u1ed7 )<\/span>\n<ul>\n<li><span class=\"WdYUQQ text-decoration-none text-strikethrough-none\">B\u01b0\u1edbc 1: Pha lo\u00e3ng Kingkote No.3 v\u1edbi n\u01b0\u1edbc theo t\u1ef7 l\u1ec7 1 : 1 v\u00e0 qu\u00e9t l\u00ean b\u1ec1 m\u1eb7t ch\u1edd kh\u00f4;<\/span><\/li>\n<li><span class=\"WdYUQQ text-decoration-none text-strikethrough-none\">B\u01b0\u1edbc 2: Qu\u00e9t ti\u1ebfp 2 l\u1edbp Kingkote No.3 nguy\u00ean ch\u1ea5t.<\/span><\/li>\n<\/ul>\n<\/li>\n<li>\u0110\u1ed1i v\u1edbi c\u00e1c v\u1ebft n\u1ee9t c\u00f3 th\u1ec3 tr\u1ed9n Kingkote No.3 v\u1edbi c\u00e1t v\u00e0 xi m\u0103ng \u0111\u1ec3 tr\u00e1m.<\/li>\n<li>Ch\u1ed1ng r\u1ec9: Qu\u00e9t 2 l\u1edbp <strong>Ch\u1ed1ng th\u1ea5m KINGKOTE NO.3<\/strong> nguy\u00ean ch\u1ea5t l\u00ean b\u1ec1 m\u1eb7t kim lo\u1ea1i, qu\u00e9t l\u1edbp sau khi l\u1edbp th\u1ee9 nh\u1ea5t \u0111\u00e3 kh\u00f4, tr\u00e1nh b\u1ecf s\u00f3t.<\/li>\n<\/ul>\n<p class=\"_04xlpA direction-ltr align-justify para-style-body\"><span class=\"WdYUQQ text-decoration-none text-strikethrough-none\">L\u01afU \u00dd : Ch\u1ec9 pha lo\u00e3ng <strong>Ch\u1ed1ng th\u1ea5m KINGKOTE NO.3<\/strong> b\u1eb1ng n\u01b0\u1edbc.<\/span><\/p>\n<p><strong>B\u1ea3o qu\u1ea3n<\/strong><\/p>\n<ul>\n<li>\u0110\u1eady k\u00edn n\u1eafp, \u0111\u1ec3 n\u01a1i kh\u00f4 r\u00e1o, tho\u00e1ng m\u00e1t;<\/li>\n<li>K\u1ebft h\u1ee3p v\u1edbi th\u00f4ng gi\u00f3 t\u1ed1t;<\/li>\n<li>C\u00e1ch xa ngu\u1ed3n nhi\u1ec7t v\u00e0 thi\u1ebft b\u1ecb ph\u00e1t l\u1eeda.<\/li>\n<\/ul>\n<\/div>\n<div><\/div>\n<div><\/div>\n<div>\n<p><span style=\"font-size: 10pt;\"><em><strong>Th\u00f4ng tin an to\u00e0n, s\u1ee9c kh\u1ecfe v\u00e0 m\u00f4i tr\u01b0\u1eddng<\/strong><\/em><\/span><\/p>\n<ul>\n<li>\n<p class=\"_04xlpA direction-ltr align-start para-style-body\"><em><span class=\"WdYUQQ text-decoration-none text-strikethrough-none\" style=\"font-size: 10pt;\">Kh\u00f4ng \u0111\u01b0\u1ee3c \u0111\u1ed5 v\u00e0o c\u1ed1ng, n\u01b0\u1edbc ho\u1eb7c \u0111\u1ea5t m\u00e0 ph\u1ea3i h\u1ee7y b\u1ecf theo <\/span><\/em><em><span class=\"WdYUQQ text-decoration-none text-strikethrough-none\" style=\"font-size: 10pt;\">\u0111\u00fang quy \u0111\u1ecbnh;<\/span><\/em><\/p>\n<\/li>\n<li>\n<p class=\"_04xlpA direction-ltr align-start para-style-body\"><em><span class=\"WdYUQQ text-decoration-none text-strikethrough-none\" style=\"font-size: 10pt;\">Mang k\u00ednh, gi\u00e0y, g\u0103ng tay v\u00e0 \u00e1o b\u1ea3o h\u1ed9 trong khi thi c\u00f4ng s\u1ea3n ph\u1ea9m;<\/span><\/em><\/p>\n<\/li>\n<li>\n<p class=\"_04xlpA direction-ltr align-start para-style-body\"><em><span class=\"WdYUQQ text-decoration-none text-strikethrough-none\" style=\"font-size: 10pt;\">Tr\u00e1nh ti\u1ebfp x\u00fac tr\u1ef1c ti\u1ebfp v\u1edbi da v\u00e0 m\u1eaft. N\u1ebfu b\u1ecb v\u0103ng v\u00e0o m\u1eaft, d\u00f9ng n\u01b0\u1edbc s\u1ea1ch r\u1eeda m\u1eaft nhi\u1ec1u l\u1ea7n;<\/span><\/em><\/p>\n<\/li>\n<li>\n<p class=\"_04xlpA direction-ltr align-start para-style-body\"><em><span class=\"WdYUQQ text-decoration-none text-strikethrough-none\" style=\"font-size: 10pt;\">Mang g\u0103ng tay, kh\u1ea9u trang v\u00e0 c\u00e1c d\u1ee5ng c\u1ee5 b\u1ea3o h\u1ed9 khi thi c\u00f4ng.&#8211;\u0110\u1ec3m hi\u1ec3u th\u00eam c\u00e1c th\u00f4ng tin v\u00e0 c\u00e1c khuy\u1ebfn c\u00e1o v\u1ec1 an to\u00e0n <\/span><\/em><em><span class=\"WdYUQQ text-decoration-none text-strikethrough-none\" style=\"font-size: 10pt;\">khi s\u1eed d\u1ee5ng, l\u01b0u tr\u1eef v\u00e0 th\u1ea3i b\u1ecf s\u1ea3n ph\u1ea9m, ng\u01b0\u1eddi s\u1eed d\u1ee5ng n\u00ean <\/span><\/em><em><span class=\"WdYUQQ text-decoration-none text-strikethrough-none\" style=\"font-size: 10pt;\">tham kh\u1ea3o t\u00e0i li\u1ec7u k\u1ef9 thu\u1eadt an to\u00e0n m\u1edbi nh\u1ea5t c\u1ee7a s\u1ea3n ph\u1ea9m <\/span><\/em><em><span class=\"WdYUQQ text-decoration-none text-strikethrough-none\" style=\"font-size: 10pt;\">tr\u00ecnh b\u00e0y v\u1ec1 t\u00ednh c\u01a1 l\u00fd, t\u00ednh sinh th\u00e1i, t\u00ednh \u0111\u1ed9c h\u1ea1i v\u00e0 c\u00e1c ch\u1ec9 ti\u00eau an to\u00e0n li\u00ean quan kh\u00e1c.<\/span><\/em><\/p>\n<\/li>\n<\/ul>\n<\/div>\n<\/div>\n<div><\/div>\n","protected":false},"excerpt":{"rendered":"<p>\u0110\u1eb7c t\u00ednh v\u01b0\u1ee3t tr\u1ed9i &nbsp; Ch\u1ed1ng th\u1ea5m KINGKOTE NO.3 (Bitum) l\u00e0 lo\u1ea1i nh\u0169 t\u01b0\u01a1ng nh\u1ef1a \u0111\u01b0\u1eddng cao c\u1ea5p k\u1ebft h\u1ee3p v\u1edbi ph\u1ee5 gia. Ch\u1ed1ng th\u1ea5m KINGKOTE NO.3\u00a0sau khi kh\u00f4 s\u1ebd t\u1ea1o th\u00e0nh m\u1ed9t l\u1edbp nh\u1ef1a m\u00e0u \u0111en c\u00f3 t\u00ednh \u0111\u00e0n h\u1ed3i cao, b\u1ec1n v\u1eefng, kh\u00f4ng b\u1ecb ch\u1ea3y (d\u00ednh) kh\u1ea3 n\u0103ng ch\u1ed1ng th\u1ea5m cao v\u00e0 kh\u00e1ng &#8230; <a title=\"KINGKOTE NO.3\" class=\"read-more\" href=\"https:\/\/demo8.thuythu.com\/kingson\/kingkote\/chong-tham-kingkote-no3\/\" aria-label=\"More on KINGKOTE NO.3\">Read more<\/a><\/p>\n","protected":false},"featured_media":7236,"comment_status":"closed","ping_status":"closed","template":"","meta":[],"product_cat":[294,292,35],"product_tag":[],"acf":[],"_links":{"self":[{"href":"https:\/\/demo8.thuythu.com\/kingson\/wp-json\/wp\/v2\/product\/7308"}],"collection":[{"href":"https:\/\/demo8.thuythu.com\/kingson\/wp-json\/wp\/v2\/product"}],"about":[{"href":"https:\/\/demo8.thuythu.com\/kingson\/wp-json\/wp\/v2\/types\/product"}],"replies":[{"embeddable":true,"href":"https:\/\/demo8.thuythu.com\/kingson\/wp-json\/wp\/v2\/comments?post=7308"}],"wp:featuredmedia":[{"embeddable":true,"href":"https:\/\/demo8.thuythu.com\/kingson\/wp-json\/wp\/v2\/media\/7236"}],"wp:attachment":[{"href":"https:\/\/demo8.thuythu.com\/kingson\/wp-json\/wp\/v2\/media?parent=7308"}],"wp:term":[{"taxonomy":"product_cat","embeddable":true,"href":"https:\/\/demo8.thuythu.com\/kingson\/wp-json\/wp\/v2\/product_cat?post=7308"},{"taxonomy":"product_tag","embeddable":true,"href":"https:\/\/demo8.thuythu.com\/kingson\/wp-json\/wp\/v2\/product_tag?post=7308"}],"curies":[{"name":"wp","href":"https:\/\/api.w.org\/{rel}","templated":true}]}}