{"id":7312,"date":"2023-08-12T10:11:02","date_gmt":"2023-08-12T10:11:02","guid":{"rendered":"https:\/\/demo8.thuythu.com\/kingson\/?post_type=product&#038;p=7312"},"modified":"2023-08-14T08:03:41","modified_gmt":"2023-08-14T08:03:41","slug":"son-lot-ngoai-that-super-primer","status":"publish","type":"product","link":"https:\/\/demo8.thuythu.com\/kingson\/kingkote\/son-lot-ngoai-that-super-primer\/","title":{"rendered":"SUPER PRIMER"},"content":{"rendered":"<div class=\"wap-title-tt\">\n<h2 class=\"title-tt font-weight-bold mb-3\"><span class=\"ez-toc-section\" id=\"Dac_tinh_vuot_troi\"><\/span>\u0110\u1eb7c t\u00ednh v\u01b0\u1ee3t tr\u1ed9i<span class=\"ez-toc-section-end\"><\/span><\/h2>\n<p>&nbsp;<\/p>\n<p><strong><em>S\u01a1n l\u00f3t ngo\u1ea1i th\u1ea5t SUPER PRIMER<\/em><\/strong><span class=\"WdYUQQ text-decoration-none text-strikethrough-none\"> s\u01a1n l\u00f3t cao c\u1ea5p ngo\u00e0i tr\u1eddi ch\u1ed1ng ki\u1ec1m l\u00e0 lo\u1ea1i s\u01a1n l\u00f3t 100% nh\u1ef1a Acrylic g\u1ed1c n\u01b0\u1edbc gi\u00fap ng\u0103n ch\u1eb7n s\u1ef1 ki\u1ec1m h\u00f3a m\u1ed9t c\u00e1ch ho\u00e0n h\u1ea3o, t\u0103ng c\u01b0\u1eddng kh\u1ea3 n\u0103ng ch\u1ed1ng th\u1ea5m, t\u1ea1o \u0111\u1ed9 b\u00e1m d\u00ednh cao, \u0111\u1ed3ng th\u1eddi gi\u1eef cho m\u00e0u s\u1eafc c\u1ee7a l\u1edbp s\u01a1n ho\u00e0n thi\u1ec7n \u0111\u01b0\u1ee3c b\u1ec1n l\u00e2u.<\/span><\/p>\n<h3><span class=\"ez-toc-section\" id=\"Ung_dung\"><\/span><strong>\u1ee8ng d\u1ee5ng<\/strong><span class=\"ez-toc-section-end\"><\/span><\/h3>\n<p><span class=\"WdYUQQ text-decoration-none text-strikethrough-none\"><strong><em>S\u01a1n l\u00f3t ngo\u1ea1i th\u1ea5t SUPER PRIMER<\/em><\/strong> \u0111\u01b0\u1ee3c s\u1eed d\u1ee5ng tr\u00ean c\u00e1c b\u1ec1 m\u1eb7t ngo\u1ea1i th\u1ea5t cho b\u00ea t\u00f4ng, t\u01b0\u1eddng x\u00e2y, t\u01b0\u1eddng t\u00f4 v\u1eefa v\u00e0 t\u01b0\u1eddng g\u1ea1ch m\u1edbi ho\u1eb7c c\u0169.<\/span><\/p>\n<h3 class=\" font-weight-bold mb-3\"><span class=\"ez-toc-section\" id=\"Diem_noi_bat\"><\/span>\u0110i\u1ec3m n\u1ed5i b\u1eadt<span class=\"ez-toc-section-end\"><\/span><\/h3>\n<p><span class=\"WdYUQQ text-decoration-none text-strikethrough-none\">T\u0103ng c\u01b0\u1eddng kh\u1ea3 n\u0103ng b\u00e1m d\u00ednh gi\u1eefa b\u1ec1 m\u1eb7t t\u01b0\u1eddng v\u00e0 l\u1edbp s\u01a1n ph\u1ee7 ho\u00e0n thi\u1ec7n, gi\u00fap b\u1ec1 m\u1eb7t t\u01b0\u1eddng ch\u1ed1ng l\u1ea1i s\u1ef1 ki\u1ec1m h\u00f3a v\u00e0 \u0111\u1ed9 \u1ea9m trong m\u00f4i tr\u01b0\u1eddng.<\/span><\/p>\n<\/div>\n<div class=\"mb-4\">\n<h3><span class=\"ez-toc-section\" id=\"Chi_tieu_ky_thuat\"><\/span><strong>Ch\u1ec9 ti\u00eau k\u1ef9 thu\u1eadt<\/strong><span class=\"ez-toc-section-end\"><\/span><\/h3>\n<table style=\"width: 108.519%;\" border=\"1\" cellspacing=\"0\" cellpadding=\"0\">\n<tbody>\n<tr>\n<td style=\"width: 194px;\"><strong>STT<\/strong><\/td>\n<td style=\"width: 194px;\"><strong>T\u00ean ch\u1ec9 ti\u00eau<\/strong><\/td>\n<td style=\"width: 194px;\"><strong>\u0110\u01a1n v\u1ecb<\/strong><\/td>\n<td style=\"width: 194px;\"><strong>K\u1ebft qu\u1ea3<\/strong><\/td>\n<td style=\"width: 194px;\"><strong>Ph\u01b0\u01a1ng ph\u00e1p th\u1eed<\/strong><\/td>\n<\/tr>\n<tr>\n<td style=\"width: 194px;\">1<\/td>\n<td style=\"width: 194px;\">\u0110\u1ed9 m\u1ecbn<\/td>\n<td style=\"width: 194px;\">\u03bcm<\/td>\n<td style=\"width: 194px;\">23<\/td>\n<td style=\"width: 194px;\">TCVN 2091:2015<\/td>\n<\/tr>\n<tr>\n<td style=\"width: 194px;\">2<\/td>\n<td style=\"width: 194px;\">\u0110\u1ed9 b\u1ec1n n\u01b0\u1edbc<\/td>\n<td style=\"width: 194px;\">Gi\u1edd<\/td>\n<td style=\"width: 194px;\">101<\/td>\n<td style=\"width: 194px;\">TCVN 8653 \u2013 2:2012<\/td>\n<\/tr>\n<tr>\n<td style=\"width: 194px;\">3<\/td>\n<td style=\"width: 194px;\">\u0110\u1ed9 b\u1ec1n ki\u1ec1m<\/td>\n<td style=\"width: 194px;\">Gi\u1edd<\/td>\n<td style=\"width: 194px;\">50<\/td>\n<td style=\"width: 194px;\">TCVN 8653 \u2013 3:2012<\/td>\n<\/tr>\n<\/tbody>\n<\/table>\n<h3><span class=\"ez-toc-section\" id=\"Thanh_phan_cau_tao\"><\/span><strong>Th\u00e0nh ph\u1ea7n c\u1ea5u t\u1ea1o<\/strong><span class=\"ez-toc-section-end\"><\/span><\/h3>\n<ul>\n<li>Keo styrene Acrylic copolymer: 40- 50%<\/li>\n<li>N\u01b0\u1edbc v\u00e0 h\u1ed7n h\u1ee3p: 50- 60%<\/li>\n<\/ul>\n<h2 class=\"title-tt font-weight-bold mb-3\"><span class=\"ez-toc-section\" id=\"Thong_tin_thi_cong\"><\/span>Th\u00f4ng tin thi c\u00f4ng<span class=\"ez-toc-section-end\"><\/span><\/h2>\n<p>&nbsp;<\/p>\n<h3><span class=\"ez-toc-section\" id=\"Dieu_kien_thi_cong\"><\/span><strong>\u0110i\u1ec1u ki\u1ec7n thi c\u00f4ng<\/strong><span class=\"ez-toc-section-end\"><\/span><\/h3>\n<p>T\u01b0\u1eddng ph\u1ea3i \u0111\u01b0\u1ee3c x\u1eed l\u00fd tr\u01b0\u1edbc khi s\u01a1n, t\u1ea5t c\u1ea3 b\u1ec1 m\u1eb7t \u0111\u01b0\u1ee3c s\u01a1n ph\u1ea3i s\u1ea1ch v\u00e0 kh\u00f4, \u0111\u1ed9 \u1ea9m c\u1ee7a b\u1ec1 m\u1eb7t d\u01b0\u1edbi 16% theo m\u00e1y \u0111o \u0111\u1ed9 \u1ea9m Protimeter hay b\u1ec1 m\u1eb7t t\u01b0\u1eddng kh\u00f4 t\u1eeb 21 &#8211; 28 ng\u00e0y trong \u0111i\u1ec1u ki\u1ec7n b\u00ecnh th\u01b0\u1eddng. T\u01b0\u1eddng kh\u00f4ng b\u00e1m b\u1ee5i, d\u1ea7u m\u1ee1, ph\u1ea3i lo\u1ea1i b\u1ecf l\u1edbp s\u01a1n c\u0169 b\u1ecb bong. N\u1ebfu b\u1ec1 m\u1eb7t s\u01a1n b\u1ecb r\u00eau m\u1ed1c, ph\u1ea3i ti\u00eau di\u1ec7t h\u1ebft r\u00eau m\u1ed1c, khu\u1ea5y \u0111\u1ec1u tr\u01b0\u1edbc khi s\u01a1n v\u00e0 \u0111\u1ecdc k\u1ef9 h\u01b0\u1edbng d\u1eabn tr\u01b0\u1edbc khi s\u1eed d\u1ee5ng.<\/p>\n<h3><span class=\"ez-toc-section\" id=\"Thi_cong\"><\/span><strong>Thi c\u00f4ng<\/strong><span class=\"ez-toc-section-end\"><\/span><\/h3>\n<ul>\n<li class=\"_04xlpA direction-ltr align-start para-style-body\">\n<p class=\"_04xlpA direction-ltr align-start para-style-body\"><span class=\"WdYUQQ text-decoration-none text-strikethrough-none\">\u0110\u1ec3 \u0111\u1ea1t k\u1ebft qu\u1ea3 t\u1ed1t nh\u1ea5t, c\u1ea7n ph\u1ea3i s\u01a1n 1 l\u1edbp l\u00f3t <strong><em>S\u01a1n l\u00f3t ngo\u1ea1i th\u1ea5t SUPER PRIMER<\/em><\/strong> v\u00e0 2 l\u1edbp s\u01a1n ph\u1ee7;<\/span><\/p>\n<\/li>\n<li class=\"_04xlpA direction-ltr align-start para-style-body\">\n<p class=\"_04xlpA direction-ltr align-start para-style-body\"><span class=\"WdYUQQ text-decoration-none text-strikethrough-none\">Pha t\u1ed1i \u0111a 20% n\u01b0\u1edbc s\u1ea1ch ( 1 l\u00edt n\u01b0\u1edbc s\u1ea1ch s\u1eed d\u1ee5ng v\u1edbi 5 l\u00edt s\u01a1n <strong><em>S\u01a1n l\u00f3t ngo\u1ea1i th\u1ea5t SUPER PRIMER<\/em><\/strong> s\u01a1n l\u00f3t cao c\u1ea5p ch\u1ed1ng ki\u1ec1m ). N\u1ebfu pha qu\u00e1 ch\u1ec9 \u0111\u1ecbnh s\u1ebd l\u00e0m gi\u1ea3m ch\u1ea5t l\u01b0\u1ee3ng c\u1ee7a m\u00e0ng s\u01a1n. Khu\u1ea5y \u0111\u1ec1u tr\u01b0\u1edbc khi s\u1eed d\u1ee5ng;<\/span><\/p>\n<\/li>\n<li class=\"_04xlpA direction-ltr align-start para-style-body\">\n<p class=\"_04xlpA direction-ltr align-start para-style-body\"><span class=\"WdYUQQ text-decoration-none text-strikethrough-none\">\u0110\u1ed9 ph\u1ee7 trung b\u00ecnh 10-13m 2 \/l\u00edt\/l\u1edbp cho b\u1ec1 m\u1eb7t nh\u1eb5n th\u00f4ng th\u01b0\u1eddng.;<\/span><\/p>\n<\/li>\n<li class=\"_04xlpA direction-ltr align-start para-style-body\">\n<p class=\"_04xlpA direction-ltr align-start para-style-body\"><span class=\"WdYUQQ text-decoration-none text-strikethrough-none\">Th\u1eddi gian kh\u00f4 b\u1ec1 m\u1eb7t th\u00f4ng th\u01b0\u1eddng 30 ph\u00fat. Ph\u1ea3i \u0111\u1ea3m b\u1ea3o th\u1eddi gian t\u1ed1i thi\u1ec3u \u0111\u1ec3 s\u01a1n l\u1edbp k\u1ebf ti\u1ebfp l\u00e0 2 gi\u1edd.<\/span><\/p>\n<\/li>\n<\/ul>\n<p class=\"_04xlpA direction-ltr align-start para-style-body\"><span class=\"WdYUQQ text-decoration-none text-strikethrough-none\">L\u01afU \u00dd:<\/span><\/p>\n<p class=\"_04xlpA direction-ltr align-start para-style-body\"><span class=\"WdYUQQ text-decoration-none text-strikethrough-none\">Kh\u00f4ng thi c\u00f4ng <strong><em>S\u01a1n l\u00f3t ngo\u1ea1i th\u1ea5t SUPER PRIMER <\/em><\/strong>trong\u00a0th\u1eddi ti\u1ebft \u1ea9m \u01b0\u1edbt ( Nhi\u1ec7t \u0111\u1ed9 b\u1ec1 m\u1eb7t thi c\u00f4ng kh\u00f4ng d\u01b0\u1edbi 10 \u0111\u1ed9 C )<\/span><\/p>\n<\/div>\n<h3><span class=\"ez-toc-section\" id=\"Bao_quan\"><\/span><strong>B\u1ea3o qu\u1ea3n<\/strong><span class=\"ez-toc-section-end\"><\/span><\/h3>\n<ul>\n<li>\u0110\u1eady k\u00edn n\u1eafp, \u0111\u1ec3 n\u01a1i kh\u00f4 r\u00e1o, tho\u00e1ng m\u00e1t<\/li>\n<li>K\u1ebft h\u1ee3p v\u1edbi th\u00f4ng gi\u00f3 t\u1ed1t<\/li>\n<li>C\u00e1ch xa ngu\u1ed3n nhi\u1ec7t v\u00e0 thi\u1ebft b\u1ecb ph\u00e1t l\u1eeda<\/li>\n<\/ul>\n<h2 class=\" font-weight-bold mb-3\"><span class=\"ez-toc-section\" id=\"Dac_tinh_noi_bat\"><\/span>\u0110\u1eb7c t\u00ednh n\u1ed5i b\u1eadt<span class=\"ez-toc-section-end\"><\/span><\/h2>\n<p>&nbsp;<\/p>\n<p>&nbsp;<\/p>\n<h2 class=\" font-weight-bold mb-3\"><span class=\"ez-toc-section\" id=\"i\"><\/span><img class=\"\" style=\"font-size: 16px;\" title=\"S\u01a0N L\u00d3T KH\u00c1NG MU\u1ed0I NGO\u1ea0I TH\u1ea4T - SALT RESISTANT LINING\" src=\"https:\/\/bewin-coating.vn\/image\/cache\/catalog\/icon\/icon-07-2-100x100.png\" alt=\"S\u01a0N L\u00d3T KH\u00c1NG MU\u1ed0I NGO\u1ea0I TH\u1ea4T - SALT RESISTANT LINING\" \/><span style=\"font-size: 16px;\">\u00a0 \u00a0 \u00a0<\/span><img class=\"\" style=\"font-size: 16px;\" title=\"S\u01a0N L\u00d3T KH\u00c1NG MU\u1ed0I NGO\u1ea0I TH\u1ea4T - SALT RESISTANT LINING\" src=\"https:\/\/bewin-coating.vn\/image\/cache\/catalog\/icon\/icon-05-100x100.png\" alt=\"S\u01a0N L\u00d3T KH\u00c1NG MU\u1ed0I NGO\u1ea0I TH\u1ea4T - SALT RESISTANT LINING\" \/><span style=\"font-size: 16px;\">\u00a0 \u00a0 \u00a0<\/span><img style=\"font-size: 16px;\" title=\"S\u01a0N L\u00d3T KH\u00c1NG MU\u1ed0I NGO\u1ea0I TH\u1ea4T - SALT RESISTANT LINING\" src=\"https:\/\/bewin-coating.vn\/image\/cache\/catalog\/icon\/icon-06-100x100.png\" alt=\"S\u01a0N L\u00d3T KH\u00c1NG MU\u1ed0I NGO\u1ea0I TH\u1ea4T - SALT RESISTANT LINING\" \/> \u00a0 \u00a0<img src=\"https:\/\/bewin-coating.vn\/image\/cache\/catalog\/icon\/icon-03-100x100.png\" alt=\"S\u01a0N SI\u00caU B\u00d3NG NGO\u1ea0I TH\u1ea4T NANO - SUPER GLOSS NANO\" \/><span class=\"ez-toc-section-end\"><\/span><\/h2>\n<p>&nbsp;<\/p>\n<p><span style=\"font-size: 10pt;\"><em><strong>Th\u00f4ng tin an to\u00e0n, s\u1ee9c kh\u1ecfe v\u00e0 m\u00f4i tr\u01b0\u1eddng<\/strong><\/em><\/span><\/p>\n<ul>\n<li><span style=\"font-size: 10pt;\"><em>\u0110\u1ec3 xa \u0111\u1ed3 \u0103n th\u1ee9c u\u1ed1ng, th\u1ee9c \u0103n gia s\u00fac v\u00e0 xa t\u1ea7m tay v\u1edbi c\u1ee7a tr\u1ebb em;<\/em><\/span><\/li>\n<li><span style=\"font-size: 10pt;\"><em> Thi c\u00f4ng \u1edf n\u01a1i th\u00f4ng tho\u00e1ng. Tr\u00e1nh h\u00edt b\u1ee5i s\u01a1n. N\u00ean mang kh\u1ea9u trang trong l\u00fac ch\u00e0 nh\u00e1m;<\/em><\/span><\/li>\n<li><span style=\"font-size: 10pt;\"><em>Khi b\u1ecb d\u00ednh s\u01a1n v\u00e0o m\u1eaft n\u00ean r\u1eeda v\u1edbi th\u1eadt nhi\u1ec1u n\u01b0\u1edbc v\u00e0 \u0111i \u0111\u1ebfn b\u00e1c s\u0129;<\/em><\/span><\/li>\n<li><span style=\"font-size: 10pt;\"><em> D\u00f9ng x\u00e0 ph\u00f2ng ho\u1eb7c n\u01b0\u1edbc hay c\u00e1c ch\u1ea5t t\u1ea9y \u0111\u01b0\u1ee3c c\u00f4ng nh\u1eadn \u0111\u1ec3 r\u1eeda s\u1ea1ch c\u00e1c v\u1ebft s\u01a1n b\u00e1m tr\u00ean da;<\/em><\/span><\/li>\n<li><span style=\"font-size: 10pt;\"><em> Tr\u01b0\u1eddng h\u1ee3p b\u1ecb \u0111\u1ed5 s\u01a1n, thu gom s\u01a1n \u0111\u1ed5 ra ngo\u00e0i b\u1eb1ng \u0111\u1ea5t ho\u1eb7c c\u00e1t, kh\u00f4ng \u0111\u01b0\u1ee3c \u0111\u1ed5 s\u01a1n th\u1ea3i v\u00e0o c\u1ed1ng r\u00e3nh hay ngu\u1ed3n n\u01b0\u1edbc.<\/em><\/span><\/li>\n<\/ul>\n","protected":false},"excerpt":{"rendered":"<p>\u0110\u1eb7c t\u00ednh v\u01b0\u1ee3t tr\u1ed9i &nbsp; S\u01a1n l\u00f3t ngo\u1ea1i th\u1ea5t SUPER PRIMER s\u01a1n l\u00f3t cao c\u1ea5p ngo\u00e0i tr\u1eddi ch\u1ed1ng ki\u1ec1m l\u00e0 lo\u1ea1i s\u01a1n l\u00f3t 100% nh\u1ef1a Acrylic g\u1ed1c n\u01b0\u1edbc gi\u00fap ng\u0103n ch\u1eb7n s\u1ef1 ki\u1ec1m h\u00f3a m\u1ed9t c\u00e1ch ho\u00e0n h\u1ea3o, t\u0103ng c\u01b0\u1eddng kh\u1ea3 n\u0103ng ch\u1ed1ng th\u1ea5m, t\u1ea1o \u0111\u1ed9 b\u00e1m d\u00ednh cao, \u0111\u1ed3ng th\u1eddi gi\u1eef cho m\u00e0u s\u1eafc &#8230; <a title=\"SUPER PRIMER\" class=\"read-more\" href=\"https:\/\/demo8.thuythu.com\/kingson\/kingkote\/son-lot-ngoai-that-super-primer\/\" aria-label=\"More on SUPER PRIMER\">Read more<\/a><\/p>\n","protected":false},"featured_media":7240,"comment_status":"closed","ping_status":"closed","template":"","meta":[],"product_cat":[294,292,35],"product_tag":[],"acf":[],"_links":{"self":[{"href":"https:\/\/demo8.thuythu.com\/kingson\/wp-json\/wp\/v2\/product\/7312"}],"collection":[{"href":"https:\/\/demo8.thuythu.com\/kingson\/wp-json\/wp\/v2\/product"}],"about":[{"href":"https:\/\/demo8.thuythu.com\/kingson\/wp-json\/wp\/v2\/types\/product"}],"replies":[{"embeddable":true,"href":"https:\/\/demo8.thuythu.com\/kingson\/wp-json\/wp\/v2\/comments?post=7312"}],"wp:featuredmedia":[{"embeddable":true,"href":"https:\/\/demo8.thuythu.com\/kingson\/wp-json\/wp\/v2\/media\/7240"}],"wp:attachment":[{"href":"https:\/\/demo8.thuythu.com\/kingson\/wp-json\/wp\/v2\/media?parent=7312"}],"wp:term":[{"taxonomy":"product_cat","embeddable":true,"href":"https:\/\/demo8.thuythu.com\/kingson\/wp-json\/wp\/v2\/product_cat?post=7312"},{"taxonomy":"product_tag","embeddable":true,"href":"https:\/\/demo8.thuythu.com\/kingson\/wp-json\/wp\/v2\/product_tag?post=7312"}],"curies":[{"name":"wp","href":"https:\/\/api.w.org\/{rel}","templated":true}]}}