{"id":7317,"date":"2023-08-14T03:34:15","date_gmt":"2023-08-14T03:34:15","guid":{"rendered":"https:\/\/demo8.thuythu.com\/kingson\/?post_type=product&#038;p=7317"},"modified":"2023-08-18T04:49:55","modified_gmt":"2023-08-18T04:49:55","slug":"chong-tham-colorflex-ultra-gloss","status":"publish","type":"product","link":"https:\/\/demo8.thuythu.com\/kingson\/kingkote\/colorflex-ultra-gloss\/","title":{"rendered":"COLORFLEX ULTRA GLOSS"},"content":{"rendered":"<div class=\"wap-title-tt\">\n<div class=\"wap-title-tt\">\n<h2 class=\"title-tt font-weight-bold mb-3\"><span class=\"ez-toc-section\" id=\"Dac_tinh_vuot_troi\"><\/span>\u0110\u1eb7c t\u00ednh v\u01b0\u1ee3t tr\u1ed9i<span class=\"ez-toc-section-end\"><\/span><\/h2>\n<p>&nbsp;<\/p>\n<\/div>\n<div class=\"mb-4\">\n<div class=\"mb-4\">\n<p><strong><em>Ch\u1ed1ng th\u1ea5m m\u00e0u si\u00eau b\u00f3ng COLORFLEX ULTRA GLOSS<\/em><\/strong>\u00a0<span class=\"WdYUQQ text-decoration-none text-strikethrough-none\">l\u00e0 m\u1ed9t l\u1edbp m\u00e0ng ch\u1ed1ng th\u1ea5m \u0111a n\u0103ng si\u00eau b\u00f3ng Acrylic 1 th\u00e0nh ph\u1ea7n d\u1ea1ng l\u1ecfng c\u00f3 t\u00ednh \u0111\u00e0n h\u1ed3i cao, c\u00f3 kh\u1ea3 n\u0103ng kh\u00e1ng tia c\u1ef1c t\u00edm v\u00e0 ch\u1ecbu \u0111\u01b0\u1ee3c t\u00ednh kh\u1eafc nghi\u1ec7t c\u1ee7a kh\u00ed h\u1eadu Vi\u1ec7t Nam l\u00e0m cho tu\u1ed5i th\u1ecd c\u00f4ng tr\u00ecnh \u0111\u01b0\u1ee3c l\u00e2u d\u00e0i v\u00e0 si\u00eau b\u00f3ng.<\/span><\/p>\n<\/div>\n<h3 class=\" font-weight-bold mb-3\"><span class=\"ez-toc-section\" id=\"Diem_noi_bat\"><\/span>\u0110i\u1ec3m n\u1ed5i b\u1eadt<span class=\"ez-toc-section-end\"><\/span><\/h3>\n<ul>\n<li class=\"_04xlpA direction-ltr align-start para-style-body\"><span class=\"WdYUQQ text-decoration-none text-strikethrough-none\"><strong><em>COLORFLEX ULTRA GLOSS <\/em><\/strong><\/span><span class=\"WdYUQQ text-decoration-none text-strikethrough-none\">h\u1ec7 n\u01b0\u1edbc, kh\u00f4ng \u0111\u1ed9c h\u1ea1i, kh\u00f4ng g\u00e2y \u00f4 nhi\u1ec5m m\u00f4i tr\u01b0\u1eddng;<\/span><\/li>\n<li class=\"_04xlpA direction-ltr align-start para-style-body\">Ch\u1ed1ng th\u1ea5m, kh\u00e1ng tia c\u1ef1c t\u00edm;<\/li>\n<li class=\"_04xlpA direction-ltr align-start para-style-body\">D\u1ebbo dai v\u00e0 c\u00f3 \u0111\u1ed9 \u0111\u00e0n h\u1ed3i cao sau khi kh\u00f4;<\/li>\n<li class=\"_04xlpA direction-ltr align-start para-style-body\">Tr\u00e1m b\u00edt c\u00e1c v\u1ebft n\u1ee9c nh\u1ecf;<\/li>\n<li class=\"_04xlpA direction-ltr align-start para-style-body\">C\u01b0\u1eddng \u0111\u1ed9 b\u00e1m d\u00ednh cao;<\/li>\n<li class=\"_04xlpA direction-ltr align-start para-style-body\">C\u00f3 kh\u1ea3 n\u0103ng ch\u1ecbu s\u1ef1 thay \u0111\u1ed5i c\u1ee7a th\u1eddi ti\u1ebft v\u00e0 nhi\u1ec7t \u0111\u1ed9;<\/li>\n<li class=\"_04xlpA direction-ltr align-start para-style-body\">C\u00f3 kh\u1ea3 n\u0103ng kh\u00e1ng h\u00f3a ch\u1ea5t;<\/li>\n<li class=\"_04xlpA direction-ltr align-start para-style-body\">Thi c\u00f4ng \u0111\u01a1n gi\u1ea3n v\u00e0 s\u1ea1ch s\u1ebd.<\/li>\n<\/ul>\n<\/div>\n<div class=\"wap-title-tt\">\n<h2 class=\"title-tt font-weight-bold mb-3\"><span class=\"ez-toc-section\" id=\"Chi_tieu_ky_thuat\"><\/span><strong style=\"font-size: 16px;\">Ch\u1ec9 ti\u00eau k\u1ef9 thu\u1eadt<\/strong><span class=\"ez-toc-section-end\"><\/span><\/h2>\n<\/div>\n<div class=\"mb-4\">\n<table border=\"1\" cellspacing=\"0\" cellpadding=\"0\">\n<tbody>\n<tr>\n<td><strong>STT<\/strong><\/td>\n<td><strong>T\u00ean ch\u1ec9 ti\u00eau<\/strong><\/td>\n<td><strong>\u0110\u01a1n v\u1ecb<\/strong><\/td>\n<td><strong>M\u1ee9c y\u00eau c\u1ea7u<\/strong><\/p>\n<p><strong>QCVN 16: 2019\/BXD<\/strong><\/td>\n<td><strong>K\u1ebft qu\u1ea3<\/strong><\/td>\n<td><strong>Ph\u01b0\u01a1ng ph\u00e1p th\u1eed<\/strong><\/td>\n<\/tr>\n<tr>\n<td>1<\/td>\n<td>\u0110\u1ed9 b\u1ec1n l\u1edbp s\u01a1n ph\u1ee7<\/td>\n<td>Lo\u1ea1i<\/td>\n<td>&#8211;<\/td>\n<td>\u0110\u1ea1t<\/td>\n<td>TCVN 2097:2015<\/td>\n<\/tr>\n<tr>\n<td>2<\/td>\n<td>\u0110\u1ed9 r\u1eeda tr\u00f4i<\/td>\n<td>Chu k\u1ef3<\/td>\n<td>\u2265 1200<\/td>\n<td>\u0110\u1ea1t<\/td>\n<td>TCVN 8653 \u2013 4:2012<\/td>\n<\/tr>\n<\/tbody>\n<\/table>\n<h3><span class=\"ez-toc-section\" id=\"Thanh_phan_cau_tao\"><\/span><strong style=\"font-size: 16px;\">Th\u00e0nh ph\u1ea7n c\u1ea5u t\u1ea1o<\/strong><span class=\"ez-toc-section-end\"><\/span><\/h3>\n<ul>\n<li>Keo pure Acrylic &amp; Styrene Acrylic copolymer: 60 &#8211; 65%<\/li>\n<li>N\u01b0\u1edbc, Titan Dioxide v\u00e0 h\u1ed7n h\u1ee3p kh\u00e1c 35 &#8211; 40%<\/li>\n<\/ul>\n<h2 class=\"title-tt font-weight-bold mb-3\"><span class=\"ez-toc-section\" id=\"Thong_tin_thi_cong\"><\/span>Th\u00f4ng tin thi c\u00f4ng<span class=\"ez-toc-section-end\"><\/span><\/h2>\n<p>&nbsp;<\/p>\n<div class=\"wap-title-tt\">\n<div class=\"mb-4\">\n<h3><span class=\"ez-toc-section\" id=\"Dieu_kien_thi_cong\"><\/span><strong>\u0110i\u1ec1u ki\u1ec7n thi c\u00f4ng<\/strong><span class=\"ez-toc-section-end\"><\/span><\/h3>\n<p>T\u01b0\u1eddng ph\u1ea3i \u0111\u01b0\u1ee3c x\u1eed l\u00fd tr\u01b0\u1edbc khi s\u01a1n, t\u1ea5t c\u1ea3 b\u1ec1 m\u1eb7t \u0111\u01b0\u1ee3c s\u01a1n ph\u1ea3i s\u1ea1ch v\u00e0 kh\u00f4, \u0111\u1ed9 \u1ea9m c\u1ee7a b\u1ec1 m\u1eb7t d\u01b0\u1edbi 16% theo m\u00e1y \u0111o \u0111\u1ed9 \u1ea9m Protimeter hay b\u1ec1 m\u1eb7t t\u01b0\u1eddng kh\u00f4 t\u1eeb 21 &#8211; 28 ng\u00e0y trong \u0111i\u1ec1u ki\u1ec7n b\u00ecnh th\u01b0\u1eddng. T\u01b0\u1eddng kh\u00f4ng b\u00e1m b\u1ee5i, d\u1ea7u m\u1ee1, ph\u1ea3i lo\u1ea1i b\u1ecf l\u1edbp s\u01a1n c\u0169 b\u1ecb bong. N\u1ebfu b\u1ec1 m\u1eb7t s\u01a1n b\u1ecb r\u00eau m\u1ed1c, ph\u1ea3i ti\u00eau di\u1ec7t h\u1ebft r\u00eau m\u1ed1c, khu\u1ea5y \u0111\u1ec1u tr\u01b0\u1edbc khi s\u01a1n v\u00e0 \u0111\u1ecdc k\u1ef9 h\u01b0\u1edbng d\u1eabn tr\u01b0\u1edbc khi s\u1eed d\u1ee5ng.<\/p>\n<h3><span class=\"ez-toc-section\" id=\"Thi_cong\"><\/span><strong>Thi c\u00f4ng<\/strong><span class=\"ez-toc-section-end\"><\/span><\/h3>\n<ul>\n<li class=\"_04xlpA direction-ltr align-start para-style-body\"><span class=\"WdYUQQ text-decoration-none text-strikethrough-none\">Kh\u1ea5y \u0111\u1ec1u s\u1ea3n ph\u1ea9m tr\u01b0\u1edbc khi s\u1eed d\u1ee5ng.<\/span><\/li>\n<li class=\"_04xlpA direction-ltr align-start para-style-body\">V\u1ec7 sinh b\u1ec1 m\u1eb7t s\u1ea1ch s\u1ebd, lo\u1ea1i b\u1ecf r\u00eau m\u1ed9c, d\u1ea7u m\u1edf, b\u1ee5i b\u1ea9n, &#8230;tr\u01b0\u1edbc khi thi c\u00f4ng.<\/li>\n<\/ul>\n<ul>\n<li style=\"list-style-type: none;\">\n<ul>\n<li><span class=\"WdYUQQ text-decoration-none text-strikethrough-none\">L\u1edbp l\u00f3t k\u1ebft n\u1ed1i : Qu\u00e9t l\u1edbp l\u00f3t b\u1eb1ng c\u00e1ch pha lo\u00e3ng <strong><em>COLORFLEX ULTRA GLOSS<\/em><\/strong>\u00a0v\u1edbi n\u01b0\u1edbc s\u1ea1ch kho\u1ea3ng 30-40% theo tr\u1ecdng l\u01b0\u1ee3ng r\u1ed3i d\u00f9ng c\u1ecd\/rulo qu\u00e9t 1 l\u1edbp \u0111\u1ec1u l\u00ean b\u1ec1 m\u1eb7t.<\/span><\/li>\n<li><span class=\"WdYUQQ text-decoration-none text-strikethrough-none\">L\u1edbp ph\u1ee7 : D\u00f9ng <strong><em>COLORFLEX ULTRA GLOSS<\/em><\/strong>\u00a0nguy\u00ean ch\u1ea5t qu\u00e9t 2-3 l\u1edbp. Khi l\u1edbp l\u00f3t k\u1ebft n\u1ed1i v\u1eeba kh\u00f4, d\u00f9ng c\u1ecd\/rulo qu\u00e9t l\u1edbp ph\u1ee7 th\u1ee9<\/span> <span class=\"WdYUQQ text-decoration-none text-strikethrough-none\">nh\u1ea5t, ch\u1edd cho l\u1edbp th\u1ee9 nh\u1ea5t kh\u00f4 (kho\u1ea3ng 30 ph\u00fat), ti\u1ebfp t\u1ee5c<\/span> <span class=\"WdYUQQ text-decoration-none text-strikethrough-none\">qu\u00e9t l\u1edbp 2 v\u00e0 3.<\/span><\/li>\n<\/ul>\n<\/li>\n<li>C\u00e1c g\u1ed1c c\u1ea1nh gi\u1eefa t\u01b0\u1eddng v\u1edbi s\u00e0n ho\u1eb7c t\u01b0\u1eddng v\u1edbi t\u01b0\u1eddng n\u00ean d\u00e1n b\u1eb1ng s\u1ee3i th\u1ee7y tinh chi\u1ec1u r\u1ed9ng 10cm \u0111\u1ec3 ch\u1ed1ng n\u1ee9t.<\/li>\n<li>\u0110\u1ed1i v\u1edbi c\u00e1c b\u1ec1 m\u1eb7t thi c\u00f4ng l\u1edbp v\u1eefa b\u1ea3o v\u1ec7 v\u00e0 l\u00e1t g\u1ea1ch th\u00ec ph\u1ea3i r\u1ea3i 1 l\u1edbp c\u00e1t kh\u00f4 v\u00e0 s\u1ea1ch s\u1ebd tr\u00ean b\u1ec1 m\u1eb7t l\u1edbp m\u00e0ng ch\u1ed1ng th\u1ea5m sau c\u00f9ng tr\u01b0\u1edbc khi kh\u00f4 \u0111\u1ec3 t\u1ea1o nh\u00e1m ch\u00f4 b\u1ec1 m\u1eb7t, sau \u0111\u00f3 h\u00fat s\u1ea1ch c\u00e1t kh\u00f4ng b\u00e1m tr\u00ean b\u1ec1 m\u1eb7t.<\/li>\n<\/ul>\n<p class=\"_04xlpA direction-ltr align-start para-style-body\"><em><span class=\"WdYUQQ text-decoration-none text-strikethrough-none\">L\u01afU \u00dd :<\/span><\/em><\/p>\n<ul>\n<li class=\"_04xlpA direction-ltr align-start para-style-body\"><span class=\"WdYUQQ text-decoration-none text-strikethrough-none\">Kh\u00f4ng \u0111\u01b0\u1ee3c \u0111i l\u00ean l\u1edbp m\u00e0ng tr\u01b0\u1edbc 24 gi\u1edd;<\/span><\/li>\n<li class=\"_04xlpA direction-ltr align-start para-style-body\">B\u1ea3o v\u1ec7 b\u1ec1 m\u1eb7t l\u1edbp m\u00e0ng kh\u00f4ng \u0111\u01b0\u1ee3c ti\u1ebfp x\u00fac v\u1edbi n\u01b0\u1edbc tr\u01b0\u1edbc khi kh\u00f4 ho\u00e0n to\u00e0n;<\/li>\n<li class=\"_04xlpA direction-ltr align-start para-style-body\">Kh\u00f4ng thi c\u00f4ng khi tr\u1eddi \u0111ang m\u01b0a ho\u1eb7c b\u1ec1 m\u1eb7t \u0111\u1ecdng n\u01b0\u1edbc.<\/li>\n<\/ul>\n<h3><span class=\"ez-toc-section\" id=\"Bao_quan\"><\/span><strong>B\u1ea3o qu\u1ea3n<\/strong><span class=\"ez-toc-section-end\"><\/span><\/h3>\n<ul>\n<li>\u0110\u1eady k\u00edn n\u1eafp, \u0111\u1ec3 n\u01a1i kh\u00f4 r\u00e1o, tho\u00e1ng m\u00e1t;<\/li>\n<li>K\u1ebft h\u1ee3p v\u1edbi th\u00f4ng gi\u00f3 t\u1ed1t;<\/li>\n<li>C\u00e1ch xa ngu\u1ed3n nhi\u1ec7t v\u00e0 thi\u1ebft b\u1ecb ph\u00e1t l\u1eeda.<\/li>\n<\/ul>\n<\/div>\n<div><\/div>\n<div><\/div>\n<div>\n<p><span style=\"font-size: 10pt;\"><em><strong>Th\u00f4ng tin an to\u00e0n, s\u1ee9c kh\u1ecfe v\u00e0 m\u00f4i tr\u01b0\u1eddng<\/strong><\/em><\/span><\/p>\n<ul>\n<li>\n<p class=\"_04xlpA direction-ltr align-start para-style-body\"><em><span class=\"WdYUQQ text-decoration-none text-strikethrough-none\" style=\"font-size: 10pt;\">Kh\u00f4ng \u0111\u01b0\u1ee3c \u0111\u1ed5 v\u00e0o c\u1ed1ng, n\u01b0\u1edbc ho\u1eb7c \u0111\u1ea5t m\u00e0 ph\u1ea3i h\u1ee7y b\u1ecf theo <\/span><\/em><em><span class=\"WdYUQQ text-decoration-none text-strikethrough-none\" style=\"font-size: 10pt;\">\u0111\u00fang quy \u0111\u1ecbnh;<\/span><\/em><\/p>\n<\/li>\n<li>\n<p class=\"_04xlpA direction-ltr align-start para-style-body\"><em><span class=\"WdYUQQ text-decoration-none text-strikethrough-none\" style=\"font-size: 10pt;\">Mang k\u00ednh, gi\u00e0y, g\u0103ng tay v\u00e0 \u00e1o b\u1ea3o h\u1ed9 trong khi thi c\u00f4ng s\u1ea3n ph\u1ea9m;<\/span><\/em><\/p>\n<\/li>\n<li>\n<p class=\"_04xlpA direction-ltr align-start para-style-body\"><em><span class=\"WdYUQQ text-decoration-none text-strikethrough-none\" style=\"font-size: 10pt;\">Tr\u00e1nh ti\u1ebfp x\u00fac tr\u1ef1c ti\u1ebfp v\u1edbi da v\u00e0 m\u1eaft. N\u1ebfu b\u1ecb v\u0103ng v\u00e0o m\u1eaft, d\u00f9ng n\u01b0\u1edbc s\u1ea1ch r\u1eeda m\u1eaft nhi\u1ec1u l\u1ea7n;<\/span><\/em><\/p>\n<\/li>\n<li>\n<p class=\"_04xlpA direction-ltr align-start para-style-body\"><em><span class=\"WdYUQQ text-decoration-none text-strikethrough-none\" style=\"font-size: 10pt;\">Mang g\u0103ng tay, kh\u1ea9u trang v\u00e0 c\u00e1c d\u1ee5ng c\u1ee5 b\u1ea3o h\u1ed9 khi thi c\u00f4ng.&#8211;\u0110\u1ec3m hi\u1ec3u th\u00eam c\u00e1c th\u00f4ng tin v\u00e0 c\u00e1c khuy\u1ebfn c\u00e1o v\u1ec1 an to\u00e0n <\/span><\/em><em><span class=\"WdYUQQ text-decoration-none text-strikethrough-none\" style=\"font-size: 10pt;\">khi s\u1eed d\u1ee5ng, l\u01b0u tr\u1eef v\u00e0 th\u1ea3i b\u1ecf s\u1ea3n ph\u1ea9m, ng\u01b0\u1eddi s\u1eed d\u1ee5ng n\u00ean <\/span><\/em><em><span class=\"WdYUQQ text-decoration-none text-strikethrough-none\" style=\"font-size: 10pt;\">tham kh\u1ea3o t\u00e0i li\u1ec7u k\u1ef9 thu\u1eadt an to\u00e0n m\u1edbi nh\u1ea5t c\u1ee7a s\u1ea3n ph\u1ea9m <\/span><\/em><em><span class=\"WdYUQQ text-decoration-none text-strikethrough-none\" style=\"font-size: 10pt;\">tr\u00ecnh b\u00e0y v\u1ec1 t\u00ednh c\u01a1 l\u00fd, t\u00ednh sinh th\u00e1i, t\u00ednh \u0111\u1ed9c h\u1ea1i v\u00e0 c\u00e1c ch\u1ec9 ti\u00eau an to\u00e0n li\u00ean quan kh\u00e1c.<\/span><\/em><\/p>\n<\/li>\n<\/ul>\n<\/div>\n<\/div>\n<\/div>\n<\/div>\n<div><\/div>\n","protected":false},"excerpt":{"rendered":"<p>\u0110\u1eb7c t\u00ednh v\u01b0\u1ee3t tr\u1ed9i &nbsp; Ch\u1ed1ng th\u1ea5m m\u00e0u si\u00eau b\u00f3ng COLORFLEX ULTRA GLOSS\u00a0l\u00e0 m\u1ed9t l\u1edbp m\u00e0ng ch\u1ed1ng th\u1ea5m \u0111a n\u0103ng si\u00eau b\u00f3ng Acrylic 1 th\u00e0nh ph\u1ea7n d\u1ea1ng l\u1ecfng c\u00f3 t\u00ednh \u0111\u00e0n h\u1ed3i cao, c\u00f3 kh\u1ea3 n\u0103ng kh\u00e1ng tia c\u1ef1c t\u00edm v\u00e0 ch\u1ecbu \u0111\u01b0\u1ee3c t\u00ednh kh\u1eafc nghi\u1ec7t c\u1ee7a kh\u00ed h\u1eadu Vi\u1ec7t Nam l\u00e0m cho tu\u1ed5i th\u1ecd &#8230; <a title=\"COLORFLEX ULTRA GLOSS\" class=\"read-more\" href=\"https:\/\/demo8.thuythu.com\/kingson\/kingkote\/colorflex-ultra-gloss\/\" aria-label=\"More on COLORFLEX ULTRA GLOSS\">Read more<\/a><\/p>\n","protected":false},"featured_media":7244,"comment_status":"closed","ping_status":"closed","template":"","meta":[],"product_cat":[294,292,35],"product_tag":[],"acf":[],"_links":{"self":[{"href":"https:\/\/demo8.thuythu.com\/kingson\/wp-json\/wp\/v2\/product\/7317"}],"collection":[{"href":"https:\/\/demo8.thuythu.com\/kingson\/wp-json\/wp\/v2\/product"}],"about":[{"href":"https:\/\/demo8.thuythu.com\/kingson\/wp-json\/wp\/v2\/types\/product"}],"replies":[{"embeddable":true,"href":"https:\/\/demo8.thuythu.com\/kingson\/wp-json\/wp\/v2\/comments?post=7317"}],"wp:featuredmedia":[{"embeddable":true,"href":"https:\/\/demo8.thuythu.com\/kingson\/wp-json\/wp\/v2\/media\/7244"}],"wp:attachment":[{"href":"https:\/\/demo8.thuythu.com\/kingson\/wp-json\/wp\/v2\/media?parent=7317"}],"wp:term":[{"taxonomy":"product_cat","embeddable":true,"href":"https:\/\/demo8.thuythu.com\/kingson\/wp-json\/wp\/v2\/product_cat?post=7317"},{"taxonomy":"product_tag","embeddable":true,"href":"https:\/\/demo8.thuythu.com\/kingson\/wp-json\/wp\/v2\/product_tag?post=7317"}],"curies":[{"name":"wp","href":"https:\/\/api.w.org\/{rel}","templated":true}]}}