{"id":7322,"date":"2023-08-14T03:54:32","date_gmt":"2023-08-14T03:54:32","guid":{"rendered":"https:\/\/demo8.thuythu.com\/kingson\/?post_type=product&#038;p=7322"},"modified":"2023-08-17T08:44:19","modified_gmt":"2023-08-17T08:44:19","slug":"chong-tham-kingkote-pro","status":"publish","type":"product","link":"https:\/\/demo8.thuythu.com\/kingson\/kingkote\/chong-tham-kingkote-pro\/","title":{"rendered":"KINGKOTE PRO"},"content":{"rendered":"<div class=\"wap-title-tt\">\n<div class=\"wap-title-tt\">\n<h2 class=\"title-tt font-weight-bold mb-3\"><span class=\"ez-toc-section\" id=\"Dac_tinh_vuot_troi\"><\/span>\u0110\u1eb7c t\u00ednh v\u01b0\u1ee3t tr\u1ed9i<span class=\"ez-toc-section-end\"><\/span><\/h2>\n<p>&nbsp;<\/p>\n<\/div>\n<div class=\"mb-4\">\n<div class=\"mb-4\">\n<p><em><strong><span class=\"WdYUQQ text-decoration-none text-strikethrough-none\">Ch\u1ed1ng th\u1ea5m hai th\u00e0nh ph\u1ea7n KINGKOTE PRO<\/span><\/strong><\/em><span class=\"WdYUQQ text-decoration-none text-strikethrough-none\">\u00a0l\u00e0 m\u1ed9t l\u1edbp ph\u1ee7 d\u1ebbo hai th\u00e0nh ph\u1ea7n (A v\u00e0 B) g\u1ed3m polymer v\u00e0 xi m\u0103ng bi\u1ebfn \u0111\u1ed5i c\u00f3 t\u00ednh \u0111\u00e0n h\u1ed3i cao \u0111\u1ec3 ng\u0103n n\u01b0\u1edbc v\u00e0 ch\u1ed1ng th\u1ea5m r\u1ea5t cao cho v\u1eadt li\u1ec7u, l\u00e0m cho tu\u1ed5i th\u1ecd c\u1ee7a c\u00f4ng tr\u00ecnh \u0111\u01b0\u1ee3c d\u00e0i l\u00e2u.<\/span><\/p>\n<\/div>\n<h3 class=\" font-weight-bold mb-3\"><span class=\"ez-toc-section\" id=\"Diem_noi_bat\"><\/span>\u0110i\u1ec3m n\u1ed5i b\u1eadt<span class=\"ez-toc-section-end\"><\/span><\/h3>\n<ul>\n<li class=\"_04xlpA direction-ltr align-start para-style-body\">\n<p class=\"_04xlpA direction-ltr align-start para-style-body\"><span class=\"WdYUQQ text-decoration-none text-strikethrough-none\">Kh\u00f4ng \u0111\u1ed9c h\u1ea1i s\u1eed d\u1ee5ng \u0111\u01b0\u1ee3c v\u1edbi n\u01b0\u1edbc;<\/span><\/p>\n<\/li>\n<li class=\"_04xlpA direction-ltr align-start para-style-body\">\n<p class=\"_04xlpA direction-ltr align-start para-style-body\"><span class=\"WdYUQQ text-decoration-none text-strikethrough-none\">D\u1ebbo v\u00e0 c\u00f3 \u0111\u1ed9 \u0111\u00e0n h\u1ed3i cao, che ph\u1ee7 c\u00e1c v\u1ebft r\u1ea1n n\u1ee9t;<\/span><\/p>\n<\/li>\n<li class=\"_04xlpA direction-ltr align-start para-style-body\">\n<p class=\"_04xlpA direction-ltr align-start para-style-body\"><span class=\"WdYUQQ text-decoration-none text-strikethrough-none\">C\u00f3 kh\u1ea3 n\u0103ng ch\u1ecbu s\u1ee9c n\u1eb7ng m\u00e0 kh\u00f4ng b\u1ecb r\u1ea1n n\u1ee9t;<\/span><\/p>\n<\/li>\n<li class=\"_04xlpA direction-ltr align-start para-style-body\">\n<p class=\"_04xlpA direction-ltr align-start para-style-body\"><span class=\"WdYUQQ text-decoration-none text-strikethrough-none\">Ch\u1ecbu \u00e1p l\u1ef1c n\u01b0\u1edbc cao, \u0111\u1ed9 k\u1ebft d\u00ednh t\u1ed1t, kh\u00e1ng h\u00f3a ch\u1ea5t, ch\u1ed1ng m\u00e0i m\u00f2n.<\/span><\/p>\n<\/li>\n<\/ul>\n<h2 class=\"title-tt font-weight-bold mb-3\"><span class=\"ez-toc-section\" id=\"Thong_tin_thi_cong\"><\/span>Th\u00f4ng tin thi c\u00f4ng<span class=\"ez-toc-section-end\"><\/span><\/h2>\n<p>&nbsp;<\/p>\n<\/div>\n<div class=\"mb-4\">\n<div class=\"wap-title-tt\">\n<div class=\"mb-4\">\n<h3><span class=\"ez-toc-section\" id=\"Dieu_kien_thi_cong\"><\/span><strong>\u0110i\u1ec1u ki\u1ec7n thi c\u00f4ng<\/strong><span class=\"ez-toc-section-end\"><\/span><\/h3>\n<ul>\n<li class=\"_04xlpA direction-ltr align-justify para-style-body\"><span class=\"WdYUQQ text-decoration-none text-strikethrough-none\">L\u00e0m v\u1ec7 sinh s\u1ea1ch s\u1ebd b\u1ec1 m\u1eb7t, c\u1ea1o s\u1ea1ch c\u00e1c l\u1edbp rong r\u00eau, bong d\u1ed9p, b\u1ee5i, c\u1ee5c v\u1eefa h\u1ed3 c\u0169, d\u1ea7u m\u1ee1, c\u00e1c v\u1ebft n\u1ee9t n\u1ebb, r\u1ed7, l\u1ed7 r\u1ed7ng c\u1ea7n \u0111\u01b0\u1ee3c s\u1eefa ch\u1eefa, d\u1eb7m v\u00e1, tr\u00e1m tr\u00e9t l\u1ea1i;<\/span><\/li>\n<li class=\"_04xlpA direction-ltr align-justify para-style-body\">B\u1ec1 m\u1eb7t tr\u01b0\u1edbc khi qu\u00e9t ch\u1ed1ng th\u1ea5m ph\u1ea3i l\u00e1ng (\u0111\u1ed9 r\u1ed7ng \u00edt) v\u00e0 l\u00e0m \u1ea9m b\u1ec1 m\u1eb7t v\u1eadt li\u1ec7u tr\u01b0\u1edbc khi thi c\u00f4ng.<\/li>\n<\/ul>\n<h3><span class=\"ez-toc-section\" id=\"Thi_cong\"><\/span><strong>Thi c\u00f4ng<\/strong><span class=\"ez-toc-section-end\"><\/span><\/h3>\n<ul>\n<li class=\"_04xlpA direction-ltr align-start para-style-body\"><span class=\"WdYUQQ text-decoration-none text-strikethrough-none\">Pha tr\u1ed9n th\u00e0nh ph\u1ea7n A-B v\u1edbi t\u1ef7 l\u1ec7 (1 &#8211; 1,25 ) khu\u1ea5y cho th\u1eadt \u0111\u1ec1u, sau \u0111\u00f3 d\u00f9ng c\u1ecd\/m\u00e1y \u0111\u1ec3 qu\u00e9t\/phun l\u1edbp sau khi l\u1edbp tr\u01b0\u1edbc \u0111\u00e3 kh\u00f4. \u0110\u1ed9 c\u1ee9ng c\u1ee7a <strong>KINGKOTE PRO<\/strong> \u0111\u1ea1t tuy\u1ec7t \u0111\u1ed1i sau 7 ng\u00e0y. \u0110\u1ed9 d\u00e0y khi kh\u00f4 n\u00ean l\u00e0 t\u1eeb 1mm-3mm.<\/span><\/li>\n<li class=\"_04xlpA direction-ltr align-start para-style-body\"><span class=\"WdYUQQ text-decoration-none text-strikethrough-none\">\u0110\u1ecbnh m\u1ee9c : 1,5-2,5kg\/m2 ph\u1ee5 thu\u1ed9c v\u00e0o b\u1ec1 m\u1eb7t v\u1eadt li\u1ec7u v\u00e0 \u0111\u1ed9 d\u00e0y.<\/span><\/li>\n<li class=\"_04xlpA direction-ltr align-start para-style-body\">Th\u1eddi gian kh\u00f4:\n<ul>\n<li class=\"_04xlpA direction-ltr align-start para-style-body\"><span class=\"WdYUQQ text-decoration-none text-strikethrough-none\">Kh\u00f4 b\u1ec1 m\u1eb7t: &lt;45 ph\u00fat<\/span><\/li>\n<li class=\"_04xlpA direction-ltr align-start para-style-body\"><span class=\"WdYUQQ text-decoration-none text-strikethrough-none\">Kh\u00f4 ho\u00e0n to\u00e0n: 48 gi\u1edd<\/span><\/li>\n<\/ul>\n<\/li>\n<\/ul>\n<p class=\"_04xlpA direction-ltr align-start para-style-body\"><span class=\"WdYUQQ text-decoration-none text-strikethrough-none\">L\u01afU \u00dd:<\/span><\/p>\n<ul>\n<li class=\"_04xlpA direction-ltr align-start para-style-body\"><span class=\"WdYUQQ text-decoration-none text-strikethrough-none\">N\u1ebfu \u0111\u00e3 tr\u1ed9n th\u00e0nh ph\u1ea7n A (l\u1ecfng s\u1ec7t) v\u00e0 B (b\u1ed9t) v\u1edbi nhau th\u00ec ph\u1ea3i s\u1eed d\u1ee5ng trong v\u00f2ng 1 gi\u1edd, v\u00ec sau th\u1eddi gian \u0111\u00f3 s\u1ea3n ph\u1ea9m s\u1ebd b\u1ecb \u0111\u00f4ng c\u1ee9ng, d\u00f9ng \u0111\u1ebfn \u0111\u00e2u pha tr\u1ed9n \u0111\u1ebfn \u0111\u00f3.<\/span><\/li>\n<li class=\"_04xlpA direction-ltr align-start para-style-body\">Kh\u00f4ng qu\u00e9t <strong>KINGKOTE PRO<\/strong> l\u00ean c\u00e1c b\u1ec1 m\u1eb7t v\u1eadt li\u1ec7u \u0111\u00e3 qu\u00e9t ch\u1ed1ng th\u1ea5m g\u1ed1c d\u1ea7u nh\u01b0 Bitum (nh\u1ef1a \u0111\u01b0\u1eddng), Epoxy. N\u00ean qu\u00e9t tr\u1ef1c ti\u1ebfp l\u00ean b\u1ec1 m\u1eb7t v\u1eadt li\u1ec7u b\u1eb1ng b\u00ea t\u00f4ng, xi m\u0103ng.<\/li>\n<\/ul>\n<h3><span class=\"ez-toc-section\" id=\"Bao_quan\"><\/span><strong>B\u1ea3o qu\u1ea3n<\/strong><span class=\"ez-toc-section-end\"><\/span><\/h3>\n<ul>\n<li>\u0110\u1eady k\u00edn n\u1eafp, \u0111\u1ec3 n\u01a1i kh\u00f4 r\u00e1o, tho\u00e1ng m\u00e1t;<\/li>\n<li>K\u1ebft h\u1ee3p v\u1edbi th\u00f4ng gi\u00f3 t\u1ed1t;<\/li>\n<li>C\u00e1ch xa ngu\u1ed3n nhi\u1ec7t v\u00e0 thi\u1ebft b\u1ecb ph\u00e1t l\u1eeda.<\/li>\n<\/ul>\n<\/div>\n<div><\/div>\n<div><\/div>\n<div>\n<p><span style=\"font-size: 10pt;\"><em><strong>Th\u00f4ng tin an to\u00e0n, s\u1ee9c kh\u1ecfe v\u00e0 m\u00f4i tr\u01b0\u1eddng<\/strong><\/em><\/span><\/p>\n<ul>\n<li>\n<p class=\"_04xlpA direction-ltr align-start para-style-body\"><em><span class=\"WdYUQQ text-decoration-none text-strikethrough-none\" style=\"font-size: 10pt;\">Kh\u00f4ng \u0111\u01b0\u1ee3c \u0111\u1ed5 v\u00e0o c\u1ed1ng, n\u01b0\u1edbc ho\u1eb7c \u0111\u1ea5t m\u00e0 ph\u1ea3i h\u1ee7y b\u1ecf theo <\/span><\/em><em><span class=\"WdYUQQ text-decoration-none text-strikethrough-none\" style=\"font-size: 10pt;\">\u0111\u00fang quy \u0111\u1ecbnh;<\/span><\/em><\/p>\n<\/li>\n<li>\n<p class=\"_04xlpA direction-ltr align-start para-style-body\"><em><span class=\"WdYUQQ text-decoration-none text-strikethrough-none\" style=\"font-size: 10pt;\">Mang k\u00ednh, gi\u00e0y, g\u0103ng tay v\u00e0 \u00e1o b\u1ea3o h\u1ed9 trong khi thi c\u00f4ng s\u1ea3n ph\u1ea9m;<\/span><\/em><\/p>\n<\/li>\n<li>\n<p class=\"_04xlpA direction-ltr align-start para-style-body\"><em><span class=\"WdYUQQ text-decoration-none text-strikethrough-none\" style=\"font-size: 10pt;\">Tr\u00e1nh ti\u1ebfp x\u00fac tr\u1ef1c ti\u1ebfp v\u1edbi da v\u00e0 m\u1eaft. N\u1ebfu b\u1ecb v\u0103ng v\u00e0o m\u1eaft, d\u00f9ng n\u01b0\u1edbc s\u1ea1ch r\u1eeda m\u1eaft nhi\u1ec1u l\u1ea7n;<\/span><\/em><\/p>\n<\/li>\n<li>\n<p class=\"_04xlpA direction-ltr align-start para-style-body\"><em><span class=\"WdYUQQ text-decoration-none text-strikethrough-none\" style=\"font-size: 10pt;\">Mang g\u0103ng tay, kh\u1ea9u trang v\u00e0 c\u00e1c d\u1ee5ng c\u1ee5 b\u1ea3o h\u1ed9 khi thi c\u00f4ng.&#8211;\u0110\u1ec3m hi\u1ec3u th\u00eam c\u00e1c th\u00f4ng tin v\u00e0 c\u00e1c khuy\u1ebfn c\u00e1o v\u1ec1 an to\u00e0n <\/span><\/em><em><span class=\"WdYUQQ text-decoration-none text-strikethrough-none\" style=\"font-size: 10pt;\">khi s\u1eed d\u1ee5ng, l\u01b0u tr\u1eef v\u00e0 th\u1ea3i b\u1ecf s\u1ea3n ph\u1ea9m, ng\u01b0\u1eddi s\u1eed d\u1ee5ng n\u00ean <\/span><\/em><em><span class=\"WdYUQQ text-decoration-none text-strikethrough-none\" style=\"font-size: 10pt;\">tham kh\u1ea3o t\u00e0i li\u1ec7u k\u1ef9 thu\u1eadt an to\u00e0n m\u1edbi nh\u1ea5t c\u1ee7a s\u1ea3n ph\u1ea9m <\/span><\/em><em><span class=\"WdYUQQ text-decoration-none text-strikethrough-none\" style=\"font-size: 10pt;\">tr\u00ecnh b\u00e0y v\u1ec1 t\u00ednh c\u01a1 l\u00fd, t\u00ednh sinh th\u00e1i, t\u00ednh \u0111\u1ed9c h\u1ea1i v\u00e0 c\u00e1c ch\u1ec9 ti\u00eau an to\u00e0n li\u00ean quan kh\u00e1c.<\/span><\/em><\/p>\n<\/li>\n<\/ul>\n<\/div>\n<\/div>\n<\/div>\n<\/div>\n<div><\/div>\n","protected":false},"excerpt":{"rendered":"<p>\u0110\u1eb7c t\u00ednh v\u01b0\u1ee3t tr\u1ed9i &nbsp; Ch\u1ed1ng th\u1ea5m hai th\u00e0nh ph\u1ea7n KINGKOTE PRO\u00a0l\u00e0 m\u1ed9t l\u1edbp ph\u1ee7 d\u1ebbo hai th\u00e0nh ph\u1ea7n (A v\u00e0 B) g\u1ed3m polymer v\u00e0 xi m\u0103ng bi\u1ebfn \u0111\u1ed5i c\u00f3 t\u00ednh \u0111\u00e0n h\u1ed3i cao \u0111\u1ec3 ng\u0103n n\u01b0\u1edbc v\u00e0 ch\u1ed1ng th\u1ea5m r\u1ea5t cao cho v\u1eadt li\u1ec7u, l\u00e0m cho tu\u1ed5i th\u1ecd c\u1ee7a c\u00f4ng tr\u00ecnh \u0111\u01b0\u1ee3c d\u00e0i l\u00e2u. &#8230; <a title=\"KINGKOTE PRO\" class=\"read-more\" href=\"https:\/\/demo8.thuythu.com\/kingson\/kingkote\/chong-tham-kingkote-pro\/\" aria-label=\"More on KINGKOTE PRO\">Read more<\/a><\/p>\n","protected":false},"featured_media":7248,"comment_status":"closed","ping_status":"closed","template":"","meta":[],"product_cat":[294,292,35],"product_tag":[],"acf":[],"_links":{"self":[{"href":"https:\/\/demo8.thuythu.com\/kingson\/wp-json\/wp\/v2\/product\/7322"}],"collection":[{"href":"https:\/\/demo8.thuythu.com\/kingson\/wp-json\/wp\/v2\/product"}],"about":[{"href":"https:\/\/demo8.thuythu.com\/kingson\/wp-json\/wp\/v2\/types\/product"}],"replies":[{"embeddable":true,"href":"https:\/\/demo8.thuythu.com\/kingson\/wp-json\/wp\/v2\/comments?post=7322"}],"wp:featuredmedia":[{"embeddable":true,"href":"https:\/\/demo8.thuythu.com\/kingson\/wp-json\/wp\/v2\/media\/7248"}],"wp:attachment":[{"href":"https:\/\/demo8.thuythu.com\/kingson\/wp-json\/wp\/v2\/media?parent=7322"}],"wp:term":[{"taxonomy":"product_cat","embeddable":true,"href":"https:\/\/demo8.thuythu.com\/kingson\/wp-json\/wp\/v2\/product_cat?post=7322"},{"taxonomy":"product_tag","embeddable":true,"href":"https:\/\/demo8.thuythu.com\/kingson\/wp-json\/wp\/v2\/product_tag?post=7322"}],"curies":[{"name":"wp","href":"https:\/\/api.w.org\/{rel}","templated":true}]}}