{"id":7324,"date":"2023-08-14T04:19:08","date_gmt":"2023-08-14T04:19:08","guid":{"rendered":"https:\/\/demo8.thuythu.com\/kingson\/?post_type=product&#038;p=7324"},"modified":"2023-08-18T04:47:04","modified_gmt":"2023-08-18T04:47:04","slug":"keo-bong-super-clear","status":"publish","type":"product","link":"https:\/\/demo8.thuythu.com\/kingson\/kingkote\/keo-bong-super-clear\/","title":{"rendered":"SUPER CLEAR"},"content":{"rendered":"<div class=\"wap-title-tt\">\n<div class=\"wap-title-tt\">\n<h2 class=\"title-tt font-weight-bold mb-3\"><span class=\"ez-toc-section\" id=\"Dac_tinh_vuot_troi\"><\/span>\u0110\u1eb7c t\u00ednh v\u01b0\u1ee3t tr\u1ed9i<span class=\"ez-toc-section-end\"><\/span><\/h2>\n<p>&nbsp;<\/p>\n<p><em><strong>Keo b\u00f3ng n\u01b0\u1edbc SUPER CLEAR<\/strong><\/em> <span class=\"WdYUQQ text-decoration-none text-strikethrough-none\">l\u00e0 dung d\u1ecbch t\u1ea1o b\u00f3ng g\u1ed1c PURE ACRYLIC, kh\u00f4ng m\u00f9i, kh\u00f4ng \u0111\u1ed9c h\u1ea1i, thi c\u00f4ng \u0111\u01a1n gi\u1ea3n, hi\u1ec7u qu\u1ea3 cao.<\/span><\/p>\n<\/div>\n<div class=\"mb-4\">\n<div class=\"wap-title-tt\">\n<div class=\"mb-4\">\n<h2 class=\"title-tt font-weight-bold mb-3\"><span class=\"ez-toc-section\" id=\"Thong_tin_thi_cong\"><\/span>Th\u00f4ng tin thi c\u00f4ng<span class=\"ez-toc-section-end\"><\/span><\/h2>\n<p>&nbsp;<\/p>\n<h3><span class=\"ez-toc-section\" id=\"Thi_cong\"><\/span><strong>Thi c\u00f4ng<\/strong><span class=\"ez-toc-section-end\"><\/span><\/h3>\n<ul>\n<li class=\"_04xlpA direction-ltr align-justify para-style-body\"><span class=\"WdYUQQ text-decoration-none text-strikethrough-none\">Thi c\u00f4ng 1 ho\u1eb7c 2 l\u1edbp l\u00ean b\u1ec1 m\u1eb7t v\u1eadt li\u1ec7u.<\/span><\/li>\n<li class=\"_04xlpA direction-ltr align-justify para-style-body\">Pha tr\u1ef1c ti\u1ebfp v\u00e0o s\u01a1n n\u01b0\u1edbc l\u00e0m t\u0103ng ch\u1ea5t l\u01b0\u1ee3ng v\u00e0 \u0111\u1ed9 b\u00f3ng cho m\u00e0ng s\u01a1n.<\/li>\n<li class=\"_04xlpA direction-ltr align-justify para-style-body\">M\u1eadt \u0111\u1ed9 ti\u00eau th\u1ee5: 5-8 m2\/l\u00edt\/2 l\u1edbp<\/li>\n<\/ul>\n<p class=\"_04xlpA direction-ltr align-justify para-style-body\"><em><span class=\"WdYUQQ text-decoration-none text-strikethrough-none\">L\u01afU \u00dd:<\/span><\/em><\/p>\n<p class=\"_04xlpA direction-ltr align-justify para-style-body\"><span class=\"WdYUQQ text-decoration-none text-strikethrough-none\">L\u1eafc th\u1eadt \u0111\u1ec1u tr\u01b0\u1edbc khi s\u1eed d\u1ee5ng,\u0111\u1eady th\u1eadt k\u00edn n\u1eafp sau khi d\u00f9ng.<\/span><\/p>\n<h3><span class=\"ez-toc-section\" id=\"Bao_quan\"><\/span><strong>B\u1ea3o qu\u1ea3n<\/strong><span class=\"ez-toc-section-end\"><\/span><\/h3>\n<ul>\n<li>\n<p class=\"_04xlpA direction-ltr align-start para-style-body\"><span class=\"WdYUQQ text-decoration-none text-strikethrough-none\">N\u01a1i kh\u00f4 r\u00e1o<\/span> <span class=\"WdYUQQ text-decoration-none text-strikethrough-none\">tho\u00e1ng m\u00e1t;<\/span><\/p>\n<\/li>\n<li>\n<p class=\"_04xlpA direction-ltr align-start para-style-body\"><span class=\"WdYUQQ text-decoration-none text-strikethrough-none\">Tr\u00e1nh \u0111\u1ec3 s\u1ea3n ph\u1ea9m tr\u1ef1c ti\u1ebfp d\u01b0\u1edbi \u00e1nh s\u00e1ng m\u1eb7t tr\u1eddi;<\/span><\/p>\n<\/li>\n<li>\n<p class=\"_04xlpA direction-ltr align-start para-style-body\"><span class=\"WdYUQQ text-decoration-none text-strikethrough-none\">Th\u1eddi h\u1ea1n s\u1eed d\u1ee5ng: T\u1ed1i thi\u1ec3u 5 n\u0103m n\u1ebfu l\u01b0u tr\u1eef \u0111\u00fang c\u00e1ch trong bao b\u00ec nguy\u00ean ch\u01b0a m\u1edf.<\/span><\/p>\n<\/li>\n<\/ul>\n<\/div>\n<div><\/div>\n<div><\/div>\n<div>\n<p><span style=\"font-size: 10pt;\"><em><strong>Th\u00f4ng tin an to\u00e0n, s\u1ee9c kh\u1ecfe v\u00e0 m\u00f4i tr\u01b0\u1eddng<\/strong><\/em><\/span><\/p>\n<ul>\n<li>\n<p class=\"_04xlpA direction-ltr align-start para-style-body\"><em><span class=\"WdYUQQ text-decoration-none text-strikethrough-none\" style=\"font-size: 10pt;\">Kh\u00f4ng \u0111\u01b0\u1ee3c \u0111\u1ed5 v\u00e0o c\u1ed1ng, n\u01b0\u1edbc ho\u1eb7c \u0111\u1ea5t m\u00e0 ph\u1ea3i h\u1ee7y b\u1ecf theo <\/span><\/em><em><span class=\"WdYUQQ text-decoration-none text-strikethrough-none\" style=\"font-size: 10pt;\">\u0111\u00fang quy \u0111\u1ecbnh;<\/span><\/em><\/p>\n<\/li>\n<li>\n<p class=\"_04xlpA direction-ltr align-start para-style-body\"><em><span class=\"WdYUQQ text-decoration-none text-strikethrough-none\" style=\"font-size: 10pt;\">Mang k\u00ednh, gi\u00e0y, g\u0103ng tay v\u00e0 \u00e1o b\u1ea3o h\u1ed9 trong khi thi c\u00f4ng s\u1ea3n ph\u1ea9m;<\/span><\/em><\/p>\n<\/li>\n<li>\n<p class=\"_04xlpA direction-ltr align-start para-style-body\"><em><span class=\"WdYUQQ text-decoration-none text-strikethrough-none\" style=\"font-size: 10pt;\">Tr\u00e1nh ti\u1ebfp x\u00fac tr\u1ef1c ti\u1ebfp v\u1edbi da v\u00e0 m\u1eaft. N\u1ebfu b\u1ecb v\u0103ng v\u00e0o m\u1eaft, d\u00f9ng n\u01b0\u1edbc s\u1ea1ch r\u1eeda m\u1eaft nhi\u1ec1u l\u1ea7n;<\/span><\/em><\/p>\n<\/li>\n<li>\n<p class=\"_04xlpA direction-ltr align-start para-style-body\"><em><span class=\"WdYUQQ text-decoration-none text-strikethrough-none\" style=\"font-size: 10pt;\">Mang g\u0103ng tay, kh\u1ea9u trang v\u00e0 c\u00e1c d\u1ee5ng c\u1ee5 b\u1ea3o h\u1ed9 khi thi c\u00f4ng.&#8211;\u0110\u1ec3m hi\u1ec3u th\u00eam c\u00e1c th\u00f4ng tin v\u00e0 c\u00e1c khuy\u1ebfn c\u00e1o v\u1ec1 an to\u00e0n <\/span><\/em><em><span class=\"WdYUQQ text-decoration-none text-strikethrough-none\" style=\"font-size: 10pt;\">khi s\u1eed d\u1ee5ng, l\u01b0u tr\u1eef v\u00e0 th\u1ea3i b\u1ecf s\u1ea3n ph\u1ea9m, ng\u01b0\u1eddi s\u1eed d\u1ee5ng n\u00ean <\/span><\/em><em><span class=\"WdYUQQ text-decoration-none text-strikethrough-none\" style=\"font-size: 10pt;\">tham kh\u1ea3o t\u00e0i li\u1ec7u k\u1ef9 thu\u1eadt an to\u00e0n m\u1edbi nh\u1ea5t c\u1ee7a s\u1ea3n ph\u1ea9m <\/span><\/em><em><span class=\"WdYUQQ text-decoration-none text-strikethrough-none\" style=\"font-size: 10pt;\">tr\u00ecnh b\u00e0y v\u1ec1 t\u00ednh c\u01a1 l\u00fd, t\u00ednh sinh th\u00e1i, t\u00ednh \u0111\u1ed9c h\u1ea1i v\u00e0 c\u00e1c ch\u1ec9 ti\u00eau an to\u00e0n li\u00ean quan kh\u00e1c.<\/span><\/em><\/p>\n<\/li>\n<\/ul>\n<\/div>\n<\/div>\n<\/div>\n<\/div>\n<div><\/div>\n","protected":false},"excerpt":{"rendered":"<p>\u0110\u1eb7c t\u00ednh v\u01b0\u1ee3t tr\u1ed9i &nbsp; Keo b\u00f3ng n\u01b0\u1edbc SUPER CLEAR l\u00e0 dung d\u1ecbch t\u1ea1o b\u00f3ng g\u1ed1c PURE ACRYLIC, kh\u00f4ng m\u00f9i, kh\u00f4ng \u0111\u1ed9c h\u1ea1i, thi c\u00f4ng \u0111\u01a1n gi\u1ea3n, hi\u1ec7u qu\u1ea3 cao. Th\u00f4ng tin thi c\u00f4ng &nbsp; Thi c\u00f4ng Thi c\u00f4ng 1 ho\u1eb7c 2 l\u1edbp l\u00ean b\u1ec1 m\u1eb7t v\u1eadt li\u1ec7u. Pha tr\u1ef1c ti\u1ebfp v\u00e0o s\u01a1n n\u01b0\u1edbc l\u00e0m &#8230; <a title=\"SUPER CLEAR\" class=\"read-more\" href=\"https:\/\/demo8.thuythu.com\/kingson\/kingkote\/keo-bong-super-clear\/\" aria-label=\"More on SUPER CLEAR\">Read more<\/a><\/p>\n","protected":false},"featured_media":7250,"comment_status":"closed","ping_status":"closed","template":"","meta":[],"product_cat":[292,322,35],"product_tag":[],"acf":[],"_links":{"self":[{"href":"https:\/\/demo8.thuythu.com\/kingson\/wp-json\/wp\/v2\/product\/7324"}],"collection":[{"href":"https:\/\/demo8.thuythu.com\/kingson\/wp-json\/wp\/v2\/product"}],"about":[{"href":"https:\/\/demo8.thuythu.com\/kingson\/wp-json\/wp\/v2\/types\/product"}],"replies":[{"embeddable":true,"href":"https:\/\/demo8.thuythu.com\/kingson\/wp-json\/wp\/v2\/comments?post=7324"}],"wp:featuredmedia":[{"embeddable":true,"href":"https:\/\/demo8.thuythu.com\/kingson\/wp-json\/wp\/v2\/media\/7250"}],"wp:attachment":[{"href":"https:\/\/demo8.thuythu.com\/kingson\/wp-json\/wp\/v2\/media?parent=7324"}],"wp:term":[{"taxonomy":"product_cat","embeddable":true,"href":"https:\/\/demo8.thuythu.com\/kingson\/wp-json\/wp\/v2\/product_cat?post=7324"},{"taxonomy":"product_tag","embeddable":true,"href":"https:\/\/demo8.thuythu.com\/kingson\/wp-json\/wp\/v2\/product_tag?post=7324"}],"curies":[{"name":"wp","href":"https:\/\/api.w.org\/{rel}","templated":true}]}}