{"id":7325,"date":"2023-08-14T04:33:57","date_gmt":"2023-08-14T04:33:57","guid":{"rendered":"https:\/\/demo8.thuythu.com\/kingson\/?post_type=product&#038;p=7325"},"modified":"2023-08-17T08:44:19","modified_gmt":"2023-08-17T08:44:19","slug":"chong-tham-water-seal","status":"publish","type":"product","link":"https:\/\/demo8.thuythu.com\/kingson\/kingkote\/chong-tham-water-seal\/","title":{"rendered":"WATER SEAL"},"content":{"rendered":"<div class=\"wap-title-tt\">\n<div class=\"wap-title-tt\">\n<h2 class=\"title-tt font-weight-bold mb-3\"><span class=\"ez-toc-section\" id=\"Dac_tinh_vuot_troi\"><\/span>\u0110\u1eb7c t\u00ednh v\u01b0\u1ee3t tr\u1ed9i<span class=\"ez-toc-section-end\"><\/span><\/h2>\n<p>&nbsp;<\/p>\n<\/div>\n<div class=\"mb-4\">\n<div class=\"mb-4\">\n<p><em><strong><span class=\"WdYUQQ text-decoration-none text-strikethrough-none\">Ch\u1ed1ng th\u1ea5m th\u1ea9m th\u1ea5u WATER SEAL<\/span><\/strong><\/em> <span class=\"WdYUQQ text-decoration-none text-strikethrough-none\">l\u00e0 h\u1ee3p ch\u1ea5t \u0111\u1ea9y n\u01b0\u1edbc v\u00e0 ch\u1ed1ng th\u1ea5m v\u00f4 h\u00ecnh d\u00f9ng \u0111\u1ec3 ch\u1ed1ng th\u1ea5m, ch\u1ed1ng r\u00eau m\u1ed1c cho c\u00e1c b\u1ec1 m\u1eb7t v\u1eadt li\u1ec7u.<\/span><\/p>\n<\/div>\n<h3 class=\" font-weight-bold mb-3\"><span class=\"ez-toc-section\" id=\"Diem_noi_bat\"><\/span>\u0110i\u1ec3m n\u1ed5i b\u1eadt<span class=\"ez-toc-section-end\"><\/span><\/h3>\n<p><span class=\"WdYUQQ text-decoration-none text-strikethrough-none\">Tuy\u1ec7t \u0111\u1ed1i kh\u00f4ng l\u00e0m thay \u0111\u1ed5i m\u00e0u s\u1eafc v\u1eadt li\u1ec7u do h\u1ee3p ch\u1ea5t c\u00f3 m\u00e0u trong su\u1ed1t.<\/span><\/p>\n<div class=\"wap-title-tt\">\n<h2 class=\"title-tt font-weight-bold mb-3\"><span class=\"ez-toc-section\" id=\"Thong_tin_thi_cong\"><\/span>Th\u00f4ng tin thi c\u00f4ng<span class=\"ez-toc-section-end\"><\/span><\/h2>\n<\/div>\n<div class=\"mb-4\">\n<div class=\"wap-title-tt\">\n<div class=\"mb-4\"><\/div>\n<\/div>\n<\/div>\n<\/div>\n<div class=\"mb-4\">\n<div class=\"wap-title-tt\">\n<div class=\"mb-4\">\n<h3><span class=\"ez-toc-section\" id=\"Dieu_kien_thi_cong\"><\/span><strong>\u0110i\u1ec1u ki\u1ec7n thi c\u00f4ng<\/strong><span class=\"ez-toc-section-end\"><\/span><\/h3>\n<ul>\n<li class=\"_04xlpA direction-ltr align-justify para-style-body\"><span class=\"WdYUQQ text-decoration-none text-strikethrough-none\">L\u00e0m v\u1ec7 sinh s\u1ea1ch s\u1ebd b\u1ec1 m\u1eb7t, c\u1ea1o s\u1ea1ch c\u00e1c l\u1edbp rong r\u00eau, bong d\u1ed9p, b\u1ee5i, c\u1ee5c v\u1eefa h\u1ed3 c\u0169, d\u1ea7u m\u1ee1, c\u00e1c v\u1ebft n\u1ee9t n\u1ebb, r\u1ed7, l\u1ed7 r\u1ed7ng c\u1ea7n \u0111\u01b0\u1ee3c s\u1eefa ch\u1eefa, d\u1eb7m v\u00e1, tr\u00e1m tr\u00e9t l\u1ea1i. B\u1ec1 m\u1eb7t tr\u01b0\u1edbc khi qu\u00e9t ch\u1ed1ng th\u1ea5m ph\u1ea3i l\u00e1ng (\u0111\u1ed9 r\u1ed7ng \u00edt) v\u00e0 kh\u00f4 r\u00e1o.<\/span><\/li>\n<\/ul>\n<h3><span class=\"ez-toc-section\" id=\"Thi_cong\"><\/span><strong>Thi c\u00f4ng<\/strong><span class=\"ez-toc-section-end\"><\/span><\/h3>\n<ul>\n<li class=\"_04xlpA direction-ltr align-start para-style-body\">\n<p class=\"_04xlpA direction-ltr align-justify para-style-body\"><span class=\"WdYUQQ text-decoration-none text-strikethrough-none\">D\u00f9ng c\u1ecd qu\u00e9t, rul\u00f4 \u0111\u1ec3 thi c\u00f4ng, ph\u1ea3i \u0111\u1ea3m b\u1ea3o cho h\u1ee3p ch\u1ea5t th\u1ea9m th\u1ea5u s\u00e2u v\u00e0o b\u00ean trong v\u1eadt li\u1ec7u;<\/span><\/p>\n<\/li>\n<li class=\"_04xlpA direction-ltr align-start para-style-body\">\n<p class=\"_04xlpA direction-ltr align-justify para-style-body\">\u0110\u1ed1i v\u1edbi g\u1ea1ch block, g\u1ea1ch t\u00e0u&#8230; ng\u00e2m tr\u1ef1c ti\u1ebfp v\u1eadt li\u1ec7u c\u1ea7n ch\u1ed1ng th\u1ea5m v\u00e0o dung d\u1ecbch.<\/p>\n<\/li>\n<\/ul>\n<ul>\n<li style=\"list-style-type: none;\">\n<ul>\n<li><span class=\"WdYUQQ text-decoration-none text-strikethrough-none\">\u0110\u1ecbnh m\u1ee9c:<\/span> <span class=\"WdYUQQ text-decoration-none text-strikethrough-none\">15-20 m2\/l\u00edt (t\u00f9y theo t\u1eebng lo\u1ea1i v\u1eadt li\u1ec7u).<\/span><\/li>\n<\/ul>\n<\/li>\n<\/ul>\n<p><em><span class=\"WdYUQQ text-decoration-none text-strikethrough-none\">L\u01afU \u00dd:<\/span><\/em><\/p>\n<p class=\"_04xlpA direction-ltr align-justify para-style-body\"><span class=\"WdYUQQ text-decoration-none text-strikethrough-none\">L\u1eafc th\u1eadt \u0111\u1ec1u tr\u01b0\u1edbc khi s\u1eed d\u1ee5ng, \u0111\u1eady th\u1eadt k\u00edn n\u1eafp sau khi d\u00f9ng.<\/span><\/p>\n<h3><span class=\"ez-toc-section\" id=\"Bao_quan\"><\/span><strong>B\u1ea3o qu\u1ea3n<\/strong><span class=\"ez-toc-section-end\"><\/span><\/h3>\n<ul>\n<li>\n<p class=\"_04xlpA direction-ltr align-start para-style-body\"><span class=\"WdYUQQ text-decoration-none text-strikethrough-none\">N\u01a1i kh\u00f4 r\u00e1o<\/span> <span class=\"WdYUQQ text-decoration-none text-strikethrough-none\">tho\u00e1ng m\u00e1t;<\/span><\/p>\n<\/li>\n<li>\n<p class=\"_04xlpA direction-ltr align-start para-style-body\"><span class=\"WdYUQQ text-decoration-none text-strikethrough-none\">Tr\u00e1nh \u0111\u1ec3 s\u1ea3n ph\u1ea9m tr\u1ef1c ti\u1ebfp d\u01b0\u1edbi \u00e1nh s\u00e1ng m\u1eb7t tr\u1eddi;<\/span><\/p>\n<\/li>\n<li>\n<p class=\"_04xlpA direction-ltr align-start para-style-body\"><span class=\"WdYUQQ text-decoration-none text-strikethrough-none\">Th\u1eddi h\u1ea1n s\u1eed d\u1ee5ng: 3 n\u0103m k\u1ec3 t\u1eeb ng\u00e0y s\u1ea3n xu\u1ea5t.<\/span><\/p>\n<\/li>\n<\/ul>\n<\/div>\n<div><\/div>\n<div><\/div>\n<div>\n<p><span style=\"font-size: 10pt;\"><em><strong>Th\u00f4ng tin an to\u00e0n, s\u1ee9c kh\u1ecfe v\u00e0 m\u00f4i tr\u01b0\u1eddng<\/strong><\/em><\/span><\/p>\n<ul>\n<li>\n<p class=\"_04xlpA direction-ltr align-start para-style-body\"><em><span class=\"WdYUQQ text-decoration-none text-strikethrough-none\" style=\"font-size: 10pt;\">Kh\u00f4ng \u0111\u01b0\u1ee3c \u0111\u1ed5 v\u00e0o c\u1ed1ng, n\u01b0\u1edbc ho\u1eb7c \u0111\u1ea5t m\u00e0 ph\u1ea3i h\u1ee7y b\u1ecf theo <\/span><\/em><em><span class=\"WdYUQQ text-decoration-none text-strikethrough-none\" style=\"font-size: 10pt;\">\u0111\u00fang quy \u0111\u1ecbnh;<\/span><\/em><\/p>\n<\/li>\n<li>\n<p class=\"_04xlpA direction-ltr align-start para-style-body\"><em><span class=\"WdYUQQ text-decoration-none text-strikethrough-none\" style=\"font-size: 10pt;\">Mang k\u00ednh, gi\u00e0y, g\u0103ng tay v\u00e0 \u00e1o b\u1ea3o h\u1ed9 trong khi thi c\u00f4ng s\u1ea3n ph\u1ea9m;<\/span><\/em><\/p>\n<\/li>\n<li>\n<p class=\"_04xlpA direction-ltr align-start para-style-body\"><em><span class=\"WdYUQQ text-decoration-none text-strikethrough-none\" style=\"font-size: 10pt;\">Tr\u00e1nh ti\u1ebfp x\u00fac tr\u1ef1c ti\u1ebfp v\u1edbi da v\u00e0 m\u1eaft. N\u1ebfu b\u1ecb v\u0103ng v\u00e0o m\u1eaft, d\u00f9ng n\u01b0\u1edbc s\u1ea1ch r\u1eeda m\u1eaft nhi\u1ec1u l\u1ea7n;<\/span><\/em><\/p>\n<\/li>\n<li>\n<p class=\"_04xlpA direction-ltr align-start para-style-body\"><em><span class=\"WdYUQQ text-decoration-none text-strikethrough-none\" style=\"font-size: 10pt;\">Mang g\u0103ng tay, kh\u1ea9u trang v\u00e0 c\u00e1c d\u1ee5ng c\u1ee5 b\u1ea3o h\u1ed9 khi thi c\u00f4ng.&#8211;\u0110\u1ec3m hi\u1ec3u th\u00eam c\u00e1c th\u00f4ng tin v\u00e0 c\u00e1c khuy\u1ebfn c\u00e1o v\u1ec1 an to\u00e0n <\/span><\/em><em><span class=\"WdYUQQ text-decoration-none text-strikethrough-none\" style=\"font-size: 10pt;\">khi s\u1eed d\u1ee5ng, l\u01b0u tr\u1eef v\u00e0 th\u1ea3i b\u1ecf s\u1ea3n ph\u1ea9m, ng\u01b0\u1eddi s\u1eed d\u1ee5ng n\u00ean <\/span><\/em><em><span class=\"WdYUQQ text-decoration-none text-strikethrough-none\" style=\"font-size: 10pt;\">tham kh\u1ea3o t\u00e0i li\u1ec7u k\u1ef9 thu\u1eadt an to\u00e0n m\u1edbi nh\u1ea5t c\u1ee7a s\u1ea3n ph\u1ea9m <\/span><\/em><em><span class=\"WdYUQQ text-decoration-none text-strikethrough-none\" style=\"font-size: 10pt;\">tr\u00ecnh b\u00e0y v\u1ec1 t\u00ednh c\u01a1 l\u00fd, t\u00ednh sinh th\u00e1i, t\u00ednh \u0111\u1ed9c h\u1ea1i v\u00e0 c\u00e1c ch\u1ec9 ti\u00eau an to\u00e0n li\u00ean quan kh\u00e1c.<\/span><\/em><\/p>\n<\/li>\n<\/ul>\n<\/div>\n<\/div>\n<\/div>\n<\/div>\n<div><\/div>\n","protected":false},"excerpt":{"rendered":"<p>\u0110\u1eb7c t\u00ednh v\u01b0\u1ee3t tr\u1ed9i &nbsp; Ch\u1ed1ng th\u1ea5m th\u1ea9m th\u1ea5u WATER SEAL l\u00e0 h\u1ee3p ch\u1ea5t \u0111\u1ea9y n\u01b0\u1edbc v\u00e0 ch\u1ed1ng th\u1ea5m v\u00f4 h\u00ecnh d\u00f9ng \u0111\u1ec3 ch\u1ed1ng th\u1ea5m, ch\u1ed1ng r\u00eau m\u1ed1c cho c\u00e1c b\u1ec1 m\u1eb7t v\u1eadt li\u1ec7u. \u0110i\u1ec3m n\u1ed5i b\u1eadt Tuy\u1ec7t \u0111\u1ed1i kh\u00f4ng l\u00e0m thay \u0111\u1ed5i m\u00e0u s\u1eafc v\u1eadt li\u1ec7u do h\u1ee3p ch\u1ea5t c\u00f3 m\u00e0u trong su\u1ed1t. Th\u00f4ng &#8230; <a title=\"WATER SEAL\" class=\"read-more\" href=\"https:\/\/demo8.thuythu.com\/kingson\/kingkote\/chong-tham-water-seal\/\" aria-label=\"More on WATER SEAL\">Read more<\/a><\/p>\n","protected":false},"featured_media":7267,"comment_status":"closed","ping_status":"closed","template":"","meta":[],"product_cat":[294,292,35],"product_tag":[],"acf":[],"_links":{"self":[{"href":"https:\/\/demo8.thuythu.com\/kingson\/wp-json\/wp\/v2\/product\/7325"}],"collection":[{"href":"https:\/\/demo8.thuythu.com\/kingson\/wp-json\/wp\/v2\/product"}],"about":[{"href":"https:\/\/demo8.thuythu.com\/kingson\/wp-json\/wp\/v2\/types\/product"}],"replies":[{"embeddable":true,"href":"https:\/\/demo8.thuythu.com\/kingson\/wp-json\/wp\/v2\/comments?post=7325"}],"wp:featuredmedia":[{"embeddable":true,"href":"https:\/\/demo8.thuythu.com\/kingson\/wp-json\/wp\/v2\/media\/7267"}],"wp:attachment":[{"href":"https:\/\/demo8.thuythu.com\/kingson\/wp-json\/wp\/v2\/media?parent=7325"}],"wp:term":[{"taxonomy":"product_cat","embeddable":true,"href":"https:\/\/demo8.thuythu.com\/kingson\/wp-json\/wp\/v2\/product_cat?post=7325"},{"taxonomy":"product_tag","embeddable":true,"href":"https:\/\/demo8.thuythu.com\/kingson\/wp-json\/wp\/v2\/product_tag?post=7325"}],"curies":[{"name":"wp","href":"https:\/\/api.w.org\/{rel}","templated":true}]}}