{"id":7327,"date":"2023-08-14T04:53:22","date_gmt":"2023-08-14T04:53:22","guid":{"rendered":"https:\/\/demo8.thuythu.com\/kingson\/?post_type=product&#038;p=7327"},"modified":"2023-08-14T07:47:52","modified_gmt":"2023-08-14T07:47:52","slug":"chong-tham-super-white","status":"publish","type":"product","link":"https:\/\/demo8.thuythu.com\/kingson\/kingkote\/chong-tham-super-white\/","title":{"rendered":"SUPER WHITE"},"content":{"rendered":"<div class=\"wap-title-tt\">\n<div class=\"wap-title-tt\">\n<h2 class=\"title-tt font-weight-bold mb-3\"><span class=\"ez-toc-section\" id=\"Dac_tinh_vuot_troi\"><\/span>\u0110\u1eb7c t\u00ednh v\u01b0\u1ee3t tr\u1ed9i<span class=\"ez-toc-section-end\"><\/span><\/h2>\n<p>&nbsp;<\/p>\n<\/div>\n<div class=\"mb-4\">\n<div class=\"mb-4\">\n<p><strong><em><span class=\"WdYUQQ text-decoration-none text-strikethrough-none\">Ch\u1ed1ng th\u1ea5m m\u00e0u SUPER WHITE<\/span><\/em><\/strong><span class=\"WdYUQQ text-decoration-none text-strikethrough-none\">\u00a0l\u00e0 m\u1ed9t lo\u1ea1i keo s\u01a1n ch\u1ed1ng th\u1ea5m g\u1ed3m polyme k\u1ebft h\u1ee3p ph\u1ee5 gia,th\u00edch h\u1ee3p trang tr\u00ed v\u00e0 b\u1ea3o v\u1ec7 n\u1ed9i &#8211; ngo\u1ea1i th\u1ea5t tr\u00ean t\u01b0\u1eddng. Ngo\u00e0i ra <strong><em>SUPER WHITE<\/em><\/strong> c\u00f2n c\u00f3 th\u1ec3 d\u00f9ng l\u00e0m s\u01a1n l\u00f3t ch\u00f4ng ki\u1ec1m r\u1ea5t hi\u1ec7u qu\u1ea3.<\/span><\/p>\n<\/div>\n<\/div>\n<div class=\"wap-title-tt\">\n<h2 class=\"title-tt font-weight-bold mb-3\"><span class=\"ez-toc-section\" id=\"Thong_tin_thi_cong\"><\/span>Th\u00f4ng tin thi c\u00f4ng<span class=\"ez-toc-section-end\"><\/span><\/h2>\n<p>&nbsp;<\/p>\n<\/div>\n<div class=\"mb-4\">\n<div class=\"wap-title-tt\">\n<div class=\"mb-4\">\n<h3><span class=\"ez-toc-section\" id=\"Dieu_kien_thi_cong\"><\/span><strong>\u0110i\u1ec1u ki\u1ec7n thi c\u00f4ng<\/strong><span class=\"ez-toc-section-end\"><\/span><\/h3>\n<p>T\u01b0\u1eddng ph\u1ea3i \u0111\u01b0\u1ee3c x\u1eed l\u00fd tr\u01b0\u1edbc khi s\u01a1n, t\u1ea5t c\u1ea3 b\u1ec1 m\u1eb7t \u0111\u01b0\u1ee3c s\u01a1n ph\u1ea3i s\u1ea1ch v\u00e0 kh\u00f4, \u0111\u1ed9 \u1ea9m c\u1ee7a b\u1ec1 m\u1eb7t d\u01b0\u1edbi 16% theo m\u00e1y \u0111o \u0111\u1ed9 \u1ea9m Protimeter hay b\u1ec1 m\u1eb7t t\u01b0\u1eddng kh\u00f4 t\u1eeb 21 &#8211; 28 ng\u00e0y trong \u0111i\u1ec1u ki\u1ec7n b\u00ecnh th\u01b0\u1eddng. T\u01b0\u1eddng kh\u00f4ng b\u00e1m b\u1ee5i, d\u1ea7u m\u1ee1, ph\u1ea3i lo\u1ea1i b\u1ecf l\u1edbp s\u01a1n c\u0169 b\u1ecb bong. N\u1ebfu b\u1ec1 m\u1eb7t s\u01a1n b\u1ecb r\u00eau m\u1ed1c, ph\u1ea3i ti\u00eau di\u1ec7t h\u1ebft r\u00eau m\u1ed1c, khu\u1ea5y \u0111\u1ec1u tr\u01b0\u1edbc khi s\u01a1n v\u00e0 \u0111\u1ecdc k\u1ef9 h\u01b0\u1edbng d\u1eabn tr\u01b0\u1edbc khi s\u1eed d\u1ee5ng.<\/p>\n<h3><span class=\"ez-toc-section\" id=\"Thi_cong\"><\/span><strong>Thi c\u00f4ng<\/strong><span class=\"ez-toc-section-end\"><\/span><\/h3>\n<ul>\n<li class=\"_04xlpA direction-ltr align-start para-style-body\"><span class=\"WdYUQQ text-decoration-none text-strikethrough-none\">Khu\u1ea5y \u0111\u1ec1u s\u1ea3n ph\u1ea9m tr\u01b0\u1edbc khi s\u1eed d\u1ee5ng.<\/span><\/li>\n<li class=\"_04xlpA direction-ltr align-start para-style-body\"><span class=\"WdYUQQ text-decoration-none text-strikethrough-none\">L\u1edbp l\u00f3t k\u1ebft n\u1ed1i:<\/span><span class=\"WdYUQQ text-decoration-none text-strikethrough-none\"> Qu\u00e9t l\u1edbp l\u00f3t b\u1eb1ng c\u00e1ch pha lo\u00e3ng <strong><em>SUPER WHITE<\/em><\/strong>\u00a0v\u1edbi n\u01b0\u1edbc s\u1ea1ch kho\u1ea3ng 30-40% theo tr\u1ecdng l\u01b0\u1ee3ng r\u1ed3i d\u00f9ng c\u1ecd\/rulo qu\u00e9t 1 l\u1edbp \u0111\u1ec1u l\u00ean b\u1ec1 m\u1eb7t.<\/span><\/li>\n<li class=\"_04xlpA direction-ltr align-start para-style-body\"><span class=\"WdYUQQ text-decoration-none text-strikethrough-none\">L\u1edbp ph\u1ee7:<\/span><span class=\"WdYUQQ text-decoration-none text-strikethrough-none\"> D\u00f9ng <strong><em>SUPER WHITE<\/em><\/strong> nguy\u00ean ch\u1ea5t qu\u00e9t 2-3 l\u1edbp.<\/span><\/li>\n<li class=\"_04xlpA direction-ltr align-start para-style-body\"><span class=\"WdYUQQ text-decoration-none text-strikethrough-none\">Khi l\u1edbp l\u00f3t k\u1ebft n\u1ed1i v\u1eeba kh\u00f4,d\u00f9ng c\u1ecd\/rulo qu\u00e9t l\u1edbp ph\u1ee7 th\u1ee9 nh\u1ea5t, ch\u1edd cho l\u1edbp th\u1ee9 nh\u1ea5t kh\u00f4 (kho\u1ea3ng 30 ph\u00fat), ti\u1ebfp t\u1ee5c qu\u00e9t l\u1edbp th\u1ee9 2 v\u00e0 3.<\/span><\/li>\n<li class=\"_04xlpA direction-ltr align-start para-style-body\"><span class=\"WdYUQQ text-decoration-none text-strikethrough-none\">C\u00e1c g\u1ed1c c\u1ea1nh gi\u1eefa t\u01b0\u1eddng v\u1edbi s\u00e0n ho\u1eb7c t\u01b0\u1eddng v\u1edbi t\u01b0\u1eddng n\u00ean d\u00e1n b\u1eb1ng s\u1ee3i th\u1ee7y tinh chi\u1ec1u r\u1ed9ng 10cm \u0111\u1ec3 ch\u1ed1ng n\u1ee9t.<\/span><\/li>\n<li class=\"_04xlpA direction-ltr align-start para-style-body\"><span class=\"WdYUQQ text-decoration-none text-strikethrough-none\">\u0110\u1ed1i v\u1edbi c\u00e1c b\u1ec1 m\u1eb7t c\u1ea7n thi c\u00f4ng l\u1edbp v\u1eefa b\u1ea3o v\u1ec7 v\u00e0 l\u00e1t g\u1ea1ch th\u00ec ph\u1ea3i r\u1ea3i 1 l\u1edbp c\u00e1t kh\u00f4 v\u00e0 s\u1ea1ch tr\u00ean b\u1ec1 m\u1eb7t l\u1edbp m\u00e0ng ch\u1ed1ng th\u1ea5m sau c\u00f9ng tr\u01b0\u1edbc khi kh\u00f4 \u0111\u1ec3 t\u1ea1o nh\u00e1m cho b\u1ec1 m\u1eb7t, sau \u0111\u00f3 h\u00fat s\u1ea1ch c\u00e1t kh\u00f4ng b\u00e1m tr\u00ean b\u1ec1 m\u1eb7t.<\/span><\/li>\n<li style=\"list-style-type: none;\">\n<ul>\n<li><span class=\"WdYUQQ text-decoration-none text-strikethrough-none\">\u0110\u1ecbnh m\u1ee9c : 1-1,5kg\/m 2 ( t\u00f9y thu\u1ed9c v\u00e0o b\u1ec1 m\u1eb7t v\u1eadt li\u1ec7u )<\/span><\/li>\n<\/ul>\n<\/li>\n<\/ul>\n<p class=\"_04xlpA direction-ltr align-start para-style-body\"><em><span class=\"WdYUQQ text-decoration-none text-strikethrough-none\">L\u01afU \u00dd :<\/span><\/em><\/p>\n<ul>\n<li class=\"_04xlpA direction-ltr align-start para-style-body\"><span class=\"WdYUQQ text-decoration-none text-strikethrough-none\">Kh\u00f4ng \u0111\u01b0\u1ee3c \u0111i l\u00ean l\u1edbp m\u00e0ng tr\u01b0\u1edbc 24 gi\u1edd;<\/span><\/li>\n<li class=\"_04xlpA direction-ltr align-start para-style-body\">B\u1ea3o v\u1ec7 b\u1ec1 m\u1eb7t l\u1edbp m\u00e0ng kh\u00f4ng \u0111\u01b0\u1ee3c ti\u1ebfp x\u00fac v\u1edbi n\u01b0\u1edbc tr\u01b0\u1edbc khi kh\u00f4 ho\u00e0n to\u00e0n;<\/li>\n<li class=\"_04xlpA direction-ltr align-start para-style-body\">Kh\u00f4ng thi c\u00f4ng khi tr\u1eddi \u0111ang m\u01b0a ho\u1eb7c b\u1ec1 m\u1eb7t \u0111\u1ecdng n\u01b0\u1edbc.<\/li>\n<\/ul>\n<h3><span class=\"ez-toc-section\" id=\"Bao_quan\"><\/span><strong>B\u1ea3o qu\u1ea3n<\/strong><span class=\"ez-toc-section-end\"><\/span><\/h3>\n<ul>\n<li>\u0110\u1eady k\u00edn n\u1eafp, \u0111\u1ec3 n\u01a1i kh\u00f4 r\u00e1o, tho\u00e1ng m\u00e1t;<\/li>\n<li>K\u1ebft h\u1ee3p v\u1edbi th\u00f4ng gi\u00f3 t\u1ed1t;<\/li>\n<li>C\u00e1ch xa ngu\u1ed3n nhi\u1ec7t v\u00e0 thi\u1ebft b\u1ecb ph\u00e1t l\u1eeda.<\/li>\n<\/ul>\n<\/div>\n<div><\/div>\n<div><\/div>\n<div>\n<p><span style=\"font-size: 10pt;\"><em><strong>Th\u00f4ng tin an to\u00e0n, s\u1ee9c kh\u1ecfe v\u00e0 m\u00f4i tr\u01b0\u1eddng<\/strong><\/em><\/span><\/p>\n<ul>\n<li>\n<p class=\"_04xlpA direction-ltr align-start para-style-body\"><em><span class=\"WdYUQQ text-decoration-none text-strikethrough-none\" style=\"font-size: 10pt;\">Kh\u00f4ng \u0111\u01b0\u1ee3c \u0111\u1ed5 v\u00e0o c\u1ed1ng, n\u01b0\u1edbc ho\u1eb7c \u0111\u1ea5t m\u00e0 ph\u1ea3i h\u1ee7y b\u1ecf theo <\/span><\/em><em><span class=\"WdYUQQ text-decoration-none text-strikethrough-none\" style=\"font-size: 10pt;\">\u0111\u00fang quy \u0111\u1ecbnh;<\/span><\/em><\/p>\n<\/li>\n<li>\n<p class=\"_04xlpA direction-ltr align-start para-style-body\"><em><span class=\"WdYUQQ text-decoration-none text-strikethrough-none\" style=\"font-size: 10pt;\">Mang k\u00ednh, gi\u00e0y, g\u0103ng tay v\u00e0 \u00e1o b\u1ea3o h\u1ed9 trong khi thi c\u00f4ng s\u1ea3n ph\u1ea9m;<\/span><\/em><\/p>\n<\/li>\n<li>\n<p class=\"_04xlpA direction-ltr align-start para-style-body\"><em><span class=\"WdYUQQ text-decoration-none text-strikethrough-none\" style=\"font-size: 10pt;\">Tr\u00e1nh ti\u1ebfp x\u00fac tr\u1ef1c ti\u1ebfp v\u1edbi da v\u00e0 m\u1eaft. N\u1ebfu b\u1ecb v\u0103ng v\u00e0o m\u1eaft, d\u00f9ng n\u01b0\u1edbc s\u1ea1ch r\u1eeda m\u1eaft nhi\u1ec1u l\u1ea7n;<\/span><\/em><\/p>\n<\/li>\n<li>\n<p class=\"_04xlpA direction-ltr align-start para-style-body\"><em><span class=\"WdYUQQ text-decoration-none text-strikethrough-none\" style=\"font-size: 10pt;\">Mang g\u0103ng tay, kh\u1ea9u trang v\u00e0 c\u00e1c d\u1ee5ng c\u1ee5 b\u1ea3o h\u1ed9 khi thi c\u00f4ng.&#8211;\u0110\u1ec3m hi\u1ec3u th\u00eam c\u00e1c th\u00f4ng tin v\u00e0 c\u00e1c khuy\u1ebfn c\u00e1o v\u1ec1 an to\u00e0n <\/span><\/em><em><span class=\"WdYUQQ text-decoration-none text-strikethrough-none\" style=\"font-size: 10pt;\">khi s\u1eed d\u1ee5ng, l\u01b0u tr\u1eef v\u00e0 th\u1ea3i b\u1ecf s\u1ea3n ph\u1ea9m, ng\u01b0\u1eddi s\u1eed d\u1ee5ng n\u00ean <\/span><\/em><em><span class=\"WdYUQQ text-decoration-none text-strikethrough-none\" style=\"font-size: 10pt;\">tham kh\u1ea3o t\u00e0i li\u1ec7u k\u1ef9 thu\u1eadt an to\u00e0n m\u1edbi nh\u1ea5t c\u1ee7a s\u1ea3n ph\u1ea9m <\/span><\/em><em><span class=\"WdYUQQ text-decoration-none text-strikethrough-none\" style=\"font-size: 10pt;\">tr\u00ecnh b\u00e0y v\u1ec1 t\u00ednh c\u01a1 l\u00fd, t\u00ednh sinh th\u00e1i, t\u00ednh \u0111\u1ed9c h\u1ea1i v\u00e0 c\u00e1c ch\u1ec9 ti\u00eau an to\u00e0n li\u00ean quan kh\u00e1c.<\/span><\/em><\/p>\n<\/li>\n<\/ul>\n<\/div>\n<\/div>\n<\/div>\n<\/div>\n<div><\/div>\n","protected":false},"excerpt":{"rendered":"<p>\u0110\u1eb7c t\u00ednh v\u01b0\u1ee3t tr\u1ed9i &nbsp; Ch\u1ed1ng th\u1ea5m m\u00e0u SUPER WHITE\u00a0l\u00e0 m\u1ed9t lo\u1ea1i keo s\u01a1n ch\u1ed1ng th\u1ea5m g\u1ed3m polyme k\u1ebft h\u1ee3p ph\u1ee5 gia,th\u00edch h\u1ee3p trang tr\u00ed v\u00e0 b\u1ea3o v\u1ec7 n\u1ed9i &#8211; ngo\u1ea1i th\u1ea5t tr\u00ean t\u01b0\u1eddng. Ngo\u00e0i ra SUPER WHITE c\u00f2n c\u00f3 th\u1ec3 d\u00f9ng l\u00e0m s\u01a1n l\u00f3t ch\u00f4ng ki\u1ec1m r\u1ea5t hi\u1ec7u qu\u1ea3. Th\u00f4ng tin thi c\u00f4ng &nbsp; &#8230; <a title=\"SUPER WHITE\" class=\"read-more\" href=\"https:\/\/demo8.thuythu.com\/kingson\/kingkote\/chong-tham-super-white\/\" aria-label=\"More on SUPER WHITE\">Read more<\/a><\/p>\n","protected":false},"featured_media":7330,"comment_status":"closed","ping_status":"closed","template":"","meta":[],"product_cat":[294,292,35],"product_tag":[],"acf":[],"_links":{"self":[{"href":"https:\/\/demo8.thuythu.com\/kingson\/wp-json\/wp\/v2\/product\/7327"}],"collection":[{"href":"https:\/\/demo8.thuythu.com\/kingson\/wp-json\/wp\/v2\/product"}],"about":[{"href":"https:\/\/demo8.thuythu.com\/kingson\/wp-json\/wp\/v2\/types\/product"}],"replies":[{"embeddable":true,"href":"https:\/\/demo8.thuythu.com\/kingson\/wp-json\/wp\/v2\/comments?post=7327"}],"wp:featuredmedia":[{"embeddable":true,"href":"https:\/\/demo8.thuythu.com\/kingson\/wp-json\/wp\/v2\/media\/7330"}],"wp:attachment":[{"href":"https:\/\/demo8.thuythu.com\/kingson\/wp-json\/wp\/v2\/media?parent=7327"}],"wp:term":[{"taxonomy":"product_cat","embeddable":true,"href":"https:\/\/demo8.thuythu.com\/kingson\/wp-json\/wp\/v2\/product_cat?post=7327"},{"taxonomy":"product_tag","embeddable":true,"href":"https:\/\/demo8.thuythu.com\/kingson\/wp-json\/wp\/v2\/product_tag?post=7327"}],"curies":[{"name":"wp","href":"https:\/\/api.w.org\/{rel}","templated":true}]}}