{"id":7332,"date":"2023-08-14T05:14:19","date_gmt":"2023-08-14T05:14:19","guid":{"rendered":"https:\/\/demo8.thuythu.com\/kingson\/?post_type=product&#038;p=7332"},"modified":"2023-08-17T08:44:19","modified_gmt":"2023-08-17T08:44:19","slug":"chong-tham-top-seal-107","status":"publish","type":"product","link":"https:\/\/demo8.thuythu.com\/kingson\/kingkote\/chong-tham-top-seal-107\/","title":{"rendered":"TOP SEAL 107"},"content":{"rendered":"<div class=\"wap-title-tt\">\n<div class=\"wap-title-tt\">\n<h2 class=\"title-tt font-weight-bold mb-3\"><span class=\"ez-toc-section\" id=\"Dac_tinh_vuot_troi\"><\/span>\u0110\u1eb7c t\u00ednh v\u01b0\u1ee3t tr\u1ed9i<span class=\"ez-toc-section-end\"><\/span><\/h2>\n<p>&nbsp;<\/p>\n<\/div>\n<div class=\"mb-4\">\n<div class=\"mb-4\">\n<p><em><strong><span class=\"WdYUQQ text-decoration-none text-strikethrough-none\">Ch\u1ed1ng th\u1ea5m hai th\u00e0nh ph\u1ea7n TOP SEAL 107<\/span><\/strong><\/em> <span class=\"WdYUQQ text-decoration-none text-strikethrough-none\">l\u00e0 v\u1eadt li\u1ec7u ch\u1ed1ng th\u1ea5m g\u1ed1c xi m\u0103ng polyme c\u1ea3i ti\u1ebfn, 2 th\u00e0nh ph\u1ea7n. S\u1ea3n ph\u1ea9m \u0111\u01b0\u1ee3c thi c\u00f4ng l\u00ean b\u1ec1 m\u1eb7t v\u1eefa v\u00e0 b\u00ea t\u00f4ng \u0111\u1ec3 ng\u0103n s\u1ef1 th\u1ea5m n\u01b0\u1edbc.<\/span><\/p>\n<\/div>\n<h3 class=\" font-weight-bold mb-3\"><span class=\"ez-toc-section\" id=\"Diem_noi_bat\"><\/span>\u0110i\u1ec3m n\u1ed5i b\u1eadt<span class=\"ez-toc-section-end\"><\/span><\/h3>\n<p><strong><span class=\"WdYUQQ text-decoration-none text-strikethrough-none\">TOP SEAL 107<\/span><\/strong><span class=\"WdYUQQ text-decoration-none text-strikethrough-none\"> l\u00e0 s\u1ea3n ph\u1ea9m gi\u00e1 th\u00e0nh r\u1ebb nh\u01b0ng cung c\u1ea5p nhi\u1ec1u \u01b0u \u0111i\u1ec3m:<\/span><\/p>\n<ul>\n<li class=\"_04xlpA direction-ltr align-start para-style-body\"><span class=\"WdYUQQ text-decoration-none text-strikethrough-none\">C\u00e1c th\u00e0nh ph\u1ea7n (A\/B) \u0111\u01b0\u1ee3c ch\u1ebf t\u1ea1o s\u1eb5n;<\/span><\/li>\n<li class=\"_04xlpA direction-ltr align-start para-style-body\"><span class=\"WdYUQQ text-decoration-none text-strikethrough-none\">D\u1ec5 h\u00f2a tr\u1ed9n v\u00e0 d\u1ec5 thi c\u00f4ng;<\/span><\/li>\n<li class=\"_04xlpA direction-ltr align-start para-style-body\"><span class=\"WdYUQQ text-decoration-none text-strikethrough-none\">C\u00f3 \u0111\u1ed9 s\u1ec7t nh\u01b0 h\u1ed3 d\u1ea7u;<\/span><\/li>\n<li class=\"_04xlpA direction-ltr align-start para-style-body\"><span class=\"WdYUQQ text-decoration-none text-strikethrough-none\">K\u1ebft d\u00ednh t\u1ed1t v\u1edbi c\u00e1c b\u1ec1 m\u1eb7t \u0111\u1eb7c ch\u1eafc;<\/span><\/li>\n<li class=\"_04xlpA direction-ltr align-start para-style-body\"><span class=\"WdYUQQ text-decoration-none text-strikethrough-none\">K\u1ebft d\u00ednh t\u1ed1t v\u1edbi c\u00e1c b\u1ec1 m\u1eb7t \u0111\u1eb7c ch\u1eafc;<\/span><\/li>\n<li class=\"_04xlpA direction-ltr align-start para-style-body\"><span class=\"WdYUQQ text-decoration-none text-strikethrough-none\">Kh\u00f4ng th\u1ea5m n\u01b0\u1edbc;<\/span><\/li>\n<li class=\"_04xlpA direction-ltr align-start para-style-body\"><span class=\"WdYUQQ text-decoration-none text-strikethrough-none\">L\u00e0 l\u1edbp c\u1ea3n hi\u1ec7u qu\u1ea3 ch\u1ed1ng l\u1ea1i qu\u00e1 tr\u00ecnh cacbonat h\u00f3a;<\/span><\/li>\n<li class=\"_04xlpA direction-ltr align-start para-style-body\">Kh\u00f4ng \u0111\u1ed9c h\u1ea1i;<\/li>\n<li class=\"_04xlpA direction-ltr align-start para-style-body\">Kh\u00f4ng \u0103n m\u00f2n;<\/li>\n<li class=\"_04xlpA direction-ltr align-start para-style-body\">C\u00f3 t\u00ednh \u0111\u00e0n h\u1ed3i nh\u1eb9;<\/li>\n<li class=\"_04xlpA direction-ltr align-start para-style-body\">C\u00f3 th\u1ec3 thi c\u00f4ng b\u1eb1ng c\u00e1ch phun.<\/li>\n<\/ul>\n<\/div>\n<div class=\"mb-4\">\n<h3><span class=\"ez-toc-section\" id=\"Chi_tieu_ky_thuat\"><\/span><span id=\"Chi_tieu_ky_thuat\" class=\"ez-toc-section\"><\/span><strong>Ch\u1ec9 ti\u00eau k\u1ef9 thu\u1eadt<\/strong><span class=\"ez-toc-section-end\"><\/span><\/h3>\n<div>\n<div>\n<table>\n<tbody>\n<tr>\n<td><\/td>\n<td><strong>Th\u00e0nh ph\u1ea7n A<\/strong><\/td>\n<td><strong>Th\u00e0nh ph\u1ea7n B<\/strong><\/td>\n<\/tr>\n<tr>\n<td>D\u1ea1ng\/M\u00e0u<\/td>\n<td>Ch\u1ea5t l\u1ecfng\/tr\u1eafng<\/td>\n<td>B\u1ed9t \/ X\u00e1m<\/td>\n<\/tr>\n<tr>\n<td>Quy c\u00e1ch \u0111\u00f3ng g\u00f3i<\/td>\n<td>5 kg<\/td>\n<td>20 kg<\/td>\n<\/tr>\n<\/tbody>\n<\/table>\n<\/div>\n<\/div>\n<\/div>\n<div class=\"mb-4\">\n<div class=\"wap-title-tt\">\n<div class=\"mb-4\">\n<h2 class=\"title-tt font-weight-bold mb-3\"><span class=\"ez-toc-section\" id=\"Thong_tin_thi_cong\"><\/span>Th\u00f4ng tin thi c\u00f4ng<span class=\"ez-toc-section-end\"><\/span><\/h2>\n<p>&nbsp;<\/p>\n<h3><span class=\"ez-toc-section\" id=\"Thi_cong\"><\/span><strong>Thi c\u00f4ng<\/strong><span class=\"ez-toc-section-end\"><\/span><\/h3>\n<ul>\n<li class=\"_04xlpA direction-ltr align-start para-style-body\"><span class=\"WdYUQQ text-decoration-none text-strikethrough-none\">Ch\u1ed1ng th\u1ea5m ph\u00f2ng t\u1eafm, s\u00e2n th\u01b0\u1ee3ng, ban c\u00f4ng: 1.5 kg\/m2\/l\u1edbp;<\/span><\/li>\n<li class=\"_04xlpA direction-ltr align-start para-style-body\"><span class=\"WdYUQQ text-decoration-none text-strikethrough-none\">Ch\u1ed1ng th\u1ea5m cho nh\u1eefng n\u01a1i c\u00f3 \u00e1p l\u1ef1c n\u01b0\u1edbc l\u00ean \u0111\u1ebfn 1m: 1.5 kg\/m2\/l\u1edbp;<\/span><\/li>\n<li class=\"_04xlpA direction-ltr align-start para-style-body\"><span class=\"WdYUQQ text-decoration-none text-strikethrough-none\">Ch\u1ed1ng th\u1ea5m cho nh\u1eefng n\u01a1i c\u00f3 \u00e1p l\u1ef1c n\u01b0\u1edbc tr\u00ean 1m ho\u1eb7c ch\u1ed1ng s\u01b0\u01a1ng gi\u00e1: 2.0 kg\/m2\/l\u1edbp;<\/span><\/li>\n<li class=\"_04xlpA direction-ltr align-start para-style-body\"><span class=\"WdYUQQ text-decoration-none text-strikethrough-none\">Lu\u00f4n lu\u00f4n thi c\u00f4ng hai l\u1edbp.<\/span><\/li>\n<\/ul>\n<p class=\"_04xlpA direction-ltr align-start para-style-body\"><em><span class=\"WdYUQQ text-decoration-none text-strikethrough-none\">L\u01afU \u00dd:<\/span><\/em><\/p>\n<ul>\n<li><span class=\"WdYUQQ text-decoration-none text-strikethrough-none\">C\u00f3<\/span><span class=\"WdYUQQ text-decoration-none text-strikethrough-none\"> th\u1ec3 c\u1ea7n thi c\u00f4ng 3 l\u1edbp cho nh\u1eefng n\u01a1i b\u1ecb th\u1ea5m n\u01b0\u1edbc tr\u1ea7m tr\u1ecdng;<\/span><\/li>\n<li><span class=\"WdYUQQ text-decoration-none text-strikethrough-none\">Th\u1eddi gian cho ph\u00e9p thi c\u00f4ng: ~ 30 ph\u00fat (\u1edf nhi\u1ec7t \u0111\u1ed9 27oC\/ \u0111\u1ed9 \u1ea9m m\u00f4i tr\u01b0\u1eddng 65%);<\/span><\/li>\n<li><span class=\"WdYUQQ text-decoration-none text-strikethrough-none\">\u0110\u1ed9 d\u00e0y c\u1ee7a m\u1ed7i l\u1edbp: T\u1ed1i \u0111a 2 mm.<\/span><\/li>\n<\/ul>\n<p class=\"_04xlpA direction-ltr align-justify para-style-body\"><strong>B\u1ea3o qu\u1ea3n<\/strong><\/p>\n<ul>\n<li>\n<p class=\"_04xlpA direction-ltr align-start para-style-body\"><span class=\"WdYUQQ text-decoration-none text-strikethrough-none\">N\u01a1i kh\u00f4 r\u00e1o<\/span> <span class=\"WdYUQQ text-decoration-none text-strikethrough-none\">tho\u00e1ng m\u00e1t;<\/span><\/p>\n<\/li>\n<li>\n<p class=\"_04xlpA direction-ltr align-start para-style-body\"><span class=\"WdYUQQ text-decoration-none text-strikethrough-none\">Tr\u00e1nh \u0111\u1ec3 s\u1ea3n ph\u1ea9m tr\u1ef1c ti\u1ebfp d\u01b0\u1edbi \u00e1nh s\u00e1ng m\u1eb7t tr\u1eddi;<\/span><\/p>\n<\/li>\n<li>\n<p class=\"_04xlpA direction-ltr align-start para-style-body\"><span class=\"WdYUQQ text-decoration-none text-strikethrough-none\">Th\u1eddi h\u1ea1n s\u1eed d\u1ee5ng: 3 n\u0103m k\u1ec3 t\u1eeb ng\u00e0y s\u1ea3n xu\u1ea5t.<\/span><\/p>\n<\/li>\n<\/ul>\n<\/div>\n<div><\/div>\n<div><\/div>\n<div>\n<p><span style=\"font-size: 10pt;\"><em><strong>Th\u00f4ng tin an to\u00e0n, s\u1ee9c kh\u1ecfe v\u00e0 m\u00f4i tr\u01b0\u1eddng<\/strong><\/em><\/span><\/p>\n<ul>\n<li>\n<p class=\"_04xlpA direction-ltr align-start para-style-body\"><em><span class=\"WdYUQQ text-decoration-none text-strikethrough-none\" style=\"font-size: 10pt;\">Kh\u00f4ng \u0111\u01b0\u1ee3c \u0111\u1ed5 v\u00e0o c\u1ed1ng, n\u01b0\u1edbc ho\u1eb7c \u0111\u1ea5t m\u00e0 ph\u1ea3i h\u1ee7y b\u1ecf theo <\/span><\/em><em><span class=\"WdYUQQ text-decoration-none text-strikethrough-none\" style=\"font-size: 10pt;\">\u0111\u00fang quy \u0111\u1ecbnh;<\/span><\/em><\/p>\n<\/li>\n<li>\n<p class=\"_04xlpA direction-ltr align-start para-style-body\"><em><span class=\"WdYUQQ text-decoration-none text-strikethrough-none\" style=\"font-size: 10pt;\">Mang k\u00ednh, gi\u00e0y, g\u0103ng tay v\u00e0 \u00e1o b\u1ea3o h\u1ed9 trong khi thi c\u00f4ng s\u1ea3n ph\u1ea9m;<\/span><\/em><\/p>\n<\/li>\n<li>\n<p class=\"_04xlpA direction-ltr align-start para-style-body\"><em><span class=\"WdYUQQ text-decoration-none text-strikethrough-none\" style=\"font-size: 10pt;\">Tr\u00e1nh ti\u1ebfp x\u00fac tr\u1ef1c ti\u1ebfp v\u1edbi da v\u00e0 m\u1eaft. N\u1ebfu b\u1ecb v\u0103ng v\u00e0o m\u1eaft, d\u00f9ng n\u01b0\u1edbc s\u1ea1ch r\u1eeda m\u1eaft nhi\u1ec1u l\u1ea7n;<\/span><\/em><\/p>\n<\/li>\n<li>\n<p class=\"_04xlpA direction-ltr align-start para-style-body\"><em><span class=\"WdYUQQ text-decoration-none text-strikethrough-none\" style=\"font-size: 10pt;\">Mang g\u0103ng tay, kh\u1ea9u trang v\u00e0 c\u00e1c d\u1ee5ng c\u1ee5 b\u1ea3o h\u1ed9 khi thi c\u00f4ng.&#8211;\u0110\u1ec3m hi\u1ec3u th\u00eam c\u00e1c th\u00f4ng tin v\u00e0 c\u00e1c khuy\u1ebfn c\u00e1o v\u1ec1 an to\u00e0n <\/span><\/em><em><span class=\"WdYUQQ text-decoration-none text-strikethrough-none\" style=\"font-size: 10pt;\">khi s\u1eed d\u1ee5ng, l\u01b0u tr\u1eef v\u00e0 th\u1ea3i b\u1ecf s\u1ea3n ph\u1ea9m, ng\u01b0\u1eddi s\u1eed d\u1ee5ng n\u00ean <\/span><\/em><em><span class=\"WdYUQQ text-decoration-none text-strikethrough-none\" style=\"font-size: 10pt;\">tham kh\u1ea3o t\u00e0i li\u1ec7u k\u1ef9 thu\u1eadt an to\u00e0n m\u1edbi nh\u1ea5t c\u1ee7a s\u1ea3n ph\u1ea9m <\/span><\/em><em><span class=\"WdYUQQ text-decoration-none text-strikethrough-none\" style=\"font-size: 10pt;\">tr\u00ecnh b\u00e0y v\u1ec1 t\u00ednh c\u01a1 l\u00fd, t\u00ednh sinh th\u00e1i, t\u00ednh \u0111\u1ed9c h\u1ea1i v\u00e0 c\u00e1c ch\u1ec9 ti\u00eau an to\u00e0n li\u00ean quan kh\u00e1c.<\/span><\/em><\/p>\n<\/li>\n<\/ul>\n<\/div>\n<\/div>\n<\/div>\n<\/div>\n<div><\/div>\n","protected":false},"excerpt":{"rendered":"<p>\u0110\u1eb7c t\u00ednh v\u01b0\u1ee3t tr\u1ed9i &nbsp; Ch\u1ed1ng th\u1ea5m hai th\u00e0nh ph\u1ea7n TOP SEAL 107 l\u00e0 v\u1eadt li\u1ec7u ch\u1ed1ng th\u1ea5m g\u1ed1c xi m\u0103ng polyme c\u1ea3i ti\u1ebfn, 2 th\u00e0nh ph\u1ea7n. S\u1ea3n ph\u1ea9m \u0111\u01b0\u1ee3c thi c\u00f4ng l\u00ean b\u1ec1 m\u1eb7t v\u1eefa v\u00e0 b\u00ea t\u00f4ng \u0111\u1ec3 ng\u0103n s\u1ef1 th\u1ea5m n\u01b0\u1edbc. \u0110i\u1ec3m n\u1ed5i b\u1eadt TOP SEAL 107 l\u00e0 s\u1ea3n ph\u1ea9m gi\u00e1 th\u00e0nh &#8230; <a title=\"TOP SEAL 107\" class=\"read-more\" href=\"https:\/\/demo8.thuythu.com\/kingson\/kingkote\/chong-tham-top-seal-107\/\" aria-label=\"More on TOP SEAL 107\">Read more<\/a><\/p>\n","protected":false},"featured_media":7272,"comment_status":"closed","ping_status":"closed","template":"","meta":[],"product_cat":[294,292,35],"product_tag":[],"acf":[],"_links":{"self":[{"href":"https:\/\/demo8.thuythu.com\/kingson\/wp-json\/wp\/v2\/product\/7332"}],"collection":[{"href":"https:\/\/demo8.thuythu.com\/kingson\/wp-json\/wp\/v2\/product"}],"about":[{"href":"https:\/\/demo8.thuythu.com\/kingson\/wp-json\/wp\/v2\/types\/product"}],"replies":[{"embeddable":true,"href":"https:\/\/demo8.thuythu.com\/kingson\/wp-json\/wp\/v2\/comments?post=7332"}],"wp:featuredmedia":[{"embeddable":true,"href":"https:\/\/demo8.thuythu.com\/kingson\/wp-json\/wp\/v2\/media\/7272"}],"wp:attachment":[{"href":"https:\/\/demo8.thuythu.com\/kingson\/wp-json\/wp\/v2\/media?parent=7332"}],"wp:term":[{"taxonomy":"product_cat","embeddable":true,"href":"https:\/\/demo8.thuythu.com\/kingson\/wp-json\/wp\/v2\/product_cat?post=7332"},{"taxonomy":"product_tag","embeddable":true,"href":"https:\/\/demo8.thuythu.com\/kingson\/wp-json\/wp\/v2\/product_tag?post=7332"}],"curies":[{"name":"wp","href":"https:\/\/api.w.org\/{rel}","templated":true}]}}