{"id":7338,"date":"2023-08-14T06:00:20","date_gmt":"2023-08-14T06:00:20","guid":{"rendered":"https:\/\/demo8.thuythu.com\/kingson\/?post_type=product&#038;p=7338"},"modified":"2023-08-17T08:44:19","modified_gmt":"2023-08-17T08:44:19","slug":"chong-tham-2k","status":"publish","type":"product","link":"https:\/\/demo8.thuythu.com\/kingson\/kingkote\/chong-tham-2k\/","title":{"rendered":"2K"},"content":{"rendered":"<div class=\"wap-title-tt\">\n<div class=\"wap-title-tt\">\n<h2 class=\"title-tt font-weight-bold mb-3\"><span class=\"ez-toc-section\" id=\"Dac_tinh_vuot_troi\"><\/span>\u0110\u1eb7c t\u00ednh v\u01b0\u1ee3t tr\u1ed9i<span class=\"ez-toc-section-end\"><\/span><\/h2>\n<p>&nbsp;<\/p>\n<\/div>\n<div class=\"mb-4\">\n<div class=\"mb-4\">\n<p class=\"_04xlpA direction-ltr align-start para-style-body\"><em><strong><span class=\"WdYUQQ text-decoration-none text-strikethrough-none\">Ch\u1ed1ng th\u1ea5m t\u1ea1o b\u00f3ng 2K <\/span><\/strong><\/em><span class=\"WdYUQQ text-decoration-none text-strikethrough-none\">l\u00e0 dung d\u1ecbch t\u1ea1o b\u00f3ng g\u1ed1c n\u01b0\u1edbc d\u1ea1ng l\u1ecfng, kh\u00f4ng m\u00f9i, kh\u00f4ng \u0111\u1ed9c h\u1ea1i, thi c\u00f4ng \u0111\u01a1n gi\u1ea3n,hi\u1ec7u qu\u1ea3 cao.<\/span><\/p>\n<\/div>\n<h3 class=\" font-weight-bold mb-3\"><span class=\"ez-toc-section\" id=\"Diem_noi_bat\"><\/span>\u0110i\u1ec3m n\u1ed5i b\u1eadt<span class=\"ez-toc-section-end\"><\/span><\/h3>\n<ul>\n<li><span class=\"WdYUQQ text-decoration-none text-strikethrough-none\">Ch\u1ed1ng th\u1ea5m t\u1ed1t;<\/span><\/li>\n<li><span class=\"WdYUQQ text-decoration-none text-strikethrough-none\">T\u1ea1o b\u00f3ng, t\u1ea1o s\u00e1ng t\u0103ng v\u1ebb \u0111\u1eb9p th\u1ea9m m\u1ef9 m\u00e0 kh\u00f4ng l\u00e0m thay \u0111\u1ed5i m\u00e0u s\u1eafc c\u1ee7a v\u1eadt li\u1ec7u;<\/span><\/li>\n<li><span class=\"WdYUQQ text-decoration-none text-strikethrough-none\">C\u00f3 th\u1ec3 pha th\u00eam v\u00e0o s\u01a1n \u0111\u1ec3 t\u0103ng kh\u1ea3 n\u0103ng ch\u1ed1ng th\u1ea5m v\u00e0 t\u1ea1o b\u00f3ng cho s\u01a1n;<\/span><\/li>\n<li><span class=\"WdYUQQ text-decoration-none text-strikethrough-none\">Ch\u1ed1ng rong r\u00eau v\u00e0 n\u1ea5m m\u1ed1c;<\/span><\/li>\n<li><span class=\"WdYUQQ text-decoration-none text-strikethrough-none\">Kh\u00e1ng ki\u1ec1m cao;<\/span><\/li>\n<li><span class=\"WdYUQQ text-decoration-none text-strikethrough-none\">Ch\u1ed1ng b\u00e1m b\u1ee5i, ch\u1ecbu ch\u00f9i r\u1eeda t\u1ed1i \u0111a;<\/span><\/li>\n<li><span class=\"WdYUQQ text-decoration-none text-strikethrough-none\">Ch\u1ed1ng ch\u1ecbu th\u1eddi ti\u1ebft kh\u1eafc nghi\u1ec7t: s\u01b0\u01a1ng gi\u00e1, \u1ea9m \u01b0\u1edbt, hanh kh\u00f4 ho\u1eb7c nh\u1eefng n\u01a1i ch\u1ecbu \u1ea3nh h\u01b0\u1edfng c\u1ee7a n\u01b0\u1edbc bi\u1ec3n.<\/span><\/li>\n<\/ul>\n<\/div>\n<div class=\"wap-title-tt\">\n<h2 class=\"title-tt font-weight-bold mb-3\"><span class=\"ez-toc-section\" id=\"Thong_tin_thi_cong\"><\/span>Th\u00f4ng tin thi c\u00f4ng<span class=\"ez-toc-section-end\"><\/span><\/h2>\n<p>&nbsp;<\/p>\n<\/div>\n<div class=\"mb-4\">\n<div class=\"wap-title-tt\">\n<div class=\"mb-4\">\n<h3><span class=\"ez-toc-section\" id=\"Thi_cong\"><\/span><strong>Thi c\u00f4ng<\/strong><span class=\"ez-toc-section-end\"><\/span><\/h3>\n<ul>\n<li class=\"_04xlpA direction-ltr align-start para-style-body\">\n<p class=\"_04xlpA direction-ltr align-justify para-style-body\"><span class=\"WdYUQQ text-decoration-none text-strikethrough-none\">Thi c\u00f4ng 1 ho\u1eb7c 2 l\u1edbp l\u00ean b\u1ec1 m\u1eb7t v\u1eadt li\u1ec7u.<\/span><\/p>\n<\/li>\n<li class=\"_04xlpA direction-ltr align-start para-style-body\">\n<p class=\"_04xlpA direction-ltr align-justify para-style-body\"><span class=\"WdYUQQ text-decoration-none text-strikethrough-none\">Pha tr\u1ef1c ti\u1ebfp v\u00e0o s\u01a1n n\u01b0\u1edbc l\u00e0m t\u0103ng ch\u1ea5t l\u01b0\u1ee3ng v\u00e0 \u0111\u1ed9 b\u00f3ng cho m\u00e0ng s\u01a1n.<\/span><\/p>\n<ul>\n<li><span class=\"WdYUQQ text-decoration-none text-strikethrough-none\">\u0110\u1ecbnh m\u1ee9c:<\/span> <span class=\"WdYUQQ text-decoration-none text-strikethrough-none\">5-7 m2\/l\u00edt\/2 l\u1edbp.<\/span><\/li>\n<\/ul>\n<\/li>\n<\/ul>\n<p><em><span class=\"WdYUQQ text-decoration-none text-strikethrough-none\">L\u01afU \u00dd:<\/span><\/em><\/p>\n<p><span class=\"WdYUQQ text-decoration-none text-strikethrough-none\">L\u1eafc th\u1eadt \u0111\u1ec1u tr\u01b0\u1edbc khi s\u1eed d\u1ee5ng, \u0111\u1eady th\u1eadt k\u00edn n\u1eafp sau khi d\u00f9ng.<\/span><\/p>\n<p class=\"_04xlpA direction-ltr align-justify para-style-body\"><strong>B\u1ea3o qu\u1ea3n<\/strong><\/p>\n<ul>\n<li>\n<p class=\"_04xlpA direction-ltr align-start para-style-body\"><span class=\"WdYUQQ text-decoration-none text-strikethrough-none\">N\u01a1i kh\u00f4 r\u00e1o<\/span> <span class=\"WdYUQQ text-decoration-none text-strikethrough-none\">tho\u00e1ng m\u00e1t;<\/span><\/p>\n<\/li>\n<li>\n<p class=\"_04xlpA direction-ltr align-start para-style-body\"><span class=\"WdYUQQ text-decoration-none text-strikethrough-none\">Tr\u00e1nh \u0111\u1ec3 s\u1ea3n ph\u1ea9m tr\u1ef1c ti\u1ebfp d\u01b0\u1edbi \u00e1nh s\u00e1ng m\u1eb7t tr\u1eddi;<\/span><\/p>\n<\/li>\n<li>\n<p class=\"_04xlpA direction-ltr align-start para-style-body\"><span class=\"WdYUQQ text-decoration-none text-strikethrough-none\">Th\u1eddi h\u1ea1n s\u1eed d\u1ee5ng: 3 n\u0103m k\u1ec3 t\u1eeb ng\u00e0y s\u1ea3n xu\u1ea5t.<\/span><\/p>\n<\/li>\n<\/ul>\n<\/div>\n<div><\/div>\n<div><\/div>\n<div>\n<p><span style=\"font-size: 10pt;\"><em><strong>Th\u00f4ng tin an to\u00e0n, s\u1ee9c kh\u1ecfe v\u00e0 m\u00f4i tr\u01b0\u1eddng<\/strong><\/em><\/span><\/p>\n<ul>\n<li>\n<p class=\"_04xlpA direction-ltr align-start para-style-body\"><em><span class=\"WdYUQQ text-decoration-none text-strikethrough-none\" style=\"font-size: 10pt;\">Kh\u00f4ng \u0111\u01b0\u1ee3c \u0111\u1ed5 v\u00e0o c\u1ed1ng, n\u01b0\u1edbc ho\u1eb7c \u0111\u1ea5t m\u00e0 ph\u1ea3i h\u1ee7y b\u1ecf theo <\/span><\/em><em><span class=\"WdYUQQ text-decoration-none text-strikethrough-none\" style=\"font-size: 10pt;\">\u0111\u00fang quy \u0111\u1ecbnh;<\/span><\/em><\/p>\n<\/li>\n<li>\n<p class=\"_04xlpA direction-ltr align-start para-style-body\"><em><span class=\"WdYUQQ text-decoration-none text-strikethrough-none\" style=\"font-size: 10pt;\">Mang k\u00ednh, gi\u00e0y, g\u0103ng tay v\u00e0 \u00e1o b\u1ea3o h\u1ed9 trong khi thi c\u00f4ng s\u1ea3n ph\u1ea9m;<\/span><\/em><\/p>\n<\/li>\n<li>\n<p class=\"_04xlpA direction-ltr align-start para-style-body\"><em><span class=\"WdYUQQ text-decoration-none text-strikethrough-none\" style=\"font-size: 10pt;\">Tr\u00e1nh ti\u1ebfp x\u00fac tr\u1ef1c ti\u1ebfp v\u1edbi da v\u00e0 m\u1eaft. N\u1ebfu b\u1ecb v\u0103ng v\u00e0o m\u1eaft, d\u00f9ng n\u01b0\u1edbc s\u1ea1ch r\u1eeda m\u1eaft nhi\u1ec1u l\u1ea7n;<\/span><\/em><\/p>\n<\/li>\n<li>\n<p class=\"_04xlpA direction-ltr align-start para-style-body\"><em><span class=\"WdYUQQ text-decoration-none text-strikethrough-none\" style=\"font-size: 10pt;\">Mang g\u0103ng tay, kh\u1ea9u trang v\u00e0 c\u00e1c d\u1ee5ng c\u1ee5 b\u1ea3o h\u1ed9 khi thi c\u00f4ng.&#8211;\u0110\u1ec3m hi\u1ec3u th\u00eam c\u00e1c th\u00f4ng tin v\u00e0 c\u00e1c khuy\u1ebfn c\u00e1o v\u1ec1 an to\u00e0n <\/span><\/em><em><span class=\"WdYUQQ text-decoration-none text-strikethrough-none\" style=\"font-size: 10pt;\">khi s\u1eed d\u1ee5ng, l\u01b0u tr\u1eef v\u00e0 th\u1ea3i b\u1ecf s\u1ea3n ph\u1ea9m, ng\u01b0\u1eddi s\u1eed d\u1ee5ng n\u00ean <\/span><\/em><em><span class=\"WdYUQQ text-decoration-none text-strikethrough-none\" style=\"font-size: 10pt;\">tham kh\u1ea3o t\u00e0i li\u1ec7u k\u1ef9 thu\u1eadt an to\u00e0n m\u1edbi nh\u1ea5t c\u1ee7a s\u1ea3n ph\u1ea9m <\/span><\/em><em><span class=\"WdYUQQ text-decoration-none text-strikethrough-none\" style=\"font-size: 10pt;\">tr\u00ecnh b\u00e0y v\u1ec1 t\u00ednh c\u01a1 l\u00fd, t\u00ednh sinh th\u00e1i, t\u00ednh \u0111\u1ed9c h\u1ea1i v\u00e0 c\u00e1c ch\u1ec9 ti\u00eau an to\u00e0n li\u00ean quan kh\u00e1c.<\/span><\/em><\/p>\n<\/li>\n<\/ul>\n<\/div>\n<\/div>\n<\/div>\n<\/div>\n<div><\/div>\n","protected":false},"excerpt":{"rendered":"<p>\u0110\u1eb7c t\u00ednh v\u01b0\u1ee3t tr\u1ed9i &nbsp; Ch\u1ed1ng th\u1ea5m t\u1ea1o b\u00f3ng 2K l\u00e0 dung d\u1ecbch t\u1ea1o b\u00f3ng g\u1ed1c n\u01b0\u1edbc d\u1ea1ng l\u1ecfng, kh\u00f4ng m\u00f9i, kh\u00f4ng \u0111\u1ed9c h\u1ea1i, thi c\u00f4ng \u0111\u01a1n gi\u1ea3n,hi\u1ec7u qu\u1ea3 cao. \u0110i\u1ec3m n\u1ed5i b\u1eadt Ch\u1ed1ng th\u1ea5m t\u1ed1t; T\u1ea1o b\u00f3ng, t\u1ea1o s\u00e1ng t\u0103ng v\u1ebb \u0111\u1eb9p th\u1ea9m m\u1ef9 m\u00e0 kh\u00f4ng l\u00e0m thay \u0111\u1ed5i m\u00e0u s\u1eafc c\u1ee7a v\u1eadt li\u1ec7u; &#8230; <a title=\"2K\" class=\"read-more\" href=\"https:\/\/demo8.thuythu.com\/kingson\/kingkote\/chong-tham-2k\/\" aria-label=\"More on 2K\">Read more<\/a><\/p>\n","protected":false},"featured_media":7339,"comment_status":"closed","ping_status":"closed","template":"","meta":[],"product_cat":[294,292,35],"product_tag":[],"acf":[],"_links":{"self":[{"href":"https:\/\/demo8.thuythu.com\/kingson\/wp-json\/wp\/v2\/product\/7338"}],"collection":[{"href":"https:\/\/demo8.thuythu.com\/kingson\/wp-json\/wp\/v2\/product"}],"about":[{"href":"https:\/\/demo8.thuythu.com\/kingson\/wp-json\/wp\/v2\/types\/product"}],"replies":[{"embeddable":true,"href":"https:\/\/demo8.thuythu.com\/kingson\/wp-json\/wp\/v2\/comments?post=7338"}],"wp:featuredmedia":[{"embeddable":true,"href":"https:\/\/demo8.thuythu.com\/kingson\/wp-json\/wp\/v2\/media\/7339"}],"wp:attachment":[{"href":"https:\/\/demo8.thuythu.com\/kingson\/wp-json\/wp\/v2\/media?parent=7338"}],"wp:term":[{"taxonomy":"product_cat","embeddable":true,"href":"https:\/\/demo8.thuythu.com\/kingson\/wp-json\/wp\/v2\/product_cat?post=7338"},{"taxonomy":"product_tag","embeddable":true,"href":"https:\/\/demo8.thuythu.com\/kingson\/wp-json\/wp\/v2\/product_tag?post=7338"}],"curies":[{"name":"wp","href":"https:\/\/api.w.org\/{rel}","templated":true}]}}